{"id":252,"date":"2021-02-27T13:21:08","date_gmt":"2021-02-27T13:21:08","guid":{"rendered":"https:\/\/www.bioethanolshop.nl\/?page_id=252"},"modified":"2021-02-27T13:21:09","modified_gmt":"2021-02-27T13:21:09","slug":"szallitas-es-begyujtes-2","status":"publish","type":"page","link":"https:\/\/www.bioethanolshop.nl\/hu\/verzendkosten-en-afhalen-2\/","title":{"rendered":"Sz\u00e1ll\u00edt\u00e1si k\u00f6lts\u00e9gek \u00e9s \u00e1tv\u00e9tel"},"content":{"rendered":"<h3 class=\"wp-block-heading\" id=\"h-verwerkingskosten-bestelling\">Megrendel\u00e9s feldolgoz\u00e1si k\u00f6lts\u00e9gei<\/h3>\n\n\n\n<p>Minden megrendel\u00e9s feldolgoz\u00e1si k\u00f6lts\u00e9gekkel j\u00e1r, mint p\u00e9ld\u00e1ul a rakt\u00e1roz\u00e1s, csomagol\u00f3anyagok, stb. Az 50,00 \u20ac-n\u00e1l alacsonyabb, \u00c1F\u00c1-t is tartalmaz\u00f3 megrendel\u00e9sek eset\u00e9ben az 5,74 \u20ac \u00c1FA n\u00e9lk\u00fcl \/ 6,95 \u20ac \u00c1F\u00c1-val n\u00f6velt sz\u00e1ll\u00edt\u00e1si k\u00f6lts\u00e9gen fel\u00fcl a megrendel\u00e9s feldolgoz\u00e1si k\u00f6lts\u00e9geihez val\u00f3 hozz\u00e1j\u00e1rul\u00e1st is felsz\u00e1m\u00edtjuk. A teljes hozz\u00e1j\u00e1rul\u00e1s ezekhez a feldolgoz\u00e1si \u00e9s sz\u00e1ll\u00edt\u00e1si k\u00f6lts\u00e9gekhez 9,00 \u20ac ad\u00f3 n\u00e9lk\u00fcl \/ 10,89 \u20ac ad\u00f3val egy\u00fctt. Ezek a k\u00f6lts\u00e9gek web\u00e1ruh\u00e1zaink p\u00e9nzt\u00e1r\u00e1ban l\u00e1that\u00f3k.<\/p>\n\n\n\n<h3 class=\"wp-block-heading\" id=\"h-verzendwijze-pakketzending\">Sz\u00e1ll\u00edt\u00e1si m\u00f3d csomagk\u00fcld\u00e9s<\/h3>\n\n\n\n<p>A sz\u00e1ll\u00edt\u00e1st j\u00f3 h\u00edr\u0171 fuvaroz\u00f3 vagy csomagk\u00fcld\u0151 szolg\u00e1lat, p\u00e9ld\u00e1ul a PostNL, a DHL vagy a TransMission v\u00e9gzi. Ha sz\u00fcks\u00e9gesnek tartjuk, d\u00f6nthet\u00fcnk \u00fagy, hogy egy m\u00e1sik transzportert haszn\u00e1lunk. A kiindul\u00f3pont mindig az optim\u00e1lis kapcsolat a lehet\u0151 leggyorsabb sz\u00e1ll\u00edt\u00e1si id\u0151vel \u00e9s \u00e9sszer\u0171 k\u00f6lts\u00e9gekkel.<\/p>\n\n\n\n<h3 class=\"wp-block-heading\" id=\"h-verzendkosten-palletzending\">Sz\u00e1ll\u00edt\u00e1si k\u00f6lts\u00e9gek raklapos sz\u00e1ll\u00edt\u00e1s<\/h3>\n\n\n\n<p>El\u0151fordulhat, hogy egy megrendel\u00e9s olyan nagy vagy neh\u00e9z, hogy azt raklapos sz\u00e1ll\u00edt\u00e1ssal kell kisz\u00e1ll\u00edtani. Ebben az esetben let\u00e9ti raklapon sz\u00e1ll\u00edtj\u00e1k. Ha a c\u00edmzett nem tud vagy nem akar \u00fcres raklapot adni a k\u00e9zbes\u00edt\u0151nek, akkor ez\u00e9rt 15,00 \u20ac-t kell felsz\u00e1m\u00edtanunk. A bet\u00e9tet tartalmaz\u00f3 raklapot a c\u00edmzett leadhatja egy helyi fuvaroz\u00f3nak. A let\u00e9ti \u00e1rak orsz\u00e1gonk\u00e9nt\/r\u00e9gi\u00f3nk\u00e9nt elt\u00e9r\u0151ek lehetnek.<\/p>\n\n\n\n<p><strong>A sz\u00e1ll\u00edt\u00e1si k\u00f6lts\u00e9gek Hollandi\u00e1n \u00e9s Belgiumon bel\u00fcl INGYENESek 50,00 \u20ac \u00c1F\u00c1-val egy\u00fctt vagy ann\u00e1l nagyobb \u00f6sszeg\u0171 megrendel\u00e9s eset\u00e9n (kiv\u00e9ve a sz\u00e1ll\u00edt\u00e1si anyagokra fizetend\u0151 el\u0151leget).<\/strong><\/p>\n\n\n\n<h3 class=\"wp-block-heading\" id=\"h-verzendkosten-buiten-de-benelux\">Sz\u00e1ll\u00edt\u00e1si k\u00f6lts\u00e9gek a Benelux \u00e1llamokon k\u00edv\u00fclre<\/h3>\n\n\n\n<p>Az Eur\u00f3p\u00e1n bel\u00fcli (Benelux \u00e1llamokon k\u00edv\u00fcli) sz\u00e1ll\u00edt\u00e1s k\u00f6lts\u00e9gei k\u00e9r\u00e9sre. Ha a tehersz\u00e1ll\u00edt\u00e1st m\u00e1sodszor vagy k\u00e9s\u0151bb kell felaj\u00e1nlanunk \u00d6nnek, a tov\u00e1bbi k\u00f6lts\u00e9geket felsz\u00e1m\u00edtjuk \u00d6nnek.<\/p>\n\n\n\n<h3 class=\"wp-block-heading\" id=\"h-afhalen\">Vedd fel<\/h3>\n\n\n\n<p>R\u00e9szben a COVID-19 miatt jelenleg nem lehet felvenni a megrendel\u00e9st. Minden megrendel\u00e9st az \u00e1ltalunk kiv\u00e1lasztott fuvaroz\u00f3 sz\u00e1ll\u00edt az \u00d6n c\u00edm\u00e9re, figyelembe v\u00e9ve a vonatkoz\u00f3 (s\u00fcrg\u0151ss\u00e9gi) el\u0151\u00edr\u00e1sokat.<\/p>","protected":false},"excerpt":{"rendered":"<p>Megrendel\u00e9s-feldolgoz\u00e1si k\u00f6lts\u00e9gek Minden megrendel\u00e9s feldolgoz\u00e1si k\u00f6lts\u00e9gekkel j\u00e1r, mint p\u00e9ld\u00e1ul a t\u00e1rol\u00e1s, csomagol\u00f3anyagok stb. 50,00 \u20ac alatti megrendel\u00e9sek eset\u00e9n, bele\u00e9rtve<\/p>","protected":false},"author":3,"featured_media":0,"parent":0,"menu_order":0,"comment_status":"closed","ping_status":"closed","template":"","meta":{"_acf_changed":false,"footnotes":""},"class_list":["post-252","page","type-page","status-publish","hentry"],"acf":[],"yoast_head":"<!-- This site is optimized with the Yoast SEO Premium plugin v27.5 (Yoast SEO v27.5) - https:\/\/yoast.com\/product\/yoast-seo-premium-wordpress\/ -->\n<title>Verzendkosten en afhalen | Bioethanolshop.nl<\/title>\n<meta name=\"robots\" content=\"index, follow, max-snippet:-1, max-image-preview:large, max-video-preview:-1\" \/>\n<link rel=\"canonical\" href=\"https:\/\/www.bioethanolshop.nl\/hu\/szallitas-es-begyujtes-2\/\" \/>\n<meta property=\"og:locale\" content=\"hu_HU\" \/>\n<meta property=\"og:type\" content=\"article\" \/>\n<meta property=\"og:title\" content=\"Verzendkosten en afhalen\" \/>\n<meta property=\"og:description\" content=\"Verwerkingskosten bestelling Elke bestelling brengt verwerkingskosten met zich mee, zoals opslag, verpakkingsmateriaal, etcetera. Bij bestellingen onder de \u20ac 50,00 inclusief\" \/>\n<meta property=\"og:url\" content=\"https:\/\/www.bioethanolshop.nl\/hu\/szallitas-es-begyujtes-2\/\" \/>\n<meta property=\"og:site_name\" content=\"Bioethanolshop.nl\" \/>\n<meta property=\"article:publisher\" content=\"https:\/\/www.facebook.com\/profile.php?id=100064154436458\" \/>\n<meta property=\"article:modified_time\" content=\"2021-02-27T13:21:09+00:00\" \/>\n<meta name=\"twitter:card\" content=\"summary_large_image\" \/>\n<meta name=\"twitter:label1\" content=\"Becs\u00fclt olvas\u00e1si id\u0151\" \/>\n\t<meta name=\"twitter:data1\" content=\"1 perc\" \/>\n<!-- \/ Yoast SEO Premium plugin. -->","yoast_head_json":{"title":"Sz\u00e1ll\u00edt\u00e1s \u00e9s \u00e1tv\u00e9tel | Bioethanolshop.com","robots":{"index":"index","follow":"follow","max-snippet":"max-snippet:-1","max-image-preview":"max-image-preview:large","max-video-preview":"max-video-preview:-1"},"canonical":"https:\/\/www.bioethanolshop.nl\/hu\/szallitas-es-begyujtes-2\/","og_locale":"hu_HU","og_type":"article","og_title":"Verzendkosten en afhalen","og_description":"Verwerkingskosten bestelling Elke bestelling brengt verwerkingskosten met zich mee, zoals opslag, verpakkingsmateriaal, etcetera. Bij bestellingen onder de \u20ac 50,00 inclusief","og_url":"https:\/\/www.bioethanolshop.nl\/hu\/szallitas-es-begyujtes-2\/","og_site_name":"Bioethanolshop.nl","article_publisher":"https:\/\/www.facebook.com\/profile.php?id=100064154436458","article_modified_time":"2021-02-27T13:21:09+00:00","twitter_card":"summary_large_image","twitter_misc":{"Becs\u00fclt olvas\u00e1si id\u0151":"1 perc"},"schema":{"@context":"https:\/\/schema.org","@graph":[{"@type":"WebPage","@id":"https:\/\/www.bioethanolshop.nl\/verzendkosten-en-afhalen-2\/","url":"https:\/\/www.bioethanolshop.nl\/verzendkosten-en-afhalen-2\/","name":"Sz\u00e1ll\u00edt\u00e1s \u00e9s \u00e1tv\u00e9tel | Bioethanolshop.com","isPartOf":{"@id":"https:\/\/www.bioethanolshop.nl\/en\/#website"},"datePublished":"2021-02-27T13:21:08+00:00","dateModified":"2021-02-27T13:21:09+00:00","breadcrumb":{"@id":"https:\/\/www.bioethanolshop.nl\/verzendkosten-en-afhalen-2\/#breadcrumb"},"inLanguage":"hu","potentialAction":[{"@type":"ReadAction","target":["https:\/\/www.bioethanolshop.nl\/verzendkosten-en-afhalen-2\/"]}]},{"@type":"BreadcrumbList","@id":"https:\/\/www.bioethanolshop.nl\/verzendkosten-en-afhalen-2\/#breadcrumb","itemListElement":[{"@type":"ListItem","position":1,"name":"Home","item":"https:\/\/www.bioethanolshop.nl\/"},{"@type":"ListItem","position":2,"name":"Verzendkosten en afhalen"}]},{"@type":"WebSite","@id":"https:\/\/www.bioethanolshop.nl\/en\/#website","url":"https:\/\/www.bioethanolshop.nl\/en\/","name":"Bioethanolshop.nl","description":"A legnagyobb bioetanol \u00e9s a legjobb min\u0151s\u00e9g\u0171 bioetanol!","potentialAction":[{"@type":"SearchAction","target":{"@type":"EntryPoint","urlTemplate":"https:\/\/www.bioethanolshop.nl\/en\/?s={search_term_string}"},"query-input":{"@type":"PropertyValueSpecification","valueRequired":true,"valueName":"search_term_string"}}],"inLanguage":"hu"}]}},"_links":{"self":[{"href":"https:\/\/www.bioethanolshop.nl\/hu\/wp-json\/wp\/v2\/pages\/252","targetHints":{"allow":["GET"]}}],"collection":[{"href":"https:\/\/www.bioethanolshop.nl\/hu\/wp-json\/wp\/v2\/pages"}],"about":[{"href":"https:\/\/www.bioethanolshop.nl\/hu\/wp-json\/wp\/v2\/types\/page"}],"author":[{"embeddable":true,"href":"https:\/\/www.bioethanolshop.nl\/hu\/wp-json\/wp\/v2\/users\/3"}],"replies":[{"embeddable":true,"href":"https:\/\/www.bioethanolshop.nl\/hu\/wp-json\/wp\/v2\/comments?post=252"}],"version-history":[{"count":1,"href":"https:\/\/www.bioethanolshop.nl\/hu\/wp-json\/wp\/v2\/pages\/252\/revisions"}],"predecessor-version":[{"id":253,"href":"https:\/\/www.bioethanolshop.nl\/hu\/wp-json\/wp\/v2\/pages\/252\/revisions\/253"}],"wp:attachment":[{"href":"https:\/\/www.bioethanolshop.nl\/hu\/wp-json\/wp\/v2\/media?parent=252"}],"curies":[{"name":"wp","href":"https:\/\/api.w.org\/{rel}","templated":true}]}}