{"id":247,"date":"2021-02-27T12:41:29","date_gmt":"2021-02-27T11:41:29","guid":{"rendered":"https:\/\/www.bioethanolshop.nl\/?post_type=product&#038;p=247"},"modified":"2023-06-20T14:30:02","modified_gmt":"2023-06-20T12:30:02","slug":"huile-dorange-boite-de-1-litre","status":"publish","type":"product","link":"https:\/\/www.bioethanolshop.nl\/fr\/product\/sinaasappel-olie-1-liter-blik-sinasappel-olie\/","title":{"rendered":"Huile d'orange 1 bidon de 1 litre de d\u00e9tergent \u00e0 l'huile d'orange"},"content":{"rendered":"<div class=\"page-header-hgroup col-l-8 col-m-6\">\n<div class=\"page-title-wrapper complex\">\n<h2 class=\"page-title\">Huile d'orange 1 litre bo\u00eete<\/h2>\n<\/div>\n<\/div>\n<div class=\"page-header-actions col-l-4 col-m-6\">\n<div><strong>Avec le fort pouvoir nettoyant et le parfum frais des oranges, pour toute votre maisonn\u00e9e.<\/strong><\/div>\n<div><\/div>\n<div>Donn\u00e9es :<br \/>\n* 80% concentr\u00e9 de peau d'orange ;<br \/>\n* 250 ml de concentr\u00e9 suffisent pour 1000 litres d'eau. Ainsi, 2-3 gouttes sur 5 litres d'eau suffisent d\u00e9j\u00e0, c'est tr\u00e8s \u00e9conomique \u00e0 l'usage ;<br \/>\n* dissout les taches tenaces telles que l'huile, la graisse, la r\u00e9sine, le chewing-gum, pour les taches tr\u00e8s tenaces<br \/>\ntaches locales Utilisez de l'huile d'orange pure. Premier test sur un<br \/>\nendroit peu visible ;<br \/>\n* neutralise les odeurs d\u00e9sagr\u00e9ables telles que celles caus\u00e9es par la nicotine ;<br \/>\n* le nettoyant est actif en surface, c'est-\u00e0-dire qu'il \"craque\" en raison de ses propri\u00e9t\u00e9s<br \/>\nles \"tensions de surface\" existantes, qui p\u00e9n\u00e8trent en profondeur dans la couche de salet\u00e9,<br \/>\nprofond\u00e9ment dans les pores. Les nettoyants ordinaires enl\u00e8vent souvent la salet\u00e9 superficiellement.<br \/>\ndistribu\u00e9 ;<br \/>\n* Action antimicrobienne avec un effet de brillance visible ;<br \/>\n* A un pouvoir de nettoyage tr\u00e8s concentr\u00e9 ;<br \/>\n* utilisation sur des surfaces dans la maison, autour de la voiture, dans le jardin, sur la terrasse meubles en bois .....<\/div>\n<\/div>\n<p>&nbsp;<\/p>\n<p>L'ar\u00f4me du soleil - un parfum rafra\u00eechissant, chaud et fruit\u00e9.<\/p>\n<p>L'huile d'orange est une huile essentielle obtenue par pression \u00e0 froid des \u00e9corces d'oranges m\u00fbres. Son ar\u00f4me et son parfum, d'une part, et ses propri\u00e9t\u00e9s liposolubles, d'autre part, lui conf\u00e8rent une polyvalence d'utilisation impressionnante.<\/p>\n<p>Attention : Comme toutes les huiles essentielles, l'huile d'\u00e9corce d'orange est tr\u00e8s efficace, m\u00eame \u00e0 doses hom\u00e9opathiques. Utiliser selon les instructions ou \u00e0 petites doses. Pour de nombreuses applications, quelques gouttes suffisent. Les huiles essentielles ne doivent jamais \u00eatre bues pures ou appliqu\u00e9es sur la peau. En revanche, les ajouter goutte \u00e0 goutte aux aliments ou aux cosm\u00e9tiques est un raffinement inoffensif, \u00e0 condition de ne pas \u00eatre allergique aux terp\u00e8nes d'orange.<\/p>\n<p>Parfumage et aromatisation de<\/p>\n<p>Boissons, sucreries et autres aliments,<br \/>\nHuiles et eaux parfum\u00e9es, cosm\u00e9tiques (savon, huile de bain, cr\u00e8me),<br \/>\ndu p\u00e9trole lampant,<br \/>\nproduits m\u00e9nagers et comme<br \/>\nles odeurs des pi\u00e8ces et du linge.<br \/>\nOutre son odeur ensoleill\u00e9e, l'huile essentielle d'orange a des effets antiseptiques, astringents, nervins, \u00e9quilibrants, tonifiants et stimulants. Il s'agit donc d'un ingr\u00e9dient tr\u00e8s populaire et souvent utilis\u00e9, et pas seulement dans les cosm\u00e9tiques naturels.<\/p>\n<p>Nettoyage et d\u00e9graissage avec la puissance de l'usine<\/p>\n<p>Nettoyant m\u00e9nager universel<br \/>\n\u00c9limination des taches de goudron, de r\u00e9sine et d'huile<br \/>\nDiluant pour peintures \u00e0 l'huile et vernis<br \/>\nId\u00e9al pour la dilution des produits de protection du bois v\u00e9g\u00e9taux et des produits de protection du bois organiques.<br \/>\nD\u00e9graissage de pi\u00e8ces m\u00e9talliques (cha\u00eenes de bicyclette, engrenages, roulements \u00e0 billes, etc.)<br \/>\nRamollissement des pi\u00e8ces m\u00e9caniques fines (par exemple, les pi\u00e8ces de vieilles horloges)<br \/>\nEn combinaison avec de la cire d'abeille ou de la cire de carnauba, comme baume pour l'entretien et le nettoyage des surfaces en bois, des antiquit\u00e9s ou du cuir.<br \/>\nNettoyage des brosses<br \/>\nDissolvant pour vernis \u00e0 ongles<br \/>\nPrincipal ingr\u00e9dient de nombreux d\u00e9colleurs d'\u00e9tiquettes<br \/>\nLa teneur \u00e9lev\u00e9e en terp\u00e8nes d'orange est \u00e0 l'origine de l'\u00e9norme pouvoir d\u00e9graissant de l'huile d'\u00e9corce d'orange. Lorsqu'il est utilis\u00e9 comme substitut de l'essence de t\u00e9r\u00e9benthine - par exemple pour la peinture - il a non seulement pour effet de rendre l'odeur beaucoup plus agr\u00e9able. Par rapport \u00e0 la t\u00e9r\u00e9benthine, l'huile d'orange pr\u00e9sente \u00e9galement un potentiel d'allergie beaucoup plus faible. En ajoutant l'huile d'\u00e9corce d'orange 10-20% \u00e0 l'huile de lin ou \u00e0 l'huile de tung, la p\u00e9n\u00e9tration dans le bois est consid\u00e9rablement am\u00e9lior\u00e9e et l'application est facilit\u00e9e. Le temps de s\u00e9chage est raccourci. Il conf\u00e8re \u00e9galement un parfum vivifiant aux produits de pr\u00e9servation et de soin du bois.<\/p>\n<p>Huile d'orange<br \/>\nD\u00e9tergent m\u00e9nager<br \/>\nBidon de 1 litre<br \/>\nD\u00e9tergent \u00e0 l'orange<\/p>","protected":false},"excerpt":{"rendered":"<p class=\"page-title\">Huile d'orange 1 litre bo\u00eete<\/p>\n<p>&nbsp;<\/p>","protected":false},"featured_media":248,"comment_status":"closed","ping_status":"closed","template":"","meta":{"_acf_changed":false},"product_brand":[],"product_cat":[30,20],"product_tag":[31,32],"class_list":{"0":"post-247","1":"product","2":"type-product","3":"status-publish","4":"has-post-thumbnail","6":"product_cat-biofair","7":"product_cat-overige-biologische-olieproducten","8":"product_tag-sinaasappel-olie","9":"product_tag-sinasappelolie","11":"first","12":"outofstock","13":"taxable","14":"shipping-taxable","15":"purchasable","16":"product-type-simple"},"bundled_by":[],"bundle_stock_status":"outofstock","bundle_stock_quantity":null,"bundle_virtual":false,"bundle_layout":"","bundle_add_to_cart_form_location":"","bundle_editable_in_cart":false,"bundle_sold_individually_context":"","bundle_item_grouping":"","bundle_min_size":"","bundle_max_size":"","bundle_price":[],"bundled_items":[],"bundle_sell_ids":[],"acf":[],"yoast_head":"<!-- This site is optimized with the Yoast SEO Premium plugin v27.2 (Yoast SEO v27.2) - https:\/\/yoast.com\/product\/yoast-seo-premium-wordpress\/ -->\n<title>Sinaasappel olie 1 liter blik sinasappel olie reinigingsmiddel | Bioethanolshop.nl<\/title>\n<meta name=\"description\" content=\"80% concentraat uit sinaasappelschil\u00a0lost hardnekkige vlekken op zoals olie, vet, hars, kauwgom, voor zeer hardnekkige vlekken\" \/>\n<meta name=\"robots\" content=\"index, follow, max-snippet:-1, max-image-preview:large, max-video-preview:-1\" \/>\n<link rel=\"canonical\" href=\"https:\/\/www.bioethanolshop.nl\/fr\/produit-2\/huile-dorange-boite-de-1-litre\/\" \/>\n<meta property=\"og:locale\" content=\"fr_FR\" \/>\n<meta property=\"og:type\" content=\"article\" \/>\n<meta property=\"og:title\" content=\"Sinaasappel olie 1 liter blik sinasappel olie reinigingsmiddel\" \/>\n<meta property=\"og:description\" content=\"80% concentraat uit sinaasappelschil\u00a0lost hardnekkige vlekken op zoals olie, vet, hars, kauwgom, voor zeer hardnekkige vlekken\" \/>\n<meta property=\"og:url\" content=\"https:\/\/www.bioethanolshop.nl\/fr\/produit-2\/huile-dorange-boite-de-1-litre\/\" \/>\n<meta property=\"og:site_name\" content=\"Bioethanolshop.nl\" \/>\n<meta property=\"article:publisher\" content=\"https:\/\/www.facebook.com\/profile.php?id=100064154436458\" \/>\n<meta property=\"article:modified_time\" content=\"2023-06-20T12:30:02+00:00\" \/>\n<meta property=\"og:image\" content=\"https:\/\/www.bioethanolshop.nl\/wp-content\/uploads\/2021\/02\/sinaasappelolie.jpg\" \/>\n\t<meta property=\"og:image:width\" content=\"700\" \/>\n\t<meta property=\"og:image:height\" content=\"700\" \/>\n\t<meta property=\"og:image:type\" content=\"image\/jpeg\" \/>\n<meta name=\"twitter:card\" content=\"summary_large_image\" \/>\n<meta name=\"twitter:label1\" content=\"Dur\u00e9e de lecture estim\u00e9e\" \/>\n\t<meta name=\"twitter:data1\" content=\"2 minutes\" \/>\n<!-- \/ Yoast SEO Premium plugin. -->","yoast_head_json":{"title":"Huile d'orange 1 litre bidon huile d'orange nettoyant | Bioethanolshop.co.uk","description":"80% concentr\u00e9 de peau d'orange dissout les taches tenaces telles que l'huile, la graisse, la r\u00e9sine, le chewing-gum, pour les taches tr\u00e8s tenaces","robots":{"index":"index","follow":"follow","max-snippet":"max-snippet:-1","max-image-preview":"max-image-preview:large","max-video-preview":"max-video-preview:-1"},"canonical":"https:\/\/www.bioethanolshop.nl\/fr\/produit-2\/huile-dorange-boite-de-1-litre\/","og_locale":"fr_FR","og_type":"article","og_title":"Sinaasappel olie 1 liter blik sinasappel olie reinigingsmiddel","og_description":"80% concentraat uit sinaasappelschil\u00a0lost hardnekkige vlekken op zoals olie, vet, hars, kauwgom, voor zeer hardnekkige vlekken","og_url":"https:\/\/www.bioethanolshop.nl\/fr\/produit-2\/huile-dorange-boite-de-1-litre\/","og_site_name":"Bioethanolshop.nl","article_publisher":"https:\/\/www.facebook.com\/profile.php?id=100064154436458","article_modified_time":"2023-06-20T12:30:02+00:00","og_image":[{"width":700,"height":700,"url":"https:\/\/www.bioethanolshop.nl\/wp-content\/uploads\/2021\/02\/sinaasappelolie.jpg","type":"image\/jpeg"}],"twitter_card":"summary_large_image","twitter_misc":{"Dur\u00e9e de lecture estim\u00e9e":"2 minutes"},"schema":{"@context":"https:\/\/schema.org","@graph":[{"@type":"WebPage","@id":"https:\/\/www.bioethanolshop.nl\/bg\/%d0%bf%d1%80%d0%be%d0%b4%d1%83%d0%ba%d1%82-2\/%d0%bf%d0%be%d1%80%d1%82%d0%be%d0%ba%d0%b0%d0%bb%d0%be%d0%b2%d0%be-%d0%bc%d0%b0%d1%81%d0%bb%d0%be-1-%d0%bb%d0%b8%d1%82%d1%80%d0%be%d0%b2%d0%b0-%d0%ba%d1%83%d1%82%d0%b8%d1%8f\/","url":"https:\/\/www.bioethanolshop.nl\/bg\/%d0%bf%d1%80%d0%be%d0%b4%d1%83%d0%ba%d1%82-2\/%d0%bf%d0%be%d1%80%d1%82%d0%be%d0%ba%d0%b0%d0%bb%d0%be%d0%b2%d0%be-%d0%bc%d0%b0%d1%81%d0%bb%d0%be-1-%d0%bb%d0%b8%d1%82%d1%80%d0%be%d0%b2%d0%b0-%d0%ba%d1%83%d1%82%d0%b8%d1%8f\/","name":"Huile d'orange 1 litre bidon huile d'orange nettoyant | Bioethanolshop.co.uk","isPartOf":{"@id":"https:\/\/www.bioethanolshop.nl\/en\/#website"},"primaryImageOfPage":{"@id":"https:\/\/www.bioethanolshop.nl\/bg\/%d0%bf%d1%80%d0%be%d0%b4%d1%83%d0%ba%d1%82-2\/%d0%bf%d0%be%d1%80%d1%82%d0%be%d0%ba%d0%b0%d0%bb%d0%be%d0%b2%d0%be-%d0%bc%d0%b0%d1%81%d0%bb%d0%be-1-%d0%bb%d0%b8%d1%82%d1%80%d0%be%d0%b2%d0%b0-%d0%ba%d1%83%d1%82%d0%b8%d1%8f\/#primaryimage"},"image":{"@id":"https:\/\/www.bioethanolshop.nl\/bg\/%d0%bf%d1%80%d0%be%d0%b4%d1%83%d0%ba%d1%82-2\/%d0%bf%d0%be%d1%80%d1%82%d0%be%d0%ba%d0%b0%d0%bb%d0%be%d0%b2%d0%be-%d0%bc%d0%b0%d1%81%d0%bb%d0%be-1-%d0%bb%d0%b8%d1%82%d1%80%d0%be%d0%b2%d0%b0-%d0%ba%d1%83%d1%82%d0%b8%d1%8f\/#primaryimage"},"thumbnailUrl":"https:\/\/www.bioethanolshop.nl\/wp-content\/uploads\/2021\/02\/sinaasappelolie.jpg","datePublished":"2021-02-27T11:41:29+00:00","dateModified":"2023-06-20T12:30:02+00:00","description":"80% concentr\u00e9 de peau d'orange dissout les taches tenaces telles que l'huile, la graisse, la r\u00e9sine, le chewing-gum, pour les taches tr\u00e8s tenaces","breadcrumb":{"@id":"https:\/\/www.bioethanolshop.nl\/bg\/%d0%bf%d1%80%d0%be%d0%b4%d1%83%d0%ba%d1%82-2\/%d0%bf%d0%be%d1%80%d1%82%d0%be%d0%ba%d0%b0%d0%bb%d0%be%d0%b2%d0%be-%d0%bc%d0%b0%d1%81%d0%bb%d0%be-1-%d0%bb%d0%b8%d1%82%d1%80%d0%be%d0%b2%d0%b0-%d0%ba%d1%83%d1%82%d0%b8%d1%8f\/#breadcrumb"},"inLanguage":"fr-FR","potentialAction":[{"@type":"ReadAction","target":["https:\/\/www.bioethanolshop.nl\/bg\/%d0%bf%d1%80%d0%be%d0%b4%d1%83%d0%ba%d1%82-2\/%d0%bf%d0%be%d1%80%d1%82%d0%be%d0%ba%d0%b0%d0%bb%d0%be%d0%b2%d0%be-%d0%bc%d0%b0%d1%81%d0%bb%d0%be-1-%d0%bb%d0%b8%d1%82%d1%80%d0%be%d0%b2%d0%b0-%d0%ba%d1%83%d1%82%d0%b8%d1%8f\/"]}]},{"@type":"ImageObject","inLanguage":"fr-FR","@id":"https:\/\/www.bioethanolshop.nl\/bg\/%d0%bf%d1%80%d0%be%d0%b4%d1%83%d0%ba%d1%82-2\/%d0%bf%d0%be%d1%80%d1%82%d0%be%d0%ba%d0%b0%d0%bb%d0%be%d0%b2%d0%be-%d0%bc%d0%b0%d1%81%d0%bb%d0%be-1-%d0%bb%d0%b8%d1%82%d1%80%d0%be%d0%b2%d0%b0-%d0%ba%d1%83%d1%82%d0%b8%d1%8f\/#primaryimage","url":"https:\/\/www.bioethanolshop.nl\/wp-content\/uploads\/2021\/02\/sinaasappelolie.jpg","contentUrl":"https:\/\/www.bioethanolshop.nl\/wp-content\/uploads\/2021\/02\/sinaasappelolie.jpg","width":700,"height":700,"caption":"Sinaasappel olie"},{"@type":"BreadcrumbList","@id":"https:\/\/www.bioethanolshop.nl\/bg\/%d0%bf%d1%80%d0%be%d0%b4%d1%83%d0%ba%d1%82-2\/%d0%bf%d0%be%d1%80%d1%82%d0%be%d0%ba%d0%b0%d0%bb%d0%be%d0%b2%d0%be-%d0%bc%d0%b0%d1%81%d0%bb%d0%be-1-%d0%bb%d0%b8%d1%82%d1%80%d0%be%d0%b2%d0%b0-%d0%ba%d1%83%d1%82%d0%b8%d1%8f\/#breadcrumb","itemListElement":[{"@type":"ListItem","position":1,"name":"Home","item":"https:\/\/www.bioethanolshop.nl\/"},{"@type":"ListItem","position":2,"name":"Winkel","item":"https:\/\/www.bioethanolshop.nl\/en\/store\/"},{"@type":"ListItem","position":3,"name":"Sinaasappel olie 1 liter blik sinasappel olie reinigingsmiddel"}]},{"@type":"WebSite","@id":"https:\/\/www.bioethanolshop.nl\/en\/#website","url":"https:\/\/www.bioethanolshop.nl\/en\/","name":"Bioethanolshop.nl","description":"Le plus grand en bio\u00e9thanol et le meilleur en qualit\u00e9 de bio\u00e9thanol !","potentialAction":[{"@type":"SearchAction","target":{"@type":"EntryPoint","urlTemplate":"https:\/\/www.bioethanolshop.nl\/en\/?s={search_term_string}"},"query-input":{"@type":"PropertyValueSpecification","valueRequired":true,"valueName":"search_term_string"}}],"inLanguage":"fr-FR"}]}},"_links":{"self":[{"href":"https:\/\/www.bioethanolshop.nl\/fr\/wp-json\/wp\/v2\/product\/247","targetHints":{"allow":["GET"]}}],"collection":[{"href":"https:\/\/www.bioethanolshop.nl\/fr\/wp-json\/wp\/v2\/product"}],"about":[{"href":"https:\/\/www.bioethanolshop.nl\/fr\/wp-json\/wp\/v2\/types\/product"}],"replies":[{"embeddable":true,"href":"https:\/\/www.bioethanolshop.nl\/fr\/wp-json\/wp\/v2\/comments?post=247"}],"version-history":[{"count":1,"href":"https:\/\/www.bioethanolshop.nl\/fr\/wp-json\/wp\/v2\/product\/247\/revisions"}],"predecessor-version":[{"id":278,"href":"https:\/\/www.bioethanolshop.nl\/fr\/wp-json\/wp\/v2\/product\/247\/revisions\/278"}],"wp:featuredmedia":[{"embeddable":true,"href":"https:\/\/www.bioethanolshop.nl\/fr\/wp-json\/wp\/v2\/media\/248"}],"wp:attachment":[{"href":"https:\/\/www.bioethanolshop.nl\/fr\/wp-json\/wp\/v2\/media?parent=247"}],"wp:term":[{"taxonomy":"product_brand","embeddable":true,"href":"https:\/\/www.bioethanolshop.nl\/fr\/wp-json\/wp\/v2\/product_brand?post=247"},{"taxonomy":"product_cat","embeddable":true,"href":"https:\/\/www.bioethanolshop.nl\/fr\/wp-json\/wp\/v2\/product_cat?post=247"},{"taxonomy":"product_tag","embeddable":true,"href":"https:\/\/www.bioethanolshop.nl\/fr\/wp-json\/wp\/v2\/product_tag?post=247"}],"curies":[{"name":"wp","href":"https:\/\/api.w.org\/{rel}","templated":true}]}}