{"id":245,"date":"2021-02-27T12:30:01","date_gmt":"2021-02-27T12:30:01","guid":{"rendered":"https:\/\/www.bioethanolshop.nl\/?post_type=product&#038;p=245"},"modified":"2022-05-19T16:25:15","modified_gmt":"2022-05-19T14:25:15","slug":"biofair-solarclean-solar-panel-cleaner-5-litre-concentre-pour-50-litre","status":"publish","type":"product","link":"https:\/\/www.bioethanolshop.nl\/fr\/product\/biofair-solarclean-zonnepaneel-reiniger-5-liter-concentraat-voor-50-liter\/","title":{"rendered":"BioFair SolarClean, nettoyant pour panneaux solaires 5 litres de concentr\u00e9 pour 50 litres"},"content":{"rendered":"<h2>BioFair SolarClean, nettoyant pour panneaux solaires 5 litres de concentr\u00e9 pour 50 litres<\/h2>\n<p><strong>Agent nettoyant pour panneaux solaires \u00e0 base de v\u00e9g\u00e9taux. Les panneaux solaires se salissent assez rapidement en raison de l'angle d'inclinaison, ce qui r\u00e9duit leur rendement. Ne gaspillez pas une \u00e9nergie pr\u00e9cieuse et nettoyez vos panneaux solaires au moins deux fois par an. Le rendement \u00e9nerg\u00e9tique de vos panneaux solaires s'am\u00e9liorera jusqu'\u00e0 30% !<\/strong><\/p>\n<p><strong>Non nuisible \u00e0 l'environnement<\/strong><\/p>\n<ul>\n<li>Seules des substances biod\u00e9gradables sont utilis\u00e9es pour la production du d\u00e9tergent<\/li>\n<li>Nettoyant et antistatique, la salet\u00e9 adh\u00e8re moins rapidement aux collecteurs<\/li>\n<li>Le concentr\u00e9 ne contient pas : de phosphates, de borates, de formald\u00e9hyde et de compos\u00e9s halog\u00e9n\u00e9s<\/li>\n<li>Le concentr\u00e9 est produit de mani\u00e8re \u00e0 \u00e9conomiser l'\u00e9nergie dans un site certifi\u00e9 EMAS et ISO 14001 qui a plus de 20 ans d'exp\u00e9rience dans la fabrication de produits respectueux de l'environnement.<\/li>\n<li>Pour r\u00e9duire l'impact sur l'environnement, le produit est pr\u00e9sent\u00e9 sous forme de concentr\u00e9, ce qui r\u00e9duit les mat\u00e9riaux d'emballage<\/li>\n<li>Tr\u00e8s efficace : 50 litres de d\u00e9tergent \u00e0 partir de 5 litres de concentr\u00e9<\/li>\n<\/ul>\n<p><strong>Le nettoyage se fait de pr\u00e9f\u00e9rence au printemps et par temps nuageux ou le matin. Il peut ensuite \u00eatre r\u00e9p\u00e9t\u00e9 plus tard dans l'ann\u00e9e si n\u00e9cessaire, en fonction du degr\u00e9 de salet\u00e9 des panneaux. Les endroits qui doivent probablement \u00eatre nettoy\u00e9s deux fois par an sont par exemple : \u00e0 la campagne ou pr\u00e8s des for\u00eats (augmentation des quantit\u00e9s de poussi\u00e8re et de pollen).<\/strong><\/p>\n<p><strong>Rapport de m\u00e9lange :\u00a0<\/strong>Diluer 100 ml de concentr\u00e9 et 100 ml de bio\u00e9thanol \u00e0 1 litre avec de l'eau<\/p>\n<p><strong>Faites attention<\/strong><\/p>\n<ul>\n<li>La concentration en agent de nettoyage et en \u00e9thanol doit \u00eatre adapt\u00e9e au degr\u00e9 de contamination des panneaux solaires.<\/li>\n<li>En cas de doute, ajoutez toujours plus d'eau<\/li>\n<li>Toujours tester le m\u00e9lange sur une petite surface du panneau<\/li>\n<li>Frottez toujours le moins possible le panneau pendant le nettoyage<\/li>\n<li>Rincez toujours \u00e0 l'eau \u00e0 la fin<\/li>\n<\/ul>\n<p>L'agent fonctionne \u00e0 la fois comme nettoyant et comme antistatique, de sorte que le panneau reste sans poussi\u00e8re plus longtemps apr\u00e8s le nettoyage.<\/p>\n<p>BN<\/p>\n<p>Biofair<br \/>\nNettoyant pour panneaux solaires<br \/>\nNettoyant pour panneaux solaires<br \/>\nJerry Can 50 litres<br \/>\nD\u00e9tergent pour alcool<\/p>","protected":false},"excerpt":{"rendered":"<p>BioFair SolarClean, nettoyant pour panneaux solaires 5 litres de concentr\u00e9 pour 50 litres<\/p>\n<p>&nbsp;<\/p>","protected":false},"featured_media":246,"comment_status":"closed","ping_status":"closed","template":"","meta":{"_acf_changed":false},"product_brand":[],"product_cat":[30,16,20,67],"product_tag":[],"class_list":{"0":"post-245","1":"product","2":"type-product","3":"status-publish","4":"has-post-thumbnail","6":"product_cat-biofair","7":"product_cat-merken","8":"product_cat-overige-biologische-olieproducten","9":"product_cat-zonnepaneel-reiniger","11":"first","12":"instock","13":"taxable","14":"shipping-taxable","15":"purchasable","16":"product-type-simple"},"bundled_by":[],"bundle_stock_status":"instock","bundle_stock_quantity":null,"bundle_virtual":false,"bundle_layout":"","bundle_add_to_cart_form_location":"","bundle_editable_in_cart":false,"bundle_sold_individually_context":"","bundle_item_grouping":"","bundle_min_size":"","bundle_max_size":"","bundle_price":[],"bundled_items":[],"bundle_sell_ids":[],"acf":[],"yoast_head":"<!-- This site is optimized with the Yoast SEO Premium plugin v27.2 (Yoast SEO v27.2) - https:\/\/yoast.com\/product\/yoast-seo-premium-wordpress\/ -->\n<title>BioFair SolarClean zonnepaneel reiniger 5 liter concentraat voor 50 Liter | Bioethanolshop.nl<\/title>\n<meta name=\"robots\" content=\"index, follow, max-snippet:-1, max-image-preview:large, max-video-preview:-1\" \/>\n<link rel=\"canonical\" href=\"https:\/\/www.bioethanolshop.nl\/fr\/da\/produit\/biofair-solarclean-solar-panel-cleaner-5-liters-koncentrat-for-50-liters\/\" \/>\n<meta property=\"og:locale\" content=\"fr_FR\" \/>\n<meta property=\"og:type\" content=\"article\" \/>\n<meta property=\"og:title\" content=\"BioFair SolarClean zonnepaneel reiniger 5 liter concentraat voor 50 Liter\" \/>\n<meta property=\"og:description\" content=\"BioFair SolarClean zonnepaneel reiniger 5 liter concentraat voor 50 Liter  &nbsp;\" \/>\n<meta property=\"og:url\" content=\"https:\/\/www.bioethanolshop.nl\/fr\/da\/produit\/biofair-solarclean-solar-panel-cleaner-5-liters-koncentrat-for-50-liters\/\" \/>\n<meta property=\"og:site_name\" content=\"Bioethanolshop.nl\" \/>\n<meta property=\"article:publisher\" content=\"https:\/\/www.facebook.com\/profile.php?id=100064154436458\" \/>\n<meta property=\"article:modified_time\" content=\"2022-05-19T14:25:15+00:00\" \/>\n<meta property=\"og:image\" content=\"https:\/\/www.bioethanolshop.nl\/wp-content\/uploads\/2021\/02\/biofair-zonnecollector-reiniger.png\" \/>\n\t<meta property=\"og:image:width\" content=\"800\" \/>\n\t<meta property=\"og:image:height\" content=\"820\" \/>\n\t<meta property=\"og:image:type\" content=\"image\/png\" \/>\n<meta name=\"twitter:card\" content=\"summary_large_image\" \/>\n<meta name=\"twitter:label1\" content=\"Dur\u00e9e de lecture estim\u00e9e\" \/>\n\t<meta name=\"twitter:data1\" content=\"1 minute\" \/>\n<!-- \/ Yoast SEO Premium plugin. -->","yoast_head_json":{"title":"BioFair SolarClean nettoyant pour panneaux solaires 5 litres concentr\u00e9 pour 50 litres | Bioethanolshop.nl","robots":{"index":"index","follow":"follow","max-snippet":"max-snippet:-1","max-image-preview":"max-image-preview:large","max-video-preview":"max-video-preview:-1"},"canonical":"https:\/\/www.bioethanolshop.nl\/fr\/da\/produit\/biofair-solarclean-solar-panel-cleaner-5-liters-koncentrat-for-50-liters\/","og_locale":"fr_FR","og_type":"article","og_title":"BioFair SolarClean zonnepaneel reiniger 5 liter concentraat voor 50 Liter","og_description":"BioFair SolarClean zonnepaneel reiniger 5 liter concentraat voor 50 Liter  &nbsp;","og_url":"https:\/\/www.bioethanolshop.nl\/fr\/da\/produit\/biofair-solarclean-solar-panel-cleaner-5-liters-koncentrat-for-50-liters\/","og_site_name":"Bioethanolshop.nl","article_publisher":"https:\/\/www.facebook.com\/profile.php?id=100064154436458","article_modified_time":"2022-05-19T14:25:15+00:00","og_image":[{"width":800,"height":820,"url":"https:\/\/www.bioethanolshop.nl\/wp-content\/uploads\/2021\/02\/biofair-zonnecollector-reiniger.png","type":"image\/png"}],"twitter_card":"summary_large_image","twitter_misc":{"Dur\u00e9e de lecture estim\u00e9e":"1 minute"},"schema":{"@context":"https:\/\/schema.org","@graph":[{"@type":"WebPage","@id":"https:\/\/www.bioethanolshop.nl\/da\/produkt\/biofair-solarclean-solar-panel-cleaner-5-liters-koncentrat-for-50-liters\/","url":"https:\/\/www.bioethanolshop.nl\/da\/produkt\/biofair-solarclean-solar-panel-cleaner-5-liters-koncentrat-for-50-liters\/","name":"BioFair SolarClean nettoyant pour panneaux solaires 5 litres concentr\u00e9 pour 50 litres | Bioethanolshop.nl","isPartOf":{"@id":"https:\/\/www.bioethanolshop.nl\/en\/#website"},"primaryImageOfPage":{"@id":"https:\/\/www.bioethanolshop.nl\/da\/produkt\/biofair-solarclean-solar-panel-cleaner-5-liters-koncentrat-for-50-liters\/#primaryimage"},"image":{"@id":"https:\/\/www.bioethanolshop.nl\/da\/produkt\/biofair-solarclean-solar-panel-cleaner-5-liters-koncentrat-for-50-liters\/#primaryimage"},"thumbnailUrl":"https:\/\/www.bioethanolshop.nl\/wp-content\/uploads\/2021\/02\/biofair-zonnecollector-reiniger.png","datePublished":"2021-02-27T12:30:01+00:00","dateModified":"2022-05-19T14:25:15+00:00","breadcrumb":{"@id":"https:\/\/www.bioethanolshop.nl\/da\/produkt\/biofair-solarclean-solar-panel-cleaner-5-liters-koncentrat-for-50-liters\/#breadcrumb"},"inLanguage":"fr-FR","potentialAction":[{"@type":"ReadAction","target":["https:\/\/www.bioethanolshop.nl\/da\/produkt\/biofair-solarclean-solar-panel-cleaner-5-liters-koncentrat-for-50-liters\/"]}]},{"@type":"ImageObject","inLanguage":"fr-FR","@id":"https:\/\/www.bioethanolshop.nl\/da\/produkt\/biofair-solarclean-solar-panel-cleaner-5-liters-koncentrat-for-50-liters\/#primaryimage","url":"https:\/\/www.bioethanolshop.nl\/wp-content\/uploads\/2021\/02\/biofair-zonnecollector-reiniger.png","contentUrl":"https:\/\/www.bioethanolshop.nl\/wp-content\/uploads\/2021\/02\/biofair-zonnecollector-reiniger.png","width":800,"height":820,"caption":"zonnepaneel reiniger"},{"@type":"BreadcrumbList","@id":"https:\/\/www.bioethanolshop.nl\/da\/produkt\/biofair-solarclean-solar-panel-cleaner-5-liters-koncentrat-for-50-liters\/#breadcrumb","itemListElement":[{"@type":"ListItem","position":1,"name":"Home","item":"https:\/\/www.bioethanolshop.nl\/"},{"@type":"ListItem","position":2,"name":"Winkel","item":"https:\/\/www.bioethanolshop.nl\/en\/store\/"},{"@type":"ListItem","position":3,"name":"BioFair SolarClean zonnepaneel reiniger 5 liter concentraat voor 50 Liter"}]},{"@type":"WebSite","@id":"https:\/\/www.bioethanolshop.nl\/en\/#website","url":"https:\/\/www.bioethanolshop.nl\/en\/","name":"Bioethanolshop.nl","description":"Le plus grand en bio\u00e9thanol et le meilleur en qualit\u00e9 de bio\u00e9thanol !","potentialAction":[{"@type":"SearchAction","target":{"@type":"EntryPoint","urlTemplate":"https:\/\/www.bioethanolshop.nl\/en\/?s={search_term_string}"},"query-input":{"@type":"PropertyValueSpecification","valueRequired":true,"valueName":"search_term_string"}}],"inLanguage":"fr-FR"}]}},"_links":{"self":[{"href":"https:\/\/www.bioethanolshop.nl\/fr\/wp-json\/wp\/v2\/product\/245","targetHints":{"allow":["GET"]}}],"collection":[{"href":"https:\/\/www.bioethanolshop.nl\/fr\/wp-json\/wp\/v2\/product"}],"about":[{"href":"https:\/\/www.bioethanolshop.nl\/fr\/wp-json\/wp\/v2\/types\/product"}],"replies":[{"embeddable":true,"href":"https:\/\/www.bioethanolshop.nl\/fr\/wp-json\/wp\/v2\/comments?post=245"}],"version-history":[{"count":0,"href":"https:\/\/www.bioethanolshop.nl\/fr\/wp-json\/wp\/v2\/product\/245\/revisions"}],"wp:featuredmedia":[{"embeddable":true,"href":"https:\/\/www.bioethanolshop.nl\/fr\/wp-json\/wp\/v2\/media\/246"}],"wp:attachment":[{"href":"https:\/\/www.bioethanolshop.nl\/fr\/wp-json\/wp\/v2\/media?parent=245"}],"wp:term":[{"taxonomy":"product_brand","embeddable":true,"href":"https:\/\/www.bioethanolshop.nl\/fr\/wp-json\/wp\/v2\/product_brand?post=245"},{"taxonomy":"product_cat","embeddable":true,"href":"https:\/\/www.bioethanolshop.nl\/fr\/wp-json\/wp\/v2\/product_cat?post=245"},{"taxonomy":"product_tag","embeddable":true,"href":"https:\/\/www.bioethanolshop.nl\/fr\/wp-json\/wp\/v2\/product_tag?post=245"}],"curies":[{"name":"wp","href":"https:\/\/api.w.org\/{rel}","templated":true}]}}