{"id":1149,"date":"2021-10-14T09:46:34","date_gmt":"2021-10-14T07:46:34","guid":{"rendered":"https:\/\/www.bioethanolshop.nl\/?post_type=product&#038;p=1149"},"modified":"2022-12-11T14:02:28","modified_gmt":"2022-12-11T13:02:28","slug":"kynast-solar-led-garden-table-lampe-chaude-lumiere-blanche-avec-gonfleur-27","status":"publish","type":"product","link":"https:\/\/www.bioethanolshop.nl\/fr\/product\/fancy-flames-bioethanol-xl-sfeerhaard-zwart-rond-20cm-glas-30cm-hoog-stenen-decoratie\/","title":{"rendered":"Fancy Flames Bioethanol XL chemin\u00e9e noire ronde 20cm verre 30cm haut + d\u00e9coration en pierre"},"content":{"rendered":"<p>Bioethanol XL sfeerhaard zwart rond 20cm glas 30cm hoog met stenen decoratie<br \/>\nBioethanolshop Fancy Flames<\/p>\n<p><strong>Concave bioethanol haard, mooi rond voor bioethanol en bioethanol met een geur (huisparfum)<\/strong><\/p>\n<p>Deze bioethanol haard geeft een natuurlijk mooi vuur. De haard heeft een tijdloos ontwerp en kan op tafel worden geplaatst. Omdat bioethanol geen rook of roet produceert, is de haard makkelijk te onderhouden en schoon te houden.<\/p>\n<ul>\n<li>geeft een natuurlijk vuur<\/li>\n<\/ul>\n<ul>\n<li>tijdloos ontwerp<\/li>\n<\/ul>\n<ul>\n<li>makkelijk te onderhouden en schoon te maken<\/li>\n<\/ul>\n<ul>\n<li>Productafmetingen in cm L 19,9 x B 19,9 x H 24,6<\/li>\n<li>Materiaal IJzer, glas, roestvrij staal, stenen, glasvezel<\/li>\n<li>Bruto gewicht 2.163 kg<\/li>\n<li>Netto gewicht 1.279 kg<\/li>\n<\/ul>","protected":false},"excerpt":{"rendered":"<div class=\"puik-content-header__header puik-content-header__header--image\">\n<div class=\"puik-content-header__header puik-content-header__header--image\">\n<div class=\"puik-content-header__header puik-content-header__header--image\">\n<div class=\"puik-content-header__header puik-content-header__header--image\">\n<div class=\"puik-content-header__header puik-content-header__header--image\">Fancy Flames Bioethanol XL chemin\u00e9e noire ronde 20cm verre 30cm haut + d\u00e9coration en pierre<\/div>\n<\/div>\n<\/div>\n<\/div>\n<\/div>","protected":false},"featured_media":1150,"comment_status":"closed","ping_status":"closed","template":"","meta":{"_acf_changed":false},"product_brand":[],"product_cat":[70,76,79,21],"product_tag":[74,73,75],"class_list":{"0":"post-1149","1":"product","2":"type-product","3":"status-publish","4":"has-post-thumbnail","6":"product_cat-bioethanol-tafelhaard","7":"product_cat-bioethanolshop-black-friday","8":"product_cat-kerst-en-relatiegeschenken","9":"product_cat-kieselgreen-groenemorgen","10":"product_tag-bioethanol-haard","11":"product_tag-sfeerhaard","12":"product_tag-tafelhaard","14":"first","15":"instock","16":"taxable","17":"shipping-taxable","18":"purchasable","19":"product-type-simple"},"bundled_by":[],"bundle_stock_status":"instock","bundle_stock_quantity":null,"bundle_virtual":false,"bundle_layout":"","bundle_add_to_cart_form_location":"","bundle_editable_in_cart":false,"bundle_sold_individually_context":"","bundle_item_grouping":"","bundle_min_size":"","bundle_max_size":"","bundle_price":[],"bundled_items":[],"bundle_sell_ids":[],"acf":[],"yoast_head":"<!-- This site is optimized with the Yoast SEO Premium plugin v27.2 (Yoast SEO v27.2) - https:\/\/yoast.com\/product\/yoast-seo-premium-wordpress\/ -->\n<title>Fancy Flames Bioethanol XL sfeerhaard zwart rond 20cm glas 30cm hoog + stenen decoratie<\/title>\n<meta name=\"description\" content=\"ACTIEPRIJS: Sfeerhaard NEST bioethanol tafelbrander 30cm tafelhaard, uniek ontwerp, mooi in het zwart met glas\" \/>\n<meta name=\"robots\" content=\"index, follow, max-snippet:-1, max-image-preview:large, max-video-preview:-1\" \/>\n<link rel=\"canonical\" href=\"https:\/\/www.bioethanolshop.nl\/fr\/produit-2\/kynast-solar-led-garden-table-lampe-chaude-lumiere-blanche-avec-gonfleur-27\/\" \/>\n<meta property=\"og:locale\" content=\"fr_FR\" \/>\n<meta property=\"og:type\" content=\"article\" \/>\n<meta property=\"og:title\" content=\"Fancy Flames Bioethanol XL sfeerhaard zwart rond 20cm glas 30cm hoog + stenen decoratie\" \/>\n<meta property=\"og:description\" content=\"ACTIEPRIJS: Sfeerhaard NEST bioethanol tafelbrander 30cm tafelhaard, uniek ontwerp, mooi in het zwart met glas\" \/>\n<meta property=\"og:url\" content=\"https:\/\/www.bioethanolshop.nl\/fr\/produit-2\/kynast-solar-led-garden-table-lampe-chaude-lumiere-blanche-avec-gonfleur-27\/\" \/>\n<meta property=\"og:site_name\" content=\"Bioethanolshop.nl\" \/>\n<meta property=\"article:publisher\" content=\"https:\/\/www.facebook.com\/profile.php?id=100064154436458\" \/>\n<meta property=\"article:modified_time\" content=\"2022-12-11T13:02:28+00:00\" \/>\n<meta property=\"og:image\" content=\"https:\/\/www.bioethanolshop.nl\/wp-content\/uploads\/2021\/10\/FF426_01.png\" \/>\n\t<meta property=\"og:image:width\" content=\"1240\" \/>\n\t<meta property=\"og:image:height\" content=\"1240\" \/>\n\t<meta property=\"og:image:type\" content=\"image\/png\" \/>\n<meta name=\"twitter:card\" content=\"summary_large_image\" \/>\n<!-- \/ Yoast SEO Premium plugin. -->","yoast_head_json":{"title":"Fancy Flames Bioethanol XL chemin\u00e9e noire ronde 20cm verre 30cm haut + d\u00e9coration en pierre","description":"ACTIEPRIJS: Sfeerhaard NEST bioethanol tafelbrander 30cm tafelhaard, uniek ontwerp, mooi in het zwart met glas","robots":{"index":"index","follow":"follow","max-snippet":"max-snippet:-1","max-image-preview":"max-image-preview:large","max-video-preview":"max-video-preview:-1"},"canonical":"https:\/\/www.bioethanolshop.nl\/fr\/produit-2\/kynast-solar-led-garden-table-lampe-chaude-lumiere-blanche-avec-gonfleur-27\/","og_locale":"fr_FR","og_type":"article","og_title":"Fancy Flames Bioethanol XL sfeerhaard zwart rond 20cm glas 30cm hoog + stenen decoratie","og_description":"ACTIEPRIJS: Sfeerhaard NEST bioethanol tafelbrander 30cm tafelhaard, uniek ontwerp, mooi in het zwart met glas","og_url":"https:\/\/www.bioethanolshop.nl\/fr\/produit-2\/kynast-solar-led-garden-table-lampe-chaude-lumiere-blanche-avec-gonfleur-27\/","og_site_name":"Bioethanolshop.nl","article_publisher":"https:\/\/www.facebook.com\/profile.php?id=100064154436458","article_modified_time":"2022-12-11T13:02:28+00:00","og_image":[{"width":1240,"height":1240,"url":"https:\/\/www.bioethanolshop.nl\/wp-content\/uploads\/2021\/10\/FF426_01.png","type":"image\/png"}],"twitter_card":"summary_large_image","schema":{"@context":"https:\/\/schema.org","@graph":[{"@type":"WebPage","@id":"https:\/\/www.bioethanolshop.nl\/product\/fancy-flames-bioethanol-xl-sfeerhaard-zwart-rond-20cm-glas-30cm-hoog-stenen-decoratie\/","url":"https:\/\/www.bioethanolshop.nl\/product\/fancy-flames-bioethanol-xl-sfeerhaard-zwart-rond-20cm-glas-30cm-hoog-stenen-decoratie\/","name":"Fancy Flames Bioethanol XL chemin\u00e9e noire ronde 20cm verre 30cm haut + d\u00e9coration en pierre","isPartOf":{"@id":"https:\/\/www.bioethanolshop.nl\/en\/#website"},"primaryImageOfPage":{"@id":"https:\/\/www.bioethanolshop.nl\/product\/fancy-flames-bioethanol-xl-sfeerhaard-zwart-rond-20cm-glas-30cm-hoog-stenen-decoratie\/#primaryimage"},"image":{"@id":"https:\/\/www.bioethanolshop.nl\/product\/fancy-flames-bioethanol-xl-sfeerhaard-zwart-rond-20cm-glas-30cm-hoog-stenen-decoratie\/#primaryimage"},"thumbnailUrl":"https:\/\/www.bioethanolshop.nl\/wp-content\/uploads\/2021\/10\/FF426_01.png","datePublished":"2021-10-14T07:46:34+00:00","dateModified":"2022-12-11T13:02:28+00:00","description":"ACTIEPRIJS: Sfeerhaard NEST bioethanol tafelbrander 30cm tafelhaard, uniek ontwerp, mooi in het zwart met glas","breadcrumb":{"@id":"https:\/\/www.bioethanolshop.nl\/product\/fancy-flames-bioethanol-xl-sfeerhaard-zwart-rond-20cm-glas-30cm-hoog-stenen-decoratie\/#breadcrumb"},"inLanguage":"fr-FR","potentialAction":[{"@type":"ReadAction","target":["https:\/\/www.bioethanolshop.nl\/product\/fancy-flames-bioethanol-xl-sfeerhaard-zwart-rond-20cm-glas-30cm-hoog-stenen-decoratie\/"]}]},{"@type":"ImageObject","inLanguage":"fr-FR","@id":"https:\/\/www.bioethanolshop.nl\/product\/fancy-flames-bioethanol-xl-sfeerhaard-zwart-rond-20cm-glas-30cm-hoog-stenen-decoratie\/#primaryimage","url":"https:\/\/www.bioethanolshop.nl\/wp-content\/uploads\/2021\/10\/FF426_01.png","contentUrl":"https:\/\/www.bioethanolshop.nl\/wp-content\/uploads\/2021\/10\/FF426_01.png","width":1240,"height":1240,"caption":"Bioethanol XL sfeerhaard zwart rond 20cm glas 30cm hoog + stenen decoratie"},{"@type":"BreadcrumbList","@id":"https:\/\/www.bioethanolshop.nl\/product\/fancy-flames-bioethanol-xl-sfeerhaard-zwart-rond-20cm-glas-30cm-hoog-stenen-decoratie\/#breadcrumb","itemListElement":[{"@type":"ListItem","position":1,"name":"Home","item":"https:\/\/www.bioethanolshop.nl\/"},{"@type":"ListItem","position":2,"name":"Winkel","item":"https:\/\/www.bioethanolshop.nl\/en\/store\/"},{"@type":"ListItem","position":3,"name":"Fancy Flames Bioethanol XL sfeerhaard zwart rond 20cm glas 30cm hoog + stenen decoratie"}]},{"@type":"WebSite","@id":"https:\/\/www.bioethanolshop.nl\/en\/#website","url":"https:\/\/www.bioethanolshop.nl\/en\/","name":"Bioethanolshop.nl","description":"Le plus grand en bio\u00e9thanol et le meilleur en qualit\u00e9 de bio\u00e9thanol !","potentialAction":[{"@type":"SearchAction","target":{"@type":"EntryPoint","urlTemplate":"https:\/\/www.bioethanolshop.nl\/en\/?s={search_term_string}"},"query-input":{"@type":"PropertyValueSpecification","valueRequired":true,"valueName":"search_term_string"}}],"inLanguage":"fr-FR"}]}},"_links":{"self":[{"href":"https:\/\/www.bioethanolshop.nl\/fr\/wp-json\/wp\/v2\/product\/1149","targetHints":{"allow":["GET"]}}],"collection":[{"href":"https:\/\/www.bioethanolshop.nl\/fr\/wp-json\/wp\/v2\/product"}],"about":[{"href":"https:\/\/www.bioethanolshop.nl\/fr\/wp-json\/wp\/v2\/types\/product"}],"replies":[{"embeddable":true,"href":"https:\/\/www.bioethanolshop.nl\/fr\/wp-json\/wp\/v2\/comments?post=1149"}],"version-history":[{"count":0,"href":"https:\/\/www.bioethanolshop.nl\/fr\/wp-json\/wp\/v2\/product\/1149\/revisions"}],"wp:featuredmedia":[{"embeddable":true,"href":"https:\/\/www.bioethanolshop.nl\/fr\/wp-json\/wp\/v2\/media\/1150"}],"wp:attachment":[{"href":"https:\/\/www.bioethanolshop.nl\/fr\/wp-json\/wp\/v2\/media?parent=1149"}],"wp:term":[{"taxonomy":"product_brand","embeddable":true,"href":"https:\/\/www.bioethanolshop.nl\/fr\/wp-json\/wp\/v2\/product_brand?post=1149"},{"taxonomy":"product_cat","embeddable":true,"href":"https:\/\/www.bioethanolshop.nl\/fr\/wp-json\/wp\/v2\/product_cat?post=1149"},{"taxonomy":"product_tag","embeddable":true,"href":"https:\/\/www.bioethanolshop.nl\/fr\/wp-json\/wp\/v2\/product_tag?post=1149"}],"curies":[{"name":"wp","href":"https:\/\/api.w.org\/{rel}","templated":true}]}}