{"id":10386,"date":"2023-12-03T09:01:38","date_gmt":"2023-12-03T08:01:38","guid":{"rendered":"https:\/\/www.bioethanolshop.nl\/?post_type=product&#038;p=10386"},"modified":"2023-12-03T09:04:57","modified_gmt":"2023-12-03T08:04:57","slug":"robinet-doseur-de-bioethanol-pour-les-jerricans-de-5-et-10-litres-2","status":"publish","type":"product","link":"https:\/\/www.bioethanolshop.nl\/fr\/product\/kieselgreen-bio-ethanol-doseerkraan-voor-10-liter-100-jerrycans\/","title":{"rendered":"Robinet de distribution de bio\u00e9thanol KieselGreen pour jerrycans de 10 litres (100%)"},"content":{"rendered":"<h3>KieselGreen Bio-ethanol doseerkraan voor 10 liter\u00a0(100%)\u00a0jerrycans<\/h3>\n<p><strong>Perfect te gebruiken op onze 10 liter jerrycans 100%.<\/strong><\/p>\n<p>Maintenant, il est encore plus facile de doser le bio\u00e9thanol lorsque vous remplissez votre chemin\u00e9e.<\/p>\n<p><strong>Ce robinet \u00e0 bouchon peut \u00eatre utilis\u00e9 pour :<\/strong><\/p>\n<ul>\n<li style=\"font-weight: 400;\" aria-level=\"1\"><a href=\"https:\/\/www.bioethanolshop.nl\/fr\/\"><span style=\"font-weight: 400;\">remplir le combustible pour votre chemin\u00e9e<\/span><\/a><\/li>\n<li style=\"font-weight: 400;\" aria-level=\"1\"><span style=\"font-weight: 400;\">Jerrycans de 10 litres <strong>100%<\/strong> dosage<\/span><\/li>\n<\/ul>","protected":false},"excerpt":{"rendered":"<p>Robinet doseur de bio\u00e9thanol pour jerrycans de 10 litres<\/p>","protected":false},"featured_media":12,"comment_status":"closed","ping_status":"closed","template":"","meta":{"_acf_changed":false},"product_brand":[],"product_cat":[18,21,20],"product_tag":[62,59],"class_list":{"0":"post-10386","1":"product","2":"type-product","3":"status-publish","4":"has-post-thumbnail","6":"product_cat-bioethanol-100","7":"product_cat-kieselgreen-groenemorgen","8":"product_cat-overige-biologische-olieproducten","9":"product_tag-doseerkraan","10":"product_tag-jerrycan","12":"first","13":"instock","14":"taxable","15":"shipping-taxable","16":"purchasable","17":"product-type-simple"},"bundled_by":[],"bundle_stock_status":"instock","bundle_stock_quantity":null,"bundle_virtual":false,"bundle_layout":"","bundle_add_to_cart_form_location":"","bundle_editable_in_cart":false,"bundle_sold_individually_context":"","bundle_item_grouping":"","bundle_min_size":"","bundle_max_size":"","bundle_price":[],"bundled_items":[],"bundle_sell_ids":[],"acf":[],"yoast_head":"<!-- This site is optimized with the Yoast SEO Premium plugin v27.2 (Yoast SEO v27.2) - https:\/\/yoast.com\/product\/yoast-seo-premium-wordpress\/ -->\n<title>KieselGreen Bio-ethanol doseerkraan voor 10 liter (100%) jerrycans | Bioethanolshop.nl<\/title>\n<meta name=\"description\" content=\"Bioethanol doseerkraan voor 10 liter jerrycansPerfect te gebruiken op onze 10 liter jerrycans. Nu nog makkelijker uw bioethanol doseren.\" \/>\n<meta name=\"robots\" content=\"index, follow, max-snippet:-1, max-image-preview:large, max-video-preview:-1\" \/>\n<link rel=\"canonical\" href=\"https:\/\/www.bioethanolshop.nl\/fr\/produit-2\/robinet-doseur-de-bioethanol-pour-les-jerricans-de-5-et-10-litres-2\/\" \/>\n<meta property=\"og:locale\" content=\"fr_FR\" \/>\n<meta property=\"og:type\" content=\"article\" \/>\n<meta property=\"og:title\" content=\"KieselGreen Bio-ethanol doseerkraan voor 10 liter (100%) jerrycans\" \/>\n<meta property=\"og:description\" content=\"Bioethanol doseerkraan voor 10 liter jerrycansPerfect te gebruiken op onze 10 liter jerrycans. Nu nog makkelijker uw bioethanol doseren.\" \/>\n<meta property=\"og:url\" content=\"https:\/\/www.bioethanolshop.nl\/fr\/produit-2\/robinet-doseur-de-bioethanol-pour-les-jerricans-de-5-et-10-litres-2\/\" \/>\n<meta property=\"og:site_name\" content=\"Bioethanolshop.nl\" \/>\n<meta property=\"article:publisher\" content=\"https:\/\/www.facebook.com\/profile.php?id=100064154436458\" \/>\n<meta property=\"article:modified_time\" content=\"2023-12-03T08:04:57+00:00\" \/>\n<meta property=\"og:image\" content=\"https:\/\/www.bioethanolshop.nl\/wp-content\/uploads\/2021\/02\/bio_ethanol_dose_4d8376dc5c07e-1.jpg\" \/>\n\t<meta property=\"og:image:width\" content=\"700\" \/>\n\t<meta property=\"og:image:height\" content=\"700\" \/>\n\t<meta property=\"og:image:type\" content=\"image\/jpeg\" \/>\n<meta name=\"twitter:card\" content=\"summary_large_image\" \/>\n<meta name=\"twitter:label1\" content=\"Dur\u00e9e de lecture estim\u00e9e\" \/>\n\t<meta name=\"twitter:data1\" content=\"1 minute\" \/>\n<!-- \/ Yoast SEO Premium plugin. -->","yoast_head_json":{"title":"KieselGreen Bio-ethanol doseerkraan voor 10 liter (100%) jerrycans | Bioethanolshop.nl","description":"Robinet distributeur de bio\u00e9thanol pour jerrycans de 10 litresParfait pour \u00eatre utilis\u00e9 sur nos jerrycans de 10 litres. Maintenant, il est encore plus facile de doser votre bio\u00e9thanol.","robots":{"index":"index","follow":"follow","max-snippet":"max-snippet:-1","max-image-preview":"max-image-preview:large","max-video-preview":"max-video-preview:-1"},"canonical":"https:\/\/www.bioethanolshop.nl\/fr\/produit-2\/robinet-doseur-de-bioethanol-pour-les-jerricans-de-5-et-10-litres-2\/","og_locale":"fr_FR","og_type":"article","og_title":"KieselGreen Bio-ethanol doseerkraan voor 10 liter (100%) jerrycans","og_description":"Bioethanol doseerkraan voor 10 liter jerrycansPerfect te gebruiken op onze 10 liter jerrycans. Nu nog makkelijker uw bioethanol doseren.","og_url":"https:\/\/www.bioethanolshop.nl\/fr\/produit-2\/robinet-doseur-de-bioethanol-pour-les-jerricans-de-5-et-10-litres-2\/","og_site_name":"Bioethanolshop.nl","article_publisher":"https:\/\/www.facebook.com\/profile.php?id=100064154436458","article_modified_time":"2023-12-03T08:04:57+00:00","og_image":[{"width":700,"height":700,"url":"https:\/\/www.bioethanolshop.nl\/wp-content\/uploads\/2021\/02\/bio_ethanol_dose_4d8376dc5c07e-1.jpg","type":"image\/jpeg"}],"twitter_card":"summary_large_image","twitter_misc":{"Dur\u00e9e de lecture estim\u00e9e":"1 minute"},"schema":{"@context":"https:\/\/schema.org","@graph":[{"@type":"WebPage","@id":"https:\/\/www.bioethanolshop.nl\/product\/kieselgreen-bio-ethanol-doseerkraan-voor-10-liter-100-jerrycans\/","url":"https:\/\/www.bioethanolshop.nl\/product\/kieselgreen-bio-ethanol-doseerkraan-voor-10-liter-100-jerrycans\/","name":"KieselGreen Bio-ethanol doseerkraan voor 10 liter (100%) jerrycans | Bioethanolshop.nl","isPartOf":{"@id":"https:\/\/www.bioethanolshop.nl\/en\/#website"},"primaryImageOfPage":{"@id":"https:\/\/www.bioethanolshop.nl\/product\/kieselgreen-bio-ethanol-doseerkraan-voor-10-liter-100-jerrycans\/#primaryimage"},"image":{"@id":"https:\/\/www.bioethanolshop.nl\/product\/kieselgreen-bio-ethanol-doseerkraan-voor-10-liter-100-jerrycans\/#primaryimage"},"thumbnailUrl":"https:\/\/www.bioethanolshop.nl\/wp-content\/uploads\/2021\/02\/bio_ethanol_dose_4d8376dc5c07e-1.jpg","datePublished":"2023-12-03T08:01:38+00:00","dateModified":"2023-12-03T08:04:57+00:00","description":"Robinet distributeur de bio\u00e9thanol pour jerrycans de 10 litresParfait pour \u00eatre utilis\u00e9 sur nos jerrycans de 10 litres. Maintenant, il est encore plus facile de doser votre bio\u00e9thanol.","breadcrumb":{"@id":"https:\/\/www.bioethanolshop.nl\/product\/kieselgreen-bio-ethanol-doseerkraan-voor-10-liter-100-jerrycans\/#breadcrumb"},"inLanguage":"fr-FR","potentialAction":[{"@type":"ReadAction","target":["https:\/\/www.bioethanolshop.nl\/product\/kieselgreen-bio-ethanol-doseerkraan-voor-10-liter-100-jerrycans\/"]}]},{"@type":"ImageObject","inLanguage":"fr-FR","@id":"https:\/\/www.bioethanolshop.nl\/product\/kieselgreen-bio-ethanol-doseerkraan-voor-10-liter-100-jerrycans\/#primaryimage","url":"https:\/\/www.bioethanolshop.nl\/wp-content\/uploads\/2021\/02\/bio_ethanol_dose_4d8376dc5c07e-1.jpg","contentUrl":"https:\/\/www.bioethanolshop.nl\/wp-content\/uploads\/2021\/02\/bio_ethanol_dose_4d8376dc5c07e-1.jpg","width":700,"height":700},{"@type":"BreadcrumbList","@id":"https:\/\/www.bioethanolshop.nl\/product\/kieselgreen-bio-ethanol-doseerkraan-voor-10-liter-100-jerrycans\/#breadcrumb","itemListElement":[{"@type":"ListItem","position":1,"name":"Home","item":"https:\/\/www.bioethanolshop.nl\/"},{"@type":"ListItem","position":2,"name":"Winkel","item":"https:\/\/www.bioethanolshop.nl\/en\/store\/"},{"@type":"ListItem","position":3,"name":"KieselGreen Bio-ethanol doseerkraan voor 10 liter (100%) jerrycans"}]},{"@type":"WebSite","@id":"https:\/\/www.bioethanolshop.nl\/en\/#website","url":"https:\/\/www.bioethanolshop.nl\/en\/","name":"Bioethanolshop.nl","description":"Le plus grand en bio\u00e9thanol et le meilleur en qualit\u00e9 de bio\u00e9thanol !","potentialAction":[{"@type":"SearchAction","target":{"@type":"EntryPoint","urlTemplate":"https:\/\/www.bioethanolshop.nl\/en\/?s={search_term_string}"},"query-input":{"@type":"PropertyValueSpecification","valueRequired":true,"valueName":"search_term_string"}}],"inLanguage":"fr-FR"}]}},"_links":{"self":[{"href":"https:\/\/www.bioethanolshop.nl\/fr\/wp-json\/wp\/v2\/product\/10386","targetHints":{"allow":["GET"]}}],"collection":[{"href":"https:\/\/www.bioethanolshop.nl\/fr\/wp-json\/wp\/v2\/product"}],"about":[{"href":"https:\/\/www.bioethanolshop.nl\/fr\/wp-json\/wp\/v2\/types\/product"}],"replies":[{"embeddable":true,"href":"https:\/\/www.bioethanolshop.nl\/fr\/wp-json\/wp\/v2\/comments?post=10386"}],"version-history":[{"count":1,"href":"https:\/\/www.bioethanolshop.nl\/fr\/wp-json\/wp\/v2\/product\/10386\/revisions"}],"predecessor-version":[{"id":10387,"href":"https:\/\/www.bioethanolshop.nl\/fr\/wp-json\/wp\/v2\/product\/10386\/revisions\/10387"}],"wp:featuredmedia":[{"embeddable":true,"href":"https:\/\/www.bioethanolshop.nl\/fr\/wp-json\/wp\/v2\/media\/12"}],"wp:attachment":[{"href":"https:\/\/www.bioethanolshop.nl\/fr\/wp-json\/wp\/v2\/media?parent=10386"}],"wp:term":[{"taxonomy":"product_brand","embeddable":true,"href":"https:\/\/www.bioethanolshop.nl\/fr\/wp-json\/wp\/v2\/product_brand?post=10386"},{"taxonomy":"product_cat","embeddable":true,"href":"https:\/\/www.bioethanolshop.nl\/fr\/wp-json\/wp\/v2\/product_cat?post=10386"},{"taxonomy":"product_tag","embeddable":true,"href":"https:\/\/www.bioethanolshop.nl\/fr\/wp-json\/wp\/v2\/product_tag?post=10386"}],"curies":[{"name":"wp","href":"https:\/\/api.w.org\/{rel}","templated":true}]}}