{"id":252,"date":"2021-02-27T13:21:08","date_gmt":"2021-02-27T13:21:08","guid":{"rendered":"https:\/\/www.bioethanolshop.nl\/?page_id=252"},"modified":"2021-02-27T13:21:09","modified_gmt":"2021-02-27T13:21:09","slug":"expedition-et-collecte-2","status":"publish","type":"page","link":"https:\/\/www.bioethanolshop.nl\/fr\/verzendkosten-en-afhalen-2\/","title":{"rendered":"Frais d'exp\u00e9dition et de ramassage"},"content":{"rendered":"<h3 class=\"wp-block-heading\" id=\"h-verwerkingskosten-bestelling\">Frais de traitement des commandes<\/h3>\n\n\n\n<p>Chaque commande implique des frais de traitement, tels que le stockage, les mat\u00e9riaux d'emballage, etc. Pour les commandes inf\u00e9rieures \u00e0 50,00 \u20ac TTC, nous facturons, en plus des frais d'exp\u00e9dition de 5,74 \u20ac HT \/ 6,95 \u20ac TTC, une participation aux frais de traitement de votre commande. La contribution totale \u00e0 ces frais de traitement et d'exp\u00e9dition est de 9,00 \u20ac hors taxes \/ 10,89 \u20ac TTC. Ces co\u00fbts sont visibles \u00e0 la caisse de nos boutiques en ligne.<\/p>\n\n\n\n<h3 class=\"wp-block-heading\" id=\"h-verzendwijze-pakketzending\">Mode d'exp\u00e9dition des colis<\/h3>\n\n\n\n<p>Le transport est effectu\u00e9 par un transporteur ou un service de livraison de colis r\u00e9put\u00e9 tel que PostNL, DHL ou TransMission. Si nous le jugeons n\u00e9cessaire, nous pouvons d\u00e9cider d'utiliser un autre transporteur. Le point de d\u00e9part est toujours une connexion optimale avec le d\u00e9lai de livraison le plus rapide possible \u00e0 des co\u00fbts raisonnables.<\/p>\n\n\n\n<h3 class=\"wp-block-heading\" id=\"h-verzendkosten-palletzending\">Frais d'exp\u00e9dition exp\u00e9dition de palettes<\/h3>\n\n\n\n<p>Il peut arriver qu'une commande soit si importante ou si lourde qu'elle doive \u00eatre livr\u00e9e au moyen d'une palette. Dans ce cas, il est livr\u00e9 sur une palette de d\u00e9p\u00f4t. Si le destinataire ne peut ou ne veut pas donner une palette vide au livreur, nous devrons lui facturer 15,00 \u20ac. La palette de d\u00e9p\u00f4t peut \u00eatre remise par le destinataire \u00e0 un transporteur local. Les prix des d\u00e9p\u00f4ts peuvent varier selon les pays\/r\u00e9gions.<\/p>\n\n\n\n<p><strong>Les frais d'exp\u00e9dition aux Pays-Bas et en Belgique sont GRATUITS \u00e0 partir d'une commande de 50,00 \u20ac TTC (sauf pour les acomptes sur le mat\u00e9riel d'exp\u00e9dition)<\/strong><\/p>\n\n\n\n<h3 class=\"wp-block-heading\" id=\"h-verzendkosten-buiten-de-benelux\">Frais d'exp\u00e9dition en dehors du Benelux<\/h3>\n\n\n\n<p>Les frais d'exp\u00e9dition en Europe (hors Benelux) sont sur demande. Si une cargaison doit vous \u00eatre propos\u00e9e une seconde fois ou plus tard, nous vous facturerons les frais suppl\u00e9mentaires.<\/p>\n\n\n\n<h3 class=\"wp-block-heading\" id=\"h-afhalen\">Ramasser<\/h3>\n\n\n\n<p>En partie \u00e0 cause de COVID-19, il n'est pas possible actuellement de venir chercher votre commande. Chaque commande sera livr\u00e9e \u00e0 votre adresse par le transporteur que nous avons choisi, en tenant compte des r\u00e9glementations (d'urgence) applicables.<\/p>","protected":false},"excerpt":{"rendered":"<p>Frais de traitement des commandes Chaque commande entra\u00eene des frais de traitement, tels que le stockage, les mat\u00e9riaux d'emballage, etc. Pour les commandes inf\u00e9rieures \u00e0 50,00 \u20ac, y compris<\/p>","protected":false},"author":3,"featured_media":0,"parent":0,"menu_order":0,"comment_status":"closed","ping_status":"closed","template":"","meta":{"_acf_changed":false,"footnotes":""},"class_list":["post-252","page","type-page","status-publish","hentry"],"acf":[],"yoast_head":"<!-- This site is optimized with the Yoast SEO Premium plugin v27.5 (Yoast SEO v27.5) - https:\/\/yoast.com\/product\/yoast-seo-premium-wordpress\/ -->\n<title>Verzendkosten en afhalen | Bioethanolshop.nl<\/title>\n<meta name=\"robots\" content=\"index, follow, max-snippet:-1, max-image-preview:large, max-video-preview:-1\" \/>\n<link rel=\"canonical\" href=\"https:\/\/www.bioethanolshop.nl\/fr\/expedition-et-collecte-2\/\" \/>\n<meta property=\"og:locale\" content=\"fr_FR\" \/>\n<meta property=\"og:type\" content=\"article\" \/>\n<meta property=\"og:title\" content=\"Verzendkosten en afhalen\" \/>\n<meta property=\"og:description\" content=\"Verwerkingskosten bestelling Elke bestelling brengt verwerkingskosten met zich mee, zoals opslag, verpakkingsmateriaal, etcetera. Bij bestellingen onder de \u20ac 50,00 inclusief\" \/>\n<meta property=\"og:url\" content=\"https:\/\/www.bioethanolshop.nl\/fr\/expedition-et-collecte-2\/\" \/>\n<meta property=\"og:site_name\" content=\"Bioethanolshop.nl\" \/>\n<meta property=\"article:publisher\" content=\"https:\/\/www.facebook.com\/profile.php?id=100064154436458\" \/>\n<meta property=\"article:modified_time\" content=\"2021-02-27T13:21:09+00:00\" \/>\n<meta name=\"twitter:card\" content=\"summary_large_image\" \/>\n<meta name=\"twitter:label1\" content=\"Dur\u00e9e de lecture estim\u00e9e\" \/>\n\t<meta name=\"twitter:data1\" content=\"1 minute\" \/>\n<!-- \/ Yoast SEO Premium plugin. -->","yoast_head_json":{"title":"Exp\u00e9dition et enl\u00e8vement | Bioethanolshop.com","robots":{"index":"index","follow":"follow","max-snippet":"max-snippet:-1","max-image-preview":"max-image-preview:large","max-video-preview":"max-video-preview:-1"},"canonical":"https:\/\/www.bioethanolshop.nl\/fr\/expedition-et-collecte-2\/","og_locale":"fr_FR","og_type":"article","og_title":"Verzendkosten en afhalen","og_description":"Verwerkingskosten bestelling Elke bestelling brengt verwerkingskosten met zich mee, zoals opslag, verpakkingsmateriaal, etcetera. Bij bestellingen onder de \u20ac 50,00 inclusief","og_url":"https:\/\/www.bioethanolshop.nl\/fr\/expedition-et-collecte-2\/","og_site_name":"Bioethanolshop.nl","article_publisher":"https:\/\/www.facebook.com\/profile.php?id=100064154436458","article_modified_time":"2021-02-27T13:21:09+00:00","twitter_card":"summary_large_image","twitter_misc":{"Dur\u00e9e de lecture estim\u00e9e":"1 minute"},"schema":{"@context":"https:\/\/schema.org","@graph":[{"@type":"WebPage","@id":"https:\/\/www.bioethanolshop.nl\/verzendkosten-en-afhalen-2\/","url":"https:\/\/www.bioethanolshop.nl\/verzendkosten-en-afhalen-2\/","name":"Exp\u00e9dition et enl\u00e8vement | Bioethanolshop.com","isPartOf":{"@id":"https:\/\/www.bioethanolshop.nl\/en\/#website"},"datePublished":"2021-02-27T13:21:08+00:00","dateModified":"2021-02-27T13:21:09+00:00","breadcrumb":{"@id":"https:\/\/www.bioethanolshop.nl\/verzendkosten-en-afhalen-2\/#breadcrumb"},"inLanguage":"fr-FR","potentialAction":[{"@type":"ReadAction","target":["https:\/\/www.bioethanolshop.nl\/verzendkosten-en-afhalen-2\/"]}]},{"@type":"BreadcrumbList","@id":"https:\/\/www.bioethanolshop.nl\/verzendkosten-en-afhalen-2\/#breadcrumb","itemListElement":[{"@type":"ListItem","position":1,"name":"Home","item":"https:\/\/www.bioethanolshop.nl\/"},{"@type":"ListItem","position":2,"name":"Verzendkosten en afhalen"}]},{"@type":"WebSite","@id":"https:\/\/www.bioethanolshop.nl\/en\/#website","url":"https:\/\/www.bioethanolshop.nl\/en\/","name":"Bioethanolshop.nl","description":"Le plus grand en bio\u00e9thanol et le meilleur en qualit\u00e9 de bio\u00e9thanol !","potentialAction":[{"@type":"SearchAction","target":{"@type":"EntryPoint","urlTemplate":"https:\/\/www.bioethanolshop.nl\/en\/?s={search_term_string}"},"query-input":{"@type":"PropertyValueSpecification","valueRequired":true,"valueName":"search_term_string"}}],"inLanguage":"fr-FR"}]}},"_links":{"self":[{"href":"https:\/\/www.bioethanolshop.nl\/fr\/wp-json\/wp\/v2\/pages\/252","targetHints":{"allow":["GET"]}}],"collection":[{"href":"https:\/\/www.bioethanolshop.nl\/fr\/wp-json\/wp\/v2\/pages"}],"about":[{"href":"https:\/\/www.bioethanolshop.nl\/fr\/wp-json\/wp\/v2\/types\/page"}],"author":[{"embeddable":true,"href":"https:\/\/www.bioethanolshop.nl\/fr\/wp-json\/wp\/v2\/users\/3"}],"replies":[{"embeddable":true,"href":"https:\/\/www.bioethanolshop.nl\/fr\/wp-json\/wp\/v2\/comments?post=252"}],"version-history":[{"count":1,"href":"https:\/\/www.bioethanolshop.nl\/fr\/wp-json\/wp\/v2\/pages\/252\/revisions"}],"predecessor-version":[{"id":253,"href":"https:\/\/www.bioethanolshop.nl\/fr\/wp-json\/wp\/v2\/pages\/252\/revisions\/253"}],"wp:attachment":[{"href":"https:\/\/www.bioethanolshop.nl\/fr\/wp-json\/wp\/v2\/media?parent=252"}],"curies":[{"name":"wp","href":"https:\/\/api.w.org\/{rel}","templated":true}]}}