{"id":1633,"date":"2021-11-23T20:31:01","date_gmt":"2021-11-23T19:31:01","guid":{"rendered":"https:\/\/www.bioethanolshop.nl\/?post_type=product&#038;p=1633"},"modified":"2022-11-24T10:24:33","modified_gmt":"2022-11-24T09:24:33","slug":"kynast-solar-led-puutarha-poytavalaisin-lammin-valkoinen-valo-himmennin-32","status":"publish","type":"product","link":"https:\/\/www.bioethanolshop.nl\/fi\/product\/kratki-foxtrot-sfeerhaard-bioethanolhaard-70x36x20cm-buiten-en-binnen\/","title":{"rendered":"Kratki FOXTROT ambient bioetanolituli 70x36x20cm ulkona ja sis\u00e4ll\u00e4"},"content":{"rendered":"<h2>Kratki FOXTROT ambient bioetanolituli 70x36x20cm ulkona ja sis\u00e4ll\u00e4<\/h2>\n<p>Tuotteen kuvaus<\/p>\n<p>Omdat er geen limieten voor bio-ethanol haarden zijn, vereisen dergelijke apparaten geen ingewikkelde installatie of aansluiting op de schoorsteen; ze zijn eenvoudig te installeren en te gebruiken. Ze kunnen zowel in een ruime woning als in een kleinere flat geplaatst worden.<\/p>\n<p>Kratki Foxtrot<\/p>\n<p>De Kratki Foxtrot is een vrijstaande bio-ethanol haard welke de uitstraling heeft als een open haard en kan zowel binnen gezet worden als in de tuin of onder je overkapping \/ veranda. De Kratki Foxtrot heeft de volgende specificaties:<\/p>\n<ul>\n<li>Gewicht: 15kg<\/li>\n<li>Bevestiging: Vrijstaand<\/li>\n<li>Brandstof: Bio-ethanol<\/li>\n<li>Inhoud brandstof: 0,5L<\/li>\n<li>V\u00e4ri: Musta<\/li>\n<\/ul>\n<h3>Voordelen Kratki bio-haarden<\/h3>\n<p>Als je kiest voor Kratki, kies je voor een goede verhouding van prijs en kwaliteit. Daarnaast zijn er nog meer voordelen van een Kratki haard, te weten:<\/p>\n<ul>\n<li>Heerlijke bijverwarming: de bio-ethanol haarden geven een prettige warmte af<\/li>\n<li>Prijs kwaliteit: zeer gunstig geprijsd in vergelijking met andere merken<\/li>\n<li>Comfort: makkelijk te hervullen zonder te knoeien<\/li>\n<li>Kwaliteit: ISO 9001 : 2015 certificering<\/li>\n<li>Veiligheid: T\u00dcV veiligheidscertificaat<\/li>\n<\/ul>","protected":false},"excerpt":{"rendered":"<div class=\"puik-content-header__header puik-content-header__header--image\">\n<div class=\"puik-content-header__header puik-content-header__header--image\">\n<div class=\"puik-content-header__header puik-content-header__header--image\">\n<div class=\"puik-content-header__header puik-content-header__header--image\">\n<p>Kratki FOXTROT ambient bioetanolituli 70x36x20cm ulkona ja sis\u00e4ll\u00e4<\/p>\n<\/div>\n<\/div>\n<\/div>\n<\/div>","protected":false},"featured_media":1636,"comment_status":"closed","ping_status":"closed","template":"","meta":{"_acf_changed":false},"product_brand":[],"product_cat":[70,76,66],"product_tag":[74,73,75],"class_list":{"0":"post-1633","1":"product","2":"type-product","3":"status-publish","4":"has-post-thumbnail","6":"product_cat-bioethanol-tafelhaard","7":"product_cat-bioethanolshop-black-friday","8":"product_cat-kratki","9":"product_tag-bioethanol-haard","10":"product_tag-sfeerhaard","11":"product_tag-tafelhaard","13":"first","14":"outofstock","15":"taxable","16":"shipping-taxable","17":"purchasable","18":"product-type-simple"},"bundled_by":[],"bundle_stock_status":"outofstock","bundle_stock_quantity":null,"bundle_virtual":false,"bundle_layout":"","bundle_add_to_cart_form_location":"","bundle_editable_in_cart":false,"bundle_sold_individually_context":"","bundle_item_grouping":"","bundle_min_size":"","bundle_max_size":"","bundle_price":[],"bundled_items":[],"bundle_sell_ids":[],"acf":[],"yoast_head":"<!-- This site is optimized with the Yoast SEO Premium plugin v27.2 (Yoast SEO v27.2) - https:\/\/yoast.com\/product\/yoast-seo-premium-wordpress\/ -->\n<title>Kratki FOXTROT sfeerhaard bioethanolhaard 70x36x20cm buiten en binnen<\/title>\n<meta name=\"description\" content=\"ACTIEPRIJS: Sfeerhaard TANGO 4 bioethanol tafelbrander 40x40cm tafelhaard, uniek ontwerp, mooi in het zwart\" \/>\n<meta name=\"robots\" content=\"index, follow, max-snippet:-1, max-image-preview:large, max-video-preview:-1\" \/>\n<link rel=\"canonical\" href=\"https:\/\/www.bioethanolshop.nl\/fi\/tuote-2\/kynast-solar-led-puutarha-poytavalaisin-lammin-valkoinen-valo-himmennin-32\/\" \/>\n<meta property=\"og:locale\" content=\"fi_FI\" \/>\n<meta property=\"og:type\" content=\"article\" \/>\n<meta property=\"og:title\" content=\"Kratki FOXTROT sfeerhaard bioethanolhaard 70x36x20cm buiten en binnen\" \/>\n<meta property=\"og:description\" content=\"ACTIEPRIJS: Sfeerhaard TANGO 4 bioethanol tafelbrander 40x40cm tafelhaard, uniek ontwerp, mooi in het zwart\" \/>\n<meta property=\"og:url\" content=\"https:\/\/www.bioethanolshop.nl\/fi\/tuote-2\/kynast-solar-led-puutarha-poytavalaisin-lammin-valkoinen-valo-himmennin-32\/\" \/>\n<meta property=\"og:site_name\" content=\"Bioethanolshop.nl\" \/>\n<meta property=\"article:publisher\" content=\"https:\/\/www.facebook.com\/profile.php?id=100064154436458\" \/>\n<meta property=\"article:modified_time\" content=\"2022-11-24T09:24:33+00:00\" \/>\n<meta property=\"og:image\" content=\"https:\/\/www.bioethanolshop.nl\/wp-content\/uploads\/2021\/11\/Foxtrot.jpg\" \/>\n\t<meta property=\"og:image:width\" content=\"756\" \/>\n\t<meta property=\"og:image:height\" content=\"1200\" \/>\n\t<meta property=\"og:image:type\" content=\"image\/jpeg\" \/>\n<meta name=\"twitter:card\" content=\"summary_large_image\" \/>\n<meta name=\"twitter:label1\" content=\"Arvioitu lukuaika\" \/>\n\t<meta name=\"twitter:data1\" content=\"1 minuutti\" \/>\n<!-- \/ Yoast SEO Premium plugin. -->","yoast_head_json":{"title":"Kratki FOXTROT ambient bioetanolituli 70x36x20cm ulkona ja sis\u00e4ll\u00e4","description":"ACTIEPRIJS: Sfeerhaard TANGO 4 bioethanol tafelbrander 40x40cm tafelhaard, uniek ontwerp, mooi in het zwart","robots":{"index":"index","follow":"follow","max-snippet":"max-snippet:-1","max-image-preview":"max-image-preview:large","max-video-preview":"max-video-preview:-1"},"canonical":"https:\/\/www.bioethanolshop.nl\/fi\/tuote-2\/kynast-solar-led-puutarha-poytavalaisin-lammin-valkoinen-valo-himmennin-32\/","og_locale":"fi_FI","og_type":"article","og_title":"Kratki FOXTROT sfeerhaard bioethanolhaard 70x36x20cm buiten en binnen","og_description":"ACTIEPRIJS: Sfeerhaard TANGO 4 bioethanol tafelbrander 40x40cm tafelhaard, uniek ontwerp, mooi in het zwart","og_url":"https:\/\/www.bioethanolshop.nl\/fi\/tuote-2\/kynast-solar-led-puutarha-poytavalaisin-lammin-valkoinen-valo-himmennin-32\/","og_site_name":"Bioethanolshop.nl","article_publisher":"https:\/\/www.facebook.com\/profile.php?id=100064154436458","article_modified_time":"2022-11-24T09:24:33+00:00","og_image":[{"width":756,"height":1200,"url":"https:\/\/www.bioethanolshop.nl\/wp-content\/uploads\/2021\/11\/Foxtrot.jpg","type":"image\/jpeg"}],"twitter_card":"summary_large_image","twitter_misc":{"Arvioitu lukuaika":"1 minuutti"},"schema":{"@context":"https:\/\/schema.org","@graph":[{"@type":"WebPage","@id":"https:\/\/www.bioethanolshop.nl\/product\/kratki-foxtrot-sfeerhaard-bioethanolhaard-70x36x20cm-buiten-en-binnen\/","url":"https:\/\/www.bioethanolshop.nl\/product\/kratki-foxtrot-sfeerhaard-bioethanolhaard-70x36x20cm-buiten-en-binnen\/","name":"Kratki FOXTROT ambient bioetanolituli 70x36x20cm ulkona ja sis\u00e4ll\u00e4","isPartOf":{"@id":"https:\/\/www.bioethanolshop.nl\/en\/#website"},"primaryImageOfPage":{"@id":"https:\/\/www.bioethanolshop.nl\/product\/kratki-foxtrot-sfeerhaard-bioethanolhaard-70x36x20cm-buiten-en-binnen\/#primaryimage"},"image":{"@id":"https:\/\/www.bioethanolshop.nl\/product\/kratki-foxtrot-sfeerhaard-bioethanolhaard-70x36x20cm-buiten-en-binnen\/#primaryimage"},"thumbnailUrl":"https:\/\/www.bioethanolshop.nl\/wp-content\/uploads\/2021\/11\/Foxtrot.jpg","datePublished":"2021-11-23T19:31:01+00:00","dateModified":"2022-11-24T09:24:33+00:00","description":"ACTIEPRIJS: Sfeerhaard TANGO 4 bioethanol tafelbrander 40x40cm tafelhaard, uniek ontwerp, mooi in het zwart","breadcrumb":{"@id":"https:\/\/www.bioethanolshop.nl\/product\/kratki-foxtrot-sfeerhaard-bioethanolhaard-70x36x20cm-buiten-en-binnen\/#breadcrumb"},"inLanguage":"fi","potentialAction":[{"@type":"ReadAction","target":["https:\/\/www.bioethanolshop.nl\/product\/kratki-foxtrot-sfeerhaard-bioethanolhaard-70x36x20cm-buiten-en-binnen\/"]}]},{"@type":"ImageObject","inLanguage":"fi","@id":"https:\/\/www.bioethanolshop.nl\/product\/kratki-foxtrot-sfeerhaard-bioethanolhaard-70x36x20cm-buiten-en-binnen\/#primaryimage","url":"https:\/\/www.bioethanolshop.nl\/wp-content\/uploads\/2021\/11\/Foxtrot.jpg","contentUrl":"https:\/\/www.bioethanolshop.nl\/wp-content\/uploads\/2021\/11\/Foxtrot.jpg","width":756,"height":1200,"caption":"Kratki FOXTROT sfeerhaard"},{"@type":"BreadcrumbList","@id":"https:\/\/www.bioethanolshop.nl\/product\/kratki-foxtrot-sfeerhaard-bioethanolhaard-70x36x20cm-buiten-en-binnen\/#breadcrumb","itemListElement":[{"@type":"ListItem","position":1,"name":"Home","item":"https:\/\/www.bioethanolshop.nl\/"},{"@type":"ListItem","position":2,"name":"Winkel","item":"https:\/\/www.bioethanolshop.nl\/en\/store\/"},{"@type":"ListItem","position":3,"name":"Kratki FOXTROT sfeerhaard bioethanolhaard 70x36x20cm buiten en binnen"}]},{"@type":"WebSite","@id":"https:\/\/www.bioethanolshop.nl\/en\/#website","url":"https:\/\/www.bioethanolshop.nl\/en\/","name":"Bioethanolshop.nl","description":"Suurin bioetanolin ja parhaan laatuisen bioetanolin valmistaja!","potentialAction":[{"@type":"SearchAction","target":{"@type":"EntryPoint","urlTemplate":"https:\/\/www.bioethanolshop.nl\/en\/?s={search_term_string}"},"query-input":{"@type":"PropertyValueSpecification","valueRequired":true,"valueName":"search_term_string"}}],"inLanguage":"fi"}]}},"_links":{"self":[{"href":"https:\/\/www.bioethanolshop.nl\/fi\/wp-json\/wp\/v2\/product\/1633","targetHints":{"allow":["GET"]}}],"collection":[{"href":"https:\/\/www.bioethanolshop.nl\/fi\/wp-json\/wp\/v2\/product"}],"about":[{"href":"https:\/\/www.bioethanolshop.nl\/fi\/wp-json\/wp\/v2\/types\/product"}],"replies":[{"embeddable":true,"href":"https:\/\/www.bioethanolshop.nl\/fi\/wp-json\/wp\/v2\/comments?post=1633"}],"version-history":[{"count":0,"href":"https:\/\/www.bioethanolshop.nl\/fi\/wp-json\/wp\/v2\/product\/1633\/revisions"}],"wp:featuredmedia":[{"embeddable":true,"href":"https:\/\/www.bioethanolshop.nl\/fi\/wp-json\/wp\/v2\/media\/1636"}],"wp:attachment":[{"href":"https:\/\/www.bioethanolshop.nl\/fi\/wp-json\/wp\/v2\/media?parent=1633"}],"wp:term":[{"taxonomy":"product_brand","embeddable":true,"href":"https:\/\/www.bioethanolshop.nl\/fi\/wp-json\/wp\/v2\/product_brand?post=1633"},{"taxonomy":"product_cat","embeddable":true,"href":"https:\/\/www.bioethanolshop.nl\/fi\/wp-json\/wp\/v2\/product_cat?post=1633"},{"taxonomy":"product_tag","embeddable":true,"href":"https:\/\/www.bioethanolshop.nl\/fi\/wp-json\/wp\/v2\/product_tag?post=1633"}],"curies":[{"name":"wp","href":"https:\/\/api.w.org\/{rel}","templated":true}]}}