{"id":252,"date":"2021-02-27T13:21:08","date_gmt":"2021-02-27T13:21:08","guid":{"rendered":"https:\/\/www.bioethanolshop.nl\/?page_id=252"},"modified":"2021-02-27T13:21:09","modified_gmt":"2021-02-27T13:21:09","slug":"merenkulku-ja-nouto-2","status":"publish","type":"page","link":"https:\/\/www.bioethanolshop.nl\/fi\/verzendkosten-en-afhalen-2\/","title":{"rendered":"Toimituskulut ja nouto"},"content":{"rendered":"<h3 class=\"wp-block-heading\" id=\"h-verwerkingskosten-bestelling\">Tilausten k\u00e4sittelykustannukset<\/h3>\n\n\n\n<p>Jokaisesta tilauksesta aiheutuu k\u00e4sittelykustannuksia, kuten varastointi- ja pakkauskustannuksia jne. Alle 50,00 euron tilauksissa, joihin sis\u00e4ltyy arvonlis\u00e4vero, veloitamme 5,74 euron (ilman arvonlis\u00e4veroa) \/ 6,95 euron (arvonlis\u00e4vero) toimituskulujen lis\u00e4ksi my\u00f6s osuuden tilauksen k\u00e4sittelykuluista. N\u00e4iden k\u00e4sittely- ja toimituskulujen kokonaisosuus on 9,00 \u20ac ilman veroja \/ 10,89 \u20ac veroineen. N\u00e4m\u00e4 kustannukset n\u00e4kyv\u00e4t verkkokauppojemme kassalla.<\/p>\n\n\n\n<h3 class=\"wp-block-heading\" id=\"h-verzendwijze-pakketzending\">L\u00e4hetystapa pakettil\u00e4hetys<\/h3>\n\n\n\n<p>Kuljetuksesta vastaa hyv\u00e4maineinen kuljetusliike tai pakettipalvelu, kuten PostNL, DHL tai TransMission. Jos katsomme sen tarpeelliseksi, saatamme p\u00e4\u00e4tt\u00e4\u00e4 k\u00e4ytt\u00e4\u00e4 toista siirtoalusta. L\u00e4ht\u00f6kohtana on aina optimaalinen yhteys mahdollisimman nopeaan toimitusaikaan kohtuullisin kustannuksin.<\/p>\n\n\n\n<h3 class=\"wp-block-heading\" id=\"h-verzendkosten-palletzending\">Kuljetuskustannukset kuormalavakuljetus<\/h3>\n\n\n\n<p>Saattaa k\u00e4yd\u00e4 niin, ett\u00e4 tilaus on niin suuri tai painava, ett\u00e4 se on toimitettava kuormalavakuljetuksena. T\u00e4ll\u00f6in se toimitetaan pantillisella kuormalavalla. Jos vastaanottaja ei pysty tai halua antaa tyhj\u00e4\u00e4 kuormalavaa, meid\u00e4n on veloitettava siit\u00e4 15,00 euroa. Vastaanottaja voi luovuttaa panttilavan paikalliselle kuljetusliikkeelle. Talletushinnat voivat vaihdella maittain\/alueittain.<\/p>\n\n\n\n<p><strong>Toimituskulut Alankomaissa ja Belgiassa ovat ILMAISET, kun tilaus on v\u00e4hint\u00e4\u00e4n 50,00 \u20ac (sis. alv) (lukuun ottamatta mahdollisia toimitustarvikkeiden takuumaksuja).<\/strong><\/p>\n\n\n\n<h3 class=\"wp-block-heading\" id=\"h-verzendkosten-buiten-de-benelux\">Toimituskulut Benelux-maiden ulkopuolelle<\/h3>\n\n\n\n<p>Euroopan sis\u00e4ll\u00e4 (Benelux-maiden ulkopuolella) toimitettavien tuotteiden kustannukset ovat pyynn\u00f6st\u00e4. Jos rahtil\u00e4hetyst\u00e4 joudutaan tarjoamaan sinulle toisen tai useamman kerran, veloitamme sinulta lis\u00e4kustannukset.<\/p>\n\n\n\n<h3 class=\"wp-block-heading\" id=\"h-afhalen\">Poimi<\/h3>\n\n\n\n<p>COVID-19:n vuoksi tilauksen noutaminen ei ole t\u00e4ll\u00e4 hetkell\u00e4 mahdollista. Jokainen tilaus toimitetaan osoitteeseesi valitsemamme kuljetusliikkeen toimesta, ottaen huomioon sovellettavat (h\u00e4t\u00e4)m\u00e4\u00e4r\u00e4ykset.<\/p>","protected":false},"excerpt":{"rendered":"<p>Tilausten k\u00e4sittelykustannukset Jokaisesta tilauksesta aiheutuu k\u00e4sittelykustannuksia, kuten varastointi, pakkausmateriaalit jne. Alle 50,00 euron tilaukset, mukaan lukien<\/p>","protected":false},"author":3,"featured_media":0,"parent":0,"menu_order":0,"comment_status":"closed","ping_status":"closed","template":"","meta":{"_acf_changed":false,"footnotes":""},"class_list":["post-252","page","type-page","status-publish","hentry"],"acf":[],"yoast_head":"<!-- This site is optimized with the Yoast SEO Premium plugin v27.5 (Yoast SEO v27.5) - https:\/\/yoast.com\/product\/yoast-seo-premium-wordpress\/ -->\n<title>Verzendkosten en afhalen | Bioethanolshop.nl<\/title>\n<meta name=\"robots\" content=\"index, follow, max-snippet:-1, max-image-preview:large, max-video-preview:-1\" \/>\n<link rel=\"canonical\" href=\"https:\/\/www.bioethanolshop.nl\/fi\/merenkulku-ja-nouto-2\/\" \/>\n<meta property=\"og:locale\" content=\"fi_FI\" \/>\n<meta property=\"og:type\" content=\"article\" \/>\n<meta property=\"og:title\" content=\"Verzendkosten en afhalen\" \/>\n<meta property=\"og:description\" content=\"Verwerkingskosten bestelling Elke bestelling brengt verwerkingskosten met zich mee, zoals opslag, verpakkingsmateriaal, etcetera. Bij bestellingen onder de \u20ac 50,00 inclusief\" \/>\n<meta property=\"og:url\" content=\"https:\/\/www.bioethanolshop.nl\/fi\/merenkulku-ja-nouto-2\/\" \/>\n<meta property=\"og:site_name\" content=\"Bioethanolshop.nl\" \/>\n<meta property=\"article:publisher\" content=\"https:\/\/www.facebook.com\/profile.php?id=100064154436458\" \/>\n<meta property=\"article:modified_time\" content=\"2021-02-27T13:21:09+00:00\" \/>\n<meta name=\"twitter:card\" content=\"summary_large_image\" \/>\n<meta name=\"twitter:label1\" content=\"Arvioitu lukuaika\" \/>\n\t<meta name=\"twitter:data1\" content=\"1 minuutti\" \/>\n<!-- \/ Yoast SEO Premium plugin. -->","yoast_head_json":{"title":"Toimitus ja nouto | Bioethanolshop.com","robots":{"index":"index","follow":"follow","max-snippet":"max-snippet:-1","max-image-preview":"max-image-preview:large","max-video-preview":"max-video-preview:-1"},"canonical":"https:\/\/www.bioethanolshop.nl\/fi\/merenkulku-ja-nouto-2\/","og_locale":"fi_FI","og_type":"article","og_title":"Verzendkosten en afhalen","og_description":"Verwerkingskosten bestelling Elke bestelling brengt verwerkingskosten met zich mee, zoals opslag, verpakkingsmateriaal, etcetera. Bij bestellingen onder de \u20ac 50,00 inclusief","og_url":"https:\/\/www.bioethanolshop.nl\/fi\/merenkulku-ja-nouto-2\/","og_site_name":"Bioethanolshop.nl","article_publisher":"https:\/\/www.facebook.com\/profile.php?id=100064154436458","article_modified_time":"2021-02-27T13:21:09+00:00","twitter_card":"summary_large_image","twitter_misc":{"Arvioitu lukuaika":"1 minuutti"},"schema":{"@context":"https:\/\/schema.org","@graph":[{"@type":"WebPage","@id":"https:\/\/www.bioethanolshop.nl\/verzendkosten-en-afhalen-2\/","url":"https:\/\/www.bioethanolshop.nl\/verzendkosten-en-afhalen-2\/","name":"Toimitus ja nouto | Bioethanolshop.com","isPartOf":{"@id":"https:\/\/www.bioethanolshop.nl\/en\/#website"},"datePublished":"2021-02-27T13:21:08+00:00","dateModified":"2021-02-27T13:21:09+00:00","breadcrumb":{"@id":"https:\/\/www.bioethanolshop.nl\/verzendkosten-en-afhalen-2\/#breadcrumb"},"inLanguage":"fi","potentialAction":[{"@type":"ReadAction","target":["https:\/\/www.bioethanolshop.nl\/verzendkosten-en-afhalen-2\/"]}]},{"@type":"BreadcrumbList","@id":"https:\/\/www.bioethanolshop.nl\/verzendkosten-en-afhalen-2\/#breadcrumb","itemListElement":[{"@type":"ListItem","position":1,"name":"Home","item":"https:\/\/www.bioethanolshop.nl\/"},{"@type":"ListItem","position":2,"name":"Verzendkosten en afhalen"}]},{"@type":"WebSite","@id":"https:\/\/www.bioethanolshop.nl\/en\/#website","url":"https:\/\/www.bioethanolshop.nl\/en\/","name":"Bioethanolshop.nl","description":"Suurin bioetanolin ja parhaan laatuisen bioetanolin valmistaja!","potentialAction":[{"@type":"SearchAction","target":{"@type":"EntryPoint","urlTemplate":"https:\/\/www.bioethanolshop.nl\/en\/?s={search_term_string}"},"query-input":{"@type":"PropertyValueSpecification","valueRequired":true,"valueName":"search_term_string"}}],"inLanguage":"fi"}]}},"_links":{"self":[{"href":"https:\/\/www.bioethanolshop.nl\/fi\/wp-json\/wp\/v2\/pages\/252","targetHints":{"allow":["GET"]}}],"collection":[{"href":"https:\/\/www.bioethanolshop.nl\/fi\/wp-json\/wp\/v2\/pages"}],"about":[{"href":"https:\/\/www.bioethanolshop.nl\/fi\/wp-json\/wp\/v2\/types\/page"}],"author":[{"embeddable":true,"href":"https:\/\/www.bioethanolshop.nl\/fi\/wp-json\/wp\/v2\/users\/3"}],"replies":[{"embeddable":true,"href":"https:\/\/www.bioethanolshop.nl\/fi\/wp-json\/wp\/v2\/comments?post=252"}],"version-history":[{"count":1,"href":"https:\/\/www.bioethanolshop.nl\/fi\/wp-json\/wp\/v2\/pages\/252\/revisions"}],"predecessor-version":[{"id":253,"href":"https:\/\/www.bioethanolshop.nl\/fi\/wp-json\/wp\/v2\/pages\/252\/revisions\/253"}],"wp:attachment":[{"href":"https:\/\/www.bioethanolshop.nl\/fi\/wp-json\/wp\/v2\/media?parent=252"}],"curies":[{"name":"wp","href":"https:\/\/api.w.org\/{rel}","templated":true}]}}