{"id":113,"date":"2021-02-09T12:42:21","date_gmt":"2021-02-09T12:42:21","guid":{"rendered":"https:\/\/www.bioethanolshop.nl\/?page_id=113"},"modified":"2023-10-06T11:23:42","modified_gmt":"2023-10-06T09:23:42","slug":"meista","status":"publish","type":"page","link":"https:\/\/www.bioethanolshop.nl\/fi\/over-ons\/","title":{"rendered":"Tietoa meist\u00e4"},"content":{"rendered":"<div data-elementor-type=\"wp-page\" data-elementor-id=\"113\" class=\"elementor elementor-113\" data-elementor-post-type=\"page\">\n\t\t\t\t\t\t<section class=\"elementor-section elementor-top-section elementor-element elementor-element-47714ea7 elementor-section-boxed elementor-section-height-default elementor-section-height-default wd-section-disabled\" data-id=\"47714ea7\" data-element_type=\"section\" data-e-type=\"section\">\n\t\t\t\t\t\t<div class=\"elementor-container elementor-column-gap-default\">\n\t\t\t\t\t<div class=\"elementor-column elementor-col-100 elementor-top-column elementor-element elementor-element-528f6a61\" data-id=\"528f6a61\" data-element_type=\"column\" data-e-type=\"column\">\n\t\t\t<div class=\"elementor-widget-wrap elementor-element-populated\">\n\t\t\t\t\t\t<div class=\"elementor-element elementor-element-716cc628 color-scheme-inherit text-left elementor-widget elementor-widget-text-editor\" data-id=\"716cc628\" data-element_type=\"widget\" data-e-type=\"widget\" data-widget_type=\"text-editor.default\">\n\t\t\t\t<div class=\"elementor-widget-container\">\n\t\t\t\t\t\t\t\t\t<h4><strong>Verkkokauppa Bioetanolshop<\/strong><\/h4>\n<p>Bioethanolshop on paikka, josta voit ostaa bioetanolia internetist\u00e4. Bioethanolshop toimii Alankomaissa ja Belgiassa. Voimme toimittaa m\u00e4\u00e4ri\u00e4 1 litrasta kokonaisiin kuormalavoihin tai IBC-kontteihin, jotka voidaan toimittaa helposti kotiin.<\/p>\n<p>Yst\u00e4v\u00e4llisin terveisin,<\/p>\n<p>Bioethanolshop.nl<br>Hendrik ter Kuilestraat 173<br>7547 SK Enschede<\/p>\n<p>(Ei kauppaa, nouto ei ole mahdollista!)<\/p>\n<ul>\n<li><strong>Enscheden kauppakamari:<\/strong> 66830257<\/li>\n<li><strong>ALV-numero:<\/strong> NL856715372B01<\/li>\n<li><strong>Puh NL:<\/strong> 053 200 55 68 (13.00 - 16.00 | ma-pe).<\/li>\n<li><strong>Tel BE:<\/strong> 03 808 1669 (13.00 - 16.00 | ma-pe).<\/li>\n<\/ul>\t\t\t\t\t\t\t\t<\/div>\n\t\t\t\t<\/div>\n\t\t\t\t\t<\/div>\n\t\t<\/div>\n\t\t\t\t\t<\/div>\n\t\t<\/section>\n\t\t\t\t<\/div>","protected":false},"excerpt":{"rendered":"<p>Verkkokauppa Bioethanolshop Bioethanolshop on osoite, josta voit ostaa bioetanolia internetist\u00e4. Bioethanolshop toimii Alankomaissa ja Belgiassa. Osoitteessa<\/p>","protected":false},"author":1,"featured_media":0,"parent":0,"menu_order":0,"comment_status":"closed","ping_status":"closed","template":"","meta":{"_acf_changed":false,"footnotes":""},"class_list":["post-113","page","type-page","status-publish","hentry"],"acf":[],"yoast_head":"<!-- This site is optimized with the Yoast SEO Premium plugin v27.5 (Yoast SEO v27.5) - https:\/\/yoast.com\/product\/yoast-seo-premium-wordpress\/ -->\n<title>Over ons | Bioethanolshop.nl<\/title>\n<meta name=\"robots\" content=\"index, follow, max-snippet:-1, max-image-preview:large, max-video-preview:-1\" \/>\n<link rel=\"canonical\" href=\"https:\/\/www.bioethanolshop.nl\/fi\/meista\/\" \/>\n<meta property=\"og:locale\" content=\"fi_FI\" \/>\n<meta property=\"og:type\" content=\"article\" \/>\n<meta property=\"og:title\" content=\"Over ons\" \/>\n<meta property=\"og:description\" content=\"Webshop Bioethanolshop Bioethanolshop is het adres om bioethanol te kopen via internet. Bioethanolshop is actief in Nederland en Belgie. Bij\" \/>\n<meta property=\"og:url\" content=\"https:\/\/www.bioethanolshop.nl\/fi\/meista\/\" \/>\n<meta property=\"og:site_name\" content=\"Bioethanolshop.nl\" \/>\n<meta property=\"article:publisher\" content=\"https:\/\/www.facebook.com\/profile.php?id=100064154436458\" \/>\n<meta property=\"article:modified_time\" content=\"2023-10-06T09:23:42+00:00\" \/>\n<meta name=\"twitter:card\" content=\"summary_large_image\" \/>\n<meta name=\"twitter:label1\" content=\"Arvioitu lukuaika\" \/>\n\t<meta name=\"twitter:data1\" content=\"1 minuutti\" \/>\n<!-- \/ Yoast SEO Premium plugin. -->","yoast_head_json":{"title":"Tietoa meist\u00e4 | Bioethanolshop.co.uk","robots":{"index":"index","follow":"follow","max-snippet":"max-snippet:-1","max-image-preview":"max-image-preview:large","max-video-preview":"max-video-preview:-1"},"canonical":"https:\/\/www.bioethanolshop.nl\/fi\/meista\/","og_locale":"fi_FI","og_type":"article","og_title":"Over ons","og_description":"Webshop Bioethanolshop Bioethanolshop is het adres om bioethanol te kopen via internet. Bioethanolshop is actief in Nederland en Belgie. Bij","og_url":"https:\/\/www.bioethanolshop.nl\/fi\/meista\/","og_site_name":"Bioethanolshop.nl","article_publisher":"https:\/\/www.facebook.com\/profile.php?id=100064154436458","article_modified_time":"2023-10-06T09:23:42+00:00","twitter_card":"summary_large_image","twitter_misc":{"Arvioitu lukuaika":"1 minuutti"},"schema":{"@context":"https:\/\/schema.org","@graph":[{"@type":"WebPage","@id":"https:\/\/www.bioethanolshop.nl\/over-ons\/","url":"https:\/\/www.bioethanolshop.nl\/over-ons\/","name":"Tietoa meist\u00e4 | Bioethanolshop.co.uk","isPartOf":{"@id":"https:\/\/www.bioethanolshop.nl\/en\/#website"},"datePublished":"2021-02-09T12:42:21+00:00","dateModified":"2023-10-06T09:23:42+00:00","breadcrumb":{"@id":"https:\/\/www.bioethanolshop.nl\/over-ons\/#breadcrumb"},"inLanguage":"fi","potentialAction":[{"@type":"ReadAction","target":["https:\/\/www.bioethanolshop.nl\/over-ons\/"]}]},{"@type":"BreadcrumbList","@id":"https:\/\/www.bioethanolshop.nl\/over-ons\/#breadcrumb","itemListElement":[{"@type":"ListItem","position":1,"name":"Home","item":"https:\/\/www.bioethanolshop.nl\/"},{"@type":"ListItem","position":2,"name":"Over ons"}]},{"@type":"WebSite","@id":"https:\/\/www.bioethanolshop.nl\/en\/#website","url":"https:\/\/www.bioethanolshop.nl\/en\/","name":"Bioethanolshop.nl","description":"Suurin bioetanolin ja parhaan laatuisen bioetanolin valmistaja!","potentialAction":[{"@type":"SearchAction","target":{"@type":"EntryPoint","urlTemplate":"https:\/\/www.bioethanolshop.nl\/en\/?s={search_term_string}"},"query-input":{"@type":"PropertyValueSpecification","valueRequired":true,"valueName":"search_term_string"}}],"inLanguage":"fi"}]}},"_links":{"self":[{"href":"https:\/\/www.bioethanolshop.nl\/fi\/wp-json\/wp\/v2\/pages\/113","targetHints":{"allow":["GET"]}}],"collection":[{"href":"https:\/\/www.bioethanolshop.nl\/fi\/wp-json\/wp\/v2\/pages"}],"about":[{"href":"https:\/\/www.bioethanolshop.nl\/fi\/wp-json\/wp\/v2\/types\/page"}],"author":[{"embeddable":true,"href":"https:\/\/www.bioethanolshop.nl\/fi\/wp-json\/wp\/v2\/users\/1"}],"replies":[{"embeddable":true,"href":"https:\/\/www.bioethanolshop.nl\/fi\/wp-json\/wp\/v2\/comments?post=113"}],"version-history":[{"count":3,"href":"https:\/\/www.bioethanolshop.nl\/fi\/wp-json\/wp\/v2\/pages\/113\/revisions"}],"predecessor-version":[{"id":8759,"href":"https:\/\/www.bioethanolshop.nl\/fi\/wp-json\/wp\/v2\/pages\/113\/revisions\/8759"}],"wp:attachment":[{"href":"https:\/\/www.bioethanolshop.nl\/fi\/wp-json\/wp\/v2\/media?parent=113"}],"curies":[{"name":"wp","href":"https:\/\/api.w.org\/{rel}","templated":true}]}}