{"id":247,"date":"2021-02-27T12:41:29","date_gmt":"2021-02-27T11:41:29","guid":{"rendered":"https:\/\/www.bioethanolshop.nl\/?post_type=product&#038;p=247"},"modified":"2023-06-20T14:30:02","modified_gmt":"2023-06-20T12:30:02","slug":"apelsinioli-1-liitrine-kanister","status":"publish","type":"product","link":"https:\/\/www.bioethanolshop.nl\/et\/product\/sinaasappel-olie-1-liter-blik-sinasappel-olie\/","title":{"rendered":"Apelsini\u00f5li 1 liitrine purk apelsini\u00f5li pesuvahendiga"},"content":{"rendered":"<div class=\"page-header-hgroup col-l-8 col-m-6\">\n<div class=\"page-title-wrapper complex\">\n<h2 class=\"page-title\">Apelsini\u00f5li 1 liitrine purk<\/h2>\n<\/div>\n<\/div>\n<div class=\"page-header-actions col-l-4 col-m-6\">\n<div><strong>Tugeva puhastusv\u00f5ime ja v\u00e4rske apelsinil\u00f5hnaga kogu teie majapidamisele.<\/strong><\/div>\n<div><\/div>\n<div>Andmed:<br \/>\n* 80% apelsinikoore kontsentraat;<br \/>\n* 250 ml kontsentraati piisab 1000 liitri vee jaoks. Nii et 2-3 tilka 5 liitrile veele on juba piisav, see on v\u00e4ga s\u00e4\u00e4stlik kasutada;<br \/>\n* lahustab kangekaelseid plekke, nagu \u00f5li, rasv, vaigud, n\u00e4rimiskumm, v\u00e4ga kangekaelne<br \/>\nplekid kohapeal Kasutage apelsini\u00f5li puhtalt. Esimene katse<br \/>\nm\u00e4rkamatus kohas;<br \/>\n* neutraliseerib ebameeldivad l\u00f5hnad, n\u00e4iteks nikotiini p\u00f5hjustatud l\u00f5hnad;<br \/>\n* puhastusvahend on pindaktiivne, st see \"praguneb\" oma omaduste t\u00f5ttu.<br \/>\nolemasolevad \"pinnapealsed pinged\", tungides s\u00fcgavale mustuse kihti,<br \/>\ns\u00fcgavale pooridesse. Tavalised puhastusvahendid eemaldavad mustuse sageli pealiskaudselt.<br \/>\njagatud;<br \/>\n* Antimikroobne toime koos n\u00e4htava l\u00e4ikiva efektiga;<br \/>\n* K\u00f5rge kontsentreeritud puhastusv\u00f5imsusega;<br \/>\n* kasutamine pindadel majas, auto \u00fcmber, aias, terrassil, puitm\u00f6\u00f6blile .....<\/div>\n<\/div>\n<p>&nbsp;<\/p>\n<p>P\u00e4ikese aroom - v\u00e4rskendav, soe ja puuviljaline l\u00f5hn.<\/p>\n<p>Apelsini\u00f5li on eeterlik \u00f5li, mida saadakse k\u00fcpsete apelsinide viljakoorte k\u00fclmpressimisel. Selle aroom ja l\u00f5hn ning rasvlahustuvad omadused muudavad selle kasutusv\u00f5imalused muljetavaldavalt mitmek\u00fclgseks.<\/p>\n<p>Ettevaatust: Nagu k\u00f5ik eeterlikud \u00f5lid, on ka apelsinikoore\u00f5li v\u00e4ga t\u00f5hus, isegi hom\u00f6opaatilistes annustes. Kasutage vastavalt juhistele v\u00f5i v\u00e4ikestes annustes. Paljude rakenduste puhul piisab m\u00f5nest tilgast. Eeterlikke \u00f5lisid ei tohiks kunagi juua puhtalt ega kanda nahale. Nende lisamine tilkhaaval toidule v\u00f5i kosmeetikatoodetele on seevastu rafineeritud, kahjutu rafineerimine, tingimusel, et ei ole allergiat apelsiniterpeenide suhtes.<\/p>\n<p>Parf\u00fcmeerimine ja l\u00f5hna- ja maitseainete lisamine<\/p>\n<p>Joogid, maiustused ja muud toidud,<br \/>\nParf\u00fcmeeritud \u00f5lid ja veed, kosmeetikatooted (seep, vanniteraapia, kreem),<br \/>\nlambi\u00f5li,<br \/>\nmajapidamistooted ja<br \/>\nruumi ja pesuruumi l\u00f5hnad.<br \/>\nLisaks p\u00e4ikeselisele l\u00f5hnale on eeterlikul apelsini\u00f5lil antiseptiline, kokkut\u00f5mbav, n\u00e4rvilisev, tasakaalustav, toniseeriv ja ergutav toime. Seet\u00f5ttu on see v\u00e4ga populaarne ja sageli kasutatav koostisosa, mitte ainult looduskosmeetikas.<\/p>\n<p>Puhastamine ja rasva\u00e4rastus tehase j\u00f5ul<\/p>\n<p>Universaalne majapidamispuhastusvahend<br \/>\nt\u00f5rva-, vaigu- ja \u00f5liplekkide eemaldamine<br \/>\n\u00d5liv\u00e4rvide ja lakkide lahjendaja<br \/>\nIdeaalne taimse puidukaitsevahendi ja orgaanilise puidukaitsevahendi lahjendamiseks.<br \/>\nMetallosade (jalgratta kettide, hammasrataste, kuullaagrite jne) rasva\u00e4rastus.<br \/>\npeenmehaaniliste detailide (nt vanade kellade osad) pehmenemine<br \/>\nKoos mesilasvaha v\u00f5i karnaubavahaga palsamina puitpindade, antiikesemete v\u00f5i naha hooldamiseks ja puhastamiseks.<br \/>\nPintslipuhastusvahend<br \/>\nK\u00fc\u00fcnelaki eemaldaja<br \/>\nPaljude etikettide eemaldajate peamine koostisosa<br \/>\nApelsinikoore\u00f5li suur terpeenide sisaldus on apelsinikoore\u00f5li tohutu rasval\u00f5ikamise v\u00f5ime p\u00f5hjuseks. Kui seda kasutatakse t\u00e4rpentiini\u00f5li asendajana - nt maalimisel -, siis ei tee see mitte ainult l\u00f5hna palju meeldivamaks, vaid muudab ka l\u00f5hna palju meeldivamaks. V\u00f5rreldes t\u00e4rpentiiniga on apelsini\u00f5li ka palju v\u00e4iksema allergiapotentsiaaliga. Lisades 10-20% apelsinikoore\u00f5li linaseemne- v\u00f5i volfram\u00f5lile, paraneb oluliselt puidu sisse tungimine ja lihtsustub pealekandmine. Kuivamisaeg l\u00fcheneb. Samuti annab see elustava l\u00f5hna puidukaitsevahenditele ja hooldustoodetele.<\/p>\n<p>Apelsini\u00f5li<br \/>\nKodumajapidamises kasutatav pesuaine<br \/>\n1-liitrine purk<br \/>\nOran\u017e pesuvahend<\/p>","protected":false},"excerpt":{"rendered":"<p class=\"page-title\">Apelsini\u00f5li 1 liitrine purk<\/p>\n<p>&nbsp;<\/p>","protected":false},"featured_media":248,"comment_status":"closed","ping_status":"closed","template":"","meta":{"_acf_changed":false},"product_brand":[],"product_cat":[30,20],"product_tag":[31,32],"class_list":{"0":"post-247","1":"product","2":"type-product","3":"status-publish","4":"has-post-thumbnail","6":"product_cat-biofair","7":"product_cat-overige-biologische-olieproducten","8":"product_tag-sinaasappel-olie","9":"product_tag-sinasappelolie","11":"first","12":"outofstock","13":"taxable","14":"shipping-taxable","15":"purchasable","16":"product-type-simple"},"bundled_by":[],"bundle_stock_status":"outofstock","bundle_stock_quantity":null,"bundle_virtual":false,"bundle_layout":"","bundle_add_to_cart_form_location":"","bundle_editable_in_cart":false,"bundle_sold_individually_context":"","bundle_item_grouping":"","bundle_min_size":"","bundle_max_size":"","bundle_price":[],"bundled_items":[],"bundle_sell_ids":[],"acf":[],"yoast_head":"<!-- This site is optimized with the Yoast SEO Premium plugin v27.2 (Yoast SEO v27.2) - https:\/\/yoast.com\/product\/yoast-seo-premium-wordpress\/ -->\n<title>Sinaasappel olie 1 liter blik sinasappel olie reinigingsmiddel | Bioethanolshop.nl<\/title>\n<meta name=\"description\" content=\"80% concentraat uit sinaasappelschil\u00a0lost hardnekkige vlekken op zoals olie, vet, hars, kauwgom, voor zeer hardnekkige vlekken\" \/>\n<meta name=\"robots\" content=\"index, follow, max-snippet:-1, max-image-preview:large, max-video-preview:-1\" \/>\n<link rel=\"canonical\" href=\"https:\/\/www.bioethanolshop.nl\/et\/toode-2\/apelsinioli-1-liitrine-kanister\/\" \/>\n<meta property=\"og:locale\" content=\"et_EE\" \/>\n<meta property=\"og:type\" content=\"article\" \/>\n<meta property=\"og:title\" content=\"Sinaasappel olie 1 liter blik sinasappel olie reinigingsmiddel\" \/>\n<meta property=\"og:description\" content=\"80% concentraat uit sinaasappelschil\u00a0lost hardnekkige vlekken op zoals olie, vet, hars, kauwgom, voor zeer hardnekkige vlekken\" \/>\n<meta property=\"og:url\" content=\"https:\/\/www.bioethanolshop.nl\/et\/toode-2\/apelsinioli-1-liitrine-kanister\/\" \/>\n<meta property=\"og:site_name\" content=\"Bioethanolshop.nl\" \/>\n<meta property=\"article:publisher\" content=\"https:\/\/www.facebook.com\/profile.php?id=100064154436458\" \/>\n<meta property=\"article:modified_time\" content=\"2023-06-20T12:30:02+00:00\" \/>\n<meta property=\"og:image\" content=\"https:\/\/www.bioethanolshop.nl\/wp-content\/uploads\/2021\/02\/sinaasappelolie.jpg\" \/>\n\t<meta property=\"og:image:width\" content=\"700\" \/>\n\t<meta property=\"og:image:height\" content=\"700\" \/>\n\t<meta property=\"og:image:type\" content=\"image\/jpeg\" \/>\n<meta name=\"twitter:card\" content=\"summary_large_image\" \/>\n<meta name=\"twitter:label1\" content=\"Est. reading time\" \/>\n\t<meta name=\"twitter:data1\" content=\"2 minutit\" \/>\n<!-- \/ Yoast SEO Premium plugin. -->","yoast_head_json":{"title":"Apelsini\u00f5li 1 liitrine purk apelsini\u00f5li puhastusvahend | Bioethanolshop.co.uk","description":"80% apelsinikoore kontsentraat lahustab kangekaelseid plekke, nagu \u00f5li, rasv, vaigud, n\u00e4rimiskumm, v\u00e4ga kangekaelsete plekkide puhul.","robots":{"index":"index","follow":"follow","max-snippet":"max-snippet:-1","max-image-preview":"max-image-preview:large","max-video-preview":"max-video-preview:-1"},"canonical":"https:\/\/www.bioethanolshop.nl\/et\/toode-2\/apelsinioli-1-liitrine-kanister\/","og_locale":"et_EE","og_type":"article","og_title":"Sinaasappel olie 1 liter blik sinasappel olie reinigingsmiddel","og_description":"80% concentraat uit sinaasappelschil\u00a0lost hardnekkige vlekken op zoals olie, vet, hars, kauwgom, voor zeer hardnekkige vlekken","og_url":"https:\/\/www.bioethanolshop.nl\/et\/toode-2\/apelsinioli-1-liitrine-kanister\/","og_site_name":"Bioethanolshop.nl","article_publisher":"https:\/\/www.facebook.com\/profile.php?id=100064154436458","article_modified_time":"2023-06-20T12:30:02+00:00","og_image":[{"width":700,"height":700,"url":"https:\/\/www.bioethanolshop.nl\/wp-content\/uploads\/2021\/02\/sinaasappelolie.jpg","type":"image\/jpeg"}],"twitter_card":"summary_large_image","twitter_misc":{"Est. reading time":"2 minutit"},"schema":{"@context":"https:\/\/schema.org","@graph":[{"@type":"WebPage","@id":"https:\/\/www.bioethanolshop.nl\/bg\/%d0%bf%d1%80%d0%be%d0%b4%d1%83%d0%ba%d1%82-2\/%d0%bf%d0%be%d1%80%d1%82%d0%be%d0%ba%d0%b0%d0%bb%d0%be%d0%b2%d0%be-%d0%bc%d0%b0%d1%81%d0%bb%d0%be-1-%d0%bb%d0%b8%d1%82%d1%80%d0%be%d0%b2%d0%b0-%d0%ba%d1%83%d1%82%d0%b8%d1%8f\/","url":"https:\/\/www.bioethanolshop.nl\/bg\/%d0%bf%d1%80%d0%be%d0%b4%d1%83%d0%ba%d1%82-2\/%d0%bf%d0%be%d1%80%d1%82%d0%be%d0%ba%d0%b0%d0%bb%d0%be%d0%b2%d0%be-%d0%bc%d0%b0%d1%81%d0%bb%d0%be-1-%d0%bb%d0%b8%d1%82%d1%80%d0%be%d0%b2%d0%b0-%d0%ba%d1%83%d1%82%d0%b8%d1%8f\/","name":"Apelsini\u00f5li 1 liitrine purk apelsini\u00f5li puhastusvahend | Bioethanolshop.co.uk","isPartOf":{"@id":"https:\/\/www.bioethanolshop.nl\/en\/#website"},"primaryImageOfPage":{"@id":"https:\/\/www.bioethanolshop.nl\/bg\/%d0%bf%d1%80%d0%be%d0%b4%d1%83%d0%ba%d1%82-2\/%d0%bf%d0%be%d1%80%d1%82%d0%be%d0%ba%d0%b0%d0%bb%d0%be%d0%b2%d0%be-%d0%bc%d0%b0%d1%81%d0%bb%d0%be-1-%d0%bb%d0%b8%d1%82%d1%80%d0%be%d0%b2%d0%b0-%d0%ba%d1%83%d1%82%d0%b8%d1%8f\/#primaryimage"},"image":{"@id":"https:\/\/www.bioethanolshop.nl\/bg\/%d0%bf%d1%80%d0%be%d0%b4%d1%83%d0%ba%d1%82-2\/%d0%bf%d0%be%d1%80%d1%82%d0%be%d0%ba%d0%b0%d0%bb%d0%be%d0%b2%d0%be-%d0%bc%d0%b0%d1%81%d0%bb%d0%be-1-%d0%bb%d0%b8%d1%82%d1%80%d0%be%d0%b2%d0%b0-%d0%ba%d1%83%d1%82%d0%b8%d1%8f\/#primaryimage"},"thumbnailUrl":"https:\/\/www.bioethanolshop.nl\/wp-content\/uploads\/2021\/02\/sinaasappelolie.jpg","datePublished":"2021-02-27T11:41:29+00:00","dateModified":"2023-06-20T12:30:02+00:00","description":"80% apelsinikoore kontsentraat lahustab kangekaelseid plekke, nagu \u00f5li, rasv, vaigud, n\u00e4rimiskumm, v\u00e4ga kangekaelsete plekkide puhul.","breadcrumb":{"@id":"https:\/\/www.bioethanolshop.nl\/bg\/%d0%bf%d1%80%d0%be%d0%b4%d1%83%d0%ba%d1%82-2\/%d0%bf%d0%be%d1%80%d1%82%d0%be%d0%ba%d0%b0%d0%bb%d0%be%d0%b2%d0%be-%d0%bc%d0%b0%d1%81%d0%bb%d0%be-1-%d0%bb%d0%b8%d1%82%d1%80%d0%be%d0%b2%d0%b0-%d0%ba%d1%83%d1%82%d0%b8%d1%8f\/#breadcrumb"},"inLanguage":"et","potentialAction":[{"@type":"ReadAction","target":["https:\/\/www.bioethanolshop.nl\/bg\/%d0%bf%d1%80%d0%be%d0%b4%d1%83%d0%ba%d1%82-2\/%d0%bf%d0%be%d1%80%d1%82%d0%be%d0%ba%d0%b0%d0%bb%d0%be%d0%b2%d0%be-%d0%bc%d0%b0%d1%81%d0%bb%d0%be-1-%d0%bb%d0%b8%d1%82%d1%80%d0%be%d0%b2%d0%b0-%d0%ba%d1%83%d1%82%d0%b8%d1%8f\/"]}]},{"@type":"ImageObject","inLanguage":"et","@id":"https:\/\/www.bioethanolshop.nl\/bg\/%d0%bf%d1%80%d0%be%d0%b4%d1%83%d0%ba%d1%82-2\/%d0%bf%d0%be%d1%80%d1%82%d0%be%d0%ba%d0%b0%d0%bb%d0%be%d0%b2%d0%be-%d0%bc%d0%b0%d1%81%d0%bb%d0%be-1-%d0%bb%d0%b8%d1%82%d1%80%d0%be%d0%b2%d0%b0-%d0%ba%d1%83%d1%82%d0%b8%d1%8f\/#primaryimage","url":"https:\/\/www.bioethanolshop.nl\/wp-content\/uploads\/2021\/02\/sinaasappelolie.jpg","contentUrl":"https:\/\/www.bioethanolshop.nl\/wp-content\/uploads\/2021\/02\/sinaasappelolie.jpg","width":700,"height":700,"caption":"Sinaasappel olie"},{"@type":"BreadcrumbList","@id":"https:\/\/www.bioethanolshop.nl\/bg\/%d0%bf%d1%80%d0%be%d0%b4%d1%83%d0%ba%d1%82-2\/%d0%bf%d0%be%d1%80%d1%82%d0%be%d0%ba%d0%b0%d0%bb%d0%be%d0%b2%d0%be-%d0%bc%d0%b0%d1%81%d0%bb%d0%be-1-%d0%bb%d0%b8%d1%82%d1%80%d0%be%d0%b2%d0%b0-%d0%ba%d1%83%d1%82%d0%b8%d1%8f\/#breadcrumb","itemListElement":[{"@type":"ListItem","position":1,"name":"Home","item":"https:\/\/www.bioethanolshop.nl\/"},{"@type":"ListItem","position":2,"name":"Winkel","item":"https:\/\/www.bioethanolshop.nl\/en\/store\/"},{"@type":"ListItem","position":3,"name":"Sinaasappel olie 1 liter blik sinasappel olie reinigingsmiddel"}]},{"@type":"WebSite","@id":"https:\/\/www.bioethanolshop.nl\/en\/#website","url":"https:\/\/www.bioethanolshop.nl\/en\/","name":"Bioethanolshop.nl","description":"Suurim bioetanooli ja parima kvaliteediga bioetanool!","potentialAction":[{"@type":"SearchAction","target":{"@type":"EntryPoint","urlTemplate":"https:\/\/www.bioethanolshop.nl\/en\/?s={search_term_string}"},"query-input":{"@type":"PropertyValueSpecification","valueRequired":true,"valueName":"search_term_string"}}],"inLanguage":"et"}]}},"_links":{"self":[{"href":"https:\/\/www.bioethanolshop.nl\/et\/wp-json\/wp\/v2\/product\/247","targetHints":{"allow":["GET"]}}],"collection":[{"href":"https:\/\/www.bioethanolshop.nl\/et\/wp-json\/wp\/v2\/product"}],"about":[{"href":"https:\/\/www.bioethanolshop.nl\/et\/wp-json\/wp\/v2\/types\/product"}],"replies":[{"embeddable":true,"href":"https:\/\/www.bioethanolshop.nl\/et\/wp-json\/wp\/v2\/comments?post=247"}],"version-history":[{"count":1,"href":"https:\/\/www.bioethanolshop.nl\/et\/wp-json\/wp\/v2\/product\/247\/revisions"}],"predecessor-version":[{"id":278,"href":"https:\/\/www.bioethanolshop.nl\/et\/wp-json\/wp\/v2\/product\/247\/revisions\/278"}],"wp:featuredmedia":[{"embeddable":true,"href":"https:\/\/www.bioethanolshop.nl\/et\/wp-json\/wp\/v2\/media\/248"}],"wp:attachment":[{"href":"https:\/\/www.bioethanolshop.nl\/et\/wp-json\/wp\/v2\/media?parent=247"}],"wp:term":[{"taxonomy":"product_brand","embeddable":true,"href":"https:\/\/www.bioethanolshop.nl\/et\/wp-json\/wp\/v2\/product_brand?post=247"},{"taxonomy":"product_cat","embeddable":true,"href":"https:\/\/www.bioethanolshop.nl\/et\/wp-json\/wp\/v2\/product_cat?post=247"},{"taxonomy":"product_tag","embeddable":true,"href":"https:\/\/www.bioethanolshop.nl\/et\/wp-json\/wp\/v2\/product_tag?post=247"}],"curies":[{"name":"wp","href":"https:\/\/api.w.org\/{rel}","templated":true}]}}