{"id":99,"date":"2021-02-09T12:13:34","date_gmt":"2021-02-09T12:13:34","guid":{"rendered":"https:\/\/www.bioethanolshop.nl\/?page_id=99"},"modified":"2023-08-09T11:52:34","modified_gmt":"2023-08-09T09:52:34","slug":"vahetus-ja-tagasisaatmisvoimalus","status":"publish","type":"page","link":"https:\/\/www.bioethanolshop.nl\/et\/ruilen-en-retouren\/","title":{"rendered":"Vahetused ja tagastused"},"content":{"rendered":"<div data-elementor-type=\"wp-page\" data-elementor-id=\"99\" class=\"elementor elementor-99\" data-elementor-post-type=\"page\">\n\t\t\t\t\t\t<section class=\"elementor-section elementor-top-section elementor-element elementor-element-23dc03d7 elementor-section-boxed elementor-section-height-default elementor-section-height-default wd-section-disabled\" data-id=\"23dc03d7\" data-element_type=\"section\" data-e-type=\"section\">\n\t\t\t\t\t\t<div class=\"elementor-container elementor-column-gap-default\">\n\t\t\t\t\t<div class=\"elementor-column elementor-col-100 elementor-top-column elementor-element elementor-element-3977405a\" data-id=\"3977405a\" data-element_type=\"column\" data-e-type=\"column\">\n\t\t\t<div class=\"elementor-widget-wrap elementor-element-populated\">\n\t\t\t\t\t\t<div class=\"elementor-element elementor-element-225f5eaa color-scheme-inherit text-left elementor-widget elementor-widget-text-editor\" data-id=\"225f5eaa\" data-element_type=\"widget\" data-e-type=\"widget\" data-widget_type=\"text-editor.default\">\n\t\t\t\t<div class=\"elementor-widget-container\">\n\t\t\t\t\t\t\t\t\t\n<p><strong>Taganemis\u00f5igus toodete tarnimisel<\/strong><\/p>\n\n\n\n<ol class=\"wp-block-list\">\n<li>Toodete ostmisel v\u00f5ib tarbija 30 p\u00e4eva jooksul lepingu \u00fcles \u00f6elda, ilma et ta peaks seda p\u00f5hjendamatult l\u00f5petama. See t\u00e4htaeg algab j\u00e4rgmisel p\u00e4eval p\u00e4rast seda, kui tarbija on toote k\u00e4tte saanud v\u00f5i tarbija nimel k\u00e4tte saanud.<\/li>\n\n\n\n<li>Selle aja jooksul k\u00e4ideldakse toodet ja pakendit ettevaatlikult. Ta v\u00f5tab toote lahti v\u00f5i kasutab seda ainult niiv\u00f5rd, kuiv\u00f5rd see on vajalik, et otsustada, kas ta soovib toodet hoida. Kui ta kasutab oma taganemis\u00f5igust, tagastab ta toote koos k\u00f5igi tarnitud tarvikutega ja - kui see on m\u00f5istlikult v\u00f5imalik - algses seisukorras ja originaalpakendis ettev\u00f5tjale vastavalt ettev\u00f5tja antud m\u00f5istlikele ja selgetele juhistele.<\/li>\n\n\n\n<li>KBH BV h\u00fcvitab k\u00f5ik tarbija poolt tehtud maksed, sealhulgas k\u00f5ik KBH BV poolt tagastatud toote eest tasutud saatmiskulud, ilma p\u00f5hjendamatu viivituseta, kuid 14 p\u00e4eva jooksul alates p\u00e4evast, mil tarbija on teda taganemisest teavitanud. Kui KBH BV ei paku toote k\u00e4ttesaamist, v\u00f5ime tagasimaksega oodata, kuni oleme toote k\u00e4tte saanud v\u00f5i kuni tarbija t\u00f5estab, et ta on toote tagastanud, olenevalt sellest, kumb saabub varem. Me kasutame sama makseviisi, mida tarbija kasutas tagasimaksmiseks, v\u00e4lja arvatud juhul, kui tarbija n\u00f5ustub teistsuguse meetodiga. Tarbija jaoks on tagasimakse tasuta.<\/li>\n<\/ol>\n\n\n\n<p><strong>Tellimuse t\u00fchistamine<br><\/strong>Tellimuse saab tasuta t\u00fchistada, kui seda ei ole veel v\u00e4lja saadetud. T\u00fchistamistasusid ei ole. Tellimuse saate t\u00fchistada, saates e-kirja aadressil info@kbhonline.eu, milles teatate, et soovite tellimuse t\u00fchistada, ning esitate tellimuse numbri. Mis tahes makse tagastatakse 7 p\u00e4eva jooksul.<\/p>\n\n\n\n<p><strong>Tagasisaatmismenetlus<br><\/strong>Kas soovite toote tagastada? Siis palume teil teha j\u00e4rgmist. Nii saame teie tagasisaatmisega tegeleda v\u00f5imalikult sujuvalt.<\/p>\n\n\n\n<p><strong>Teatage oma tagastusest meie klienditeenindusele e-posti teel.<br><\/strong>Saate oma taotluse kohta kinnituse e-posti teel.<br>Saate e-kirja teel juhised, kuidas toodet saata.<br>P\u00e4rast teie saadetise k\u00e4ttesaamist saadame e-posti teel kinnituse k\u00e4ttesaamise kohta.<\/p>\n\n\n\n<p>Reeglina saate meilt vastuse 2 t\u00f6\u00f6p\u00e4eva jooksul.<\/p>\n\n\n\n<p>Artikli tagastamise kulud on teie arvel.<\/p>\n\n\n\n<p>V\u00f5ite kasutada ka Euroopa n\u00e4idisvormi tagasiv\u00f5tmiseks, mille saate alla laadida siit.<\/p>\n\n\n\n<p><strong>Pakendi seisund tagastamisel<br><\/strong>Palume veenduda, et pakendate oma ostud tagastamisel v\u00e4liskarpi. Originaalpakendit v\u00f5i -\u00fcmbrist ei tohi kahjustada kleeplindi, kleebiste v\u00f5i muude liimimaterjalidega. Kahjuks oleme muidu sunnitud v\u00f5tma puhastuskulud v\u00f5i pakendimaterjali asendamise, et ka tulevane omanik saaks oma uue ostuga rahul olla.<\/p>\n\n\n\n<p><strong>Erandmaterjalid<br><\/strong>Kahjuks ei saa me tagasi v\u00f5tta avatud pakendeid, pudeleid ega h\u00fcgieenitooteid.<\/p>\n\n\n\n<p><strong>Kaebused<br><\/strong>KBH BV p\u00fc\u00fcab teie tellimust k\u00e4sitleda v\u00f5imalikult korrektselt. Kui teil on meie teenusega halb kogemus, andke meile sellest teada. Me teeme k\u00f5ik endast oleneva, et teid rahuldada. V\u00f5ite p\u00f6\u00f6rduda oma kaebusega m\u00fc\u00fcgij\u00e4rgse teeninduse osakonna poole (info@kbhonline.eu).<\/p>\n\t\t\t\t\t\t\t\t<\/div>\n\t\t\t\t<\/div>\n\t\t\t\t\t<\/div>\n\t\t<\/div>\n\t\t\t\t\t<\/div>\n\t\t<\/section>\n\t\t\t\t<\/div>","protected":false},"excerpt":{"rendered":"<p>Taganemis\u00f5igus toodete tarnimisel Tellimuse t\u00fchistamineTellimust saab tasuta t\u00fchistada, kui tellimus ei ole veel l\u00f5petatud.<\/p>","protected":false},"author":1,"featured_media":0,"parent":0,"menu_order":0,"comment_status":"closed","ping_status":"closed","template":"","meta":{"_acf_changed":false,"footnotes":""},"class_list":["post-99","page","type-page","status-publish","hentry"],"acf":[],"yoast_head":"<!-- This site is optimized with the Yoast SEO Premium plugin v27.2 (Yoast SEO v27.2) - https:\/\/yoast.com\/product\/yoast-seo-premium-wordpress\/ -->\n<title>Ruilen en retouren | Bioethanolshop.nl<\/title>\n<meta name=\"robots\" content=\"index, follow, max-snippet:-1, max-image-preview:large, max-video-preview:-1\" \/>\n<link rel=\"canonical\" href=\"https:\/\/www.bioethanolshop.nl\/et\/vahetus-ja-tagasisaatmisvoimalus\/\" \/>\n<meta property=\"og:locale\" content=\"et_EE\" \/>\n<meta property=\"og:type\" content=\"article\" \/>\n<meta property=\"og:title\" content=\"Ruilen en retouren\" \/>\n<meta property=\"og:description\" content=\"Herroepingsrecht bij levering van producten Annulering van uw bestellingEen bestelling kan kosteloos geannuleerd worden zolang de order nog niet is\" \/>\n<meta property=\"og:url\" content=\"https:\/\/www.bioethanolshop.nl\/et\/vahetus-ja-tagasisaatmisvoimalus\/\" \/>\n<meta property=\"og:site_name\" content=\"Bioethanolshop.nl\" \/>\n<meta property=\"article:publisher\" content=\"https:\/\/www.facebook.com\/profile.php?id=100064154436458\" \/>\n<meta property=\"article:modified_time\" content=\"2023-08-09T09:52:34+00:00\" \/>\n<meta name=\"twitter:card\" content=\"summary_large_image\" \/>\n<meta name=\"twitter:label1\" content=\"Est. reading time\" \/>\n\t<meta name=\"twitter:data1\" content=\"3 minutit\" \/>\n<!-- \/ Yoast SEO Premium plugin. -->","yoast_head_json":{"title":"Vahetused ja tagastused | Bioethanolshop.com","robots":{"index":"index","follow":"follow","max-snippet":"max-snippet:-1","max-image-preview":"max-image-preview:large","max-video-preview":"max-video-preview:-1"},"canonical":"https:\/\/www.bioethanolshop.nl\/et\/vahetus-ja-tagasisaatmisvoimalus\/","og_locale":"et_EE","og_type":"article","og_title":"Ruilen en retouren","og_description":"Herroepingsrecht bij levering van producten Annulering van uw bestellingEen bestelling kan kosteloos geannuleerd worden zolang de order nog niet is","og_url":"https:\/\/www.bioethanolshop.nl\/et\/vahetus-ja-tagasisaatmisvoimalus\/","og_site_name":"Bioethanolshop.nl","article_publisher":"https:\/\/www.facebook.com\/profile.php?id=100064154436458","article_modified_time":"2023-08-09T09:52:34+00:00","twitter_card":"summary_large_image","twitter_misc":{"Est. reading time":"3 minutit"},"schema":{"@context":"https:\/\/schema.org","@graph":[{"@type":"WebPage","@id":"https:\/\/www.bioethanolshop.nl\/ruilen-en-retouren\/","url":"https:\/\/www.bioethanolshop.nl\/ruilen-en-retouren\/","name":"Vahetused ja tagastused | Bioethanolshop.com","isPartOf":{"@id":"https:\/\/www.bioethanolshop.nl\/en\/#website"},"datePublished":"2021-02-09T12:13:34+00:00","dateModified":"2023-08-09T09:52:34+00:00","breadcrumb":{"@id":"https:\/\/www.bioethanolshop.nl\/ruilen-en-retouren\/#breadcrumb"},"inLanguage":"et","potentialAction":[{"@type":"ReadAction","target":["https:\/\/www.bioethanolshop.nl\/ruilen-en-retouren\/"]}]},{"@type":"BreadcrumbList","@id":"https:\/\/www.bioethanolshop.nl\/ruilen-en-retouren\/#breadcrumb","itemListElement":[{"@type":"ListItem","position":1,"name":"Home","item":"https:\/\/www.bioethanolshop.nl\/"},{"@type":"ListItem","position":2,"name":"Ruilen en retouren"}]},{"@type":"WebSite","@id":"https:\/\/www.bioethanolshop.nl\/en\/#website","url":"https:\/\/www.bioethanolshop.nl\/en\/","name":"Bioethanolshop.nl","description":"Suurim bioetanooli ja parima kvaliteediga bioetanool!","potentialAction":[{"@type":"SearchAction","target":{"@type":"EntryPoint","urlTemplate":"https:\/\/www.bioethanolshop.nl\/en\/?s={search_term_string}"},"query-input":{"@type":"PropertyValueSpecification","valueRequired":true,"valueName":"search_term_string"}}],"inLanguage":"et"}]}},"_links":{"self":[{"href":"https:\/\/www.bioethanolshop.nl\/et\/wp-json\/wp\/v2\/pages\/99","targetHints":{"allow":["GET"]}}],"collection":[{"href":"https:\/\/www.bioethanolshop.nl\/et\/wp-json\/wp\/v2\/pages"}],"about":[{"href":"https:\/\/www.bioethanolshop.nl\/et\/wp-json\/wp\/v2\/types\/page"}],"author":[{"embeddable":true,"href":"https:\/\/www.bioethanolshop.nl\/et\/wp-json\/wp\/v2\/users\/1"}],"replies":[{"embeddable":true,"href":"https:\/\/www.bioethanolshop.nl\/et\/wp-json\/wp\/v2\/comments?post=99"}],"version-history":[{"count":3,"href":"https:\/\/www.bioethanolshop.nl\/et\/wp-json\/wp\/v2\/pages\/99\/revisions"}],"predecessor-version":[{"id":8358,"href":"https:\/\/www.bioethanolshop.nl\/et\/wp-json\/wp\/v2\/pages\/99\/revisions\/8358"}],"wp:attachment":[{"href":"https:\/\/www.bioethanolshop.nl\/et\/wp-json\/wp\/v2\/media?parent=99"}],"curies":[{"name":"wp","href":"https:\/\/api.w.org\/{rel}","templated":true}]}}