{"id":95,"date":"2021-02-09T12:12:12","date_gmt":"2021-02-09T12:12:12","guid":{"rendered":"https:\/\/www.bioethanolshop.nl\/?page_id=95"},"modified":"2023-08-09T11:51:04","modified_gmt":"2023-08-09T09:51:04","slug":"maksma","status":"publish","type":"page","link":"https:\/\/www.bioethanolshop.nl\/et\/betalen\/","title":{"rendered":"Tasu"},"content":{"rendered":"<div data-elementor-type=\"wp-page\" data-elementor-id=\"95\" class=\"elementor elementor-95\" data-elementor-post-type=\"page\">\n\t\t\t\t\t\t<section class=\"elementor-section elementor-top-section elementor-element elementor-element-105cb355 elementor-section-boxed elementor-section-height-default elementor-section-height-default wd-section-disabled\" data-id=\"105cb355\" data-element_type=\"section\" data-e-type=\"section\">\n\t\t\t\t\t\t<div class=\"elementor-container elementor-column-gap-default\">\n\t\t\t\t\t<div class=\"elementor-column elementor-col-100 elementor-top-column elementor-element elementor-element-2ef1eb42\" data-id=\"2ef1eb42\" data-element_type=\"column\" data-e-type=\"column\">\n\t\t\t<div class=\"elementor-widget-wrap elementor-element-populated\">\n\t\t\t\t\t\t<div class=\"elementor-element elementor-element-4481f816 color-scheme-inherit text-left elementor-widget elementor-widget-text-editor\" data-id=\"4481f816\" data-element_type=\"widget\" data-e-type=\"widget\" data-widget_type=\"text-editor.default\">\n\t\t\t\t<div class=\"elementor-widget-container\">\n\t\t\t\t\t\t\t\t\t\n<p><strong>iDEAL<\/strong><br>Te maksate oma usaldusv\u00e4\u00e4rses internetimaksekeskkonnas, mis p\u00f5hineb teie enda panga turvameetmetel.<\/p>\n\n\n\n<p><strong>Kuidas iDEAL t\u00f6\u00f6tab?<br><\/strong>Valige makseviisiks iDEAL, seej\u00e4rel valige oma pank. Seej\u00e4rel suunatakse teid edasi teie panga veebilehele, kus maksekorraldus on teie jaoks valmis. Teie pank palub teil t\u00e4ita m\u00f5ned andmed ja te annate loa makse tegemiseks. Summa debiteeritakse otse teie arvelduskontolt ja meid teavitatakse, et tellimus on tasutud.<\/p>\n\n\n\n<p><strong>Eelnev \u00fclekanne<br><\/strong>Pangalingi ettemaksu puhul saate p\u00e4rast tellimuse esitamist kohe kinnitava e-kirja koos makseviite ja tasumisele kuuluva kogusummaga. Teie tellimus saadetakse p\u00e4rast makse laekumist, nende maksete t\u00f6\u00f6tlemiseks v\u00f5ib kuluda 1-2 t\u00f6\u00f6p\u00e4eva.<\/p>\n\n\n\n<p><strong>Maksa arve alusel<br><\/strong>Kui olete meilt mitu korda tellinud, pakume v\u00f5imalust tarnida oma tellimus arve alusel. Seda menetlust arutatakse ja esitatakse meie krediidihindajale. Selleks vajame k\u00f5iki teie andmeid ja kirjalikku kinnitust tellimuse kohta. Seej\u00e4rel saadetakse teile tellimus kohe. Arve tuleb tasuda kohe p\u00e4rast tarnimist panga\u00fclekandega. V\u00e4\u00e4rkohtlemise v\u00f5i asjatu viivituse korral kutsume v\u00e4lja kohtut\u00e4ituri, et n\u00f5uda tasumata summa sisse.<\/p>\n\n\n\n<p><strong>Krediitkaart ja v\u00e4lismaised makseviisid<br><\/strong>Toetame mitmeid krediitkaarte: saate maksta Visa, Mastercard, American Express. Saate maksta ka Sofort Uberweisung, KBC, MrCash ja Maestro abil.<\/p>\n\n\n\n<p><strong>Paypal-maksed. Kuidas see toimib?<br><\/strong>PayPal v\u00f5imaldab teil teha oste internetis ilma oma finantsteavet avaldamata. Saate h\u00f5lpsasti registreeruda, kasutades oma e-posti aadressi. Loomulikult peate esmalt andma neile oma pangakonto v\u00f5i krediitkaardi andmed. Sellest hetkest alates on teil nende juures konto, mis on seotud teie e-posti aadressiga, ja see kehtib ka k\u00f5igi teiste inimeste kohta, kellel on nende juures konto. www.paypal.com.<\/p>\n\n\n\n<p>Teisele PayPal-kasutajale raha \u00fclekandmiseks peate teadma ainult selle teise kasutaja e-posti aadressi. Kui kinnitate makse, v\u00f5etakse summa automaatselt teie kontolt maha. Makse kinnitatakse e-posti teel.<\/p>\n\n\n\n<p>Samuti saate sellele kontole raha hoiustada ja sellega otse maksta. Konto avamine, raha \u00fclekandmine teistele PayPali kasutajatele ja raha sissemakseid oma kontole on tasuta. Raha v\u00e4ljav\u00f5tmine oma kontolt, raha vastuv\u00f5tmine oma kontole v\u00f5i valuuta konverteerimine ei ole alati tasuta.<\/p>\n\n\n\n<p><strong>Maksa p\u00e4rast seda IN3-ga<br><\/strong>IN3-ga saate maksta 3 osamakset 0% intressiga. IN3 on ainuke leviku makseviis ilma BKR-i registreerimise ja intressita. Te maksate 60 p\u00e4eva jooksul kolme osamaksena. IN3 teostab tellimise k\u00e4igus krediidikontrolli. V\u00f5ib juhtuda, et teid l\u00fckatakse tagasi, palun valige teine makseviis.<\/p>\n\n\n\n<p><strong>Laevandusmeetodite kulud<br><\/strong>iDEAL: tasuta<br>Eelnev \u00fclekanne: tasuta<br>Arve: tasuta (makse kohe p\u00e4rast k\u00e4ttesaamist)<br>Krediitkaart: tasuta<br>IN3: Tasuta<br>Paypal: 3% kauplus<\/p>\n\t\t\t\t\t\t\t\t<\/div>\n\t\t\t\t<\/div>\n\t\t\t\t\t<\/div>\n\t\t<\/div>\n\t\t\t\t\t<\/div>\n\t\t<\/section>\n\t\t\t\t<\/div>","protected":false},"excerpt":{"rendered":"<p>iDEALU maksab teie tuttavas veebimaksekeskkonnas, mis p\u00f5hineb teie enda panga turvameetmetel. Kuidas iDEAL t\u00f6\u00f6tab?<\/p>","protected":false},"author":1,"featured_media":0,"parent":0,"menu_order":0,"comment_status":"closed","ping_status":"closed","template":"","meta":{"_acf_changed":false,"footnotes":""},"class_list":["post-95","page","type-page","status-publish","hentry"],"acf":[],"yoast_head":"<!-- This site is optimized with the Yoast SEO Premium plugin v27.2 (Yoast SEO v27.2) - https:\/\/yoast.com\/product\/yoast-seo-premium-wordpress\/ -->\n<title>Betalen | Bioethanolshop.nl<\/title>\n<meta name=\"robots\" content=\"index, follow, max-snippet:-1, max-image-preview:large, max-video-preview:-1\" \/>\n<link rel=\"canonical\" href=\"https:\/\/www.bioethanolshop.nl\/et\/maksma\/\" \/>\n<meta property=\"og:locale\" content=\"et_EE\" \/>\n<meta property=\"og:type\" content=\"article\" \/>\n<meta property=\"og:title\" content=\"Betalen\" \/>\n<meta property=\"og:description\" content=\"iDEALU rekent af in uw vertrouwde internet betaalomgeving, op basis van de beveiligingsmethodes van uw eigen bank. Hoe werkt iDEAL?U\" \/>\n<meta property=\"og:url\" content=\"https:\/\/www.bioethanolshop.nl\/et\/maksma\/\" \/>\n<meta property=\"og:site_name\" content=\"Bioethanolshop.nl\" \/>\n<meta property=\"article:publisher\" content=\"https:\/\/www.facebook.com\/profile.php?id=100064154436458\" \/>\n<meta property=\"article:modified_time\" content=\"2023-08-09T09:51:04+00:00\" \/>\n<meta name=\"twitter:card\" content=\"summary_large_image\" \/>\n<meta name=\"twitter:label1\" content=\"Est. reading time\" \/>\n\t<meta name=\"twitter:data1\" content=\"3 minutit\" \/>\n<!-- \/ Yoast SEO Premium plugin. -->","yoast_head_json":{"title":"Maksmine | Bioethanolshop.com","robots":{"index":"index","follow":"follow","max-snippet":"max-snippet:-1","max-image-preview":"max-image-preview:large","max-video-preview":"max-video-preview:-1"},"canonical":"https:\/\/www.bioethanolshop.nl\/et\/maksma\/","og_locale":"et_EE","og_type":"article","og_title":"Betalen","og_description":"iDEALU rekent af in uw vertrouwde internet betaalomgeving, op basis van de beveiligingsmethodes van uw eigen bank. Hoe werkt iDEAL?U","og_url":"https:\/\/www.bioethanolshop.nl\/et\/maksma\/","og_site_name":"Bioethanolshop.nl","article_publisher":"https:\/\/www.facebook.com\/profile.php?id=100064154436458","article_modified_time":"2023-08-09T09:51:04+00:00","twitter_card":"summary_large_image","twitter_misc":{"Est. reading time":"3 minutit"},"schema":{"@context":"https:\/\/schema.org","@graph":[{"@type":"WebPage","@id":"https:\/\/www.bioethanolshop.nl\/betalen\/","url":"https:\/\/www.bioethanolshop.nl\/betalen\/","name":"Maksmine | Bioethanolshop.com","isPartOf":{"@id":"https:\/\/www.bioethanolshop.nl\/en\/#website"},"datePublished":"2021-02-09T12:12:12+00:00","dateModified":"2023-08-09T09:51:04+00:00","breadcrumb":{"@id":"https:\/\/www.bioethanolshop.nl\/betalen\/#breadcrumb"},"inLanguage":"et","potentialAction":[{"@type":"ReadAction","target":["https:\/\/www.bioethanolshop.nl\/betalen\/"]}]},{"@type":"BreadcrumbList","@id":"https:\/\/www.bioethanolshop.nl\/betalen\/#breadcrumb","itemListElement":[{"@type":"ListItem","position":1,"name":"Home","item":"https:\/\/www.bioethanolshop.nl\/"},{"@type":"ListItem","position":2,"name":"Betalen"}]},{"@type":"WebSite","@id":"https:\/\/www.bioethanolshop.nl\/en\/#website","url":"https:\/\/www.bioethanolshop.nl\/en\/","name":"Bioethanolshop.nl","description":"Suurim bioetanooli ja parima kvaliteediga bioetanool!","potentialAction":[{"@type":"SearchAction","target":{"@type":"EntryPoint","urlTemplate":"https:\/\/www.bioethanolshop.nl\/en\/?s={search_term_string}"},"query-input":{"@type":"PropertyValueSpecification","valueRequired":true,"valueName":"search_term_string"}}],"inLanguage":"et"}]}},"_links":{"self":[{"href":"https:\/\/www.bioethanolshop.nl\/et\/wp-json\/wp\/v2\/pages\/95","targetHints":{"allow":["GET"]}}],"collection":[{"href":"https:\/\/www.bioethanolshop.nl\/et\/wp-json\/wp\/v2\/pages"}],"about":[{"href":"https:\/\/www.bioethanolshop.nl\/et\/wp-json\/wp\/v2\/types\/page"}],"author":[{"embeddable":true,"href":"https:\/\/www.bioethanolshop.nl\/et\/wp-json\/wp\/v2\/users\/1"}],"replies":[{"embeddable":true,"href":"https:\/\/www.bioethanolshop.nl\/et\/wp-json\/wp\/v2\/comments?post=95"}],"version-history":[{"count":3,"href":"https:\/\/www.bioethanolshop.nl\/et\/wp-json\/wp\/v2\/pages\/95\/revisions"}],"predecessor-version":[{"id":8351,"href":"https:\/\/www.bioethanolshop.nl\/et\/wp-json\/wp\/v2\/pages\/95\/revisions\/8351"}],"wp:attachment":[{"href":"https:\/\/www.bioethanolshop.nl\/et\/wp-json\/wp\/v2\/media?parent=95"}],"curies":[{"name":"wp","href":"https:\/\/api.w.org\/{rel}","templated":true}]}}