{"id":86,"date":"2021-02-09T12:06:37","date_gmt":"2021-02-09T12:06:37","guid":{"rendered":"https:\/\/www.bioethanolshop.nl\/?page_id=86"},"modified":"2023-08-09T11:37:21","modified_gmt":"2023-08-09T09:37:21","slug":"privacy-declaration-and-avg","status":"publish","type":"page","link":"https:\/\/www.bioethanolshop.nl\/et\/privacy-verklaring-en-avg\/","title":{"rendered":"Privaatsusavaldused"},"content":{"rendered":"<div data-elementor-type=\"wp-page\" data-elementor-id=\"86\" class=\"elementor elementor-86\" data-elementor-post-type=\"page\">\n\t\t\t\t\t\t<section class=\"elementor-section elementor-top-section elementor-element elementor-element-738e3271 elementor-section-boxed elementor-section-height-default elementor-section-height-default wd-section-disabled\" data-id=\"738e3271\" data-element_type=\"section\" data-e-type=\"section\">\n\t\t\t\t\t\t<div class=\"elementor-container elementor-column-gap-default\">\n\t\t\t\t\t<div class=\"elementor-column elementor-col-100 elementor-top-column elementor-element elementor-element-2e032421\" data-id=\"2e032421\" data-element_type=\"column\" data-e-type=\"column\">\n\t\t\t<div class=\"elementor-widget-wrap elementor-element-populated\">\n\t\t\t\t\t\t<div class=\"elementor-element elementor-element-195671db color-scheme-inherit text-left elementor-widget elementor-widget-text-editor\" data-id=\"195671db\" data-element_type=\"widget\" data-e-type=\"widget\" data-widget_type=\"text-editor.default\">\n\t\t\t\t<div class=\"elementor-widget-container\">\n\t\t\t\t\t\t\t\t\t\n<p><em>Viimati muudetud 23.02.2021<\/em><\/p>\n\n\n\n<p>Laadige alla KBH BV (kaubanduskoja number 66830257, tegutseb ka nimede KBH BV ja Bioethanolshop all) t\u00e4ielik privaatsusavaldus. Privaatsusavalduses k\u00e4sitletakse meie (potentsiaalsete) klientide ja meie veebisaidi kasutajate, sealhulgas meie veebipoodide bioethanolshop.nl ja bioethanolshop.be, \u00fchiselt ka poe, isikuandmete t\u00f6\u00f6tlemist.<\/p>\n\n\n\n<p>privaatsusavalduse allalaadimine<\/p>\n\n\n\n<p>Sellel lehek\u00fcljel oleme teile kokkuv\u00f5tlikult esitanud meie privaatsusavalduse olulist teavet sageli esitatud k\u00fcsimuste ja nende vastuste kujul. Nii leiate kiiresti otsitava teabe. Kui soovite \u00fcksikasjalikku teavet teie andmete t\u00f6\u00f6tlemise kohta, saate meie privaatsusavalduse alla laadida ja lugeda seda eespool esitatud pdf-formaadis.<\/p>\n\n\n\n<p>Meie privaatsusavaldust kohaldatakse k\u00f5igi meie (potentsiaalsete) klientide ja meie poe kasutajate isikuandmete t\u00f6\u00f6tlemise suhtes. Isikuandmete all m\u00f5istame teavet, mis on otseselt v\u00f5i kaudselt seostatav \u00fcksikisikuga, ilma et selle isiku nimi peaks olema teada. M\u00f5elge kliendi numbrile, aadressile, elukohale, e-posti aadressile, telefoninumbrile, k\u00fcpsiste tunnustele ja finantsandmetele (kogu loetelu leiate meie privaatsusavaldusest).<\/p>\n\n\n\n<p>Edaspidi nimetatakse k\u00f5iki isikuandmeid ja muid andmeid \u00fchiselt andmeteks.<\/p>\n\n\n\n<p>Peame oluliseks, et meie teenused oleksid usaldusv\u00e4\u00e4rsed ja l\u00e4bipaistvad. Seet\u00f5ttu k\u00e4sitleme teie isikuandmeid diskreetselt ja hoolikalt ning tagame, et teie andmete t\u00f6\u00f6tlemine on koosk\u00f5las kehtivate seaduste ja m\u00e4\u00e4rustega. On v\u00f5imalik, et me kohandame oma privaatsusavaldust, kui uued arengud seda n\u00f5uavad. Saate alati uuema versiooni alla laadida sellelt lehek\u00fcljelt, et olla kursis muudatustega.<\/p>\n\n\n\n<p><strong>Kes t\u00f6\u00f6tleb teie andmeid ja kes neid kaitseb?<\/strong><\/p>\n\n\n\n<p>Bioethanolshop vastutab teie andmete t\u00f6\u00f6tlemise eest. See t\u00e4hendab, et Bioethanolshop otsustab, kuidas ja milliseid teie andmeid t\u00f6\u00f6deldakse, millistel eesm\u00e4rkidel ja kui kaua. Me ei t\u00f6\u00f6tle teie andmeid p\u00f5hjendamatult ja ainult siis, kui meil on neid vaja \u00fchel v\u00f5i mitmel konkreetsel eesm\u00e4rgil. Me ei m\u00fc\u00fc teie andmeid kunagi kolmandatele isikutele.<\/p>\n\n\n\n<p><strong>Milliseid andmeid me t\u00f6\u00f6tleme ja milleks me neid kasutame?<\/strong><\/p>\n\n\n\n<p><strong>Kaupluse k\u00fclastamine ja kasutamine (\u00fcldine)<\/strong><\/p>\n\n\n\n<p>Kui k\u00fclastate meie kauplust, t\u00f6\u00f6tleme teie kohta k\u00e4ivaid andmeid. See h\u00f5lmab teie IP-aadressi, aga ka teie klikkimis- ja ostuk\u00e4itumist, et saaksime pakkuda teile personaalsemat ja asjakohasemat teenust. K\u00fcpsised v\u00f5imaldavad meil n\u00e4iteks n\u00e4ha, milliseid veebisaidi v\u00f5i rakenduse osi te olete vaadanud.<\/p>\n\n\n\n<p><strong>Konto loomine ja haldamine<\/strong><\/p>\n\n\n\n<p>Tellimuse tegemiseks KBH BV-s saate luua konto meie veebilehtedel. P\u00e4rast seda saate oma kontole sisse logida ja oma kontot hallata. Konto loomiseks ja konto kasutamiseks t\u00f6\u00f6tleme teie vajalikke andmeid.<\/p>\n\n\n\n<p><strong>Ostke esemeid ja laske need kohale toimetada<\/strong><\/p>\n\n\n\n<p>Meie poest ostetud tooted toimetab kohale DHL, Transmissioon, DPD. Tellimuse vormistamise k\u00e4igus t\u00f6\u00f6tleme erinevaid andmeid, n\u00e4iteks teie valitud makseviisi ja andmeid tellimuse j\u00e4lgimiseks. Teie ostude tulemusel v\u00f5ime saata teile pakkumisi ja teavet, n\u00e4iteks e-posti teel.<\/p>\n\n\n\n<p><strong>K\u00fcsimused, kaebused, remont ja garantiid<\/strong><\/p>\n\n\n\n<p>Kui esitate k\u00fcsimuse v\u00f5i kaebuse toote kohta, taotlete remonti, kasutate garantiid v\u00f5i v\u00f5tate muul p\u00f5hjusel \u00fchendust klienditeenindusega, on vaja teatud andmeid t\u00f6\u00f6delda ja salvestada.<\/p>\n\n\n\n<p><strong>Turundus<\/strong><\/p>\n\n\n\n<p>Kui olete loonud konto ja ostnud \u00fche v\u00f5i mitu toodet, v\u00f5ime turunduslikel eesm\u00e4rkidel teie poole p\u00f6\u00f6rduda. Me teeme seda erinevate kommunikatsioonide ja kanalite kaudu. Lisaks v\u00f5ime kombineerida teistelt osapooltelt saadud teavet teie kohta juba olemasoleva teabega. Me teeme seda ainult teie loal.<\/p>\n\n\n\n<p><strong>Sotsiaalmeedia<\/strong><\/p>\n\n\n\n<p>Kui te suhtlete Bioethanolshopiga sotsiaalmeedia kaudu, n\u00e4iteks kui postitate kommentaari, laadite meediat, saadate s\u00f5numi, jagate meie veebisaidi artiklit v\u00f5i vajutate nupule like, v\u00f5ime saada teavet, nagu teie (kasutaja) nimi, elukoht, e-posti aadress ja sugu.<\/p>\n\n\n\n<p><strong>Arvustused<\/strong><\/p>\n\n\n\n<p>V\u00f5ite j\u00e4tta arvustuse meie poes v\u00f5i arvustuspartneri veebilehel. M\u00f5nikord k\u00fcsime seda p\u00e4rast seda, kui olete meilt toote ostnud v\u00f5i meie partnerite kampaania t\u00f5ttu. Nendes e-kirjades saate tulevaste s\u00f5numite tellimusest loobuda. Teie postitatud arvustus on teistele n\u00e4htav. Sa valid, millist nime\/nimelist nime sa oma \u00fclevaates n\u00e4itad.<\/p>\n\n\n\n<p><strong>Sisemine turu-uuring<\/strong><\/p>\n\n\n\n<p>Teeme turu-uuringuid, et koguda teavet oma klientide ja turu kohta, kus me tegutseme. Turu-uuringute p\u00f5hjal saame parandada oma kauplust ja teenuseid. Kasutame seda teavet ka meie turundus- ja kommunikatsioonipoliitika alusena. Ostu- ja turundusprotsessi igas etapis anal\u00fc\u00fcsime klientide ostuk\u00e4itumist ja motivatsiooni.<\/p>\n\n\n\n<p><strong>Pettusevastane uurimine<\/strong><\/p>\n\n\n\n<p>Sektor, milles KBH BV tegutseb, on pettuse suhtes tundlik. Seep\u00e4rast teostame me pettusevastaseid uurimisi. Nii tahame v\u00e4ltida pettuse tagaj\u00e4rjel tekkivat finants- ja\/v\u00f5i mainekahju. Teie kliendinumbrit v\u00f5ivad teised kuritarvitada pettuse toimepanemiseks. Pettuste ennetamine ei ole seega mitte ainult meie, vaid ka teie huvides.<\/p>\n\n\n\n<p><strong>Klientide rahulolu uuring<\/strong><\/p>\n\n\n\n<p>Kliendikogemuse, meie kaupluse ja teenuste parandamiseks peame m\u00f5istma oma klientide kogemusi ja rahulolu. Vaata meie privaatsusavaldust andmete kohta, mida me sel eesm\u00e4rgil t\u00f6\u00f6tleme.<\/p>\n\n\n\n<p><strong>Milliseid andmeid t\u00f6\u00f6tlevad kolmandad isikud teie kohta?<\/strong><\/p>\n\n\n\n<p>Teenuste osutamiseks, artiklite tarnimiseks ja muudeks tegevusteks saame abi kolmandatelt isikutelt. Kui need kolmandad isikud t\u00f6\u00f6tlevad teie andmeid KBH BV nimel, teevad nad seda volitatud t\u00f6\u00f6tlejana. K\u00f5ik turvalisust, konfidentsiaalsust ja teie \u00f5igusi k\u00e4sitlevad kokkulepped sisalduvad t\u00f6\u00f6tlemislepingutes, mille oleme nende kolmandate isikutega s\u00f5lminud.<\/p>\n\n\n\n<p><strong>Kuidas me teie andmeid kaitseme?<\/strong><\/p>\n\n\n\n<p>Teie privaatsus on oluline, seega v\u00f5tame teie andmete turvalisust v\u00e4ga t\u00f5siselt. Oleme v\u00f5tnud mitmesuguseid meetmeid, et tagada teie andmete turvalisus ja turvalisus. Teie andmete kaitsmisel v\u00f5tame arvesse k\u00f5iki teie andmete t\u00f6\u00f6tlemisega seotud riske: n\u00e4iteks kui need kaovad v\u00f5i neid kuritarvitatakse.<\/p>\n\n\n\n<p><strong>Kui kaua me teie andmeid s\u00e4ilitame?<\/strong><\/p>\n\n\n\n<p>\u00dcldiselt ei hoia me teie andmeid kauem, kui see on vajalik selleks, milleks me neid kogusime. Seej\u00e4rel eemaldame v\u00f5i anon\u00fc\u00fcmseks muudame selle teabe. Anon\u00fcmiseerimine t\u00e4hendab, et me tagame, et teavet ei saa enam teie juurde tagasi j\u00e4lgida. M\u00f5nikord vajame teatud teavet pikema aja jooksul veel muul eesm\u00e4rgil. Kui see on nii, siis on meil selleks alus ja me tagame, et need andmed on k\u00e4ttesaadavad ainult sel eesm\u00e4rgil. P\u00e4rast seda me loomulikult anon\u00fc\u00fcmseks muudame v\u00f5i eemaldame teie andmed.<\/p>\n\n\n\n<p><strong>Millised \u00f5igused on teil kui kliendil?<\/strong><\/p>\n\n\n\n<p>Kliendina on teil teatud \u00f5igused seoses teie andmete t\u00f6\u00f6tlemisega KBH BV poolt. Oma kontol saate enamiku asju ise korraldada. Saate oma andmeid vaadata, muuta v\u00f5i taotleda nende allalaadimist. Kuid teil on ka \u00f5igus lasta oma andmed eemaldada ja \u00f5igus andmete edastamisele.<\/p>\n\n\n\n<p><strong>Kas me kasutame k\u00fcpsiseid?<\/strong><\/p>\n\n\n\n<p>Jah, me kasutame erinevaid k\u00fcpsiseid ja sarnaseid meetodeid. Neid on vaja muu hulgas selleks, et meie pood korralikult toimiks ja oleks teie jaoks kasutajas\u00f5bralikum. Lisateavet k\u00f5igi meie kasutatavate k\u00fcpsiste kohta ja selle kohta, miks me neid kasutame, saate lugeda meie k\u00fcpsiste deklaratsioonist.<\/p>\n\n\n\n<p>Ei taha k\u00fcpsiseid? Saate alati oma seadeid muuta v\u00f5i k\u00fcpsised ise kustutada. Meie k\u00fcpsiste deklaratsioon selgitab t\u00e4pselt, kuidas seda teha. Hea teada: kui te keelate k\u00fcpsised, v\u00f5ib meie pood ei t\u00f6\u00f6ta korralikult v\u00f5i ei pruugi \u00fcldse t\u00f6\u00f6tada.<\/p>\n\t\t\t\t\t\t\t\t<\/div>\n\t\t\t\t<\/div>\n\t\t\t\t\t<\/div>\n\t\t<\/div>\n\t\t\t\t\t<\/div>\n\t\t<\/section>\n\t\t\t\t<\/div>","protected":false},"excerpt":{"rendered":"<p>Viimati muudetud 23.02.2021 K\u00e4esolevaga avaldatakse KBH BV (kaubanduskoja number 66830257, mis tegutseb ka j\u00e4rgmiste nimede all) t\u00e4ielik privaatsusavaldus.<\/p>","protected":false},"author":1,"featured_media":0,"parent":0,"menu_order":900,"comment_status":"closed","ping_status":"closed","template":"","meta":{"_acf_changed":false,"footnotes":""},"class_list":["post-86","page","type-page","status-publish","hentry"],"acf":[],"yoast_head":"<!-- This site is optimized with the Yoast SEO Premium plugin v27.2 (Yoast SEO v27.2) - https:\/\/yoast.com\/product\/yoast-seo-premium-wordpress\/ -->\n<title>Privacyverklaring | Bioethanolshop.nl<\/title>\n<meta name=\"robots\" content=\"index, follow, max-snippet:-1, max-image-preview:large, max-video-preview:-1\" \/>\n<link rel=\"canonical\" href=\"https:\/\/www.bioethanolshop.nl\/et\/privacy-declaration-and-avg\/\" \/>\n<meta property=\"og:locale\" content=\"et_EE\" \/>\n<meta property=\"og:type\" content=\"article\" \/>\n<meta property=\"og:title\" content=\"Privacyverklaring\" \/>\n<meta property=\"og:description\" content=\"Laatst gewijzigd op 23.02.2021 Hierbij de volledige privacyverklaring van KBH BV (Kamer van Koophandel-nummer 66830257, tevens handelend onder de namen\" \/>\n<meta property=\"og:url\" content=\"https:\/\/www.bioethanolshop.nl\/et\/privacy-declaration-and-avg\/\" \/>\n<meta property=\"og:site_name\" content=\"Bioethanolshop.nl\" \/>\n<meta property=\"article:publisher\" content=\"https:\/\/www.facebook.com\/profile.php?id=100064154436458\" \/>\n<meta property=\"article:modified_time\" content=\"2023-08-09T09:37:21+00:00\" \/>\n<meta name=\"twitter:card\" content=\"summary_large_image\" \/>\n<meta name=\"twitter:label1\" content=\"Est. reading time\" \/>\n\t<meta name=\"twitter:data1\" content=\"7 minutit\" \/>\n<!-- \/ Yoast SEO Premium plugin. -->","yoast_head_json":{"title":"Privaatsusavaldused | Bioethanolshop.com","robots":{"index":"index","follow":"follow","max-snippet":"max-snippet:-1","max-image-preview":"max-image-preview:large","max-video-preview":"max-video-preview:-1"},"canonical":"https:\/\/www.bioethanolshop.nl\/et\/privacy-declaration-and-avg\/","og_locale":"et_EE","og_type":"article","og_title":"Privacyverklaring","og_description":"Laatst gewijzigd op 23.02.2021 Hierbij de volledige privacyverklaring van KBH BV (Kamer van Koophandel-nummer 66830257, tevens handelend onder de namen","og_url":"https:\/\/www.bioethanolshop.nl\/et\/privacy-declaration-and-avg\/","og_site_name":"Bioethanolshop.nl","article_publisher":"https:\/\/www.facebook.com\/profile.php?id=100064154436458","article_modified_time":"2023-08-09T09:37:21+00:00","twitter_card":"summary_large_image","twitter_misc":{"Est. reading time":"7 minutit"},"schema":{"@context":"https:\/\/schema.org","@graph":[{"@type":"WebPage","@id":"https:\/\/www.bioethanolshop.nl\/privacy-verklaring-en-avg\/","url":"https:\/\/www.bioethanolshop.nl\/privacy-verklaring-en-avg\/","name":"Privaatsusavaldused | Bioethanolshop.com","isPartOf":{"@id":"https:\/\/www.bioethanolshop.nl\/en\/#website"},"datePublished":"2021-02-09T12:06:37+00:00","dateModified":"2023-08-09T09:37:21+00:00","breadcrumb":{"@id":"https:\/\/www.bioethanolshop.nl\/privacy-verklaring-en-avg\/#breadcrumb"},"inLanguage":"et","potentialAction":[{"@type":"ReadAction","target":["https:\/\/www.bioethanolshop.nl\/privacy-verklaring-en-avg\/"]}]},{"@type":"BreadcrumbList","@id":"https:\/\/www.bioethanolshop.nl\/privacy-verklaring-en-avg\/#breadcrumb","itemListElement":[{"@type":"ListItem","position":1,"name":"Home","item":"https:\/\/www.bioethanolshop.nl\/"},{"@type":"ListItem","position":2,"name":"Privacyverklaring"}]},{"@type":"WebSite","@id":"https:\/\/www.bioethanolshop.nl\/en\/#website","url":"https:\/\/www.bioethanolshop.nl\/en\/","name":"Bioethanolshop.nl","description":"Suurim bioetanooli ja parima kvaliteediga bioetanool!","potentialAction":[{"@type":"SearchAction","target":{"@type":"EntryPoint","urlTemplate":"https:\/\/www.bioethanolshop.nl\/en\/?s={search_term_string}"},"query-input":{"@type":"PropertyValueSpecification","valueRequired":true,"valueName":"search_term_string"}}],"inLanguage":"et"}]}},"_links":{"self":[{"href":"https:\/\/www.bioethanolshop.nl\/et\/wp-json\/wp\/v2\/pages\/86","targetHints":{"allow":["GET"]}}],"collection":[{"href":"https:\/\/www.bioethanolshop.nl\/et\/wp-json\/wp\/v2\/pages"}],"about":[{"href":"https:\/\/www.bioethanolshop.nl\/et\/wp-json\/wp\/v2\/types\/page"}],"author":[{"embeddable":true,"href":"https:\/\/www.bioethanolshop.nl\/et\/wp-json\/wp\/v2\/users\/1"}],"replies":[{"embeddable":true,"href":"https:\/\/www.bioethanolshop.nl\/et\/wp-json\/wp\/v2\/comments?post=86"}],"version-history":[{"count":3,"href":"https:\/\/www.bioethanolshop.nl\/et\/wp-json\/wp\/v2\/pages\/86\/revisions"}],"predecessor-version":[{"id":8337,"href":"https:\/\/www.bioethanolshop.nl\/et\/wp-json\/wp\/v2\/pages\/86\/revisions\/8337"}],"wp:attachment":[{"href":"https:\/\/www.bioethanolshop.nl\/et\/wp-json\/wp\/v2\/media?parent=86"}],"curies":[{"name":"wp","href":"https:\/\/api.w.org\/{rel}","templated":true}]}}