{"id":252,"date":"2021-02-27T13:21:08","date_gmt":"2021-02-27T13:21:08","guid":{"rendered":"https:\/\/www.bioethanolshop.nl\/?page_id=252"},"modified":"2021-02-27T13:21:09","modified_gmt":"2021-02-27T13:21:09","slug":"saatmine-ja-kogumine-2","status":"publish","type":"page","link":"https:\/\/www.bioethanolshop.nl\/et\/verzendkosten-en-afhalen-2\/","title":{"rendered":"Kohaletoimetamise kulud ja pealev\u00f5tmine"},"content":{"rendered":"<h3 class=\"wp-block-heading\" id=\"h-verwerkingskosten-bestelling\">Tellimuse t\u00f6\u00f6tlemiskulud<\/h3>\n\n\n\n<p>Iga tellimus h\u00f5lmab t\u00f6\u00f6tlemiskulusid, nagu ladustamine, pakendimaterjalid jne. Tellimuste puhul, mis on v\u00e4iksemad kui 50,00 eurot koos k\u00e4ibemaksuga, v\u00f5tame lisaks saatmiskuludele (5,74 eurot ilma k\u00e4ibemaksuta \/ 6,95 eurot koos k\u00e4ibemaksuga) ka osa teie tellimuse t\u00f6\u00f6tlemiskuludest. Nende t\u00f6\u00f6tlemis- ja saatmiskulude kogumaksumus on 9,00 \u20ac ilma maksuta \/ 10,89 \u20ac koos maksuga. Need kulud on n\u00e4htavad meie veebipoe kassas.<\/p>\n\n\n\n<h3 class=\"wp-block-heading\" id=\"h-verzendwijze-pakketzending\">Saatmismeetod pakisaadetis<\/h3>\n\n\n\n<p>Transport toimub usaldusv\u00e4\u00e4rse vedaja v\u00f5i pakiautomaadi, n\u00e4iteks PostNL, DHL v\u00f5i TransMission, poolt. Kui me peame seda vajalikuks, v\u00f5ime otsustada kasutada teist transpordivahendit. Alustuseks on alati optimaalne \u00fchendus v\u00f5imalikult kiire ja m\u00f5istliku hinnaga tarneajaga.<\/p>\n\n\n\n<h3 class=\"wp-block-heading\" id=\"h-verzendkosten-palletzending\">Veokulud kaubaaluste saatmine<\/h3>\n\n\n\n<p>V\u00f5ib juhtuda, et tellimus on nii suur v\u00f5i raske, et see tuleb kohale toimetada kaubaaluste abil. Sellisel juhul tarnitakse see tagatisraha kaubaalusel. Kui saaja ei saa v\u00f5i ei taha anda saatjale t\u00fchja kaubaalust, peame selle eest k\u00fcsima 15,00 eurot. Vastuv\u00f5tja v\u00f5ib tagatisraha sisaldava kaubaaluse \u00fcle anda kohalikule vedajale. Tagatisraha hinnad v\u00f5ivad riigiti\/piirkonniti erineda.<\/p>\n\n\n\n<p><strong>Madalmaade ja Belgia piires on postikulud TASUTA alates 50,00 euro suurusest tellimusest koos k\u00e4ibemaksuga (v.a transpordimaterjalide tagatisraha).<\/strong><\/p>\n\n\n\n<h3 class=\"wp-block-heading\" id=\"h-verzendkosten-buiten-de-benelux\">Veokulud v\u00e4ljaspool Beneluxi riike<\/h3>\n\n\n\n<p>Euroopa-sisese (v\u00e4ljaspool Beneluxi riike) saatmise kulud on n\u00f5udmisel. Kui kaubasaadetist tuleb teile pakkuda teist v\u00f5i j\u00e4rgmist korda, v\u00f5tame teilt lisakulud.<\/p>\n\n\n\n<h3 class=\"wp-block-heading\" id=\"h-afhalen\">Korja \u00fcles<\/h3>\n\n\n\n<p>Osaliselt COVID-19 t\u00f5ttu ei ole praegu v\u00f5imalik oma tellimusele j\u00e4rele tulla. Iga tellimus toimetatakse teie aadressile meie valitud vedaja poolt, v\u00f5ttes arvesse kehtivaid (h\u00e4daolukorra) eeskirju.<\/p>","protected":false},"excerpt":{"rendered":"<p>Tellimuse t\u00f6\u00f6tlemiskulud Iga tellimus tekitab t\u00f6\u00f6tlemiskulusid, nagu ladustamine, pakendimaterjalid jne. Tellimuste puhul, mis j\u00e4\u00e4vad alla 50,00 euro, sealhulgas<\/p>","protected":false},"author":3,"featured_media":0,"parent":0,"menu_order":0,"comment_status":"closed","ping_status":"closed","template":"","meta":{"_acf_changed":false,"footnotes":""},"class_list":["post-252","page","type-page","status-publish","hentry"],"acf":[],"yoast_head":"<!-- This site is optimized with the Yoast SEO Premium plugin v27.5 (Yoast SEO v27.5) - https:\/\/yoast.com\/product\/yoast-seo-premium-wordpress\/ -->\n<title>Verzendkosten en afhalen | Bioethanolshop.nl<\/title>\n<meta name=\"robots\" content=\"index, follow, max-snippet:-1, max-image-preview:large, max-video-preview:-1\" \/>\n<link rel=\"canonical\" href=\"https:\/\/www.bioethanolshop.nl\/et\/saatmine-ja-kogumine-2\/\" \/>\n<meta property=\"og:locale\" content=\"et_EE\" \/>\n<meta property=\"og:type\" content=\"article\" \/>\n<meta property=\"og:title\" content=\"Verzendkosten en afhalen\" \/>\n<meta property=\"og:description\" content=\"Verwerkingskosten bestelling Elke bestelling brengt verwerkingskosten met zich mee, zoals opslag, verpakkingsmateriaal, etcetera. Bij bestellingen onder de \u20ac 50,00 inclusief\" \/>\n<meta property=\"og:url\" content=\"https:\/\/www.bioethanolshop.nl\/et\/saatmine-ja-kogumine-2\/\" \/>\n<meta property=\"og:site_name\" content=\"Bioethanolshop.nl\" \/>\n<meta property=\"article:publisher\" content=\"https:\/\/www.facebook.com\/profile.php?id=100064154436458\" \/>\n<meta property=\"article:modified_time\" content=\"2021-02-27T13:21:09+00:00\" \/>\n<meta name=\"twitter:card\" content=\"summary_large_image\" \/>\n<meta name=\"twitter:label1\" content=\"Est. reading time\" \/>\n\t<meta name=\"twitter:data1\" content=\"1 minut\" \/>\n<!-- \/ Yoast SEO Premium plugin. -->","yoast_head_json":{"title":"Kohaletoimetamine ja k\u00e4ttesaamine | Bioethanolshop.com","robots":{"index":"index","follow":"follow","max-snippet":"max-snippet:-1","max-image-preview":"max-image-preview:large","max-video-preview":"max-video-preview:-1"},"canonical":"https:\/\/www.bioethanolshop.nl\/et\/saatmine-ja-kogumine-2\/","og_locale":"et_EE","og_type":"article","og_title":"Verzendkosten en afhalen","og_description":"Verwerkingskosten bestelling Elke bestelling brengt verwerkingskosten met zich mee, zoals opslag, verpakkingsmateriaal, etcetera. Bij bestellingen onder de \u20ac 50,00 inclusief","og_url":"https:\/\/www.bioethanolshop.nl\/et\/saatmine-ja-kogumine-2\/","og_site_name":"Bioethanolshop.nl","article_publisher":"https:\/\/www.facebook.com\/profile.php?id=100064154436458","article_modified_time":"2021-02-27T13:21:09+00:00","twitter_card":"summary_large_image","twitter_misc":{"Est. reading time":"1 minut"},"schema":{"@context":"https:\/\/schema.org","@graph":[{"@type":"WebPage","@id":"https:\/\/www.bioethanolshop.nl\/verzendkosten-en-afhalen-2\/","url":"https:\/\/www.bioethanolshop.nl\/verzendkosten-en-afhalen-2\/","name":"Kohaletoimetamine ja k\u00e4ttesaamine | Bioethanolshop.com","isPartOf":{"@id":"https:\/\/www.bioethanolshop.nl\/en\/#website"},"datePublished":"2021-02-27T13:21:08+00:00","dateModified":"2021-02-27T13:21:09+00:00","breadcrumb":{"@id":"https:\/\/www.bioethanolshop.nl\/verzendkosten-en-afhalen-2\/#breadcrumb"},"inLanguage":"et","potentialAction":[{"@type":"ReadAction","target":["https:\/\/www.bioethanolshop.nl\/verzendkosten-en-afhalen-2\/"]}]},{"@type":"BreadcrumbList","@id":"https:\/\/www.bioethanolshop.nl\/verzendkosten-en-afhalen-2\/#breadcrumb","itemListElement":[{"@type":"ListItem","position":1,"name":"Home","item":"https:\/\/www.bioethanolshop.nl\/"},{"@type":"ListItem","position":2,"name":"Verzendkosten en afhalen"}]},{"@type":"WebSite","@id":"https:\/\/www.bioethanolshop.nl\/en\/#website","url":"https:\/\/www.bioethanolshop.nl\/en\/","name":"Bioethanolshop.nl","description":"Suurim bioetanooli ja parima kvaliteediga bioetanool!","potentialAction":[{"@type":"SearchAction","target":{"@type":"EntryPoint","urlTemplate":"https:\/\/www.bioethanolshop.nl\/en\/?s={search_term_string}"},"query-input":{"@type":"PropertyValueSpecification","valueRequired":true,"valueName":"search_term_string"}}],"inLanguage":"et"}]}},"_links":{"self":[{"href":"https:\/\/www.bioethanolshop.nl\/et\/wp-json\/wp\/v2\/pages\/252","targetHints":{"allow":["GET"]}}],"collection":[{"href":"https:\/\/www.bioethanolshop.nl\/et\/wp-json\/wp\/v2\/pages"}],"about":[{"href":"https:\/\/www.bioethanolshop.nl\/et\/wp-json\/wp\/v2\/types\/page"}],"author":[{"embeddable":true,"href":"https:\/\/www.bioethanolshop.nl\/et\/wp-json\/wp\/v2\/users\/3"}],"replies":[{"embeddable":true,"href":"https:\/\/www.bioethanolshop.nl\/et\/wp-json\/wp\/v2\/comments?post=252"}],"version-history":[{"count":1,"href":"https:\/\/www.bioethanolshop.nl\/et\/wp-json\/wp\/v2\/pages\/252\/revisions"}],"predecessor-version":[{"id":253,"href":"https:\/\/www.bioethanolshop.nl\/et\/wp-json\/wp\/v2\/pages\/252\/revisions\/253"}],"wp:attachment":[{"href":"https:\/\/www.bioethanolshop.nl\/et\/wp-json\/wp\/v2\/media?parent=252"}],"curies":[{"name":"wp","href":"https:\/\/api.w.org\/{rel}","templated":true}]}}