{"id":580,"date":"2021-05-12T09:22:38","date_gmt":"2021-05-12T07:22:38","guid":{"rendered":"https:\/\/www.bioethanolshop.nl\/?post_type=product&#038;p=580"},"modified":"2024-07-16T14:47:56","modified_gmt":"2024-07-16T12:47:56","slug":"kynast-solar-led-table-lampara-de-jardin-blanco-calido-con-dimmer-2","status":"publish","type":"product","link":"https:\/\/www.bioethanolshop.nl\/es\/product\/kynast-solar-led-tuin-hanglamp-kogellamp-20cm-4-leds-zonne-energie\/","title":{"rendered":"Kynast Solar LED L\u00e1mpara colgante de jard\u00edn l\u00e1mpara de bola 20cm 4 LEDs energ\u00eda solar"},"content":{"rendered":"<h2>Kynast Solar LED L\u00e1mpara colgante de jard\u00edn l\u00e1mpara de bola 20cm 4 LEDs energ\u00eda solar<\/h2>\n<p>Decoratieve solar hanglamp van het merk Kynast Garden voor buiten. Of het nu voor het balkon, het terras of in een gezellige tuinhoek is, deze LED hanglamp geeft warm wit licht met een brandduur tot 8 uur.<\/p>\n<p><strong>Korte omschrijving: <\/strong><br \/>\nLED hanglamp op zonne-energie in rond design inclusief rubberen lus, haak en oog om op te hangen.<br \/>\nPremium LED hanglamp op zonne-energie in een rond design voor elegante tuin- of terrasverlichting &#8217;s avonds en&#8217; s nachts<br \/>\nDankzij de ingebouwde schemerschakelaar gaat de LED-tuinlamp automatisch schijnen bij het invallen van de schemering en wordt overdag weer opgeladen met zonne-energie.<\/p>\n<p><strong>Detalles del producto<\/strong>:<br \/>\n&#8211; Kleur: wit-grijs<br \/>\n&#8211; Om op te hangen<br \/>\n&#8211; Hoogwaardige kunststof behuizing<br \/>\n&#8211; Incl<br \/>\nRubberen lus, haak en oog<br \/>\n&#8211; Afmetingen: \u00d8 20 cm x H 72 cm (hangend)<br \/>\n&#8211; 4 LED&#8217;s met warm wit licht<br \/>\n&#8211; Oplaadbare batterij (1 x AA 1.2V 600mAh)<br \/>\n&#8211; Aan \/ uit schakelaar door op een knop te drukken<\/p>\n<p><strong>Technische gegevens:<\/strong><br \/>\nModel naam: Solar LED hanglamp<br \/>\nDoelgroep: Tuinaccessoires<br \/>\nMerk: KYNAST Garden<br \/>\nHoogte: 72 cm<br \/>\nDi\u00e1metro: 20 cm<br \/>\nAfmeting: 20 x 72 cm<br \/>\nGewicht: 0,5 kg<br \/>\nMateriaal: kunststof, rubber<br \/>\nKleur: wit<\/p>\n<p><strong>Leveringsomvang <\/strong>: 1 x Premium LED Solar &#8211; Hanglamp \u00d8 20 cm warm wit met toebehoren.<\/p>","protected":false},"excerpt":{"rendered":"<p>Kynast Solar LED L\u00e1mpara colgante de jard\u00edn l\u00e1mpara de bola 20cm 4 LEDs energ\u00eda solar<\/p>","protected":false},"featured_media":623,"comment_status":"closed","ping_status":"closed","template":"","meta":{"_acf_changed":false},"product_brand":[],"product_cat":[79,40,36],"product_tag":[37,39,38],"class_list":{"0":"post-580","1":"product","2":"type-product","3":"status-publish","4":"has-post-thumbnail","6":"product_cat-kerst-en-relatiegeschenken","7":"product_cat-kynast-solar","8":"product_cat-solar-tuinverlichting","9":"product_tag-solar","10":"product_tag-solar-tafellamp","11":"product_tag-tuinlamp","13":"first","14":"outofstock","15":"taxable","16":"shipping-taxable","17":"purchasable","18":"product-type-simple"},"bundled_by":[],"bundle_stock_status":"outofstock","bundle_stock_quantity":null,"bundle_virtual":false,"bundle_layout":"","bundle_add_to_cart_form_location":"","bundle_editable_in_cart":false,"bundle_sold_individually_context":"","bundle_item_grouping":"","bundle_min_size":"","bundle_max_size":"","bundle_price":[],"bundled_items":[],"bundle_sell_ids":[],"acf":[],"yoast_head":"<!-- This site is optimized with the Yoast SEO Premium plugin v27.2 (Yoast SEO v27.2) - https:\/\/yoast.com\/product\/yoast-seo-premium-wordpress\/ -->\n<title>Kynast Solar LED Tuin hanglamp kogellamp 20cm 4 LEDs zonne-energie - LED tuinhanglamp<\/title>\n<meta name=\"description\" content=\"Kynast SOLAR LED Tuin Tafellamp warm wit licht met dimmer voor buiten. Werkt op zonne energie met een brandduur van 8 uur.\" \/>\n<meta name=\"robots\" content=\"index, follow, max-snippet:-1, max-image-preview:large, max-video-preview:-1\" \/>\n<link rel=\"canonical\" href=\"https:\/\/www.bioethanolshop.nl\/es\/producto-2\/kynast-solar-led-table-lampara-de-jardin-blanco-calido-con-dimmer-2\/\" \/>\n<meta property=\"og:locale\" content=\"es_ES\" \/>\n<meta property=\"og:type\" content=\"article\" \/>\n<meta property=\"og:title\" content=\"Kynast Solar LED Tuin hanglamp kogellamp 20cm 4 LEDs zonne-energie\" \/>\n<meta property=\"og:description\" content=\"Kynast SOLAR LED Tuin Tafellamp warm wit licht met dimmer voor buiten. Werkt op zonne energie met een brandduur van 8 uur.\" \/>\n<meta property=\"og:url\" content=\"https:\/\/www.bioethanolshop.nl\/es\/producto-2\/kynast-solar-led-table-lampara-de-jardin-blanco-calido-con-dimmer-2\/\" \/>\n<meta property=\"og:site_name\" content=\"Bioethanolshop.nl\" \/>\n<meta property=\"article:publisher\" content=\"https:\/\/www.facebook.com\/profile.php?id=100064154436458\" \/>\n<meta property=\"article:modified_time\" content=\"2024-07-16T12:47:56+00:00\" \/>\n<meta property=\"og:image\" content=\"https:\/\/www.bioethanolshop.nl\/wp-content\/uploads\/2021\/05\/kynast-hanglamp.jpg\" \/>\n\t<meta property=\"og:image:width\" content=\"1000\" \/>\n\t<meta property=\"og:image:height\" content=\"1000\" \/>\n\t<meta property=\"og:image:type\" content=\"image\/jpeg\" \/>\n<meta name=\"twitter:card\" content=\"summary_large_image\" \/>\n<meta name=\"twitter:label1\" content=\"Tiempo de lectura\" \/>\n\t<meta name=\"twitter:data1\" content=\"1 minuto\" \/>\n<!-- \/ Yoast SEO Premium plugin. -->","yoast_head_json":{"title":"Kynast Solar LED Tuin hanglamp kogellamp 20cm 4 LEDs zonne-energie - LED tuinhanglamp","description":"Kynast SOLAR LED L\u00e1mpara de mesa de jard\u00edn de luz blanca c\u00e1lida con regulador de intensidad para exteriores. Funciona con energ\u00eda solar con un tiempo de combusti\u00f3n de 8 horas.","robots":{"index":"index","follow":"follow","max-snippet":"max-snippet:-1","max-image-preview":"max-image-preview:large","max-video-preview":"max-video-preview:-1"},"canonical":"https:\/\/www.bioethanolshop.nl\/es\/producto-2\/kynast-solar-led-table-lampara-de-jardin-blanco-calido-con-dimmer-2\/","og_locale":"es_ES","og_type":"article","og_title":"Kynast Solar LED Tuin hanglamp kogellamp 20cm 4 LEDs zonne-energie","og_description":"Kynast SOLAR LED Tuin Tafellamp warm wit licht met dimmer voor buiten. Werkt op zonne energie met een brandduur van 8 uur.","og_url":"https:\/\/www.bioethanolshop.nl\/es\/producto-2\/kynast-solar-led-table-lampara-de-jardin-blanco-calido-con-dimmer-2\/","og_site_name":"Bioethanolshop.nl","article_publisher":"https:\/\/www.facebook.com\/profile.php?id=100064154436458","article_modified_time":"2024-07-16T12:47:56+00:00","og_image":[{"width":1000,"height":1000,"url":"https:\/\/www.bioethanolshop.nl\/wp-content\/uploads\/2021\/05\/kynast-hanglamp.jpg","type":"image\/jpeg"}],"twitter_card":"summary_large_image","twitter_misc":{"Tiempo de lectura":"1 minuto"},"schema":{"@context":"https:\/\/schema.org","@graph":[{"@type":"WebPage","@id":"https:\/\/www.bioethanolshop.nl\/product\/kynast-solar-led-tuin-hanglamp-kogellamp-20cm-4-leds-zonne-energie\/","url":"https:\/\/www.bioethanolshop.nl\/product\/kynast-solar-led-tuin-hanglamp-kogellamp-20cm-4-leds-zonne-energie\/","name":"Kynast Solar LED Tuin hanglamp kogellamp 20cm 4 LEDs zonne-energie - LED tuinhanglamp","isPartOf":{"@id":"https:\/\/www.bioethanolshop.nl\/en\/#website"},"primaryImageOfPage":{"@id":"https:\/\/www.bioethanolshop.nl\/product\/kynast-solar-led-tuin-hanglamp-kogellamp-20cm-4-leds-zonne-energie\/#primaryimage"},"image":{"@id":"https:\/\/www.bioethanolshop.nl\/product\/kynast-solar-led-tuin-hanglamp-kogellamp-20cm-4-leds-zonne-energie\/#primaryimage"},"thumbnailUrl":"https:\/\/www.bioethanolshop.nl\/wp-content\/uploads\/2021\/05\/kynast-hanglamp.jpg","datePublished":"2021-05-12T07:22:38+00:00","dateModified":"2024-07-16T12:47:56+00:00","description":"Kynast SOLAR LED L\u00e1mpara de mesa de jard\u00edn de luz blanca c\u00e1lida con regulador de intensidad para exteriores. Funciona con energ\u00eda solar con un tiempo de combusti\u00f3n de 8 horas.","breadcrumb":{"@id":"https:\/\/www.bioethanolshop.nl\/product\/kynast-solar-led-tuin-hanglamp-kogellamp-20cm-4-leds-zonne-energie\/#breadcrumb"},"inLanguage":"es","potentialAction":[{"@type":"ReadAction","target":["https:\/\/www.bioethanolshop.nl\/product\/kynast-solar-led-tuin-hanglamp-kogellamp-20cm-4-leds-zonne-energie\/"]}]},{"@type":"ImageObject","inLanguage":"es","@id":"https:\/\/www.bioethanolshop.nl\/product\/kynast-solar-led-tuin-hanglamp-kogellamp-20cm-4-leds-zonne-energie\/#primaryimage","url":"https:\/\/www.bioethanolshop.nl\/wp-content\/uploads\/2021\/05\/kynast-hanglamp.jpg","contentUrl":"https:\/\/www.bioethanolshop.nl\/wp-content\/uploads\/2021\/05\/kynast-hanglamp.jpg","width":1000,"height":1000,"caption":"Kynast solar hanglamp"},{"@type":"BreadcrumbList","@id":"https:\/\/www.bioethanolshop.nl\/product\/kynast-solar-led-tuin-hanglamp-kogellamp-20cm-4-leds-zonne-energie\/#breadcrumb","itemListElement":[{"@type":"ListItem","position":1,"name":"Home","item":"https:\/\/www.bioethanolshop.nl\/"},{"@type":"ListItem","position":2,"name":"Winkel","item":"https:\/\/www.bioethanolshop.nl\/en\/store\/"},{"@type":"ListItem","position":3,"name":"Kynast Solar LED Tuin hanglamp kogellamp 20cm 4 LEDs zonne-energie"}]},{"@type":"WebSite","@id":"https:\/\/www.bioethanolshop.nl\/en\/#website","url":"https:\/\/www.bioethanolshop.nl\/en\/","name":"Bioethanolshop.nl","description":"El mayor en bioetanol y de mejor calidad","potentialAction":[{"@type":"SearchAction","target":{"@type":"EntryPoint","urlTemplate":"https:\/\/www.bioethanolshop.nl\/en\/?s={search_term_string}"},"query-input":{"@type":"PropertyValueSpecification","valueRequired":true,"valueName":"search_term_string"}}],"inLanguage":"es"}]}},"_links":{"self":[{"href":"https:\/\/www.bioethanolshop.nl\/es\/wp-json\/wp\/v2\/product\/580","targetHints":{"allow":["GET"]}}],"collection":[{"href":"https:\/\/www.bioethanolshop.nl\/es\/wp-json\/wp\/v2\/product"}],"about":[{"href":"https:\/\/www.bioethanolshop.nl\/es\/wp-json\/wp\/v2\/types\/product"}],"replies":[{"embeddable":true,"href":"https:\/\/www.bioethanolshop.nl\/es\/wp-json\/wp\/v2\/comments?post=580"}],"version-history":[{"count":1,"href":"https:\/\/www.bioethanolshop.nl\/es\/wp-json\/wp\/v2\/product\/580\/revisions"}],"predecessor-version":[{"id":12810,"href":"https:\/\/www.bioethanolshop.nl\/es\/wp-json\/wp\/v2\/product\/580\/revisions\/12810"}],"wp:featuredmedia":[{"embeddable":true,"href":"https:\/\/www.bioethanolshop.nl\/es\/wp-json\/wp\/v2\/media\/623"}],"wp:attachment":[{"href":"https:\/\/www.bioethanolshop.nl\/es\/wp-json\/wp\/v2\/media?parent=580"}],"wp:term":[{"taxonomy":"product_brand","embeddable":true,"href":"https:\/\/www.bioethanolshop.nl\/es\/wp-json\/wp\/v2\/product_brand?post=580"},{"taxonomy":"product_cat","embeddable":true,"href":"https:\/\/www.bioethanolshop.nl\/es\/wp-json\/wp\/v2\/product_cat?post=580"},{"taxonomy":"product_tag","embeddable":true,"href":"https:\/\/www.bioethanolshop.nl\/es\/wp-json\/wp\/v2\/product_tag?post=580"}],"curies":[{"name":"wp","href":"https:\/\/api.w.org\/{rel}","templated":true}]}}