{"id":93,"date":"2021-02-09T12:11:08","date_gmt":"2021-02-09T12:11:08","guid":{"rendered":"https:\/\/www.bioethanolshop.nl\/?page_id=93"},"modified":"2025-10-10T13:02:34","modified_gmt":"2025-10-10T11:02:34","slug":"contacte-con","status":"publish","type":"page","link":"https:\/\/www.bioethanolshop.nl\/es\/contact\/","title":{"rendered":"Contacte con"},"content":{"rendered":"<div data-elementor-type=\"wp-page\" data-elementor-id=\"93\" class=\"elementor elementor-93\" data-elementor-post-type=\"page\">\n\t\t\t\t\t\t<section class=\"elementor-section elementor-top-section elementor-element elementor-element-7a1d8ab9 elementor-section-boxed elementor-section-height-default elementor-section-height-default wd-section-disabled\" data-id=\"7a1d8ab9\" data-element_type=\"section\" data-e-type=\"section\">\n\t\t\t\t\t\t<div class=\"elementor-container elementor-column-gap-default\">\n\t\t\t\t\t<div class=\"elementor-column elementor-col-50 elementor-top-column elementor-element elementor-element-69d8f52d\" data-id=\"69d8f52d\" data-element_type=\"column\" data-e-type=\"column\">\n\t\t\t<div class=\"elementor-widget-wrap elementor-element-populated\">\n\t\t\t\t\t\t<div class=\"elementor-element elementor-element-48644ba elementor-widget elementor-widget-wd_title\" data-id=\"48644ba\" data-element_type=\"widget\" data-e-type=\"widget\" data-widget_type=\"wd_title.default\">\n\t\t\t\t<div class=\"elementor-widget-container\">\n\t\t\t\t\t\t\t<div class=\"title-wrapper set-mb-s reset-last-child wd-title-color-default wd-title-style-bordered wd-title-size-default text-left\">\n\n\t\t\t\n\t\t\t<div class=\"liner-continer\">\n\t\t\t\t<h4 class=\"woodmart-title-container title wd-fontsize-l\">ENV\u00cdENOS UN CORREO ELECTR\u00d3NICO<\/h4> \n\t\t\t\t\t\t\t<\/div>\n\n\t\t\t\t\t<\/div>\n\t\t\t\t\t\t<\/div>\n\t\t\t\t<\/div>\n\t\t\t\t<div class=\"elementor-element elementor-element-30328e2a elementor-widget elementor-widget-wd_contact_form_7\" data-id=\"30328e2a\" data-element_type=\"widget\" data-e-type=\"widget\" data-widget_type=\"wd_contact_form_7.default\">\n\t\t\t\t<div class=\"elementor-widget-container\">\n\t\t\t\t\t\n<div class=\"wpcf7 no-js\" id=\"wpcf7-f8259-o1\" lang=\"nl-NL\" dir=\"ltr\" data-wpcf7-id=\"8259\">\n<div class=\"screen-reader-response\"><p role=\"status\" aria-live=\"polite\" aria-atomic=\"true\"><\/p> <ul><\/ul><\/div>\n<form action=\"\/es\/wp-json\/wp\/v2\/pages\/93#wpcf7-f8259-o1\" method=\"post\" class=\"wpcf7-form init\" aria-label=\"Formulario de contacto\" novalidate=\"novalidate\" data-status=\"init\" data-trp-original-action=\"\/es\/wp-json\/wp\/v2\/pages\/93#wpcf7-f8259-o1\">\n<fieldset class=\"hidden-fields-container\"><input type=\"hidden\" name=\"_wpcf7\" value=\"8259\" \/><input type=\"hidden\" name=\"_wpcf7_version\" value=\"6.1.5\" \/><input type=\"hidden\" name=\"_wpcf7_locale\" value=\"nl_NL\" \/><input type=\"hidden\" name=\"_wpcf7_unit_tag\" value=\"wpcf7-f8259-o1\" \/><input type=\"hidden\" name=\"_wpcf7_container_post\" value=\"0\" \/><input type=\"hidden\" name=\"_wpcf7_posted_data_hash\" value=\"\" \/><input type=\"hidden\" name=\"_wpcf7_recaptcha_response\" value=\"\" \/>\n<\/fieldset>\n<p><label> tu nombre<br \/>\n<span class=\"wpcf7-form-control-wrap\" data-name=\"your-name\"><input size=\"40\" maxlength=\"400\" class=\"wpcf7-form-control wpcf7-text wpcf7-validates-as-required\" autocomplete=\"name\" aria-required=\"true\" aria-invalid=\"false\" value=\"\" type=\"text\" name=\"your-name\" \/><\/span> <\/label>\n<\/p>\n<p><label> su correo electr\u00f3nico<br \/>\n<span class=\"wpcf7-form-control-wrap\" data-name=\"your-email\"><input size=\"40\" maxlength=\"400\" class=\"wpcf7-form-control wpcf7-email wpcf7-validates-as-required wpcf7-text wpcf7-validates-as-email\" autocomplete=\"email\" aria-required=\"true\" aria-invalid=\"false\" value=\"\" type=\"email\" name=\"your-email\" \/><\/span> <\/label>\n<\/p>\n<p><label> tema<br \/>\n<span class=\"wpcf7-form-control-wrap\" data-name=\"your-subject\"><input size=\"40\" maxlength=\"400\" class=\"wpcf7-form-control wpcf7-text wpcf7-validates-as-required\" aria-required=\"true\" aria-invalid=\"false\" value=\"\" type=\"text\" name=\"your-subject\" \/><\/span> <\/label>\n<\/p>\n<p><label> su mensaje (opcional)<br \/>\n<span class=\"wpcf7-form-control-wrap\" data-name=\"your-message\"><textarea cols=\"40\" rows=\"10\" maxlength=\"2000\" class=\"wpcf7-form-control wpcf7-textarea\" aria-invalid=\"false\" name=\"your-message\"><\/textarea><\/span> <\/label>\n<\/p>\n<p><input class=\"wpcf7-form-control wpcf7-submit has-spinner\" type=\"submit\" value=\"enviar\" \/>\n<\/p><p style=\"display: none !important;\" class=\"akismet-fields-container\" data-prefix=\"_wpcf7_ak_\"><label>&#916;<textarea name=\"_wpcf7_ak_hp_textarea\" cols=\"45\" rows=\"8\" maxlength=\"100\"><\/textarea><\/label><input type=\"hidden\" id=\"ak_js_1\" name=\"_wpcf7_ak_js\" value=\"183\"\/><script>document.getElementById( \"ak_js_1\" ).setAttribute( \"value\", ( new Date() ).getTime() );<\/script><\/p><div class=\"wpcf7-response-output\" aria-hidden=\"true\"><\/div>\n<input type=\"hidden\" name=\"trp-form-language\" value=\"es\"\/><\/form>\n<\/div>\n\t\t\t\t<\/div>\n\t\t\t\t<\/div>\n\t\t\t\t\t<\/div>\n\t\t<\/div>\n\t\t\t\t<div class=\"elementor-column elementor-col-50 elementor-top-column elementor-element elementor-element-da778f4\" data-id=\"da778f4\" data-element_type=\"column\" data-e-type=\"column\">\n\t\t\t<div class=\"elementor-widget-wrap elementor-element-populated\">\n\t\t\t\t\t\t<div class=\"elementor-element elementor-element-6c760972 elementor-widget elementor-widget-wd_title\" data-id=\"6c760972\" data-element_type=\"widget\" data-e-type=\"widget\" data-widget_type=\"wd_title.default\">\n\t\t\t\t<div class=\"elementor-widget-container\">\n\t\t\t\t\t\t\t<div class=\"title-wrapper set-mb-s reset-last-child wd-title-color-default wd-title-style-bordered wd-title-size-default text-left\">\n\n\t\t\t\n\t\t\t<div class=\"liner-continer\">\n\t\t\t\t<h4 class=\"woodmart-title-container title wd-fontsize-l\">CONTACTO<\/h4> \n\t\t\t\t\t\t\t<\/div>\n\n\t\t\t\t\t<\/div>\n\t\t\t\t\t\t<\/div>\n\t\t\t\t<\/div>\n\t\t\t\t<section class=\"elementor-section elementor-inner-section elementor-element elementor-element-174e00ba elementor-section-boxed elementor-section-height-default elementor-section-height-default wd-section-disabled\" data-id=\"174e00ba\" data-element_type=\"section\" data-e-type=\"section\">\n\t\t\t\t\t\t<div class=\"elementor-container elementor-column-gap-extended\">\n\t\t\t\t\t<div class=\"elementor-column elementor-col-100 elementor-inner-column elementor-element elementor-element-5483a1a0\" data-id=\"5483a1a0\" data-element_type=\"column\" data-e-type=\"column\">\n\t\t\t<div class=\"elementor-widget-wrap elementor-element-populated\">\n\t\t\t\t\t\t<div class=\"elementor-element elementor-element-18c3f6e5 elementor-widget elementor-widget-wd_infobox\" data-id=\"18c3f6e5\" data-element_type=\"widget\" data-e-type=\"widget\" data-widget_type=\"wd_infobox.default\">\n\t\t\t\t<div class=\"elementor-widget-container\">\n\t\t\t\t\t\t\t<div class=\"info-box-wrapper\">\n\t\t\t<div class=\"wd-info-box text-left box-icon-align-left box-style-base color-scheme- wd-items-top\" >\n\t\t\t\t\t\t\t\t\t<div class=\"box-icon-wrapper  box-with-icon box-icon-simple\">\n\t\t\t\t\t\t<div class=\"info-box-icon\">\n\t\t\t\t\t\t\t\t\t\t\t\t\t\t\t<img decoding=\"async\" src=\"https:\/\/www.bioethanolshop.nl\/wp-content\/uploads\/elementor\/thumbs\/tela-plana-celular-esboco_318-39730-40x40-1-peg5f0jmyk6s51ao8zc3rkza9nhmggufrrrrd8hn68-pesiitm3t1kmc7tlguz77j3w926k3590i963lbtx1s-rix1froigzsib2zdps2o94ddhdptwz7m4rna7vs3gw.png\" title=\"tela-plana-celular-esboco_318-39730-40\u00d740-1-peg5f0jmyk6s51ao8zc3rkza9nhmggufrrrrd8hn68-pesiitm3t1kmc7tlguz77j3w926k3590i963lbtx1s.png\" alt=\"tela-plana-celular-esboco_318-39730-40x40-1-peg5f0jmyk6s51ao8zc3rkza9nhmggufrrrrd8hn68-pesiitm3t1kmc7tlguz77j3w926k3590i963lbtx1s.png\" loading=\"lazy\" \/>\t\t\t\t\t\t\t\t\t\t\t\t\t<\/div>\n\t\t\t\t\t<\/div>\n\t\t\t\t\n\t\t\t\t<div class=\"info-box-content\">\n\t\t\t\t\t\n\t\t\t\t\t\n\t\t\t\t\t<div class=\"info-box-inner set-cont-mb-s reset-last-child\"\n\t\t\t\t\t\t data-elementor-setting-key=\"content\">\n\t\t\t\t\t\t<p><span style=\"color: #333333;\"><strong>Correo electr\u00f3nico:<\/strong><\/span> <a href=\"mailto:info@kbhonline.eu\">info@kbhonline.eu<\/a><\/p>\n\t\t\t\t\t<\/div>\n\t\n\t\t\t\t\t\t\t\t\t<\/div>\n\t\t\t<\/div>\n\t\t<\/div>\n\t\t\t\t\t\t<\/div>\n\t\t\t\t<\/div>\n\t\t\t\t\t<\/div>\n\t\t<\/div>\n\t\t\t\t\t<\/div>\n\t\t<\/section>\n\t\t\t\t<div class=\"elementor-element elementor-element-2bda30c7 color-scheme-inherit text-left elementor-widget elementor-widget-text-editor\" data-id=\"2bda30c7\" data-element_type=\"widget\" data-e-type=\"widget\" data-widget_type=\"text-editor.default\">\n\t\t\t\t<div class=\"elementor-widget-container\">\n\t\t\t\t\t\t\t\t\t<p><strong><span style=\"vertical-align: inherit;\"><span style=\"vertical-align: inherit;\">Se encuentra la tienda de bioetanol:<\/span><\/span><\/strong><span style=\"vertical-align: inherit;\"><span style=\"vertical-align: inherit;\"> Hendrik ter Kuilestraat 173, 7547 SK Enschede (No hay tienda, no se puede recoger)<\/span><\/span><\/p>\n<ul>\n<li style=\"list-style-type: none;\">\n<ul>\n<li><strong><span style=\"vertical-align: inherit;\"><span style=\"vertical-align: inherit;\">Tel NL:<\/span><\/span><\/strong><span style=\"vertical-align: inherit;\"><span style=\"vertical-align: inherit;\"> 053 200 55 68 (13.00 - 16.00 | de lunes a viernes)<\/span><\/span><\/li>\n<li><strong><span style=\"vertical-align: inherit;\"><span style=\"vertical-align: inherit;\">Tel BE:<\/span><\/span><\/strong><span style=\"vertical-align: inherit;\"><span style=\"vertical-align: inherit;\"> 03 808 1669 (13.00 - 16.00 | de lunes a viernes)<\/span><\/span><\/li>\n<\/ul>\n<\/li>\n<\/ul>\t\t\t\t\t\t\t\t<\/div>\n\t\t\t\t<\/div>\n\t\t\t\t<div class=\"elementor-element elementor-element-27282ec0 color-scheme-inherit text-left elementor-widget elementor-widget-text-editor\" data-id=\"27282ec0\" data-element_type=\"widget\" data-e-type=\"widget\" data-widget_type=\"text-editor.default\">\n\t\t\t\t<div class=\"elementor-widget-container\">\n\t\t\t\t\t\t\t\t\t<h4><strong>Opciones de pago<\/strong><\/h4><p>Con nosotros tiene la opci\u00f3n de pagar como quiera, aceptamos iDEAL, prepago, Paypal y tarjeta de cr\u00e9dito (tambi\u00e9n varias tarjetas de cr\u00e9dito extranjeras). Aqu\u00ed encontrar\u00e1 m\u00e1s informaci\u00f3n sobre los m\u00e9todos de pago.<\/p><h4 class=\"nitro-offscreen\"><strong>Plazo de entrega<\/strong><\/h4><p class=\"nitro-offscreen\">Los productos disponibles en stock y pedidos antes de las 17:00 se entregar\u00e1n al d\u00eda siguiente. Debido a las cortas colas con nuestros proveedores, los productos que no tenemos en stock nosotros mismos suelen estar disponibles en un plazo de 2 a 5 d\u00edas laborables.<br \/>Si el plazo de entrega es superior a 7 d\u00edas laborables, recibir\u00e1 autom\u00e1ticamente un mensaje nuestro de confirmaci\u00f3n sobre el plazo de entrega. La recogida es posible en d\u00edas laborables de 09:00 a 17:00, previa cita telef\u00f3nica.<\/p>\t\t\t\t\t\t\t\t<\/div>\n\t\t\t\t<\/div>\n\t\t\t\t\t<\/div>\n\t\t<\/div>\n\t\t\t\t\t<\/div>\n\t\t<\/section>\n\t\t\t\t<\/div>","protected":false},"excerpt":{"rendered":"<p>ENV\u00cdENOS UN CORREO ELECTR\u00d3NICO su nombre el asunto de su correo electr\u00f3nico su mensaje (opcional) \u0394 CONTACTENOS Correo electr\u00f3nico: info@kbhonline.eu La tienda de bioetanol es<\/p>","protected":false},"author":1,"featured_media":0,"parent":0,"menu_order":0,"comment_status":"closed","ping_status":"closed","template":"","meta":{"_acf_changed":false,"footnotes":""},"class_list":["post-93","page","type-page","status-publish","hentry"],"acf":[],"yoast_head":"<!-- This site is optimized with the Yoast SEO Premium plugin v27.2 (Yoast SEO v27.2) - https:\/\/yoast.com\/product\/yoast-seo-premium-wordpress\/ -->\n<title>Contact | Bioethanolshop.nl<\/title>\n<meta name=\"robots\" content=\"index, follow, max-snippet:-1, max-image-preview:large, max-video-preview:-1\" \/>\n<link rel=\"canonical\" href=\"https:\/\/www.bioethanolshop.nl\/es\/contacte-con\/\" \/>\n<meta property=\"og:locale\" content=\"es_ES\" \/>\n<meta property=\"og:type\" content=\"article\" \/>\n<meta property=\"og:title\" content=\"Contact\" \/>\n<meta property=\"og:description\" content=\"STUUR ONS EEN E-MAIL uw naam uw e-mail onderwerp je bericht (optioneel) &#916; CONTACT ONS E-mail: info@kbhonline.eu Bio-ethanol winkel is\" \/>\n<meta property=\"og:url\" content=\"https:\/\/www.bioethanolshop.nl\/es\/contacte-con\/\" \/>\n<meta property=\"og:site_name\" content=\"Bioethanolshop.nl\" \/>\n<meta property=\"article:publisher\" content=\"https:\/\/www.facebook.com\/profile.php?id=100064154436458\" \/>\n<meta property=\"article:modified_time\" content=\"2025-10-10T11:02:34+00:00\" \/>\n<meta property=\"og:image\" content=\"https:\/\/www.bioethanolshop.nl\/wp-content\/uploads\/elementor\/thumbs\/tela-plana-celular-esboco_318-39730-40x40-1-peg5f0jmyk6s51ao8zc3rkza9nhmggufrrrrd8hn68-pesiitm3t1kmc7tlguz77j3w926k3590i963lbtx1s-qangb6vi5tfcejvffxgoq009nw8l77ptneb5i9xcsg.png\" \/>\n<meta name=\"twitter:card\" content=\"summary_large_image\" \/>\n<meta name=\"twitter:label1\" content=\"Tiempo de lectura\" \/>\n\t<meta name=\"twitter:data1\" content=\"1 minuto\" \/>\n<!-- \/ Yoast SEO Premium plugin. -->","yoast_head_json":{"title":"Contacto | Bioethanolshop.com","robots":{"index":"index","follow":"follow","max-snippet":"max-snippet:-1","max-image-preview":"max-image-preview:large","max-video-preview":"max-video-preview:-1"},"canonical":"https:\/\/www.bioethanolshop.nl\/es\/contacte-con\/","og_locale":"es_ES","og_type":"article","og_title":"Contact","og_description":"STUUR ONS EEN E-MAIL uw naam uw e-mail onderwerp je bericht (optioneel) &#916; CONTACT ONS E-mail: info@kbhonline.eu Bio-ethanol winkel is","og_url":"https:\/\/www.bioethanolshop.nl\/es\/contacte-con\/","og_site_name":"Bioethanolshop.nl","article_publisher":"https:\/\/www.facebook.com\/profile.php?id=100064154436458","article_modified_time":"2025-10-10T11:02:34+00:00","og_image":[{"url":"https:\/\/www.bioethanolshop.nl\/wp-content\/uploads\/elementor\/thumbs\/tela-plana-celular-esboco_318-39730-40x40-1-peg5f0jmyk6s51ao8zc3rkza9nhmggufrrrrd8hn68-pesiitm3t1kmc7tlguz77j3w926k3590i963lbtx1s-qangb6vi5tfcejvffxgoq009nw8l77ptneb5i9xcsg.png","type":"","width":"","height":""}],"twitter_card":"summary_large_image","twitter_misc":{"Tiempo de lectura":"1 minuto"},"schema":{"@context":"https:\/\/schema.org","@graph":[{"@type":"WebPage","@id":"https:\/\/www.bioethanolshop.nl\/contact\/","url":"https:\/\/www.bioethanolshop.nl\/contact\/","name":"Contacto | Bioethanolshop.com","isPartOf":{"@id":"https:\/\/www.bioethanolshop.nl\/en\/#website"},"primaryImageOfPage":{"@id":"https:\/\/www.bioethanolshop.nl\/contact\/#primaryimage"},"image":{"@id":"https:\/\/www.bioethanolshop.nl\/contact\/#primaryimage"},"thumbnailUrl":"https:\/\/www.bioethanolshop.nl\/wp-content\/uploads\/elementor\/thumbs\/tela-plana-celular-esboco_318-39730-40x40-1-peg5f0jmyk6s51ao8zc3rkza9nhmggufrrrrd8hn68-pesiitm3t1kmc7tlguz77j3w926k3590i963lbtx1s-qangb6vi5tfcejvffxgoq009nw8l77ptneb5i9xcsg.png","datePublished":"2021-02-09T12:11:08+00:00","dateModified":"2025-10-10T11:02:34+00:00","breadcrumb":{"@id":"https:\/\/www.bioethanolshop.nl\/contact\/#breadcrumb"},"inLanguage":"es","potentialAction":[{"@type":"ReadAction","target":["https:\/\/www.bioethanolshop.nl\/contact\/"]}]},{"@type":"ImageObject","inLanguage":"es","@id":"https:\/\/www.bioethanolshop.nl\/contact\/#primaryimage","url":"https:\/\/www.bioethanolshop.nl\/wp-content\/uploads\/elementor\/thumbs\/tela-plana-celular-esboco_318-39730-40x40-1-peg5f0jmyk6s51ao8zc3rkza9nhmggufrrrrd8hn68-pesiitm3t1kmc7tlguz77j3w926k3590i963lbtx1s-qangb6vi5tfcejvffxgoq009nw8l77ptneb5i9xcsg.png","contentUrl":"https:\/\/www.bioethanolshop.nl\/wp-content\/uploads\/elementor\/thumbs\/tela-plana-celular-esboco_318-39730-40x40-1-peg5f0jmyk6s51ao8zc3rkza9nhmggufrrrrd8hn68-pesiitm3t1kmc7tlguz77j3w926k3590i963lbtx1s-qangb6vi5tfcejvffxgoq009nw8l77ptneb5i9xcsg.png"},{"@type":"BreadcrumbList","@id":"https:\/\/www.bioethanolshop.nl\/contact\/#breadcrumb","itemListElement":[{"@type":"ListItem","position":1,"name":"Home","item":"https:\/\/www.bioethanolshop.nl\/"},{"@type":"ListItem","position":2,"name":"Contact"}]},{"@type":"WebSite","@id":"https:\/\/www.bioethanolshop.nl\/en\/#website","url":"https:\/\/www.bioethanolshop.nl\/en\/","name":"Bioethanolshop.nl","description":"El mayor en bioetanol y de mejor calidad","potentialAction":[{"@type":"SearchAction","target":{"@type":"EntryPoint","urlTemplate":"https:\/\/www.bioethanolshop.nl\/en\/?s={search_term_string}"},"query-input":{"@type":"PropertyValueSpecification","valueRequired":true,"valueName":"search_term_string"}}],"inLanguage":"es"}]}},"_links":{"self":[{"href":"https:\/\/www.bioethanolshop.nl\/es\/wp-json\/wp\/v2\/pages\/93","targetHints":{"allow":["GET"]}}],"collection":[{"href":"https:\/\/www.bioethanolshop.nl\/es\/wp-json\/wp\/v2\/pages"}],"about":[{"href":"https:\/\/www.bioethanolshop.nl\/es\/wp-json\/wp\/v2\/types\/page"}],"author":[{"embeddable":true,"href":"https:\/\/www.bioethanolshop.nl\/es\/wp-json\/wp\/v2\/users\/1"}],"replies":[{"embeddable":true,"href":"https:\/\/www.bioethanolshop.nl\/es\/wp-json\/wp\/v2\/comments?post=93"}],"version-history":[{"count":3,"href":"https:\/\/www.bioethanolshop.nl\/es\/wp-json\/wp\/v2\/pages\/93\/revisions"}],"predecessor-version":[{"id":17680,"href":"https:\/\/www.bioethanolshop.nl\/es\/wp-json\/wp\/v2\/pages\/93\/revisions\/17680"}],"wp:attachment":[{"href":"https:\/\/www.bioethanolshop.nl\/es\/wp-json\/wp\/v2\/media?parent=93"}],"curies":[{"name":"wp","href":"https:\/\/api.w.org\/{rel}","templated":true}]}}