{"id":89,"date":"2021-02-09T12:09:19","date_gmt":"2021-02-09T12:09:19","guid":{"rendered":"https:\/\/www.bioethanolshop.nl\/?page_id=89"},"modified":"2023-08-09T11:49:35","modified_gmt":"2023-08-09T09:49:35","slug":"condiciones-de-uso","status":"publish","type":"page","link":"https:\/\/www.bioethanolshop.nl\/es\/gebruikersvoorwaarden\/","title":{"rendered":"Condiciones de uso"},"content":{"rendered":"<div data-elementor-type=\"wp-page\" data-elementor-id=\"89\" class=\"elementor elementor-89\" data-elementor-post-type=\"page\">\n\t\t\t\t\t\t<section class=\"elementor-section elementor-top-section elementor-element elementor-element-21a62b1e elementor-section-boxed elementor-section-height-default elementor-section-height-default wd-section-disabled\" data-id=\"21a62b1e\" data-element_type=\"section\" data-e-type=\"section\">\n\t\t\t\t\t\t<div class=\"elementor-container elementor-column-gap-default\">\n\t\t\t\t\t<div class=\"elementor-column elementor-col-100 elementor-top-column elementor-element elementor-element-7da138d2\" data-id=\"7da138d2\" data-element_type=\"column\" data-e-type=\"column\">\n\t\t\t<div class=\"elementor-widget-wrap elementor-element-populated\">\n\t\t\t\t\t\t<div class=\"elementor-element elementor-element-6f324228 color-scheme-inherit text-left elementor-widget elementor-widget-text-editor\" data-id=\"6f324228\" data-element_type=\"widget\" data-e-type=\"widget\" data-widget_type=\"text-editor.default\">\n\t\t\t\t<div class=\"elementor-widget-container\">\n\t\t\t\t\t\t\t\t\t\n<ol class=\"wp-block-list\">\n<li><strong>Propiedad<\/strong><\/li>\n<\/ol>\n\n\n\n<p>Este sitio web es propiedad de KBH B.V. (KvK 66830257), que opera bajo el nombre de Bioethanolshop. Al utilizar este sitio web, usted declara estar de acuerdo con la aplicabilidad de estas condiciones de uso. Si no desea aceptar estas condiciones de uso (o una parte de ellas) o no acepta la aplicabilidad de estas condiciones de cualquier otro modo, no est\u00e1 permitido utilizar este sitio web.<\/p>\n\n\n\n<ol class=\"wp-block-list\" start=\"2\">\n<li><strong>Utilice<br><\/strong>No se permite a los usuarios hacer un uso indebido del sitio web. Salvo autorizaci\u00f3n por escrito, la informaci\u00f3n, los datos y los materiales de este sitio web no podr\u00e1n utilizarse para prestar servicios a terceros ni podr\u00e1n compartirse con ellos ni hacerse accesibles a terceros. Esto implica, entre otras cosas, que el usuario no est\u00e1 autorizado a utilizar herramientas y\/o soluciones de software y\/o hardware, o procesos manuales de naturaleza similar o parecida, que tengan por objeto apropiarse de cualquier informaci\u00f3n y datos accesibles a trav\u00e9s del sitio web (como el \"screen scrapping\" y\/o el uso de un robot, \"bot\", \"spider\", \"web crawler\", etc\u00e9tera). Adem\u00e1s, el usuario se abstendr\u00e1 de crear o hacer crear enlaces al sitio web.<br><\/li>\n\n\n\n<li><strong>Propiedad Intelectual<br><\/strong>La informaci\u00f3n, los datos y los materiales de este sitio web, as\u00ed como su dise\u00f1o, incluidos los textos, los archivos de datos, las fotograf\u00edas, los logotipos y otros materiales visuales y sonoros (fijos y\/o en movimiento) est\u00e1n protegidos por derechos de autor, marcas comerciales, derechos de bases de datos y otros derechos de propiedad intelectual. Nada en estas condiciones de uso pretende transferir ning\u00fan derecho de propiedad intelectual al usuario. Cualquier uso del sitio web que no est\u00e9 expresamente permitido por estas condiciones y\/o cualquier reproducci\u00f3n (incluida la edici\u00f3n) y\/o publicaci\u00f3n del contenido y el dise\u00f1o del sitio web constituye una infracci\u00f3n de los derechos de propiedad intelectual de KBH BV y\/o de la parte de la que se obtuvo una licencia y, por lo tanto, no est\u00e1 permitido sin el consentimiento previo por escrito.<br><\/li>\n\n\n\n<li><strong>Responsabilidad<\/strong><br>Aunque KBH BV se esfuerza continuamente por mantener la informaci\u00f3n del sitio web fiable, completa y actualizada, no puede garantizar que la informaci\u00f3n sea correcta, completa y actualizada.<br>KBH BV no ser\u00e1 responsable de ning\u00fan da\u00f1o o p\u00e9rdida, directa o indirecta, que sufra el usuario o cualquier tercero como consecuencia del uso de (la informaci\u00f3n y los materiales) de este sitio web.<br><\/li>\n\n\n\n<li><strong>Entregas intracomunitarias sin IVA<br><\/strong>Si realiza un pedido dentro de la UE, pero fuera de los Pa\u00edses Bajos, puede utilizar un n\u00famero de IVA v\u00e1lido (VAT-ID) para realizar un pedido en la cesta de la compra y pagar sin IVA. Si su n\u00famero de IVA est\u00e1 validado, el IVA no se mostrar\u00e1 en la cesta y el importe a pagar tambi\u00e9n se mostrar\u00e1 sin IVA en la caja, en su confirmaci\u00f3n de pedido y en la factura correspondiente. Si su n\u00famero de IVA NO est\u00e1 validado en la cesta, pero desea recibir una factura sin IVA a posteriori, esto tiene un coste. Estos costes ascienden a 15 euros, sin IVA, por cada factura o correcci\u00f3n que se realice.<br><\/li>\n\n\n\n<li><strong>Otros<br><\/strong>El uso del sitio web y de estas condiciones est\u00e1 sujeto a la legislaci\u00f3n holandesa. Todos los litigios relacionados con el sitio web se someter\u00e1n al Tribunal de Distrito de Almelo, Pa\u00edses Bajos.<\/li>\n<\/ol>\n\t\t\t\t\t\t\t\t<\/div>\n\t\t\t\t<\/div>\n\t\t\t\t\t<\/div>\n\t\t<\/div>\n\t\t\t\t\t<\/div>\n\t\t<\/section>\n\t\t\t\t<\/div>","protected":false},"excerpt":{"rendered":"<p>Este sitio web es propiedad de KBH B.V. (KvK 66830257), que opera bajo el nombre de Bioethanolshop. Al utilizar este<\/p>","protected":false},"author":1,"featured_media":0,"parent":0,"menu_order":900,"comment_status":"closed","ping_status":"closed","template":"","meta":{"_acf_changed":false,"footnotes":""},"class_list":["post-89","page","type-page","status-publish","hentry"],"acf":[],"yoast_head":"<!-- This site is optimized with the Yoast SEO Premium plugin v27.2 (Yoast SEO v27.2) - https:\/\/yoast.com\/product\/yoast-seo-premium-wordpress\/ -->\n<title>Gebruikersvoorwaarden | Bioethanolshop.nl<\/title>\n<meta name=\"robots\" content=\"index, follow, max-snippet:-1, max-image-preview:large, max-video-preview:-1\" \/>\n<link rel=\"canonical\" href=\"https:\/\/www.bioethanolshop.nl\/es\/condiciones-de-uso\/\" \/>\n<meta property=\"og:locale\" content=\"es_ES\" \/>\n<meta property=\"og:type\" content=\"article\" \/>\n<meta property=\"og:title\" content=\"Gebruikersvoorwaarden\" \/>\n<meta property=\"og:description\" content=\"Deze website is eigendom van KBH B.V. (KvK 66830257), ondermeer handelend onder de naam Bioethanolshop. Door het gebruik van deze\" \/>\n<meta property=\"og:url\" content=\"https:\/\/www.bioethanolshop.nl\/es\/condiciones-de-uso\/\" \/>\n<meta property=\"og:site_name\" content=\"Bioethanolshop.nl\" \/>\n<meta property=\"article:publisher\" content=\"https:\/\/www.facebook.com\/profile.php?id=100064154436458\" \/>\n<meta property=\"article:modified_time\" content=\"2023-08-09T09:49:35+00:00\" \/>\n<meta name=\"twitter:card\" content=\"summary_large_image\" \/>\n<meta name=\"twitter:label1\" content=\"Tiempo de lectura\" \/>\n\t<meta name=\"twitter:data1\" content=\"3 minutos\" \/>\n<!-- \/ Yoast SEO Premium plugin. -->","yoast_head_json":{"title":"Condiciones de uso | Bioethanolshop.com","robots":{"index":"index","follow":"follow","max-snippet":"max-snippet:-1","max-image-preview":"max-image-preview:large","max-video-preview":"max-video-preview:-1"},"canonical":"https:\/\/www.bioethanolshop.nl\/es\/condiciones-de-uso\/","og_locale":"es_ES","og_type":"article","og_title":"Gebruikersvoorwaarden","og_description":"Deze website is eigendom van KBH B.V. (KvK 66830257), ondermeer handelend onder de naam Bioethanolshop. Door het gebruik van deze","og_url":"https:\/\/www.bioethanolshop.nl\/es\/condiciones-de-uso\/","og_site_name":"Bioethanolshop.nl","article_publisher":"https:\/\/www.facebook.com\/profile.php?id=100064154436458","article_modified_time":"2023-08-09T09:49:35+00:00","twitter_card":"summary_large_image","twitter_misc":{"Tiempo de lectura":"3 minutos"},"schema":{"@context":"https:\/\/schema.org","@graph":[{"@type":"WebPage","@id":"https:\/\/www.bioethanolshop.nl\/gebruikersvoorwaarden\/","url":"https:\/\/www.bioethanolshop.nl\/gebruikersvoorwaarden\/","name":"Condiciones de uso | Bioethanolshop.com","isPartOf":{"@id":"https:\/\/www.bioethanolshop.nl\/en\/#website"},"datePublished":"2021-02-09T12:09:19+00:00","dateModified":"2023-08-09T09:49:35+00:00","breadcrumb":{"@id":"https:\/\/www.bioethanolshop.nl\/gebruikersvoorwaarden\/#breadcrumb"},"inLanguage":"es","potentialAction":[{"@type":"ReadAction","target":["https:\/\/www.bioethanolshop.nl\/gebruikersvoorwaarden\/"]}]},{"@type":"BreadcrumbList","@id":"https:\/\/www.bioethanolshop.nl\/gebruikersvoorwaarden\/#breadcrumb","itemListElement":[{"@type":"ListItem","position":1,"name":"Home","item":"https:\/\/www.bioethanolshop.nl\/"},{"@type":"ListItem","position":2,"name":"Gebruikersvoorwaarden"}]},{"@type":"WebSite","@id":"https:\/\/www.bioethanolshop.nl\/en\/#website","url":"https:\/\/www.bioethanolshop.nl\/en\/","name":"Bioethanolshop.nl","description":"El mayor en bioetanol y de mejor calidad","potentialAction":[{"@type":"SearchAction","target":{"@type":"EntryPoint","urlTemplate":"https:\/\/www.bioethanolshop.nl\/en\/?s={search_term_string}"},"query-input":{"@type":"PropertyValueSpecification","valueRequired":true,"valueName":"search_term_string"}}],"inLanguage":"es"}]}},"_links":{"self":[{"href":"https:\/\/www.bioethanolshop.nl\/es\/wp-json\/wp\/v2\/pages\/89","targetHints":{"allow":["GET"]}}],"collection":[{"href":"https:\/\/www.bioethanolshop.nl\/es\/wp-json\/wp\/v2\/pages"}],"about":[{"href":"https:\/\/www.bioethanolshop.nl\/es\/wp-json\/wp\/v2\/types\/page"}],"author":[{"embeddable":true,"href":"https:\/\/www.bioethanolshop.nl\/es\/wp-json\/wp\/v2\/users\/1"}],"replies":[{"embeddable":true,"href":"https:\/\/www.bioethanolshop.nl\/es\/wp-json\/wp\/v2\/comments?post=89"}],"version-history":[{"count":3,"href":"https:\/\/www.bioethanolshop.nl\/es\/wp-json\/wp\/v2\/pages\/89\/revisions"}],"predecessor-version":[{"id":8345,"href":"https:\/\/www.bioethanolshop.nl\/es\/wp-json\/wp\/v2\/pages\/89\/revisions\/8345"}],"wp:attachment":[{"href":"https:\/\/www.bioethanolshop.nl\/es\/wp-json\/wp\/v2\/media?parent=89"}],"curies":[{"name":"wp","href":"https:\/\/api.w.org\/{rel}","templated":true}]}}