{"id":252,"date":"2021-02-27T13:21:08","date_gmt":"2021-02-27T13:21:08","guid":{"rendered":"https:\/\/www.bioethanolshop.nl\/?page_id=252"},"modified":"2021-02-27T13:21:09","modified_gmt":"2021-02-27T13:21:09","slug":"envio-y-recogida-2","status":"publish","type":"page","link":"https:\/\/www.bioethanolshop.nl\/es\/verzendkosten-en-afhalen-2\/","title":{"rendered":"Gastos de env\u00edo y recogida"},"content":{"rendered":"<h3 class=\"wp-block-heading\" id=\"h-verwerkingskosten-bestelling\">Gastos de tramitaci\u00f3n de pedidos<\/h3>\n\n\n\n<p>Cada pedido conlleva gastos de tramitaci\u00f3n, como el almacenamiento, los materiales de embalaje, etc. Para los pedidos inferiores a 50,00 euros con IVA incluido, adem\u00e1s de los gastos de env\u00edo de 5,74 euros sin IVA \/ 6,95 euros con IVA incluido, cobramos una contribuci\u00f3n a los gastos de tramitaci\u00f3n de su pedido. La contribuci\u00f3n total a estos gastos de tramitaci\u00f3n y env\u00edo es de 9,00 euros sin impuestos \/ 10,89 euros con impuestos. Estos costes son visibles en la caja de nuestras tiendas web.<\/p>\n\n\n\n<h3 class=\"wp-block-heading\" id=\"h-verzendwijze-pakketzending\">M\u00e9todo de env\u00edo de paquetes<\/h3>\n\n\n\n<p>El transporte lo realiza un transportista o servicio de paqueter\u00eda de confianza como PostNL, DHL o TransMission. Si lo consideramos necesario, podemos decidir utilizar otro transportador. El punto de partida es siempre una conexi\u00f3n \u00f3ptima con un plazo de entrega lo m\u00e1s r\u00e1pido posible y a un coste razonable.<\/p>\n\n\n\n<h3 class=\"wp-block-heading\" id=\"h-verzendkosten-palletzending\">Gastos de env\u00edo de paletas<\/h3>\n\n\n\n<p>Puede ocurrir que un pedido sea tan grande o pesado que tenga que ser entregado mediante un env\u00edo de palets. En ese caso se entrega en un pal\u00e9 de dep\u00f3sito. Si el destinatario no puede o no quiere entregar al repartidor un pal\u00e9 vac\u00edo, tendremos que cobrar 15,00 euros por ello. El destinatario puede entregar la paleta con el dep\u00f3sito a un transportista local. Los precios de los dep\u00f3sitos pueden variar seg\u00fan el pa\u00eds o la regi\u00f3n.<\/p>\n\n\n\n<p><strong>Los gastos de env\u00edo dentro de los Pa\u00edses Bajos y B\u00e9lgica son GRATUITOS a partir de un pedido de 50,00 euros con IVA incluido (excepto el dep\u00f3sito de materiales de env\u00edo)<\/strong><\/p>\n\n\n\n<h3 class=\"wp-block-heading\" id=\"h-verzendkosten-buiten-de-benelux\">Gastos de env\u00edo fuera del Benelux<\/h3>\n\n\n\n<p>Los gastos de env\u00edo dentro de Europa (fuera del Benelux) son a petici\u00f3n. Si hay que ofrecerle un env\u00edo de carga una segunda o posterior vez, le cobraremos los costes adicionales.<\/p>\n\n\n\n<h3 class=\"wp-block-heading\" id=\"h-afhalen\">Recoger<\/h3>\n\n\n\n<p>Debido en parte a COVID-19 no es posible actualmente recoger su pedido. Cada pedido ser\u00e1 entregado en su direcci\u00f3n por nuestro transportista elegido, teniendo en cuenta la normativa aplicable (de emergencia).<\/p>","protected":false},"excerpt":{"rendered":"<p>Gastos de tramitaci\u00f3n de pedidos Cada pedido conlleva gastos de tramitaci\u00f3n, como almacenamiento, material de embalaje, etc\u00e9tera. Para pedidos inferiores a 50,00 euros, incluidos<\/p>","protected":false},"author":3,"featured_media":0,"parent":0,"menu_order":0,"comment_status":"closed","ping_status":"closed","template":"","meta":{"_acf_changed":false,"footnotes":""},"class_list":["post-252","page","type-page","status-publish","hentry"],"acf":[],"yoast_head":"<!-- This site is optimized with the Yoast SEO Premium plugin v27.5 (Yoast SEO v27.5) - https:\/\/yoast.com\/product\/yoast-seo-premium-wordpress\/ -->\n<title>Verzendkosten en afhalen | Bioethanolshop.nl<\/title>\n<meta name=\"robots\" content=\"index, follow, max-snippet:-1, max-image-preview:large, max-video-preview:-1\" \/>\n<link rel=\"canonical\" href=\"https:\/\/www.bioethanolshop.nl\/es\/envio-y-recogida-2\/\" \/>\n<meta property=\"og:locale\" content=\"es_ES\" \/>\n<meta property=\"og:type\" content=\"article\" \/>\n<meta property=\"og:title\" content=\"Verzendkosten en afhalen\" \/>\n<meta property=\"og:description\" content=\"Verwerkingskosten bestelling Elke bestelling brengt verwerkingskosten met zich mee, zoals opslag, verpakkingsmateriaal, etcetera. Bij bestellingen onder de \u20ac 50,00 inclusief\" \/>\n<meta property=\"og:url\" content=\"https:\/\/www.bioethanolshop.nl\/es\/envio-y-recogida-2\/\" \/>\n<meta property=\"og:site_name\" content=\"Bioethanolshop.nl\" \/>\n<meta property=\"article:publisher\" content=\"https:\/\/www.facebook.com\/profile.php?id=100064154436458\" \/>\n<meta property=\"article:modified_time\" content=\"2021-02-27T13:21:09+00:00\" \/>\n<meta name=\"twitter:card\" content=\"summary_large_image\" \/>\n<meta name=\"twitter:label1\" content=\"Tiempo de lectura\" \/>\n\t<meta name=\"twitter:data1\" content=\"1 minuto\" \/>\n<!-- \/ Yoast SEO Premium plugin. -->","yoast_head_json":{"title":"Env\u00edo y recogida | Bioethanolshop.com","robots":{"index":"index","follow":"follow","max-snippet":"max-snippet:-1","max-image-preview":"max-image-preview:large","max-video-preview":"max-video-preview:-1"},"canonical":"https:\/\/www.bioethanolshop.nl\/es\/envio-y-recogida-2\/","og_locale":"es_ES","og_type":"article","og_title":"Verzendkosten en afhalen","og_description":"Verwerkingskosten bestelling Elke bestelling brengt verwerkingskosten met zich mee, zoals opslag, verpakkingsmateriaal, etcetera. Bij bestellingen onder de \u20ac 50,00 inclusief","og_url":"https:\/\/www.bioethanolshop.nl\/es\/envio-y-recogida-2\/","og_site_name":"Bioethanolshop.nl","article_publisher":"https:\/\/www.facebook.com\/profile.php?id=100064154436458","article_modified_time":"2021-02-27T13:21:09+00:00","twitter_card":"summary_large_image","twitter_misc":{"Tiempo de lectura":"1 minuto"},"schema":{"@context":"https:\/\/schema.org","@graph":[{"@type":"WebPage","@id":"https:\/\/www.bioethanolshop.nl\/verzendkosten-en-afhalen-2\/","url":"https:\/\/www.bioethanolshop.nl\/verzendkosten-en-afhalen-2\/","name":"Env\u00edo y recogida | Bioethanolshop.com","isPartOf":{"@id":"https:\/\/www.bioethanolshop.nl\/en\/#website"},"datePublished":"2021-02-27T13:21:08+00:00","dateModified":"2021-02-27T13:21:09+00:00","breadcrumb":{"@id":"https:\/\/www.bioethanolshop.nl\/verzendkosten-en-afhalen-2\/#breadcrumb"},"inLanguage":"es","potentialAction":[{"@type":"ReadAction","target":["https:\/\/www.bioethanolshop.nl\/verzendkosten-en-afhalen-2\/"]}]},{"@type":"BreadcrumbList","@id":"https:\/\/www.bioethanolshop.nl\/verzendkosten-en-afhalen-2\/#breadcrumb","itemListElement":[{"@type":"ListItem","position":1,"name":"Home","item":"https:\/\/www.bioethanolshop.nl\/"},{"@type":"ListItem","position":2,"name":"Verzendkosten en afhalen"}]},{"@type":"WebSite","@id":"https:\/\/www.bioethanolshop.nl\/en\/#website","url":"https:\/\/www.bioethanolshop.nl\/en\/","name":"Bioethanolshop.nl","description":"El mayor en bioetanol y de mejor calidad","potentialAction":[{"@type":"SearchAction","target":{"@type":"EntryPoint","urlTemplate":"https:\/\/www.bioethanolshop.nl\/en\/?s={search_term_string}"},"query-input":{"@type":"PropertyValueSpecification","valueRequired":true,"valueName":"search_term_string"}}],"inLanguage":"es"}]}},"_links":{"self":[{"href":"https:\/\/www.bioethanolshop.nl\/es\/wp-json\/wp\/v2\/pages\/252","targetHints":{"allow":["GET"]}}],"collection":[{"href":"https:\/\/www.bioethanolshop.nl\/es\/wp-json\/wp\/v2\/pages"}],"about":[{"href":"https:\/\/www.bioethanolshop.nl\/es\/wp-json\/wp\/v2\/types\/page"}],"author":[{"embeddable":true,"href":"https:\/\/www.bioethanolshop.nl\/es\/wp-json\/wp\/v2\/users\/3"}],"replies":[{"embeddable":true,"href":"https:\/\/www.bioethanolshop.nl\/es\/wp-json\/wp\/v2\/comments?post=252"}],"version-history":[{"count":1,"href":"https:\/\/www.bioethanolshop.nl\/es\/wp-json\/wp\/v2\/pages\/252\/revisions"}],"predecessor-version":[{"id":253,"href":"https:\/\/www.bioethanolshop.nl\/es\/wp-json\/wp\/v2\/pages\/252\/revisions\/253"}],"wp:attachment":[{"href":"https:\/\/www.bioethanolshop.nl\/es\/wp-json\/wp\/v2\/media?parent=252"}],"curies":[{"name":"wp","href":"https:\/\/api.w.org\/{rel}","templated":true}]}}