{"id":584,"date":"2021-05-12T09:47:12","date_gmt":"2021-05-12T07:47:12","guid":{"rendered":"https:\/\/www.bioethanolshop.nl\/?post_type=product&#038;p=584"},"modified":"2024-07-16T14:47:55","modified_gmt":"2024-07-16T12:47:55","slug":"kynast-solar-led-led-have-bordlampe-varm-hvid-lys-med-daemper-3","status":"publish","type":"product","link":"https:\/\/www.bioethanolshop.nl\/dk\/product\/kynast-solar-schuttinglamp-2-stuks-dakgootlamp-3-leds-zonne-energie-sfeerlicht\/","title":{"rendered":"Kynast Solar hegnslampe | 2 stk. | tagrender | 3 lysdioder | solenergi | atmosf\u00e6risk lys"},"content":{"rendered":"<h2>Kynast Solar hegnslampe | 2 stk. | tagrender | 3 lysdioder | solenergi | atmosf\u00e6risk lys<\/h2>\n<p>Decoratieve solar schuttinglampenset van het merk Kynast Garden voor buiten. Set van twee stuks om uw schutting pad, huis, garage, schuur, camper of caravan gezellig te verlichten. Deze LED dakgootlampen geven warm wit licht met een brandduur tot 8 uur.<\/p>\n<p><strong>Produktoplysninger<\/strong>:<br \/>\n&#8211; Klassiek ontwerp<br \/>\n- Solenergi med modul<br \/>\n&#8211; Afmetingen: \u00d8 12 x 6.35cm<br \/>\n- Plastiksk\u00e6rm med integreret LI-lon-batteri<br \/>\n&#8211; 3 leds, warm wit<br \/>\n&#8211; Geleverd met al het montage materiaal<br \/>\n&#8211; Energie besparend<br \/>\n&#8211; Voorzien van oplaadbare AA batterij<br \/>\n- Til udend\u00f8rs brug<\/p>\n<p>Kynast Solar oplaadbare Dakgoot lamp om aan schutting of dakgoot te hangen.<br \/>\nBevestiging met schroeven en klemt met de steun aan schutting, hek dakgoot of poort.<br \/>\nGeschikt voor diktes tot 2 cm.<br \/>\nInclusief 3 leds en uitgerust met een aan-\/uitschakelaar.<\/p>\n<p>Geleverd inclusief oplaadbare batterij. Wordt opgeladen door zonne-energie. Brand maar liefst 6 tot 8 uur.<\/p>","protected":false},"excerpt":{"rendered":"<p>Kynast Solar hegnslampe | 2 stk. | tagrender | 3 lysdioder | solenergi | atmosf\u00e6risk lys<\/p>","protected":false},"featured_media":585,"comment_status":"closed","ping_status":"closed","template":"","meta":{"_acf_changed":false},"product_brand":[],"product_cat":[40,36],"product_tag":[37,39,38],"class_list":{"0":"post-584","1":"product","2":"type-product","3":"status-publish","4":"has-post-thumbnail","6":"product_cat-kynast-solar","7":"product_cat-solar-tuinverlichting","8":"product_tag-solar","9":"product_tag-solar-tafellamp","10":"product_tag-tuinlamp","12":"first","13":"outofstock","14":"taxable","15":"shipping-taxable","16":"purchasable","17":"product-type-simple"},"bundled_by":[],"bundle_stock_status":"outofstock","bundle_stock_quantity":null,"bundle_virtual":false,"bundle_layout":"","bundle_add_to_cart_form_location":"","bundle_editable_in_cart":false,"bundle_sold_individually_context":"","bundle_item_grouping":"","bundle_min_size":"","bundle_max_size":"","bundle_price":[],"bundled_items":[],"bundle_sell_ids":[],"acf":[],"yoast_head":"<!-- This site is optimized with the Yoast SEO Premium plugin v27.2 (Yoast SEO v27.2) - https:\/\/yoast.com\/product\/yoast-seo-premium-wordpress\/ -->\n<title>Kynast Solar schuttinglamp | 2 stuks | dakgootlamp | 3 leds | zonne energie | sfeerlicht - LED tuinhanglamp<\/title>\n<meta name=\"description\" content=\"Kynast SOLAR LED Tuin Tafellamp warm wit licht met dimmer voor buiten. Werkt op zonne energie met een brandduur van 8 uur.\" \/>\n<meta name=\"robots\" content=\"index, follow, max-snippet:-1, max-image-preview:large, max-video-preview:-1\" \/>\n<link rel=\"canonical\" href=\"https:\/\/www.bioethanolshop.nl\/dk\/produkt-2\/kynast-solar-led-led-have-bordlampe-varm-hvid-lys-med-daemper-3\/\" \/>\n<meta property=\"og:locale\" content=\"da_DK\" \/>\n<meta property=\"og:type\" content=\"article\" \/>\n<meta property=\"og:title\" content=\"Kynast Solar schuttinglamp | 2 stuks | dakgootlamp | 3 leds | zonne energie | sfeerlicht\" \/>\n<meta property=\"og:description\" content=\"Kynast SOLAR LED Tuin Tafellamp warm wit licht met dimmer voor buiten. Werkt op zonne energie met een brandduur van 8 uur.\" \/>\n<meta property=\"og:url\" content=\"https:\/\/www.bioethanolshop.nl\/dk\/produkt-2\/kynast-solar-led-led-have-bordlampe-varm-hvid-lys-med-daemper-3\/\" \/>\n<meta property=\"og:site_name\" content=\"Bioethanolshop.nl\" \/>\n<meta property=\"article:publisher\" content=\"https:\/\/www.facebook.com\/profile.php?id=100064154436458\" \/>\n<meta property=\"article:modified_time\" content=\"2024-07-16T12:47:55+00:00\" \/>\n<meta property=\"og:image\" content=\"https:\/\/www.bioethanolshop.nl\/wp-content\/uploads\/2021\/05\/dakgoot-led-lamp-1.jpg\" \/>\n\t<meta property=\"og:image:width\" content=\"1200\" \/>\n\t<meta property=\"og:image:height\" content=\"1057\" \/>\n\t<meta property=\"og:image:type\" content=\"image\/jpeg\" \/>\n<meta name=\"twitter:card\" content=\"summary_large_image\" \/>\n<meta name=\"twitter:label1\" content=\"Estimeret l\u00e6setid\" \/>\n\t<meta name=\"twitter:data1\" content=\"1 minut\" \/>\n<!-- \/ Yoast SEO Premium plugin. -->","yoast_head_json":{"title":"Kynast Solar schuttinglamp | 2 stuks | dakgootlamp | 3 leds | zonne energie | sfeerlicht - LED tuinhanglamp","description":"Kynast SOLAR LED Havebordslampe varmt hvidt lys med lysd\u00e6mper til udend\u00f8rs brug. Virker p\u00e5 solenergi med en br\u00e6ndetid p\u00e5 8 timer.","robots":{"index":"index","follow":"follow","max-snippet":"max-snippet:-1","max-image-preview":"max-image-preview:large","max-video-preview":"max-video-preview:-1"},"canonical":"https:\/\/www.bioethanolshop.nl\/dk\/produkt-2\/kynast-solar-led-led-have-bordlampe-varm-hvid-lys-med-daemper-3\/","og_locale":"da_DK","og_type":"article","og_title":"Kynast Solar schuttinglamp | 2 stuks | dakgootlamp | 3 leds | zonne energie | sfeerlicht","og_description":"Kynast SOLAR LED Tuin Tafellamp warm wit licht met dimmer voor buiten. Werkt op zonne energie met een brandduur van 8 uur.","og_url":"https:\/\/www.bioethanolshop.nl\/dk\/produkt-2\/kynast-solar-led-led-have-bordlampe-varm-hvid-lys-med-daemper-3\/","og_site_name":"Bioethanolshop.nl","article_publisher":"https:\/\/www.facebook.com\/profile.php?id=100064154436458","article_modified_time":"2024-07-16T12:47:55+00:00","og_image":[{"width":1200,"height":1057,"url":"https:\/\/www.bioethanolshop.nl\/wp-content\/uploads\/2021\/05\/dakgoot-led-lamp-1.jpg","type":"image\/jpeg"}],"twitter_card":"summary_large_image","twitter_misc":{"Estimeret l\u00e6setid":"1 minut"},"schema":{"@context":"https:\/\/schema.org","@graph":[{"@type":"WebPage","@id":"https:\/\/www.bioethanolshop.nl\/product\/kynast-solar-schuttinglamp-2-stuks-dakgootlamp-3-leds-zonne-energie-sfeerlicht\/","url":"https:\/\/www.bioethanolshop.nl\/product\/kynast-solar-schuttinglamp-2-stuks-dakgootlamp-3-leds-zonne-energie-sfeerlicht\/","name":"Kynast Solar schuttinglamp | 2 stuks | dakgootlamp | 3 leds | zonne energie | sfeerlicht - LED tuinhanglamp","isPartOf":{"@id":"https:\/\/www.bioethanolshop.nl\/en\/#website"},"primaryImageOfPage":{"@id":"https:\/\/www.bioethanolshop.nl\/product\/kynast-solar-schuttinglamp-2-stuks-dakgootlamp-3-leds-zonne-energie-sfeerlicht\/#primaryimage"},"image":{"@id":"https:\/\/www.bioethanolshop.nl\/product\/kynast-solar-schuttinglamp-2-stuks-dakgootlamp-3-leds-zonne-energie-sfeerlicht\/#primaryimage"},"thumbnailUrl":"https:\/\/www.bioethanolshop.nl\/wp-content\/uploads\/2021\/05\/dakgoot-led-lamp-1.jpg","datePublished":"2021-05-12T07:47:12+00:00","dateModified":"2024-07-16T12:47:55+00:00","description":"Kynast SOLAR LED Havebordslampe varmt hvidt lys med lysd\u00e6mper til udend\u00f8rs brug. Virker p\u00e5 solenergi med en br\u00e6ndetid p\u00e5 8 timer.","breadcrumb":{"@id":"https:\/\/www.bioethanolshop.nl\/product\/kynast-solar-schuttinglamp-2-stuks-dakgootlamp-3-leds-zonne-energie-sfeerlicht\/#breadcrumb"},"inLanguage":"da-DK","potentialAction":[{"@type":"ReadAction","target":["https:\/\/www.bioethanolshop.nl\/product\/kynast-solar-schuttinglamp-2-stuks-dakgootlamp-3-leds-zonne-energie-sfeerlicht\/"]}]},{"@type":"ImageObject","inLanguage":"da-DK","@id":"https:\/\/www.bioethanolshop.nl\/product\/kynast-solar-schuttinglamp-2-stuks-dakgootlamp-3-leds-zonne-energie-sfeerlicht\/#primaryimage","url":"https:\/\/www.bioethanolshop.nl\/wp-content\/uploads\/2021\/05\/dakgoot-led-lamp-1.jpg","contentUrl":"https:\/\/www.bioethanolshop.nl\/wp-content\/uploads\/2021\/05\/dakgoot-led-lamp-1.jpg","width":1200,"height":1057,"caption":"dakgoot led lamp"},{"@type":"BreadcrumbList","@id":"https:\/\/www.bioethanolshop.nl\/product\/kynast-solar-schuttinglamp-2-stuks-dakgootlamp-3-leds-zonne-energie-sfeerlicht\/#breadcrumb","itemListElement":[{"@type":"ListItem","position":1,"name":"Home","item":"https:\/\/www.bioethanolshop.nl\/"},{"@type":"ListItem","position":2,"name":"Winkel","item":"https:\/\/www.bioethanolshop.nl\/en\/store\/"},{"@type":"ListItem","position":3,"name":"Kynast Solar schuttinglamp | 2 stuks | dakgootlamp | 3 leds | zonne energie | sfeerlicht"}]},{"@type":"WebSite","@id":"https:\/\/www.bioethanolshop.nl\/en\/#website","url":"https:\/\/www.bioethanolshop.nl\/en\/","name":"Bioethanolshop.nl","description":"Den st\u00f8rste inden for bioethanol og bioethanol af den bedste kvalitet!","potentialAction":[{"@type":"SearchAction","target":{"@type":"EntryPoint","urlTemplate":"https:\/\/www.bioethanolshop.nl\/en\/?s={search_term_string}"},"query-input":{"@type":"PropertyValueSpecification","valueRequired":true,"valueName":"search_term_string"}}],"inLanguage":"da-DK"}]}},"_links":{"self":[{"href":"https:\/\/www.bioethanolshop.nl\/dk\/wp-json\/wp\/v2\/product\/584","targetHints":{"allow":["GET"]}}],"collection":[{"href":"https:\/\/www.bioethanolshop.nl\/dk\/wp-json\/wp\/v2\/product"}],"about":[{"href":"https:\/\/www.bioethanolshop.nl\/dk\/wp-json\/wp\/v2\/types\/product"}],"replies":[{"embeddable":true,"href":"https:\/\/www.bioethanolshop.nl\/dk\/wp-json\/wp\/v2\/comments?post=584"}],"version-history":[{"count":1,"href":"https:\/\/www.bioethanolshop.nl\/dk\/wp-json\/wp\/v2\/product\/584\/revisions"}],"predecessor-version":[{"id":12809,"href":"https:\/\/www.bioethanolshop.nl\/dk\/wp-json\/wp\/v2\/product\/584\/revisions\/12809"}],"wp:featuredmedia":[{"embeddable":true,"href":"https:\/\/www.bioethanolshop.nl\/dk\/wp-json\/wp\/v2\/media\/585"}],"wp:attachment":[{"href":"https:\/\/www.bioethanolshop.nl\/dk\/wp-json\/wp\/v2\/media?parent=584"}],"wp:term":[{"taxonomy":"product_brand","embeddable":true,"href":"https:\/\/www.bioethanolshop.nl\/dk\/wp-json\/wp\/v2\/product_brand?post=584"},{"taxonomy":"product_cat","embeddable":true,"href":"https:\/\/www.bioethanolshop.nl\/dk\/wp-json\/wp\/v2\/product_cat?post=584"},{"taxonomy":"product_tag","embeddable":true,"href":"https:\/\/www.bioethanolshop.nl\/dk\/wp-json\/wp\/v2\/product_tag?post=584"}],"curies":[{"name":"wp","href":"https:\/\/api.w.org\/{rel}","templated":true}]}}