{"id":294,"date":"2021-03-07T12:21:59","date_gmt":"2021-03-07T11:21:59","guid":{"rendered":"https:\/\/www.bioethanolshop.nl\/?post_type=product&#038;p=294"},"modified":"2024-07-16T14:47:56","modified_gmt":"2024-07-16T12:47:56","slug":"kynast-solar-led-2in1-windlight-pa-stang-eller-bord-med-flammeeffekt-udendors-bordlampe","status":"publish","type":"product","link":"https:\/\/www.bioethanolshop.nl\/dk\/product\/kynast-solar-led-2in1-windlicht-op-stok-of-tafel-met-vlameffect-buiten-tafellamp\/","title":{"rendered":"Kynast SOLAR LED 2in1 vindlys p\u00e5 en pind eller et bord med flammeeffekt udend\u00f8rs bordlampe"},"content":{"rendered":"<h3>Kynast SOLAR LED 2in1 vindlys p\u00e5 en pind eller et bord med flammeeffekt udend\u00f8rs bordlampe<\/h3>\n<p>Dekorativ sol 2in1 vindlampe af m\u00e6rket Kynast Garden til udend\u00f8rs brug. Uanset om det er til altanen, terrassen eller i et hyggeligt havehj\u00f8rne, giver denne LED 2in1 bordlampe og lommelygte et smukt stemningslys med flammeeffekt.<\/p>\n<p><strong>Produktoplysninger<\/strong>:<br \/>\n- Klassisk design med medf\u00f8lgende fastg\u00f8relsesstang og oph\u00e6ngnings\u00f8je<br \/>\n- Solenergi med modul<br \/>\n- M\u00e5l: \u00d8 13 x H 22,5 cm p\u00e5 pind 72,5 cm<br \/>\n- Plastiksk\u00e6rm med integreret LI-lon-batteri<br \/>\n- LED'er, med flammeeffekt<br \/>\n- t\u00e6nd\/sluk-knap<br \/>\n- Kunstige boliger<br \/>\n- Plastpind i dele<br \/>\n- Til udend\u00f8rs brug<\/p>\n<p><strong>Specifikationer<\/strong>:<\/p>\n<ul>\n<li>H\u00f8jde: 22,5 cm p\u00e5 pind 72,5 cm<\/li>\n<li>Diameter: 13 cm<\/li>\n<li>St\u00f8rrelse: 13 x 22,5 cm<\/li>\n<li>V\u00e6gt: 0,9 kg<\/li>\n<li>Materiale: plast<\/li>\n<li>Farve: Sort<\/li>\n<\/ul>\n<p><strong>Windlicht 2in1 met zonnepaneel en batteri - D: 13cm x H: 22.5cm - flamme effekt - udend\u00f8rs<\/strong><\/p>\n<ul>\n<li>Dette dekorative sol LED-lys er s\u00e6rligt velegnet til haven og balkonbordet, havepavillonen eller til camping.<\/li>\n<li>Om dagen oplader lampen det indbyggede batteri gennem sollys.<\/li>\n<li>Om natten f\u00e5r du et varmt hvidt og hyggeligt lys. Batteriet holder i ca. 8 timer.<\/li>\n<\/ul>\n<p><strong>Funktioner<\/strong>:<\/p>\n<ul>\n<li>indbygget solpanel<\/li>\n<li>Flammeeffekt<\/li>\n<li>Regnt\u00e6t til udend\u00f8rs brug (IP 44)<\/li>\n<li>H\u00f8jde: 22.5cm<\/li>\n<li>Diameter: 13m<\/li>\n<li>Str\u00f8mforsyning: solenergi<\/li>\n<li>Gennemsnitlig levetid for lysdioderne: 10.000 timer<\/li>\n<li>Effekt i watt: 0,06 W.<\/li>\n<\/ul>\n<p><strong>Forklaring<\/strong><br \/>\n1. S\u00e6t kontakten p\u00e5 ON.<br \/>\n2. N\u00e5r omgivelserne er m\u00f8rke, t\u00e6ndes lyset automatisk, n\u00e5r omgivelserne er m\u00f8rke.<br \/>\nHvis lampen ikke skal bruges i l\u00e6ngere tid, anbefaler vi, at du slukker den med kontakten.<\/p>\n<p><b>Produktinformation:<\/b><\/p>\n<p><span style=\"font-weight: 400;\">De Kynast Solar-produkter, som du kan k\u00f8be hos os, er en smuk dekoration til din have eller terrasse. Kynast er kendt for sine kvalitetsprodukter. Bioethanolshop.nl s\u00e6lger i \u00e5revis produkter fra <\/span><a href=\"https:\/\/www.bioethanolshop.nl\/dk\/vare-kategori\/maerker-2\/kynast-solar\/\"><span style=\"font-weight: 400;\">Kynast<\/span><\/a><span style=\"font-weight: 400;\">. Har du brug for en forklaring, n\u00e5r du k\u00f8ber en <\/span><a href=\"https:\/\/www.bioethanolshop.nl\/dk\/vare-kategori\/solar-havebelysning\/\"><span style=\"font-weight: 400;\">solcelledrevet lampe<\/span><\/a><span style=\"font-weight: 400;\">? S\u00e5 kontakt vores <\/span><a href=\"https:\/\/www.bioethanolshop.nl\/dk\/kontakt\/\"><span style=\"font-weight: 400;\">kundeservice<\/span><\/a><span style=\"font-weight: 400;\">.<\/span><\/p>\n<p><b>Kynast Solar LED-lampe:<\/b><\/p>\n<p><span style=\"font-weight: 400;\">Kynast Solar-havebelysning kan bruges til:<\/span><\/p>\n<ul>\n<li style=\"font-weight: 400;\" aria-level=\"1\"><span style=\"font-weight: 400;\">stemningsbelysning p\u00e5 terrassen<\/span><\/li>\n<li style=\"font-weight: 400;\" aria-level=\"1\"><span style=\"font-weight: 400;\">udsmykning af din have eller swimmingpool<\/span><\/li>\n<li style=\"font-weight: 400;\" aria-level=\"1\"><span style=\"font-weight: 400;\">Solcelle-stemningsbelysning i huset, b\u00e5den, campingvognen, autocamperen<\/span><\/li>\n<li style=\"font-weight: 400;\" aria-level=\"1\"><span style=\"font-weight: 400;\">Perfekt til camping p\u00e5 din terrasse<\/span><\/li>\n<\/ul>","protected":false},"excerpt":{"rendered":"<p>Kynast SOLAR LED 2in1 vindlys p\u00e5 en pind eller et bord med flammeeffekt udend\u00f8rs bordlampe<\/p>","protected":false},"featured_media":279,"comment_status":"closed","ping_status":"closed","template":"","meta":{"_acf_changed":false},"product_brand":[],"product_cat":[40,36],"product_tag":[37,39,38],"class_list":{"0":"post-294","1":"product","2":"type-product","3":"status-publish","4":"has-post-thumbnail","6":"product_cat-kynast-solar","7":"product_cat-solar-tuinverlichting","8":"product_tag-solar","9":"product_tag-solar-tafellamp","10":"product_tag-tuinlamp","12":"first","13":"outofstock","14":"taxable","15":"shipping-taxable","16":"purchasable","17":"product-type-simple"},"bundled_by":[],"bundle_stock_status":"outofstock","bundle_stock_quantity":null,"bundle_virtual":false,"bundle_layout":"","bundle_add_to_cart_form_location":"","bundle_editable_in_cart":false,"bundle_sold_individually_context":"","bundle_item_grouping":"","bundle_min_size":"","bundle_max_size":"","bundle_price":[],"bundled_items":[],"bundle_sell_ids":[],"acf":[],"yoast_head":"<!-- This site is optimized with the Yoast SEO Premium plugin v27.2 (Yoast SEO v27.2) - https:\/\/yoast.com\/product\/yoast-seo-premium-wordpress\/ -->\n<title>Kynast SOLAR LED 2in1 windlicht op stok of tafel met vlameffect buiten tafellamp | Bioethanolshop.nl<\/title>\n<meta name=\"description\" content=\"Kynast SOLAR LED 2in1 windlicht op stok of tafel met vlameffect buiten tafellamp. voor het balkon, het terras of in een gezellige tuinhoek.\" \/>\n<meta name=\"robots\" content=\"index, follow, max-snippet:-1, max-image-preview:large, max-video-preview:-1\" \/>\n<link rel=\"canonical\" href=\"https:\/\/www.bioethanolshop.nl\/dk\/produkt-2\/kynast-solar-led-2in1-windlight-pa-stang-eller-bord-med-flammeeffekt-udendors-bordlampe\/\" \/>\n<meta property=\"og:locale\" content=\"da_DK\" \/>\n<meta property=\"og:type\" content=\"article\" \/>\n<meta property=\"og:title\" content=\"Kynast SOLAR LED 2in1 windlicht op stok of tafel met vlameffect buiten tafellamp\" \/>\n<meta property=\"og:description\" content=\"Kynast SOLAR LED 2in1 windlicht op stok of tafel met vlameffect buiten tafellamp. voor het balkon, het terras of in een gezellige tuinhoek.\" \/>\n<meta property=\"og:url\" content=\"https:\/\/www.bioethanolshop.nl\/dk\/produkt-2\/kynast-solar-led-2in1-windlight-pa-stang-eller-bord-med-flammeeffekt-udendors-bordlampe\/\" \/>\n<meta property=\"og:site_name\" content=\"Bioethanolshop.nl\" \/>\n<meta property=\"article:publisher\" content=\"https:\/\/www.facebook.com\/profile.php?id=100064154436458\" \/>\n<meta property=\"article:modified_time\" content=\"2024-07-16T12:47:56+00:00\" \/>\n<meta property=\"og:image\" content=\"https:\/\/www.bioethanolshop.nl\/wp-content\/uploads\/2021\/03\/613-401135.png\" \/>\n\t<meta property=\"og:image:width\" content=\"800\" \/>\n\t<meta property=\"og:image:height\" content=\"623\" \/>\n\t<meta property=\"og:image:type\" content=\"image\/png\" \/>\n<meta name=\"twitter:card\" content=\"summary_large_image\" \/>\n<meta name=\"twitter:label1\" content=\"Estimeret l\u00e6setid\" \/>\n\t<meta name=\"twitter:data1\" content=\"2 minutter\" \/>\n<!-- \/ Yoast SEO Premium plugin. -->","yoast_head_json":{"title":"Kynast SOLAR LED 2in1 vindlys p\u00e5 pind eller bord med flammeeffekt udend\u00f8rs bordlampe | Bioethanolshop.co.uk","description":"Kynast SOLAR LED 2in1 vindlys p\u00e5 en pind eller et bord med flammeeffekt udend\u00f8rs bordlampe til altanen, terrassen eller i et hyggeligt havehj\u00f8rne.","robots":{"index":"index","follow":"follow","max-snippet":"max-snippet:-1","max-image-preview":"max-image-preview:large","max-video-preview":"max-video-preview:-1"},"canonical":"https:\/\/www.bioethanolshop.nl\/dk\/produkt-2\/kynast-solar-led-2in1-windlight-pa-stang-eller-bord-med-flammeeffekt-udendors-bordlampe\/","og_locale":"da_DK","og_type":"article","og_title":"Kynast SOLAR LED 2in1 windlicht op stok of tafel met vlameffect buiten tafellamp","og_description":"Kynast SOLAR LED 2in1 windlicht op stok of tafel met vlameffect buiten tafellamp. voor het balkon, het terras of in een gezellige tuinhoek.","og_url":"https:\/\/www.bioethanolshop.nl\/dk\/produkt-2\/kynast-solar-led-2in1-windlight-pa-stang-eller-bord-med-flammeeffekt-udendors-bordlampe\/","og_site_name":"Bioethanolshop.nl","article_publisher":"https:\/\/www.facebook.com\/profile.php?id=100064154436458","article_modified_time":"2024-07-16T12:47:56+00:00","og_image":[{"width":800,"height":623,"url":"https:\/\/www.bioethanolshop.nl\/wp-content\/uploads\/2021\/03\/613-401135.png","type":"image\/png"}],"twitter_card":"summary_large_image","twitter_misc":{"Estimeret l\u00e6setid":"2 minutter"},"schema":{"@context":"https:\/\/schema.org","@graph":[{"@type":"WebPage","@id":"https:\/\/www.bioethanolshop.nl\/product\/kynast-solar-led-2in1-windlicht-op-stok-of-tafel-met-vlameffect-buiten-tafellamp\/","url":"https:\/\/www.bioethanolshop.nl\/product\/kynast-solar-led-2in1-windlicht-op-stok-of-tafel-met-vlameffect-buiten-tafellamp\/","name":"Kynast SOLAR LED 2in1 vindlys p\u00e5 pind eller bord med flammeeffekt udend\u00f8rs bordlampe | Bioethanolshop.co.uk","isPartOf":{"@id":"https:\/\/www.bioethanolshop.nl\/en\/#website"},"primaryImageOfPage":{"@id":"https:\/\/www.bioethanolshop.nl\/product\/kynast-solar-led-2in1-windlicht-op-stok-of-tafel-met-vlameffect-buiten-tafellamp\/#primaryimage"},"image":{"@id":"https:\/\/www.bioethanolshop.nl\/product\/kynast-solar-led-2in1-windlicht-op-stok-of-tafel-met-vlameffect-buiten-tafellamp\/#primaryimage"},"thumbnailUrl":"https:\/\/www.bioethanolshop.nl\/wp-content\/uploads\/2021\/03\/613-401135.png","datePublished":"2021-03-07T11:21:59+00:00","dateModified":"2024-07-16T12:47:56+00:00","description":"Kynast SOLAR LED 2in1 vindlys p\u00e5 en pind eller et bord med flammeeffekt udend\u00f8rs bordlampe til altanen, terrassen eller i et hyggeligt havehj\u00f8rne.","breadcrumb":{"@id":"https:\/\/www.bioethanolshop.nl\/product\/kynast-solar-led-2in1-windlicht-op-stok-of-tafel-met-vlameffect-buiten-tafellamp\/#breadcrumb"},"inLanguage":"da-DK","potentialAction":[{"@type":"ReadAction","target":["https:\/\/www.bioethanolshop.nl\/product\/kynast-solar-led-2in1-windlicht-op-stok-of-tafel-met-vlameffect-buiten-tafellamp\/"]}]},{"@type":"ImageObject","inLanguage":"da-DK","@id":"https:\/\/www.bioethanolshop.nl\/product\/kynast-solar-led-2in1-windlicht-op-stok-of-tafel-met-vlameffect-buiten-tafellamp\/#primaryimage","url":"https:\/\/www.bioethanolshop.nl\/wp-content\/uploads\/2021\/03\/613-401135.png","contentUrl":"https:\/\/www.bioethanolshop.nl\/wp-content\/uploads\/2021\/03\/613-401135.png","width":800,"height":623,"caption":"SOLAR LED 2in1 windlicht"},{"@type":"BreadcrumbList","@id":"https:\/\/www.bioethanolshop.nl\/product\/kynast-solar-led-2in1-windlicht-op-stok-of-tafel-met-vlameffect-buiten-tafellamp\/#breadcrumb","itemListElement":[{"@type":"ListItem","position":1,"name":"Home","item":"https:\/\/www.bioethanolshop.nl\/"},{"@type":"ListItem","position":2,"name":"Winkel","item":"https:\/\/www.bioethanolshop.nl\/en\/store\/"},{"@type":"ListItem","position":3,"name":"Kynast SOLAR LED 2in1 windlicht op stok of tafel met vlameffect buiten tafellamp"}]},{"@type":"WebSite","@id":"https:\/\/www.bioethanolshop.nl\/en\/#website","url":"https:\/\/www.bioethanolshop.nl\/en\/","name":"Bioethanolshop.nl","description":"Den st\u00f8rste inden for bioethanol og bioethanol af den bedste kvalitet!","potentialAction":[{"@type":"SearchAction","target":{"@type":"EntryPoint","urlTemplate":"https:\/\/www.bioethanolshop.nl\/en\/?s={search_term_string}"},"query-input":{"@type":"PropertyValueSpecification","valueRequired":true,"valueName":"search_term_string"}}],"inLanguage":"da-DK"}]}},"_links":{"self":[{"href":"https:\/\/www.bioethanolshop.nl\/dk\/wp-json\/wp\/v2\/product\/294","targetHints":{"allow":["GET"]}}],"collection":[{"href":"https:\/\/www.bioethanolshop.nl\/dk\/wp-json\/wp\/v2\/product"}],"about":[{"href":"https:\/\/www.bioethanolshop.nl\/dk\/wp-json\/wp\/v2\/types\/product"}],"replies":[{"embeddable":true,"href":"https:\/\/www.bioethanolshop.nl\/dk\/wp-json\/wp\/v2\/comments?post=294"}],"version-history":[{"count":1,"href":"https:\/\/www.bioethanolshop.nl\/dk\/wp-json\/wp\/v2\/product\/294\/revisions"}],"predecessor-version":[{"id":12811,"href":"https:\/\/www.bioethanolshop.nl\/dk\/wp-json\/wp\/v2\/product\/294\/revisions\/12811"}],"wp:featuredmedia":[{"embeddable":true,"href":"https:\/\/www.bioethanolshop.nl\/dk\/wp-json\/wp\/v2\/media\/279"}],"wp:attachment":[{"href":"https:\/\/www.bioethanolshop.nl\/dk\/wp-json\/wp\/v2\/media?parent=294"}],"wp:term":[{"taxonomy":"product_brand","embeddable":true,"href":"https:\/\/www.bioethanolshop.nl\/dk\/wp-json\/wp\/v2\/product_brand?post=294"},{"taxonomy":"product_cat","embeddable":true,"href":"https:\/\/www.bioethanolshop.nl\/dk\/wp-json\/wp\/v2\/product_cat?post=294"},{"taxonomy":"product_tag","embeddable":true,"href":"https:\/\/www.bioethanolshop.nl\/dk\/wp-json\/wp\/v2\/product_tag?post=294"}],"curies":[{"name":"wp","href":"https:\/\/api.w.org\/{rel}","templated":true}]}}