{"id":245,"date":"2021-02-27T12:30:01","date_gmt":"2021-02-27T12:30:01","guid":{"rendered":"https:\/\/www.bioethanolshop.nl\/?post_type=product&#038;p=245"},"modified":"2022-05-19T16:25:15","modified_gmt":"2022-05-19T14:25:15","slug":"biofair-solarclean-solar-panel-cleaner-5-liters-koncentrat-for-50-liters","status":"publish","type":"product","link":"https:\/\/www.bioethanolshop.nl\/dk\/product\/biofair-solarclean-zonnepaneel-reiniger-5-liter-concentraat-voor-50-liter\/","title":{"rendered":"BioFair SolarClean solpanelreng\u00f8ringsmiddel 5 liter koncentrat til 50 liter"},"content":{"rendered":"<h2>BioFair SolarClean solpanelreng\u00f8ringsmiddel 5 liter koncentrat til 50 liter<\/h2>\n<p><strong>Reng\u00f8ringsmiddel til solpaneler p\u00e5 vegetabilsk basis. Solpaneler bliver ret hurtigt beskidte p\u00e5 grund af h\u00e6ldningsvinklen, hvilket reducerer deres udbytte. Spild ikke v\u00e6rdifuld energi, og reng\u00f8r dine solpaneler mindst to gange om \u00e5ret. Energiudbyttet fra dine solpaneler vil blive forbedret med op til 30%!<\/strong><\/p>\n<p><strong>Ikke milj\u00f8skadeligt<\/strong><\/p>\n<ul>\n<li>Der anvendes kun biologisk nedbrydelige stoffer til fremstilling af vaske- og reng\u00f8ringsmidlet<\/li>\n<li>Reng\u00f8ring og antistatisk, snavs s\u00e6tter sig mindre hurtigt fast p\u00e5 kollektorerne<\/li>\n<li>Koncentratet indeholder ikke: fosfater, borater, formaldehyd og halogenforbindelser<\/li>\n<li>Koncentratet produceres energim\u00e6ssigt bevidst p\u00e5 et EMAS- og ISO 14001-certificeret anl\u00e6g, der har mere end 20 \u00e5rs erfaring med milj\u00f8bevidst fremstilling af produkter.<\/li>\n<li>For at mindske milj\u00f8belastningen leveres produktet som et koncentrat, s\u00e5 der er mindre emballagemateriale<\/li>\n<li>Meget effektiv: 50 liter vaskemiddel fra 5 liter koncentrat<\/li>\n<\/ul>\n<p><strong>Reng\u00f8ring foretages bedst om for\u00e5ret, n\u00e5r det er overskyet vejr eller om morgenen. Den kan s\u00e5 gentages senere p\u00e5 \u00e5ret, hvis det er n\u00f8dvendigt, afh\u00e6ngigt af hvor beskidte panelerne er blevet. Steder, der sandsynligvis skal reng\u00f8res to gange om \u00e5ret, er f.eks. steder p\u00e5 landet eller i n\u00e6rheden af skove (\u00f8get m\u00e6ngde st\u00f8v og pollen).<\/strong><\/p>\n<p><strong>Blandingsforhold:\u00a0<\/strong>Fortynd 100 ml koncentrat og 100 ml bioethanol til 1 liter med vand<\/p>\n<p><strong>V\u00e6r opm\u00e6rksom<\/strong><\/p>\n<ul>\n<li>Koncentrationen af reng\u00f8ringsmiddel og ethanol skal tilpasses til solpanelernes forureningsgrad.<\/li>\n<li>Hvis du er i tvivl, skal du altid tils\u00e6tte mere vand<\/li>\n<li>Test altid blandingen p\u00e5 et lille omr\u00e5de af panelet<\/li>\n<li>Gnid altid panelet s\u00e5 lidt som muligt under reng\u00f8ringen<\/li>\n<li>Skyl altid med vand til sidst<\/li>\n<\/ul>\n<p>Midlet virker b\u00e5de som reng\u00f8ringsmiddel og antistatisk, s\u00e5 panelet forbliver st\u00f8vfrit i l\u00e6ngere tid efter reng\u00f8ring.<\/p>\n<p>BN<\/p>\n<p>Biofair<br \/>\nSolpaneler renere<br \/>\nRenere til solpaneler<br \/>\nJerry Can 50 liter<br \/>\nAlkoholholdigt reng\u00f8ringsmiddel<\/p>","protected":false},"excerpt":{"rendered":"<p>BioFair SolarClean solpanelreng\u00f8ringsmiddel 5 liter koncentrat til 50 liter<\/p>\n<p>&nbsp;<\/p>","protected":false},"featured_media":246,"comment_status":"closed","ping_status":"closed","template":"","meta":{"_acf_changed":false},"product_brand":[],"product_cat":[30,16,20,67],"product_tag":[],"class_list":{"0":"post-245","1":"product","2":"type-product","3":"status-publish","4":"has-post-thumbnail","6":"product_cat-biofair","7":"product_cat-merken","8":"product_cat-overige-biologische-olieproducten","9":"product_cat-zonnepaneel-reiniger","11":"first","12":"instock","13":"taxable","14":"shipping-taxable","15":"purchasable","16":"product-type-simple"},"bundled_by":[],"bundle_stock_status":"instock","bundle_stock_quantity":null,"bundle_virtual":false,"bundle_layout":"","bundle_add_to_cart_form_location":"","bundle_editable_in_cart":false,"bundle_sold_individually_context":"","bundle_item_grouping":"","bundle_min_size":"","bundle_max_size":"","bundle_price":[],"bundled_items":[],"bundle_sell_ids":[],"acf":[],"yoast_head":"<!-- This site is optimized with the Yoast SEO Premium plugin v27.2 (Yoast SEO v27.2) - https:\/\/yoast.com\/product\/yoast-seo-premium-wordpress\/ -->\n<title>BioFair SolarClean zonnepaneel reiniger 5 liter concentraat voor 50 Liter | Bioethanolshop.nl<\/title>\n<meta name=\"robots\" content=\"index, follow, max-snippet:-1, max-image-preview:large, max-video-preview:-1\" \/>\n<link rel=\"canonical\" href=\"https:\/\/www.bioethanolshop.nl\/dk\/da\/vare\/biofair-solarclean-solar-panel-cleaner-5-liters-koncentrat-for-50-liters\/\" \/>\n<meta property=\"og:locale\" content=\"da_DK\" \/>\n<meta property=\"og:type\" content=\"article\" \/>\n<meta property=\"og:title\" content=\"BioFair SolarClean zonnepaneel reiniger 5 liter concentraat voor 50 Liter\" \/>\n<meta property=\"og:description\" content=\"BioFair SolarClean zonnepaneel reiniger 5 liter concentraat voor 50 Liter  &nbsp;\" \/>\n<meta property=\"og:url\" content=\"https:\/\/www.bioethanolshop.nl\/dk\/da\/vare\/biofair-solarclean-solar-panel-cleaner-5-liters-koncentrat-for-50-liters\/\" \/>\n<meta property=\"og:site_name\" content=\"Bioethanolshop.nl\" \/>\n<meta property=\"article:publisher\" content=\"https:\/\/www.facebook.com\/profile.php?id=100064154436458\" \/>\n<meta property=\"article:modified_time\" content=\"2022-05-19T14:25:15+00:00\" \/>\n<meta property=\"og:image\" content=\"https:\/\/www.bioethanolshop.nl\/wp-content\/uploads\/2021\/02\/biofair-zonnecollector-reiniger.png\" \/>\n\t<meta property=\"og:image:width\" content=\"800\" \/>\n\t<meta property=\"og:image:height\" content=\"820\" \/>\n\t<meta property=\"og:image:type\" content=\"image\/png\" \/>\n<meta name=\"twitter:card\" content=\"summary_large_image\" \/>\n<meta name=\"twitter:label1\" content=\"Estimeret l\u00e6setid\" \/>\n\t<meta name=\"twitter:data1\" content=\"1 minut\" \/>\n<!-- \/ Yoast SEO Premium plugin. -->","yoast_head_json":{"title":"BioFair SolarClean solpanelrens 5 liter koncentrat til 50 liter | Bioethanolshop.nl","robots":{"index":"index","follow":"follow","max-snippet":"max-snippet:-1","max-image-preview":"max-image-preview:large","max-video-preview":"max-video-preview:-1"},"canonical":"https:\/\/www.bioethanolshop.nl\/dk\/da\/vare\/biofair-solarclean-solar-panel-cleaner-5-liters-koncentrat-for-50-liters\/","og_locale":"da_DK","og_type":"article","og_title":"BioFair SolarClean zonnepaneel reiniger 5 liter concentraat voor 50 Liter","og_description":"BioFair SolarClean zonnepaneel reiniger 5 liter concentraat voor 50 Liter  &nbsp;","og_url":"https:\/\/www.bioethanolshop.nl\/dk\/da\/vare\/biofair-solarclean-solar-panel-cleaner-5-liters-koncentrat-for-50-liters\/","og_site_name":"Bioethanolshop.nl","article_publisher":"https:\/\/www.facebook.com\/profile.php?id=100064154436458","article_modified_time":"2022-05-19T14:25:15+00:00","og_image":[{"width":800,"height":820,"url":"https:\/\/www.bioethanolshop.nl\/wp-content\/uploads\/2021\/02\/biofair-zonnecollector-reiniger.png","type":"image\/png"}],"twitter_card":"summary_large_image","twitter_misc":{"Estimeret l\u00e6setid":"1 minut"},"schema":{"@context":"https:\/\/schema.org","@graph":[{"@type":"WebPage","@id":"https:\/\/www.bioethanolshop.nl\/da\/produkt\/biofair-solarclean-solar-panel-cleaner-5-liters-koncentrat-for-50-liters\/","url":"https:\/\/www.bioethanolshop.nl\/da\/produkt\/biofair-solarclean-solar-panel-cleaner-5-liters-koncentrat-for-50-liters\/","name":"BioFair SolarClean solpanelrens 5 liter koncentrat til 50 liter | Bioethanolshop.nl","isPartOf":{"@id":"https:\/\/www.bioethanolshop.nl\/en\/#website"},"primaryImageOfPage":{"@id":"https:\/\/www.bioethanolshop.nl\/da\/produkt\/biofair-solarclean-solar-panel-cleaner-5-liters-koncentrat-for-50-liters\/#primaryimage"},"image":{"@id":"https:\/\/www.bioethanolshop.nl\/da\/produkt\/biofair-solarclean-solar-panel-cleaner-5-liters-koncentrat-for-50-liters\/#primaryimage"},"thumbnailUrl":"https:\/\/www.bioethanolshop.nl\/wp-content\/uploads\/2021\/02\/biofair-zonnecollector-reiniger.png","datePublished":"2021-02-27T12:30:01+00:00","dateModified":"2022-05-19T14:25:15+00:00","breadcrumb":{"@id":"https:\/\/www.bioethanolshop.nl\/da\/produkt\/biofair-solarclean-solar-panel-cleaner-5-liters-koncentrat-for-50-liters\/#breadcrumb"},"inLanguage":"da-DK","potentialAction":[{"@type":"ReadAction","target":["https:\/\/www.bioethanolshop.nl\/da\/produkt\/biofair-solarclean-solar-panel-cleaner-5-liters-koncentrat-for-50-liters\/"]}]},{"@type":"ImageObject","inLanguage":"da-DK","@id":"https:\/\/www.bioethanolshop.nl\/da\/produkt\/biofair-solarclean-solar-panel-cleaner-5-liters-koncentrat-for-50-liters\/#primaryimage","url":"https:\/\/www.bioethanolshop.nl\/wp-content\/uploads\/2021\/02\/biofair-zonnecollector-reiniger.png","contentUrl":"https:\/\/www.bioethanolshop.nl\/wp-content\/uploads\/2021\/02\/biofair-zonnecollector-reiniger.png","width":800,"height":820,"caption":"zonnepaneel reiniger"},{"@type":"BreadcrumbList","@id":"https:\/\/www.bioethanolshop.nl\/da\/produkt\/biofair-solarclean-solar-panel-cleaner-5-liters-koncentrat-for-50-liters\/#breadcrumb","itemListElement":[{"@type":"ListItem","position":1,"name":"Home","item":"https:\/\/www.bioethanolshop.nl\/"},{"@type":"ListItem","position":2,"name":"Winkel","item":"https:\/\/www.bioethanolshop.nl\/en\/store\/"},{"@type":"ListItem","position":3,"name":"BioFair SolarClean zonnepaneel reiniger 5 liter concentraat voor 50 Liter"}]},{"@type":"WebSite","@id":"https:\/\/www.bioethanolshop.nl\/en\/#website","url":"https:\/\/www.bioethanolshop.nl\/en\/","name":"Bioethanolshop.nl","description":"Den st\u00f8rste inden for bioethanol og bioethanol af den bedste kvalitet!","potentialAction":[{"@type":"SearchAction","target":{"@type":"EntryPoint","urlTemplate":"https:\/\/www.bioethanolshop.nl\/en\/?s={search_term_string}"},"query-input":{"@type":"PropertyValueSpecification","valueRequired":true,"valueName":"search_term_string"}}],"inLanguage":"da-DK"}]}},"_links":{"self":[{"href":"https:\/\/www.bioethanolshop.nl\/dk\/wp-json\/wp\/v2\/product\/245","targetHints":{"allow":["GET"]}}],"collection":[{"href":"https:\/\/www.bioethanolshop.nl\/dk\/wp-json\/wp\/v2\/product"}],"about":[{"href":"https:\/\/www.bioethanolshop.nl\/dk\/wp-json\/wp\/v2\/types\/product"}],"replies":[{"embeddable":true,"href":"https:\/\/www.bioethanolshop.nl\/dk\/wp-json\/wp\/v2\/comments?post=245"}],"version-history":[{"count":0,"href":"https:\/\/www.bioethanolshop.nl\/dk\/wp-json\/wp\/v2\/product\/245\/revisions"}],"wp:featuredmedia":[{"embeddable":true,"href":"https:\/\/www.bioethanolshop.nl\/dk\/wp-json\/wp\/v2\/media\/246"}],"wp:attachment":[{"href":"https:\/\/www.bioethanolshop.nl\/dk\/wp-json\/wp\/v2\/media?parent=245"}],"wp:term":[{"taxonomy":"product_brand","embeddable":true,"href":"https:\/\/www.bioethanolshop.nl\/dk\/wp-json\/wp\/v2\/product_brand?post=245"},{"taxonomy":"product_cat","embeddable":true,"href":"https:\/\/www.bioethanolshop.nl\/dk\/wp-json\/wp\/v2\/product_cat?post=245"},{"taxonomy":"product_tag","embeddable":true,"href":"https:\/\/www.bioethanolshop.nl\/dk\/wp-json\/wp\/v2\/product_tag?post=245"}],"curies":[{"name":"wp","href":"https:\/\/api.w.org\/{rel}","templated":true}]}}