{"id":99,"date":"2021-02-09T12:13:34","date_gmt":"2021-02-09T12:13:34","guid":{"rendered":"https:\/\/www.bioethanolshop.nl\/?page_id=99"},"modified":"2023-08-09T11:52:34","modified_gmt":"2023-08-09T09:52:34","slug":"ombytning-og-tilbagelevering","status":"publish","type":"page","link":"https:\/\/www.bioethanolshop.nl\/dk\/ruilen-en-retouren\/","title":{"rendered":"Ombytning og returnering"},"content":{"rendered":"<div data-elementor-type=\"wp-page\" data-elementor-id=\"99\" class=\"elementor elementor-99\" data-elementor-post-type=\"page\">\n\t\t\t\t\t\t<section class=\"elementor-section elementor-top-section elementor-element elementor-element-23dc03d7 elementor-section-boxed elementor-section-height-default elementor-section-height-default wd-section-disabled\" data-id=\"23dc03d7\" data-element_type=\"section\" data-e-type=\"section\">\n\t\t\t\t\t\t<div class=\"elementor-container elementor-column-gap-default\">\n\t\t\t\t\t<div class=\"elementor-column elementor-col-100 elementor-top-column elementor-element elementor-element-3977405a\" data-id=\"3977405a\" data-element_type=\"column\" data-e-type=\"column\">\n\t\t\t<div class=\"elementor-widget-wrap elementor-element-populated\">\n\t\t\t\t\t\t<div class=\"elementor-element elementor-element-225f5eaa color-scheme-inherit text-left elementor-widget elementor-widget-text-editor\" data-id=\"225f5eaa\" data-element_type=\"widget\" data-e-type=\"widget\" data-widget_type=\"text-editor.default\">\n\t\t\t\t<div class=\"elementor-widget-container\">\n\t\t\t\t\t\t\t\t\t\n<p><strong>Fortrydelsesret ved levering af produkter<\/strong><\/p>\n\n\n\n<ol class=\"wp-block-list\">\n<li>Ved k\u00f8b af produkter kan forbrugeren opsige kontrakten uden at angive nogen grund til at opl\u00f8se den i 30 dage. Denne periode begynder dagen efter, at forbrugeren har modtaget produktet eller har modtaget det p\u00e5 forbrugerens vegne.<\/li>\n\n\n\n<li>I denne periode skal forbrugeren behandle produktet og emballagen med omhu. Han pakker kun produktet ud eller bruger det kun i det omfang, det er n\u00f8dvendigt for at vurdere, om han \u00f8nsker at beholde produktet. Hvis han g\u00f8r brug af sin fortrydelsesret, skal han returnere produktet med alt medf\u00f8lgende tilbeh\u00f8r og - hvis det med rimelighed er muligt - i original stand og emballage til iv\u00e6rks\u00e6tteren i overensstemmelse med de rimelige og klare anvisninger, som iv\u00e6rks\u00e6tteren har givet ham.<\/li>\n\n\n\n<li>KBH BV skal tilbagebetale alle betalinger foretaget af forbrugeren, herunder eventuelle leveringsomkostninger, som KBH BV har opkr\u00e6vet for det returnerede produkt, uden un\u00f8dig forsinkelse, dog senest 14 dage efter den dag, hvor forbrugeren har meddelt ham, at han har fortrudt aftalen. Medmindre KBH BV tilbyder at afhente produktet selv, kan vi vente med tilbagebetalingen, indtil vi har modtaget produktet, eller indtil forbrugeren godtg\u00f8r, at han\/hun har returneret produktet, alt efter hvad der kommer f\u00f8rst. Vi anvender den samme betalingsmetode, som forbrugeren har anvendt til tilbagebetaling, medmindre forbrugeren accepterer en anden metode. Tilbagebetalingen er gratis for forbrugeren.<\/li>\n<\/ol>\n\n\n\n<p><strong>Annullering af din ordre<br><\/strong>En ordre kan annulleres gratis, s\u00e5 l\u00e6nge den ikke er blevet sendt endnu. Der er ingen afbestillingsgebyrer. Du kan annullere en ordre ved at sende en e-mail til info@kbhonline.eu med angivelse af, at du \u00f8nsker at annullere, og ved at oplyse ordrenummeret. Enhver betaling vil blive refunderet inden for 7 dage.<\/p>\n\n\n\n<p><strong>Procedure for tilbagesendelse<br><\/strong>Vil du gerne returnere en vare? S\u00e5 beder vi dig om at g\u00f8re f\u00f8lgende. P\u00e5 den m\u00e5de kan vi h\u00e5ndtere din returnering s\u00e5 gnidningsl\u00f8st som muligt.<\/p>\n\n\n\n<p><strong>Anmeld din returnering til vores kundeservice via e-mail.<br><\/strong>Du vil modtage en bekr\u00e6ftelse af din anmodning via e-mail.<br>Du vil modtage instruktioner om, hvordan du sender varen via e-mail.<br>N\u00e5r vi har modtaget din forsendelse, sender vi en kvittering for modtagelsen via e-mail.<\/p>\n\n\n\n<p>Du vil som regel modtage et svar fra os inden for 2 arbejdsdage.<\/p>\n\n\n\n<p>Omkostningerne ved returnering af en artikel er for din regning.<\/p>\n\n\n\n<p>Du kan ogs\u00e5 bruge den europ\u00e6iske standardformular til tilbagekaldelse, som du kan downloade her.<\/p>\n\n\n\n<p><strong>Emballagens tilstand ved returnering<br><\/strong>S\u00f8rg for at pakke dine k\u00f8b i en ydre kasse, n\u00e5r du returnerer dem. Den originale emballage eller kasse m\u00e5 ikke beskadiges med gaffatape, klisterm\u00e6rker eller andre kl\u00e6bende materialer. Desv\u00e6rre er vi ellers tvunget til at opkr\u00e6ve reng\u00f8ringsomkostninger eller udskiftning af emballagematerialet, s\u00e5 vi ogs\u00e5 kan g\u00f8re den fremtidige ejer glad for sit nye k\u00f8b.<\/p>\n\n\n\n<p><strong>Undtagelsesmaterialer<br><\/strong>Vi kan desv\u00e6rre ikke tage \u00e5bnede pakker, flasker eller hygiejneprodukter tilbage.<\/p>\n\n\n\n<p><strong>Klager<br><\/strong>KBH BV bestr\u00e6ber sig p\u00e5 at behandle din ordre s\u00e5 korrekt som muligt. Hvis du har en d\u00e5rlig oplevelse med vores service, bedes du give os besked. Vi vil g\u00f8re alt, hvad vi kan, for at g\u00f8re dig tilfreds. Du kan rette din klage til aftersales-afdelingen (info@kbhonline.eu).<\/p>\n\t\t\t\t\t\t\t\t<\/div>\n\t\t\t\t<\/div>\n\t\t\t\t\t<\/div>\n\t\t<\/div>\n\t\t\t\t\t<\/div>\n\t\t<\/section>\n\t\t\t\t<\/div>","protected":false},"excerpt":{"rendered":"<p>Fortrydelsesret ved levering af produkter Annullering af din ordreEn ordre kan annulleres uden omkostninger, s\u00e5 l\u00e6nge ordren endnu ikke er gennemf\u00f8rt.<\/p>","protected":false},"author":1,"featured_media":0,"parent":0,"menu_order":0,"comment_status":"closed","ping_status":"closed","template":"","meta":{"_acf_changed":false,"footnotes":""},"class_list":["post-99","page","type-page","status-publish","hentry"],"acf":[],"yoast_head":"<!-- This site is optimized with the Yoast SEO Premium plugin v27.5 (Yoast SEO v27.5) - https:\/\/yoast.com\/product\/yoast-seo-premium-wordpress\/ -->\n<title>Ruilen en retouren | Bioethanolshop.nl<\/title>\n<meta name=\"robots\" content=\"index, follow, max-snippet:-1, max-image-preview:large, max-video-preview:-1\" \/>\n<link rel=\"canonical\" href=\"https:\/\/www.bioethanolshop.nl\/dk\/ombytning-og-tilbagelevering\/\" \/>\n<meta property=\"og:locale\" content=\"da_DK\" \/>\n<meta property=\"og:type\" content=\"article\" \/>\n<meta property=\"og:title\" content=\"Ruilen en retouren\" \/>\n<meta property=\"og:description\" content=\"Herroepingsrecht bij levering van producten Annulering van uw bestellingEen bestelling kan kosteloos geannuleerd worden zolang de order nog niet is\" \/>\n<meta property=\"og:url\" content=\"https:\/\/www.bioethanolshop.nl\/dk\/ombytning-og-tilbagelevering\/\" \/>\n<meta property=\"og:site_name\" content=\"Bioethanolshop.nl\" \/>\n<meta property=\"article:publisher\" content=\"https:\/\/www.facebook.com\/profile.php?id=100064154436458\" \/>\n<meta property=\"article:modified_time\" content=\"2023-08-09T09:52:34+00:00\" \/>\n<meta name=\"twitter:card\" content=\"summary_large_image\" \/>\n<meta name=\"twitter:label1\" content=\"Estimeret l\u00e6setid\" \/>\n\t<meta name=\"twitter:data1\" content=\"3 minutter\" \/>\n<!-- \/ Yoast SEO Premium plugin. -->","yoast_head_json":{"title":"Ombytning og returnering | Bioethanolshop.co.uk","robots":{"index":"index","follow":"follow","max-snippet":"max-snippet:-1","max-image-preview":"max-image-preview:large","max-video-preview":"max-video-preview:-1"},"canonical":"https:\/\/www.bioethanolshop.nl\/dk\/ombytning-og-tilbagelevering\/","og_locale":"da_DK","og_type":"article","og_title":"Ruilen en retouren","og_description":"Herroepingsrecht bij levering van producten Annulering van uw bestellingEen bestelling kan kosteloos geannuleerd worden zolang de order nog niet is","og_url":"https:\/\/www.bioethanolshop.nl\/dk\/ombytning-og-tilbagelevering\/","og_site_name":"Bioethanolshop.nl","article_publisher":"https:\/\/www.facebook.com\/profile.php?id=100064154436458","article_modified_time":"2023-08-09T09:52:34+00:00","twitter_card":"summary_large_image","twitter_misc":{"Estimeret l\u00e6setid":"3 minutter"},"schema":{"@context":"https:\/\/schema.org","@graph":[{"@type":"WebPage","@id":"https:\/\/www.bioethanolshop.nl\/ruilen-en-retouren\/","url":"https:\/\/www.bioethanolshop.nl\/ruilen-en-retouren\/","name":"Ombytning og returnering | Bioethanolshop.co.uk","isPartOf":{"@id":"https:\/\/www.bioethanolshop.nl\/en\/#website"},"datePublished":"2021-02-09T12:13:34+00:00","dateModified":"2023-08-09T09:52:34+00:00","breadcrumb":{"@id":"https:\/\/www.bioethanolshop.nl\/ruilen-en-retouren\/#breadcrumb"},"inLanguage":"da-DK","potentialAction":[{"@type":"ReadAction","target":["https:\/\/www.bioethanolshop.nl\/ruilen-en-retouren\/"]}]},{"@type":"BreadcrumbList","@id":"https:\/\/www.bioethanolshop.nl\/ruilen-en-retouren\/#breadcrumb","itemListElement":[{"@type":"ListItem","position":1,"name":"Home","item":"https:\/\/www.bioethanolshop.nl\/"},{"@type":"ListItem","position":2,"name":"Ruilen en retouren"}]},{"@type":"WebSite","@id":"https:\/\/www.bioethanolshop.nl\/en\/#website","url":"https:\/\/www.bioethanolshop.nl\/en\/","name":"Bioethanolshop.nl","description":"Den st\u00f8rste inden for bioethanol og bioethanol af den bedste kvalitet!","potentialAction":[{"@type":"SearchAction","target":{"@type":"EntryPoint","urlTemplate":"https:\/\/www.bioethanolshop.nl\/en\/?s={search_term_string}"},"query-input":{"@type":"PropertyValueSpecification","valueRequired":true,"valueName":"search_term_string"}}],"inLanguage":"da-DK"}]}},"_links":{"self":[{"href":"https:\/\/www.bioethanolshop.nl\/dk\/wp-json\/wp\/v2\/pages\/99","targetHints":{"allow":["GET"]}}],"collection":[{"href":"https:\/\/www.bioethanolshop.nl\/dk\/wp-json\/wp\/v2\/pages"}],"about":[{"href":"https:\/\/www.bioethanolshop.nl\/dk\/wp-json\/wp\/v2\/types\/page"}],"author":[{"embeddable":true,"href":"https:\/\/www.bioethanolshop.nl\/dk\/wp-json\/wp\/v2\/users\/1"}],"replies":[{"embeddable":true,"href":"https:\/\/www.bioethanolshop.nl\/dk\/wp-json\/wp\/v2\/comments?post=99"}],"version-history":[{"count":3,"href":"https:\/\/www.bioethanolshop.nl\/dk\/wp-json\/wp\/v2\/pages\/99\/revisions"}],"predecessor-version":[{"id":8358,"href":"https:\/\/www.bioethanolshop.nl\/dk\/wp-json\/wp\/v2\/pages\/99\/revisions\/8358"}],"wp:attachment":[{"href":"https:\/\/www.bioethanolshop.nl\/dk\/wp-json\/wp\/v2\/media?parent=99"}],"curies":[{"name":"wp","href":"https:\/\/api.w.org\/{rel}","templated":true}]}}