{"id":86,"date":"2021-02-09T12:06:37","date_gmt":"2021-02-09T12:06:37","guid":{"rendered":"https:\/\/www.bioethanolshop.nl\/?page_id=86"},"modified":"2023-08-09T11:37:21","modified_gmt":"2023-08-09T09:37:21","slug":"erklaering-om-beskyttelse-af-privatlivets-fred-og-beskyttelse-af-personoplysninger","status":"publish","type":"page","link":"https:\/\/www.bioethanolshop.nl\/dk\/privacy-verklaring-en-avg\/","title":{"rendered":"Erkl\u00e6ring om beskyttelse af personlige oplysninger"},"content":{"rendered":"<div data-elementor-type=\"wp-page\" data-elementor-id=\"86\" class=\"elementor elementor-86\" data-elementor-post-type=\"page\">\n\t\t\t\t\t\t<section class=\"wd-negative-gap elementor-section elementor-top-section elementor-element elementor-element-738e3271 elementor-section-boxed elementor-section-height-default elementor-section-height-default wd-section-disabled\" data-id=\"738e3271\" data-element_type=\"section\" data-e-type=\"section\">\n\t\t\t\t\t\t<div class=\"elementor-container elementor-column-gap-default\">\n\t\t\t\t\t<div class=\"elementor-column elementor-col-100 elementor-top-column elementor-element elementor-element-2e032421\" data-id=\"2e032421\" data-element_type=\"column\" data-e-type=\"column\">\n\t\t\t<div class=\"elementor-widget-wrap elementor-element-populated\">\n\t\t\t\t\t\t<div class=\"elementor-element elementor-element-195671db color-scheme-inherit text-left elementor-widget elementor-widget-text-editor\" data-id=\"195671db\" data-element_type=\"widget\" data-e-type=\"widget\" data-widget_type=\"text-editor.default\">\n\t\t\t\t<div class=\"elementor-widget-container\">\n\t\t\t\t\t\t\t\t\t\n<p><em>Sidst \u00e6ndret den 23.02.2021<\/em><\/p>\n\n\n\n<p>Download den komplette erkl\u00e6ring om beskyttelse af personlige oplysninger fra KBH BV (handelskammernummer 66830257, der ogs\u00e5 driver virksomhed under navnene KBH BV og Bioethanolshop). Denne erkl\u00e6ring om beskyttelse af personlige oplysninger omhandler enhver behandling af personoplysninger om vores (potentielle) kunder og brugere af vores websted, herunder vores webshops p\u00e5 bioethanolshop.nl og bioethanolshop.be, under \u00e9t ogs\u00e5 shop.<\/p>\n\n\n\n<p>download erkl\u00e6ring om beskyttelse af personlige oplysninger<\/p>\n\n\n\n<p>P\u00e5 denne side har vi opsummeret vigtige oplysninger fra vores erkl\u00e6ring om beskyttelse af personlige oplysninger i form af ofte stillede sp\u00f8rgsm\u00e5l og svarene herp\u00e5. S\u00e5 du kan hurtigt finde de oplysninger, du leder efter. Hvis du \u00f8nsker detaljerede oplysninger om behandlingen af dine data, kan du downloade og l\u00e6se vores erkl\u00e6ring om beskyttelse af personlige oplysninger som en pdf ovenfor.<\/p>\n\n\n\n<p>Vores erkl\u00e6ring om beskyttelse af personlige oplysninger g\u00e6lder for al behandling af personoplysninger om vores (potentielle) kunder og brugere af vores shop. Ved personoplysninger forst\u00e5s oplysninger, der direkte eller indirekte kan henf\u00f8res til en person, uden at denne persons navn beh\u00f8ver at v\u00e6re kendt. T\u00e6nk p\u00e5 kundenummer, adresse, bop\u00e6l, e-mail-adresse, telefonnummer, cookie-id'er og finansielle data (se vores erkl\u00e6ring om beskyttelse af personlige oplysninger for at f\u00e5 en komplet liste).<\/p>\n\n\n\n<p>I det f\u00f8lgende betegnes alle personoplysninger og andre data samlet som data.<\/p>\n\n\n\n<p>Vi mener, at det er vigtigt, at vores tjenester er p\u00e5lidelige og gennemsigtige. Vi behandler derfor dine personlige oplysninger med diskretion og omhu, og vi sikrer, at enhver behandling af dine oplysninger er i overensstemmelse med g\u00e6ldende love og bestemmelser. Det er muligt, at vi tilpasser vores erkl\u00e6ring om beskyttelse af personlige oplysninger, hvis nye udviklinger kr\u00e6ver det. Du kan altid downloade den nyeste version fra denne side for at holde dig orienteret om eventuelle \u00e6ndringer.<\/p>\n\n\n\n<p><strong>Hvem behandler dine data, og hvem beskytter dem?<\/strong><\/p>\n\n\n\n<p>Bioethanolshop er ansvarlig for behandlingen af dine data. Det betyder, at Bioethanolshop bestemmer, hvordan og hvilke oplysninger der behandles, til hvilke form\u00e5l og i hvor lang tid. Vi behandler ikke dine oplysninger uden grund, og kun n\u00e5r vi har brug for dem til et eller flere specifikke form\u00e5l. Vi vil aldrig s\u00e6lge dine data til tredjeparter.<\/p>\n\n\n\n<p><strong>Hvilke data behandler vi, og hvad bruger vi dem til?<\/strong><\/p>\n\n\n\n<p><strong>Bes\u00f8g og brug af butikken (generelt)<\/strong><\/p>\n\n\n\n<p>N\u00e5r du bes\u00f8ger vores butik, behandler vi oplysninger om dig. Dette omfatter din IP-adresse, men ogs\u00e5 din klik- og k\u00f8bsadf\u00e6rd, s\u00e5 vi kan give dig en mere personlig og relevant service. Cookies g\u00f8r det muligt for os at se, f.eks. hvilke dele af webstedet eller appen du har set.<\/p>\n\n\n\n<p><strong>Opret og administrer en konto<\/strong><\/p>\n\n\n\n<p>For at afgive en ordre hos KBH BV kan du oprette en konto p\u00e5 vores websteder. Herefter kan du logge ind p\u00e5 din konto og administrere din konto. Til oprettelse af en konto og brug af din konto behandler vi n\u00f8dvendige oplysninger om dig.<\/p>\n\n\n\n<p><strong>K\u00f8b varer og f\u00e5 dem leveret<\/strong><\/p>\n\n\n\n<p>De varer, du k\u00f8ber i vores butik, leveres med DHL, Transmission, DPD. Under bestillingsprocessen behandler vi forskellige data, f.eks. din valgte betalingsmetode og data til at spore din ordre. Som f\u00f8lge af dine k\u00f8b kan vi sende dig tilbud og oplysninger, f.eks. via e-mail.<\/p>\n\n\n\n<p><strong>Sp\u00f8rgsm\u00e5l, klager, reparationer og garantier<\/strong><\/p>\n\n\n\n<p>Hvis du stiller et sp\u00f8rgsm\u00e5l eller klager over en vare, anmoder om en reparation, p\u00e5ber\u00e5ber dig din garanti eller kontakter kundeservice af en anden grund, er det n\u00f8dvendigt at behandle og gemme visse data.<\/p>\n\n\n\n<p><strong>Markedsf\u00f8ring<\/strong><\/p>\n\n\n\n<p>Hvis du har oprettet en konto og har k\u00f8bt en eller flere varer, kan vi kontakte dig med henblik p\u00e5 markedsf\u00f8ring. Det g\u00f8r vi gennem forskellige kommunikationsformer og kanaler. Desuden kan vi kombinere oplysninger fra andre parter med oplysninger, som vi allerede har om dig. Vi g\u00f8r det kun med din tilladelse.<\/p>\n\n\n\n<p><strong>Sociale medier<\/strong><\/p>\n\n\n\n<p>Hvis du interagerer med Bioethanolshop via sociale medier, f.eks. hvis du skriver en kommentar, uploader medier, sender en besked, deler en artikel fra vores websted eller klikker p\u00e5 en like-knap, kan vi modtage oplysninger som dit (bruger)navn, bop\u00e6l, e-mail-adresse og k\u00f8n.<\/p>\n\n\n\n<p><strong>Anmeldelser<\/strong><\/p>\n\n\n\n<p>Du kan efterlade en anmeldelse i vores butik eller p\u00e5 en anmeldelsesparts websted. Nogle gange beder vi om dette, efter at du har k\u00f8bt en vare hos os, eller p\u00e5 grund af en kampagne hos vores partnere. Du kan afmelde dig i disse mails for fremtidige meddelelser. Den anmeldelse, du skriver, er synlig for andre. Du v\u00e6lger selv, hvilket navn\/navne der skal vises i din anmeldelse.<\/p>\n\n\n\n<p><strong>Intern markedsunders\u00f8gelse<\/strong><\/p>\n\n\n\n<p>Vi gennemf\u00f8rer markedsunders\u00f8gelser for at indsamle oplysninger om vores kunder og det marked, vi opererer p\u00e5. P\u00e5 baggrund af markedsunders\u00f8gelser kan vi forbedre vores butik og tjenester. Vi bruger ogs\u00e5 disse oplysninger som grundlag for vores markedsf\u00f8rings- og kommunikationspolitik. P\u00e5 hvert trin i k\u00f8bs- og markedsf\u00f8ringsprocessen analyserer vi vores kunders k\u00f8bsadf\u00e6rd og motiver.<\/p>\n\n\n\n<p><strong>Unders\u00f8gelse af bedrageribek\u00e6mpelse<\/strong><\/p>\n\n\n\n<p>Den sektor, som KBH BV opererer i, er f\u00f8lsom over for svig. Det er derfor, vi gennemf\u00f8rer unders\u00f8gelser til bek\u00e6mpelse af svindel. P\u00e5 denne m\u00e5de \u00f8nsker vi at forhindre \u00f8konomisk skade og\/eller skade p\u00e5 omd\u00f8mme som f\u00f8lge af svig. Dit kundenummer kan misbruges af andre til at beg\u00e5 svindel. Forebyggelse af svig er derfor ikke kun i vores interesse, men ogs\u00e5 i din interesse.<\/p>\n\n\n\n<p><strong>Unders\u00f8gelse af kundetilfredshed<\/strong><\/p>\n\n\n\n<p>For at forbedre din kundeoplevelse, vores butik og tjenester har vi brug for at forst\u00e5 vores kunders oplevelse og tilfredshed. Se vores erkl\u00e6ring om beskyttelse af personlige oplysninger for de data, vi behandler til dette form\u00e5l.<\/p>\n\n\n\n<p><strong>Hvilke oplysninger behandler tredjeparter fra dig?<\/strong><\/p>\n\n\n\n<p>Til udf\u00f8relse af tjenester, levering af artikler og andre aktiviteter f\u00e5r vi hj\u00e6lp fra tredjeparter. Hvis disse tredjeparter behandler dine oplysninger p\u00e5 vegne af KBH BV, g\u00f8r de det som databehandlere. Alle aftaler om sikkerhed, fortrolighed og dine rettigheder er indeholdt i de behandlingsaftaler, som vi har indg\u00e5et med disse tredjeparter.<\/p>\n\n\n\n<p><strong>Hvordan sikrer vi dine data?<\/strong><\/p>\n\n\n\n<p>Dit privatliv er vigtigt, og derfor tager vi sikkerheden omkring dine oplysninger meget alvorligt. Vi har truffet forskellige foranstaltninger for at sikre, at dine data er og forbliver sikre. N\u00e5r vi sikrer dine data, tager vi hensyn til eventuelle behandlingsrisici i forbindelse med dine data: f.eks. hvis de g\u00e5r tabt eller misbruges.<\/p>\n\n\n\n<p><strong>Hvor l\u00e6nge opbevarer vi dine data?<\/strong><\/p>\n\n\n\n<p>Generelt opbevarer vi ikke dine oplysninger l\u00e6ngere end n\u00f8dvendigt for det form\u00e5l, som vi har indsamlet dem til. Herefter fjerner eller anonymiserer vi disse oplysninger. Anonymisering betyder, at vi s\u00f8rger for, at oplysningerne ikke l\u00e6ngere kan spores tilbage til dig. Nogle gange har vi stadig brug for visse oplysninger i en l\u00e6ngere periode til et andet form\u00e5l. Hvis det er tilf\u00e6ldet, har vi et grundlag for dette, og vi vil sikre, at disse data kun er tilg\u00e6ngelige til dette form\u00e5l. Derefter anonymiserer eller fjerner vi naturligvis dine data.<\/p>\n\n\n\n<p><strong>Hvilke rettigheder har du som kunde?<\/strong><\/p>\n\n\n\n<p>Som kunde har du visse rettigheder i forbindelse med KBH BV's behandling af dine data. P\u00e5 din konto kan du selv arrangere de fleste ting. Du kan se dine data, \u00e6ndre dem eller anmode om at downloade dem. Men du har ogs\u00e5 ret til at f\u00e5 dine oplysninger slettet og til at f\u00e5 dine oplysninger overf\u00f8rt.<\/p>\n\n\n\n<p><strong>Bruger vi cookies?<\/strong><\/p>\n\n\n\n<p>Ja, vi bruger forskellige typer cookies og lignende teknikker. Disse er bl.a. n\u00f8dvendige for at f\u00e5 vores butik til at fungere korrekt og g\u00f8re den mere brugervenlig for dig. Du kan l\u00e6se mere om alle de cookies, vi bruger, og hvorfor vi bruger dem, i vores erkl\u00e6ring om cookies.<\/p>\n\n\n\n<p>Vil du ikke have cookies? Du kan altid selv \u00e6ndre dine indstillinger eller slette cookies. Vores erkl\u00e6ring om cookies forklarer pr\u00e6cis, hvordan du g\u00f8r dette. Godt at vide: Hvis du deaktiverer cookies, kan det v\u00e6re, at vores butik ikke fungerer korrekt eller m\u00e5ske slet ikke fungerer.<\/p>\n\t\t\t\t\t\t\t\t<\/div>\n\t\t\t\t<\/div>\n\t\t\t\t\t<\/div>\n\t\t<\/div>\n\t\t\t\t\t<\/div>\n\t\t<\/section>\n\t\t\t\t<\/div>","protected":false},"excerpt":{"rendered":"<p>Sidst \u00e6ndret den 23.02.2021 Hermed den fuldst\u00e6ndige erkl\u00e6ring om beskyttelse af personlige oplysninger fra KBH BV (handelskammernummer 66830257, der ogs\u00e5 handler under navnene<\/p>","protected":false},"author":1,"featured_media":0,"parent":0,"menu_order":900,"comment_status":"closed","ping_status":"closed","template":"","meta":{"_acf_changed":false,"footnotes":""},"class_list":["post-86","page","type-page","status-publish","hentry"],"acf":[],"yoast_head":"<!-- This site is optimized with the Yoast SEO Premium plugin v27.2 (Yoast SEO v27.2) - https:\/\/yoast.com\/product\/yoast-seo-premium-wordpress\/ -->\n<title>Privacyverklaring | Bioethanolshop.nl<\/title>\n<meta name=\"robots\" content=\"index, follow, max-snippet:-1, max-image-preview:large, max-video-preview:-1\" \/>\n<link rel=\"canonical\" href=\"https:\/\/www.bioethanolshop.nl\/dk\/erklaering-om-beskyttelse-af-privatlivets-fred-og-beskyttelse-af-personoplysninger\/\" \/>\n<meta property=\"og:locale\" content=\"da_DK\" \/>\n<meta property=\"og:type\" content=\"article\" \/>\n<meta property=\"og:title\" content=\"Privacyverklaring\" \/>\n<meta property=\"og:description\" content=\"Laatst gewijzigd op 23.02.2021 Hierbij de volledige privacyverklaring van KBH BV (Kamer van Koophandel-nummer 66830257, tevens handelend onder de namen\" \/>\n<meta property=\"og:url\" content=\"https:\/\/www.bioethanolshop.nl\/dk\/erklaering-om-beskyttelse-af-privatlivets-fred-og-beskyttelse-af-personoplysninger\/\" \/>\n<meta property=\"og:site_name\" content=\"Bioethanolshop.nl\" \/>\n<meta property=\"article:publisher\" content=\"https:\/\/www.facebook.com\/profile.php?id=100064154436458\" \/>\n<meta property=\"article:modified_time\" content=\"2023-08-09T09:37:21+00:00\" \/>\n<meta name=\"twitter:card\" content=\"summary_large_image\" \/>\n<meta name=\"twitter:label1\" content=\"Estimeret l\u00e6setid\" \/>\n\t<meta name=\"twitter:data1\" content=\"7 minutter\" \/>\n<!-- \/ Yoast SEO Premium plugin. -->","yoast_head_json":{"title":"Erkl\u00e6ring om beskyttelse af personlige oplysninger | Bioethanolshop.com","robots":{"index":"index","follow":"follow","max-snippet":"max-snippet:-1","max-image-preview":"max-image-preview:large","max-video-preview":"max-video-preview:-1"},"canonical":"https:\/\/www.bioethanolshop.nl\/dk\/erklaering-om-beskyttelse-af-privatlivets-fred-og-beskyttelse-af-personoplysninger\/","og_locale":"da_DK","og_type":"article","og_title":"Privacyverklaring","og_description":"Laatst gewijzigd op 23.02.2021 Hierbij de volledige privacyverklaring van KBH BV (Kamer van Koophandel-nummer 66830257, tevens handelend onder de namen","og_url":"https:\/\/www.bioethanolshop.nl\/dk\/erklaering-om-beskyttelse-af-privatlivets-fred-og-beskyttelse-af-personoplysninger\/","og_site_name":"Bioethanolshop.nl","article_publisher":"https:\/\/www.facebook.com\/profile.php?id=100064154436458","article_modified_time":"2023-08-09T09:37:21+00:00","twitter_card":"summary_large_image","twitter_misc":{"Estimeret l\u00e6setid":"7 minutter"},"schema":{"@context":"https:\/\/schema.org","@graph":[{"@type":"WebPage","@id":"https:\/\/www.bioethanolshop.nl\/privacy-verklaring-en-avg\/","url":"https:\/\/www.bioethanolshop.nl\/privacy-verklaring-en-avg\/","name":"Erkl\u00e6ring om beskyttelse af personlige oplysninger | Bioethanolshop.com","isPartOf":{"@id":"https:\/\/www.bioethanolshop.nl\/en\/#website"},"datePublished":"2021-02-09T12:06:37+00:00","dateModified":"2023-08-09T09:37:21+00:00","breadcrumb":{"@id":"https:\/\/www.bioethanolshop.nl\/privacy-verklaring-en-avg\/#breadcrumb"},"inLanguage":"da-DK","potentialAction":[{"@type":"ReadAction","target":["https:\/\/www.bioethanolshop.nl\/privacy-verklaring-en-avg\/"]}]},{"@type":"BreadcrumbList","@id":"https:\/\/www.bioethanolshop.nl\/privacy-verklaring-en-avg\/#breadcrumb","itemListElement":[{"@type":"ListItem","position":1,"name":"Home","item":"https:\/\/www.bioethanolshop.nl\/"},{"@type":"ListItem","position":2,"name":"Privacyverklaring"}]},{"@type":"WebSite","@id":"https:\/\/www.bioethanolshop.nl\/en\/#website","url":"https:\/\/www.bioethanolshop.nl\/en\/","name":"Bioethanolshop.nl","description":"Den st\u00f8rste inden for bioethanol og bioethanol af den bedste kvalitet!","potentialAction":[{"@type":"SearchAction","target":{"@type":"EntryPoint","urlTemplate":"https:\/\/www.bioethanolshop.nl\/en\/?s={search_term_string}"},"query-input":{"@type":"PropertyValueSpecification","valueRequired":true,"valueName":"search_term_string"}}],"inLanguage":"da-DK"}]}},"_links":{"self":[{"href":"https:\/\/www.bioethanolshop.nl\/dk\/wp-json\/wp\/v2\/pages\/86","targetHints":{"allow":["GET"]}}],"collection":[{"href":"https:\/\/www.bioethanolshop.nl\/dk\/wp-json\/wp\/v2\/pages"}],"about":[{"href":"https:\/\/www.bioethanolshop.nl\/dk\/wp-json\/wp\/v2\/types\/page"}],"author":[{"embeddable":true,"href":"https:\/\/www.bioethanolshop.nl\/dk\/wp-json\/wp\/v2\/users\/1"}],"replies":[{"embeddable":true,"href":"https:\/\/www.bioethanolshop.nl\/dk\/wp-json\/wp\/v2\/comments?post=86"}],"version-history":[{"count":3,"href":"https:\/\/www.bioethanolshop.nl\/dk\/wp-json\/wp\/v2\/pages\/86\/revisions"}],"predecessor-version":[{"id":8337,"href":"https:\/\/www.bioethanolshop.nl\/dk\/wp-json\/wp\/v2\/pages\/86\/revisions\/8337"}],"wp:attachment":[{"href":"https:\/\/www.bioethanolshop.nl\/dk\/wp-json\/wp\/v2\/media?parent=86"}],"curies":[{"name":"wp","href":"https:\/\/api.w.org\/{rel}","templated":true}]}}