{"id":252,"date":"2021-02-27T13:21:08","date_gmt":"2021-02-27T13:21:08","guid":{"rendered":"https:\/\/www.bioethanolshop.nl\/?page_id=252"},"modified":"2021-02-27T13:21:09","modified_gmt":"2021-02-27T13:21:09","slug":"forsendelse-og-afhentning-2","status":"publish","type":"page","link":"https:\/\/www.bioethanolshop.nl\/dk\/verzendkosten-en-afhalen-2\/","title":{"rendered":"Forsendelsesomkostninger og afhentning"},"content":{"rendered":"<h3 class=\"wp-block-heading\" id=\"h-verwerkingskosten-bestelling\">Udgifter til ordrebehandling<\/h3>\n\n\n\n<p>Hver ordre medf\u00f8rer omkostninger til behandling, f.eks. til opbevaring, emballagematerialer osv. For ordrer p\u00e5 under 50,00 \u20ac inklusive moms opkr\u00e6ver vi ud over forsendelsesomkostningerne p\u00e5 5,74 \u20ac ekskl. moms \/ 6,95 \u20ac inkl. moms ogs\u00e5 et bidrag til behandlingsomkostningerne for din ordre. Det samlede bidrag til disse behandlings- og forsendelsesomkostninger er \u20ac 9,00 ekskl. moms \/ \u20ac 10,89 inkl. moms. Disse omkostninger er synlige i kassen i vores webshops.<\/p>\n\n\n\n<h3 class=\"wp-block-heading\" id=\"h-verzendwijze-pakketzending\">Forsendelsesmetode pakkeforsendelse<\/h3>\n\n\n\n<p>Transporten udf\u00f8res af en anerkendt transport\u00f8r eller pakkeleveringstjeneste som PostNL, DHL eller TransMission. Hvis vi finder det n\u00f8dvendigt, kan vi beslutte at bruge en anden transport\u00f8r. Udgangspunktet er altid en optimal forbindelse til den hurtigst mulige leveringstid til rimelige omkostninger.<\/p>\n\n\n\n<h3 class=\"wp-block-heading\" id=\"h-verzendkosten-palletzending\">Forsendelsesomkostninger forsendelse af paller<\/h3>\n\n\n\n<p>Det kan ske, at en ordre er s\u00e5 stor eller tung, at den skal leveres p\u00e5 paller. I s\u00e5 fald leveres den p\u00e5 en pantpalle. Hvis modtageren ikke kan eller ikke vil give leverand\u00f8ren en tom palle, skal vi opkr\u00e6ve 15,00 \u20ac for dette. Den palle, der indeholder pant, kan afleveres af modtageren til en lokal transport\u00f8r. Depositumspriserne kan variere fra land til land\/region.<\/p>\n\n\n\n<p><strong>Forsendelsesomkostningerne inden for Holland og Belgien er GRATIS ved en ordre p\u00e5 \u20ac 50,00 inkl. moms eller mere (bortset fra et eventuelt depositum p\u00e5 forsendelsesmaterialer)<\/strong><\/p>\n\n\n\n<h3 class=\"wp-block-heading\" id=\"h-verzendkosten-buiten-de-benelux\">Forsendelsesomkostninger uden for Benelux-landene<\/h3>\n\n\n\n<p>Omkostningerne for forsendelse inden for Europa (uden for Benelux) er p\u00e5 foresp\u00f8rgsel. Hvis en fragtforsendelse skal tilbydes dig en anden eller efterf\u00f8lgende gang, vil vi opkr\u00e6ve de ekstra omkostninger hos dig.<\/p>\n\n\n\n<h3 class=\"wp-block-heading\" id=\"h-afhalen\">Afhentning<\/h3>\n\n\n\n<p>Delvist p\u00e5 grund af COVID-19 er det i \u00f8jeblikket ikke muligt at afhente din ordre. Hver ordre leveres til din adresse af vores valgte transport\u00f8r under hensyntagen til de g\u00e6ldende (n\u00f8d)regler.<\/p>","protected":false},"excerpt":{"rendered":"<p>Ordrebehandlingsomkostninger Hver ordre medf\u00f8rer behandlingsomkostninger, s\u00e5som opbevaring, emballagematerialer osv. For ordrer under \u20ac 50,00 inklusive<\/p>","protected":false},"author":3,"featured_media":0,"parent":0,"menu_order":0,"comment_status":"closed","ping_status":"closed","template":"","meta":{"_acf_changed":false,"footnotes":""},"class_list":["post-252","page","type-page","status-publish","hentry"],"acf":[],"yoast_head":"<!-- This site is optimized with the Yoast SEO Premium plugin v27.2 (Yoast SEO v27.2) - https:\/\/yoast.com\/product\/yoast-seo-premium-wordpress\/ -->\n<title>Verzendkosten en afhalen | Bioethanolshop.nl<\/title>\n<meta name=\"robots\" content=\"index, follow, max-snippet:-1, max-image-preview:large, max-video-preview:-1\" \/>\n<link rel=\"canonical\" href=\"https:\/\/www.bioethanolshop.nl\/dk\/forsendelse-og-afhentning-2\/\" \/>\n<meta property=\"og:locale\" content=\"da_DK\" \/>\n<meta property=\"og:type\" content=\"article\" \/>\n<meta property=\"og:title\" content=\"Verzendkosten en afhalen\" \/>\n<meta property=\"og:description\" content=\"Verwerkingskosten bestelling Elke bestelling brengt verwerkingskosten met zich mee, zoals opslag, verpakkingsmateriaal, etcetera. Bij bestellingen onder de \u20ac 50,00 inclusief\" \/>\n<meta property=\"og:url\" content=\"https:\/\/www.bioethanolshop.nl\/dk\/forsendelse-og-afhentning-2\/\" \/>\n<meta property=\"og:site_name\" content=\"Bioethanolshop.nl\" \/>\n<meta property=\"article:publisher\" content=\"https:\/\/www.facebook.com\/profile.php?id=100064154436458\" \/>\n<meta property=\"article:modified_time\" content=\"2021-02-27T13:21:09+00:00\" \/>\n<meta name=\"twitter:card\" content=\"summary_large_image\" \/>\n<meta name=\"twitter:label1\" content=\"Estimeret l\u00e6setid\" \/>\n\t<meta name=\"twitter:data1\" content=\"1 minut\" \/>\n<!-- \/ Yoast SEO Premium plugin. -->","yoast_head_json":{"title":"Forsendelse og afhentning | Bioethanolshop.com","robots":{"index":"index","follow":"follow","max-snippet":"max-snippet:-1","max-image-preview":"max-image-preview:large","max-video-preview":"max-video-preview:-1"},"canonical":"https:\/\/www.bioethanolshop.nl\/dk\/forsendelse-og-afhentning-2\/","og_locale":"da_DK","og_type":"article","og_title":"Verzendkosten en afhalen","og_description":"Verwerkingskosten bestelling Elke bestelling brengt verwerkingskosten met zich mee, zoals opslag, verpakkingsmateriaal, etcetera. Bij bestellingen onder de \u20ac 50,00 inclusief","og_url":"https:\/\/www.bioethanolshop.nl\/dk\/forsendelse-og-afhentning-2\/","og_site_name":"Bioethanolshop.nl","article_publisher":"https:\/\/www.facebook.com\/profile.php?id=100064154436458","article_modified_time":"2021-02-27T13:21:09+00:00","twitter_card":"summary_large_image","twitter_misc":{"Estimeret l\u00e6setid":"1 minut"},"schema":{"@context":"https:\/\/schema.org","@graph":[{"@type":"WebPage","@id":"https:\/\/www.bioethanolshop.nl\/verzendkosten-en-afhalen-2\/","url":"https:\/\/www.bioethanolshop.nl\/verzendkosten-en-afhalen-2\/","name":"Forsendelse og afhentning | Bioethanolshop.com","isPartOf":{"@id":"https:\/\/www.bioethanolshop.nl\/en\/#website"},"datePublished":"2021-02-27T13:21:08+00:00","dateModified":"2021-02-27T13:21:09+00:00","breadcrumb":{"@id":"https:\/\/www.bioethanolshop.nl\/verzendkosten-en-afhalen-2\/#breadcrumb"},"inLanguage":"da-DK","potentialAction":[{"@type":"ReadAction","target":["https:\/\/www.bioethanolshop.nl\/verzendkosten-en-afhalen-2\/"]}]},{"@type":"BreadcrumbList","@id":"https:\/\/www.bioethanolshop.nl\/verzendkosten-en-afhalen-2\/#breadcrumb","itemListElement":[{"@type":"ListItem","position":1,"name":"Home","item":"https:\/\/www.bioethanolshop.nl\/"},{"@type":"ListItem","position":2,"name":"Verzendkosten en afhalen"}]},{"@type":"WebSite","@id":"https:\/\/www.bioethanolshop.nl\/en\/#website","url":"https:\/\/www.bioethanolshop.nl\/en\/","name":"Bioethanolshop.nl","description":"Den st\u00f8rste inden for bioethanol og bioethanol af den bedste kvalitet!","potentialAction":[{"@type":"SearchAction","target":{"@type":"EntryPoint","urlTemplate":"https:\/\/www.bioethanolshop.nl\/en\/?s={search_term_string}"},"query-input":{"@type":"PropertyValueSpecification","valueRequired":true,"valueName":"search_term_string"}}],"inLanguage":"da-DK"}]}},"_links":{"self":[{"href":"https:\/\/www.bioethanolshop.nl\/dk\/wp-json\/wp\/v2\/pages\/252","targetHints":{"allow":["GET"]}}],"collection":[{"href":"https:\/\/www.bioethanolshop.nl\/dk\/wp-json\/wp\/v2\/pages"}],"about":[{"href":"https:\/\/www.bioethanolshop.nl\/dk\/wp-json\/wp\/v2\/types\/page"}],"author":[{"embeddable":true,"href":"https:\/\/www.bioethanolshop.nl\/dk\/wp-json\/wp\/v2\/users\/3"}],"replies":[{"embeddable":true,"href":"https:\/\/www.bioethanolshop.nl\/dk\/wp-json\/wp\/v2\/comments?post=252"}],"version-history":[{"count":1,"href":"https:\/\/www.bioethanolshop.nl\/dk\/wp-json\/wp\/v2\/pages\/252\/revisions"}],"predecessor-version":[{"id":253,"href":"https:\/\/www.bioethanolshop.nl\/dk\/wp-json\/wp\/v2\/pages\/252\/revisions\/253"}],"wp:attachment":[{"href":"https:\/\/www.bioethanolshop.nl\/dk\/wp-json\/wp\/v2\/media?parent=252"}],"curies":[{"name":"wp","href":"https:\/\/api.w.org\/{rel}","templated":true}]}}