{"id":99,"date":"2021-02-09T12:13:34","date_gmt":"2021-02-09T12:13:34","guid":{"rendered":"https:\/\/www.bioethanolshop.nl\/?page_id=99"},"modified":"2023-08-09T11:52:34","modified_gmt":"2023-08-09T09:52:34","slug":"umtausch-und-ruckgabe","status":"publish","type":"page","link":"https:\/\/www.bioethanolshop.nl\/de\/ruilen-en-retouren\/","title":{"rendered":"Umtausch und R\u00fcckgabe"},"content":{"rendered":"<div data-elementor-type=\"wp-page\" data-elementor-id=\"99\" class=\"elementor elementor-99\" data-elementor-post-type=\"page\">\n\t\t\t\t\t\t<section class=\"elementor-section elementor-top-section elementor-element elementor-element-23dc03d7 elementor-section-boxed elementor-section-height-default elementor-section-height-default wd-section-disabled\" data-id=\"23dc03d7\" data-element_type=\"section\" data-e-type=\"section\">\n\t\t\t\t\t\t<div class=\"elementor-container elementor-column-gap-default\">\n\t\t\t\t\t<div class=\"elementor-column elementor-col-100 elementor-top-column elementor-element elementor-element-3977405a\" data-id=\"3977405a\" data-element_type=\"column\" data-e-type=\"column\">\n\t\t\t<div class=\"elementor-widget-wrap elementor-element-populated\">\n\t\t\t\t\t\t<div class=\"elementor-element elementor-element-225f5eaa color-scheme-inherit text-left elementor-widget elementor-widget-text-editor\" data-id=\"225f5eaa\" data-element_type=\"widget\" data-e-type=\"widget\" data-widget_type=\"text-editor.default\">\n\t\t\t\t<div class=\"elementor-widget-container\">\n\t\t\t\t\t\t\t\t\t\n<p><strong>Widerrufsrecht bei Lieferung von Produkten<\/strong><\/p>\n\n\n\n<ol class=\"wp-block-list\">\n<li>Beim Kauf von Produkten kann der Verbraucher den Vertrag ohne Angabe von Gr\u00fcnden f\u00fcr 30 Tage aufl\u00f6sen. Diese Frist beginnt am Tag nach Erhalt des Produkts durch den Verbraucher oder in dessen Auftrag.<\/li>\n\n\n\n<li>W\u00e4hrend dieses Zeitraums wird der Verbraucher das Produkt und die Verpackung mit Sorgfalt behandeln. Er wird das Produkt nur in dem Umfang auspacken oder benutzen, der notwendig ist, um zu beurteilen, ob er das Produkt behalten m\u00f6chte. Macht er von seinem Widerrufsrecht Gebrauch, so hat er das Produkt mit s\u00e4mtlichem gelieferten Zubeh\u00f6r und - soweit zumutbar - im Originalzustand und in der Originalverpackung an den Unternehmer zur\u00fcckzusenden, und zwar nach Ma\u00dfgabe der vom Unternehmer erteilten angemessenen und eindeutigen Anweisungen.<\/li>\n\n\n\n<li>Die KBH BV erstattet alle vom Verbraucher geleisteten Zahlungen, einschlie\u00dflich der von der KBH BV in Rechnung gestellten Lieferkosten f\u00fcr das zur\u00fcckgesandte Produkt, unverz\u00fcglich, jedoch innerhalb von 14 Tagen ab dem Tag, an dem der Verbraucher den Widerruf mitgeteilt hat. Sofern KBH BV nicht anbietet, das Produkt selbst abzuholen, k\u00f6nnen wir mit der R\u00fcckzahlung warten, bis wir das Produkt erhalten haben oder bis der Verbraucher nachweist, dass er das Produkt zur\u00fcckgeschickt hat, je nachdem, was zuerst eintritt. Wir werden das gleiche Zahlungsmittel verwenden, das der Verbraucher f\u00fcr die R\u00fcckzahlung verwendet hat, es sei denn, der Verbraucher stimmt einer anderen Methode zu. Die Erstattung ist f\u00fcr den Verbraucher kostenlos.<\/li>\n<\/ol>\n\n\n\n<p><strong>Stornierung Ihrer Bestellung<br><\/strong>Eine Bestellung kann kostenlos storniert werden, solange sie noch nicht versandt wurde. Es fallen keine Stornogeb\u00fchren an. Sie k\u00f6nnen eine Bestellung stornieren, indem Sie eine E-Mail an info@kbhonline.eu senden, in der Sie angeben, dass Sie die Bestellung stornieren m\u00f6chten und die Bestellnummer nennen. Jede Zahlung wird innerhalb von 7 Tagen zur\u00fcckerstattet.<\/p>\n\n\n\n<p><strong>R\u00fcckgabeverfahren<br><\/strong>M\u00f6chten Sie einen Artikel zur\u00fcckgeben? Dann bitten wir Sie, Folgendes zu tun. Auf diese Weise k\u00f6nnen wir Ihre R\u00fccksendung so reibungslos wie m\u00f6glich abwickeln.<\/p>\n\n\n\n<p><strong>Melden Sie Ihre R\u00fccksendung per E-Mail an unseren Kundendienst.<br><\/strong>Sie erhalten eine Best\u00e4tigung Ihrer Anfrage per E-Mail.<br>Sie erhalten Anweisungen zum Versand des Artikels per E-Mail.<br>Nach Eingang Ihrer Sendung erhalten Sie von uns eine Empfangsbest\u00e4tigung per E-Mail.<\/p>\n\n\n\n<p>In der Regel erhalten Sie innerhalb von 2 Arbeitstagen eine Antwort von uns.<\/p>\n\n\n\n<p>Die Kosten f\u00fcr die R\u00fccksendung eines Artikels gehen zu Ihren Lasten.<\/p>\n\n\n\n<p>Sie k\u00f6nnen auch das europ\u00e4ische Musterformular f\u00fcr den Widerruf verwenden, das Sie hier herunterladen k\u00f6nnen.<\/p>\n\n\n\n<p><strong>Zustand der Verpackung bei R\u00fccksendung<br><\/strong>Bitte achten Sie darauf, dass Sie Ihre Eink\u00e4ufe bei der R\u00fccksendung in einem Umkarton verpacken. Die Originalverpackung oder das Geh\u00e4use darf nicht durch Klebeband, Aufkleber oder andere Klebematerialien besch\u00e4digt werden. Leider sind wir sonst gezwungen, Reinigungskosten oder den Ersatz des Verpackungsmaterials in Rechnung zu stellen, damit wir auch den zuk\u00fcnftigen Besitzer mit seiner neuen Anschaffung gl\u00fccklich machen k\u00f6nnen.<\/p>\n\n\n\n<p><strong>Ausnahme Materialien<br><\/strong>Angebrochene Verpackungen, Flaschen oder Hygieneartikel k\u00f6nnen wir leider nicht zur\u00fccknehmen.<\/p>\n\n\n\n<p><strong>Reklamationen<br><\/strong>KBH BV bem\u00fcht sich, Ihre Bestellung so korrekt wie m\u00f6glich abzuwickeln. Wenn Sie eine schlechte Erfahrung mit unserem Service gemacht haben, lassen Sie es uns bitte wissen. Wir werden alles tun, um Sie zufrieden zu stellen. Sie k\u00f6nnen sich mit Ihrer Reklamation an den Kundendienst wenden (info@kbhonline.eu).<\/p>\n\t\t\t\t\t\t\t\t<\/div>\n\t\t\t\t<\/div>\n\t\t\t\t\t<\/div>\n\t\t<\/div>\n\t\t\t\t\t<\/div>\n\t\t<\/section>\n\t\t\t\t<\/div>","protected":false},"excerpt":{"rendered":"<p>Widerrufsrecht bei Lieferung von Produkten Stornierung Ihrer BestellungEine Bestellung kann kostenlos storniert werden, solange sie noch nicht abgeschlossen ist<\/p>","protected":false},"author":1,"featured_media":0,"parent":0,"menu_order":0,"comment_status":"closed","ping_status":"closed","template":"","meta":{"_acf_changed":false,"footnotes":""},"class_list":["post-99","page","type-page","status-publish","hentry"],"acf":[],"yoast_head":"<!-- This site is optimized with the Yoast SEO Premium plugin v27.2 (Yoast SEO v27.2) - https:\/\/yoast.com\/product\/yoast-seo-premium-wordpress\/ -->\n<title>Ruilen en retouren | Bioethanolshop.nl<\/title>\n<meta name=\"robots\" content=\"index, follow, max-snippet:-1, max-image-preview:large, max-video-preview:-1\" \/>\n<link rel=\"canonical\" href=\"https:\/\/www.bioethanolshop.nl\/de\/umtausch-und-ruckgabe\/\" \/>\n<meta property=\"og:locale\" content=\"de_DE\" \/>\n<meta property=\"og:type\" content=\"article\" \/>\n<meta property=\"og:title\" content=\"Ruilen en retouren\" \/>\n<meta property=\"og:description\" content=\"Herroepingsrecht bij levering van producten Annulering van uw bestellingEen bestelling kan kosteloos geannuleerd worden zolang de order nog niet is\" \/>\n<meta property=\"og:url\" content=\"https:\/\/www.bioethanolshop.nl\/de\/umtausch-und-ruckgabe\/\" \/>\n<meta property=\"og:site_name\" content=\"Bioethanolshop.nl\" \/>\n<meta property=\"article:publisher\" content=\"https:\/\/www.facebook.com\/profile.php?id=100064154436458\" \/>\n<meta property=\"article:modified_time\" content=\"2023-08-09T09:52:34+00:00\" \/>\n<meta name=\"twitter:card\" content=\"summary_large_image\" \/>\n<meta name=\"twitter:label1\" content=\"Gesch\u00e4tzte Lesezeit\" \/>\n\t<meta name=\"twitter:data1\" content=\"3\u00a0Minuten\" \/>\n<!-- \/ Yoast SEO Premium plugin. -->","yoast_head_json":{"title":"Umtausch und R\u00fcckgabe | Bioethanolshop.de","robots":{"index":"index","follow":"follow","max-snippet":"max-snippet:-1","max-image-preview":"max-image-preview:large","max-video-preview":"max-video-preview:-1"},"canonical":"https:\/\/www.bioethanolshop.nl\/de\/umtausch-und-ruckgabe\/","og_locale":"de_DE","og_type":"article","og_title":"Ruilen en retouren","og_description":"Herroepingsrecht bij levering van producten Annulering van uw bestellingEen bestelling kan kosteloos geannuleerd worden zolang de order nog niet is","og_url":"https:\/\/www.bioethanolshop.nl\/de\/umtausch-und-ruckgabe\/","og_site_name":"Bioethanolshop.nl","article_publisher":"https:\/\/www.facebook.com\/profile.php?id=100064154436458","article_modified_time":"2023-08-09T09:52:34+00:00","twitter_card":"summary_large_image","twitter_misc":{"Gesch\u00e4tzte Lesezeit":"3\u00a0Minuten"},"schema":{"@context":"https:\/\/schema.org","@graph":[{"@type":"WebPage","@id":"https:\/\/www.bioethanolshop.nl\/ruilen-en-retouren\/","url":"https:\/\/www.bioethanolshop.nl\/ruilen-en-retouren\/","name":"Umtausch und R\u00fcckgabe | Bioethanolshop.de","isPartOf":{"@id":"https:\/\/www.bioethanolshop.nl\/en\/#website"},"datePublished":"2021-02-09T12:13:34+00:00","dateModified":"2023-08-09T09:52:34+00:00","breadcrumb":{"@id":"https:\/\/www.bioethanolshop.nl\/ruilen-en-retouren\/#breadcrumb"},"inLanguage":"de","potentialAction":[{"@type":"ReadAction","target":["https:\/\/www.bioethanolshop.nl\/ruilen-en-retouren\/"]}]},{"@type":"BreadcrumbList","@id":"https:\/\/www.bioethanolshop.nl\/ruilen-en-retouren\/#breadcrumb","itemListElement":[{"@type":"ListItem","position":1,"name":"Home","item":"https:\/\/www.bioethanolshop.nl\/"},{"@type":"ListItem","position":2,"name":"Ruilen en retouren"}]},{"@type":"WebSite","@id":"https:\/\/www.bioethanolshop.nl\/en\/#website","url":"https:\/\/www.bioethanolshop.nl\/en\/","name":"Bioethanolshop.nl","description":"Der gr\u00f6\u00dfte in Bioethanol und beste Qualit\u00e4t Bioethanol!","potentialAction":[{"@type":"SearchAction","target":{"@type":"EntryPoint","urlTemplate":"https:\/\/www.bioethanolshop.nl\/en\/?s={search_term_string}"},"query-input":{"@type":"PropertyValueSpecification","valueRequired":true,"valueName":"search_term_string"}}],"inLanguage":"de"}]}},"_links":{"self":[{"href":"https:\/\/www.bioethanolshop.nl\/de\/wp-json\/wp\/v2\/pages\/99","targetHints":{"allow":["GET"]}}],"collection":[{"href":"https:\/\/www.bioethanolshop.nl\/de\/wp-json\/wp\/v2\/pages"}],"about":[{"href":"https:\/\/www.bioethanolshop.nl\/de\/wp-json\/wp\/v2\/types\/page"}],"author":[{"embeddable":true,"href":"https:\/\/www.bioethanolshop.nl\/de\/wp-json\/wp\/v2\/users\/1"}],"replies":[{"embeddable":true,"href":"https:\/\/www.bioethanolshop.nl\/de\/wp-json\/wp\/v2\/comments?post=99"}],"version-history":[{"count":3,"href":"https:\/\/www.bioethanolshop.nl\/de\/wp-json\/wp\/v2\/pages\/99\/revisions"}],"predecessor-version":[{"id":8358,"href":"https:\/\/www.bioethanolshop.nl\/de\/wp-json\/wp\/v2\/pages\/99\/revisions\/8358"}],"wp:attachment":[{"href":"https:\/\/www.bioethanolshop.nl\/de\/wp-json\/wp\/v2\/media?parent=99"}],"curies":[{"name":"wp","href":"https:\/\/api.w.org\/{rel}","templated":true}]}}