{"id":93,"date":"2021-02-09T12:11:08","date_gmt":"2021-02-09T12:11:08","guid":{"rendered":"https:\/\/www.bioethanolshop.nl\/?page_id=93"},"modified":"2025-10-10T13:02:34","modified_gmt":"2025-10-10T11:02:34","slug":"kontakt","status":"publish","type":"page","link":"https:\/\/www.bioethanolshop.nl\/de\/contact\/","title":{"rendered":"Kontakt"},"content":{"rendered":"\t\t<div data-elementor-type=\"wp-page\" data-elementor-id=\"93\" class=\"elementor elementor-93\" data-elementor-post-type=\"page\">\n\t\t\t\t\t\t<section class=\"elementor-section elementor-top-section elementor-element elementor-element-7a1d8ab9 elementor-section-boxed elementor-section-height-default elementor-section-height-default wd-section-disabled\" data-id=\"7a1d8ab9\" data-element_type=\"section\" data-e-type=\"section\">\n\t\t\t\t\t\t<div class=\"elementor-container elementor-column-gap-default\">\n\t\t\t\t\t<div class=\"elementor-column elementor-col-50 elementor-top-column elementor-element elementor-element-69d8f52d\" data-id=\"69d8f52d\" data-element_type=\"column\" data-e-type=\"column\">\n\t\t\t<div class=\"elementor-widget-wrap elementor-element-populated\">\n\t\t\t\t\t\t<div class=\"elementor-element elementor-element-48644ba elementor-widget elementor-widget-wd_title\" data-id=\"48644ba\" data-element_type=\"widget\" data-e-type=\"widget\" data-widget_type=\"wd_title.default\">\n\t\t\t\t<div class=\"elementor-widget-container\">\n\t\t\t\t\t\t\t<div class=\"title-wrapper set-mb-s reset-last-child wd-title-color-default wd-title-style-bordered wd-title-size-default text-left\">\n\n\t\t\t\n\t\t\t<div class=\"liner-continer\">\n\t\t\t\t<h4 class=\"woodmart-title-container title wd-fontsize-l\">STUUR ONS EEN E-MAIL<\/h4> \n\t\t\t\t\t\t\t<\/div>\n\n\t\t\t\t\t<\/div>\n\t\t\t\t\t\t<\/div>\n\t\t\t\t<\/div>\n\t\t\t\t<div class=\"elementor-element elementor-element-30328e2a elementor-widget elementor-widget-wd_contact_form_7\" data-id=\"30328e2a\" data-element_type=\"widget\" data-e-type=\"widget\" data-widget_type=\"wd_contact_form_7.default\">\n\t\t\t\t<div class=\"elementor-widget-container\">\n\t\t\t\t\t\n<div class=\"wpcf7 no-js\" id=\"wpcf7-f8259-o1\" lang=\"nl-NL\" dir=\"ltr\" data-wpcf7-id=\"8259\">\n<div class=\"screen-reader-response\"><p role=\"status\" aria-live=\"polite\" aria-atomic=\"true\"><\/p> <ul><\/ul><\/div>\n<form action=\"\/de\/wp-json\/wp\/v2\/pages\/93#wpcf7-f8259-o1\" method=\"post\" class=\"wpcf7-form init\" aria-label=\"Contactformulier\" novalidate=\"novalidate\" data-status=\"init\">\n<fieldset class=\"hidden-fields-container\"><input type=\"hidden\" name=\"_wpcf7\" value=\"8259\" \/><input type=\"hidden\" name=\"_wpcf7_version\" value=\"6.1.5\" \/><input type=\"hidden\" name=\"_wpcf7_locale\" value=\"nl_NL\" \/><input type=\"hidden\" name=\"_wpcf7_unit_tag\" value=\"wpcf7-f8259-o1\" \/><input type=\"hidden\" name=\"_wpcf7_container_post\" value=\"0\" \/><input type=\"hidden\" name=\"_wpcf7_posted_data_hash\" value=\"\" \/><input type=\"hidden\" name=\"_wpcf7_recaptcha_response\" value=\"\" \/>\n<\/fieldset>\n<p><label> uw naam<br \/>\n<span class=\"wpcf7-form-control-wrap\" data-name=\"your-name\"><input size=\"40\" maxlength=\"400\" class=\"wpcf7-form-control wpcf7-text wpcf7-validates-as-required\" autocomplete=\"name\" aria-required=\"true\" aria-invalid=\"false\" value=\"\" type=\"text\" name=\"your-name\" \/><\/span> <\/label>\n<\/p>\n<p><label> uw e-mail<br \/>\n<span class=\"wpcf7-form-control-wrap\" data-name=\"your-email\"><input size=\"40\" maxlength=\"400\" class=\"wpcf7-form-control wpcf7-email wpcf7-validates-as-required wpcf7-text wpcf7-validates-as-email\" autocomplete=\"email\" aria-required=\"true\" aria-invalid=\"false\" value=\"\" type=\"email\" name=\"your-email\" \/><\/span> <\/label>\n<\/p>\n<p><label> onderwerp<br \/>\n<span class=\"wpcf7-form-control-wrap\" data-name=\"your-subject\"><input size=\"40\" maxlength=\"400\" class=\"wpcf7-form-control wpcf7-text wpcf7-validates-as-required\" aria-required=\"true\" aria-invalid=\"false\" value=\"\" type=\"text\" name=\"your-subject\" \/><\/span> <\/label>\n<\/p>\n<p><label> je bericht (optioneel)<br \/>\n<span class=\"wpcf7-form-control-wrap\" data-name=\"your-message\"><textarea cols=\"40\" rows=\"10\" maxlength=\"2000\" class=\"wpcf7-form-control wpcf7-textarea\" aria-invalid=\"false\" name=\"your-message\"><\/textarea><\/span> <\/label>\n<\/p>\n<p><input class=\"wpcf7-form-control wpcf7-submit has-spinner\" type=\"submit\" value=\"verzenden\" \/>\n<\/p><p style=\"display: none !important;\" class=\"akismet-fields-container\" data-prefix=\"_wpcf7_ak_\"><label>&#916;<textarea name=\"_wpcf7_ak_hp_textarea\" cols=\"45\" rows=\"8\" maxlength=\"100\"><\/textarea><\/label><input type=\"hidden\" id=\"ak_js_1\" name=\"_wpcf7_ak_js\" value=\"14\"\/><script type=\"text\/javascript\">\n\/* <![CDATA[ *\/\ndocument.getElementById( \"ak_js_1\" ).setAttribute( \"value\", ( new Date() ).getTime() );\n\/* ]]> *\/\n<\/script>\n<\/p><div class=\"wpcf7-response-output\" aria-hidden=\"true\"><\/div>\n<\/form>\n<\/div>\n\t\t\t\t<\/div>\n\t\t\t\t<\/div>\n\t\t\t\t\t<\/div>\n\t\t<\/div>\n\t\t\t\t<div class=\"elementor-column elementor-col-50 elementor-top-column elementor-element elementor-element-da778f4\" data-id=\"da778f4\" data-element_type=\"column\" data-e-type=\"column\">\n\t\t\t<div class=\"elementor-widget-wrap elementor-element-populated\">\n\t\t\t\t\t\t<div class=\"elementor-element elementor-element-6c760972 elementor-widget elementor-widget-wd_title\" data-id=\"6c760972\" data-element_type=\"widget\" data-e-type=\"widget\" data-widget_type=\"wd_title.default\">\n\t\t\t\t<div class=\"elementor-widget-container\">\n\t\t\t\t\t\t\t<div class=\"title-wrapper set-mb-s reset-last-child wd-title-color-default wd-title-style-bordered wd-title-size-default text-left\">\n\n\t\t\t\n\t\t\t<div class=\"liner-continer\">\n\t\t\t\t<h4 class=\"woodmart-title-container title wd-fontsize-l\">CONTACT ONS<\/h4> \n\t\t\t\t\t\t\t<\/div>\n\n\t\t\t\t\t<\/div>\n\t\t\t\t\t\t<\/div>\n\t\t\t\t<\/div>\n\t\t\t\t<section class=\"elementor-section elementor-inner-section elementor-element elementor-element-174e00ba elementor-section-boxed elementor-section-height-default elementor-section-height-default wd-section-disabled\" data-id=\"174e00ba\" data-element_type=\"section\" data-e-type=\"section\">\n\t\t\t\t\t\t<div class=\"elementor-container elementor-column-gap-extended\">\n\t\t\t\t\t<div class=\"elementor-column elementor-col-100 elementor-inner-column elementor-element elementor-element-5483a1a0\" data-id=\"5483a1a0\" data-element_type=\"column\" data-e-type=\"column\">\n\t\t\t<div class=\"elementor-widget-wrap elementor-element-populated\">\n\t\t\t\t\t\t<div class=\"elementor-element elementor-element-18c3f6e5 elementor-widget elementor-widget-wd_infobox\" data-id=\"18c3f6e5\" data-element_type=\"widget\" data-e-type=\"widget\" data-widget_type=\"wd_infobox.default\">\n\t\t\t\t<div class=\"elementor-widget-container\">\n\t\t\t\t\t\t\t<div class=\"info-box-wrapper\">\n\t\t\t<div class=\"wd-info-box text-left box-icon-align-left box-style-base color-scheme- wd-items-top\" >\n\t\t\t\t\t\t\t\t\t<div class=\"box-icon-wrapper  box-with-icon box-icon-simple\">\n\t\t\t\t\t\t<div class=\"info-box-icon\">\n\t\t\t\t\t\t\t\t\t\t\t\t\t\t\t<img decoding=\"async\" src=\"https:\/\/www.bioethanolshop.nl\/wp-content\/uploads\/elementor\/thumbs\/tela-plana-celular-esboco_318-39730-40x40-1-peg5f0jmyk6s51ao8zc3rkza9nhmggufrrrrd8hn68-pesiitm3t1kmc7tlguz77j3w926k3590i963lbtx1s-rix1froigzsib2zdps2o94ddhdptwz7m4rna7vs3gw.png\" title=\"tela-plana-celular-esboco_318-39730-40&#215;40-1-peg5f0jmyk6s51ao8zc3rkza9nhmggufrrrrd8hn68-pesiitm3t1kmc7tlguz77j3w926k3590i963lbtx1s.png\" alt=\"tela-plana-celular-esboco_318-39730-40x40-1-peg5f0jmyk6s51ao8zc3rkza9nhmggufrrrrd8hn68-pesiitm3t1kmc7tlguz77j3w926k3590i963lbtx1s.png\" loading=\"lazy\" \/>\t\t\t\t\t\t\t\t\t\t\t\t\t<\/div>\n\t\t\t\t\t<\/div>\n\t\t\t\t\n\t\t\t\t<div class=\"info-box-content\">\n\t\t\t\t\t\n\t\t\t\t\t\n\t\t\t\t\t<div class=\"info-box-inner set-cont-mb-s reset-last-child\"\n\t\t\t\t\t\t data-elementor-setting-key=\"content\">\n\t\t\t\t\t\t<p><span style=\"color: #333333;\"><strong>E-mail:<\/strong><\/span> <a href=\"mailto:info@kbhonline.eu\">info@kbhonline.eu<\/a><\/p>\n\t\t\t\t\t<\/div>\n\t\n\t\t\t\t\t\t\t\t\t<\/div>\n\t\t\t<\/div>\n\t\t<\/div>\n\t\t\t\t\t\t<\/div>\n\t\t\t\t<\/div>\n\t\t\t\t\t<\/div>\n\t\t<\/div>\n\t\t\t\t\t<\/div>\n\t\t<\/section>\n\t\t\t\t<div class=\"elementor-element elementor-element-2bda30c7 color-scheme-inherit text-left elementor-widget elementor-widget-text-editor\" data-id=\"2bda30c7\" data-element_type=\"widget\" data-e-type=\"widget\" data-widget_type=\"text-editor.default\">\n\t\t\t\t<div class=\"elementor-widget-container\">\n\t\t\t\t\t\t\t\t\t<p><strong><span style=\"vertical-align: inherit;\"><span style=\"vertical-align: inherit;\">Bio-ethanol winkel is gevestigd:<\/span><\/span><\/strong><span style=\"vertical-align: inherit;\"><span style=\"vertical-align: inherit;\"> Hendrik ter Kuilestraat 173, 7547 SK Enschede (Geen winkel, afhalen niet mogelijk!)<\/span><\/span><\/p>\n<ul>\n<li style=\"list-style-type: none;\">\n<ul>\n<li><strong><span style=\"vertical-align: inherit;\"><span style=\"vertical-align: inherit;\">Tel NL:<\/span><\/span><\/strong><span style=\"vertical-align: inherit;\"><span style=\"vertical-align: inherit;\"> 053 200 55 68 (13.00 \u2013 16.00 | Mon to Fri)<\/span><\/span><\/li>\n<li><strong><span style=\"vertical-align: inherit;\"><span style=\"vertical-align: inherit;\">Tel BE:<\/span><\/span><\/strong><span style=\"vertical-align: inherit;\"><span style=\"vertical-align: inherit;\"> 03 808 1669 (13.00 \u2013 16.00 | Mon to Fri)<\/span><\/span><\/li>\n<\/ul>\n<\/li>\n<\/ul>\t\t\t\t\t\t\t\t<\/div>\n\t\t\t\t<\/div>\n\t\t\t\t<div class=\"elementor-element elementor-element-27282ec0 color-scheme-inherit text-left elementor-widget elementor-widget-text-editor\" data-id=\"27282ec0\" data-element_type=\"widget\" data-e-type=\"widget\" data-widget_type=\"text-editor.default\">\n\t\t\t\t<div class=\"elementor-widget-container\">\n\t\t\t\t\t\t\t\t\t<h4><strong>Betaalmogelijkheden<\/strong><\/h4><p>Bij ons heb je de mogelijkheid om te betalen zoals je wilt, wij accepteren iDEAL, vooruitbetaling, Paypal en creditcard (ook diverse buitenlandse creditcards). Meer informatie over betaalmethoden vind je hier.<\/p><h4 class=\"nitro-offscreen\"><strong>Levertijd<\/strong><\/h4><p class=\"nitro-offscreen\">Producten die uit voorraad leverbaar zijn en voor 17.00 uur besteld zijn, worden de volgende dag geleverd. Door korte lijnen met onze leveranciers zijn producten die we zelf niet op voorraad hebben over het algemeen binnen 2-5 werkdagen leverbaar.<br \/>Als de levertijd langer is dan 7 werkdagen, ontvang je automatisch bericht, je ontvangt altijd een bevestigingsbericht van ons over de levertijd. Afhalen kan op werkdagen van 09:00 tot 17:00, na telefonische afspraak.<\/p>\t\t\t\t\t\t\t\t<\/div>\n\t\t\t\t<\/div>\n\t\t\t\t\t<\/div>\n\t\t<\/div>\n\t\t\t\t\t<\/div>\n\t\t<\/section>\n\t\t\t\t<\/div>\n\t\t","protected":false},"excerpt":{"rendered":"<p>SEND US AN E-MAIL your name your e-mail subject your message (optional) \u0394 CONTACT US E-mail: info@kbhonline.eu Bioethanol shop is<\/p>","protected":false},"author":1,"featured_media":0,"parent":0,"menu_order":0,"comment_status":"closed","ping_status":"closed","template":"","meta":{"_acf_changed":false,"footnotes":""},"class_list":["post-93","page","type-page","status-publish","hentry"],"acf":[],"yoast_head":"<!-- This site is optimized with the Yoast SEO Premium plugin v27.5 (Yoast SEO v27.5) - https:\/\/yoast.com\/product\/yoast-seo-premium-wordpress\/ -->\n<title>Contact | Bioethanolshop.nl<\/title>\n<meta name=\"robots\" content=\"index, follow, max-snippet:-1, max-image-preview:large, max-video-preview:-1\" \/>\n<link rel=\"canonical\" href=\"https:\/\/www.bioethanolshop.nl\/de\/kontakt\/\" \/>\n<meta property=\"og:locale\" content=\"de_DE\" \/>\n<meta property=\"og:type\" content=\"article\" \/>\n<meta property=\"og:title\" content=\"Contact\" \/>\n<meta property=\"og:description\" content=\"STUUR ONS EEN E-MAIL uw naam uw e-mail onderwerp je bericht (optioneel) &#916; CONTACT ONS E-mail: info@kbhonline.eu Bio-ethanol winkel is\" \/>\n<meta property=\"og:url\" content=\"https:\/\/www.bioethanolshop.nl\/de\/kontakt\/\" \/>\n<meta property=\"og:site_name\" content=\"Bioethanolshop.nl\" \/>\n<meta property=\"article:publisher\" content=\"https:\/\/www.facebook.com\/profile.php?id=100064154436458\" \/>\n<meta property=\"article:modified_time\" content=\"2025-10-10T11:02:34+00:00\" \/>\n<meta property=\"og:image\" content=\"https:\/\/www.bioethanolshop.nl\/wp-content\/uploads\/elementor\/thumbs\/tela-plana-celular-esboco_318-39730-40x40-1-peg5f0jmyk6s51ao8zc3rkza9nhmggufrrrrd8hn68-pesiitm3t1kmc7tlguz77j3w926k3590i963lbtx1s-qangb6vi5tfcejvffxgoq009nw8l77ptneb5i9xcsg.png\" \/>\n<meta name=\"twitter:card\" content=\"summary_large_image\" \/>\n<meta name=\"twitter:label1\" content=\"Gesch\u00e4tzte Lesezeit\" \/>\n\t<meta name=\"twitter:data1\" content=\"1\u00a0Minute\" \/>\n<!-- \/ Yoast SEO Premium plugin. -->","yoast_head_json":{"title":"Kontakt | Bioethanolshop.de","robots":{"index":"index","follow":"follow","max-snippet":"max-snippet:-1","max-image-preview":"max-image-preview:large","max-video-preview":"max-video-preview:-1"},"canonical":"https:\/\/www.bioethanolshop.nl\/de\/kontakt\/","og_locale":"de_DE","og_type":"article","og_title":"Contact","og_description":"STUUR ONS EEN E-MAIL uw naam uw e-mail onderwerp je bericht (optioneel) &#916; CONTACT ONS E-mail: info@kbhonline.eu Bio-ethanol winkel is","og_url":"https:\/\/www.bioethanolshop.nl\/de\/kontakt\/","og_site_name":"Bioethanolshop.nl","article_publisher":"https:\/\/www.facebook.com\/profile.php?id=100064154436458","article_modified_time":"2025-10-10T11:02:34+00:00","og_image":[{"url":"https:\/\/www.bioethanolshop.nl\/wp-content\/uploads\/elementor\/thumbs\/tela-plana-celular-esboco_318-39730-40x40-1-peg5f0jmyk6s51ao8zc3rkza9nhmggufrrrrd8hn68-pesiitm3t1kmc7tlguz77j3w926k3590i963lbtx1s-qangb6vi5tfcejvffxgoq009nw8l77ptneb5i9xcsg.png","type":"","width":"","height":""}],"twitter_card":"summary_large_image","twitter_misc":{"Gesch\u00e4tzte Lesezeit":"1\u00a0Minute"},"schema":{"@context":"https:\/\/schema.org","@graph":[{"@type":"WebPage","@id":"https:\/\/www.bioethanolshop.nl\/contact\/","url":"https:\/\/www.bioethanolshop.nl\/contact\/","name":"Kontakt | Bioethanolshop.de","isPartOf":{"@id":"https:\/\/www.bioethanolshop.nl\/en\/#website"},"primaryImageOfPage":{"@id":"https:\/\/www.bioethanolshop.nl\/contact\/#primaryimage"},"image":{"@id":"https:\/\/www.bioethanolshop.nl\/contact\/#primaryimage"},"thumbnailUrl":"https:\/\/www.bioethanolshop.nl\/wp-content\/uploads\/elementor\/thumbs\/tela-plana-celular-esboco_318-39730-40x40-1-peg5f0jmyk6s51ao8zc3rkza9nhmggufrrrrd8hn68-pesiitm3t1kmc7tlguz77j3w926k3590i963lbtx1s-qangb6vi5tfcejvffxgoq009nw8l77ptneb5i9xcsg.png","datePublished":"2021-02-09T12:11:08+00:00","dateModified":"2025-10-10T11:02:34+00:00","breadcrumb":{"@id":"https:\/\/www.bioethanolshop.nl\/contact\/#breadcrumb"},"inLanguage":"de","potentialAction":[{"@type":"ReadAction","target":["https:\/\/www.bioethanolshop.nl\/contact\/"]}]},{"@type":"ImageObject","inLanguage":"de","@id":"https:\/\/www.bioethanolshop.nl\/contact\/#primaryimage","url":"https:\/\/www.bioethanolshop.nl\/wp-content\/uploads\/elementor\/thumbs\/tela-plana-celular-esboco_318-39730-40x40-1-peg5f0jmyk6s51ao8zc3rkza9nhmggufrrrrd8hn68-pesiitm3t1kmc7tlguz77j3w926k3590i963lbtx1s-qangb6vi5tfcejvffxgoq009nw8l77ptneb5i9xcsg.png","contentUrl":"https:\/\/www.bioethanolshop.nl\/wp-content\/uploads\/elementor\/thumbs\/tela-plana-celular-esboco_318-39730-40x40-1-peg5f0jmyk6s51ao8zc3rkza9nhmggufrrrrd8hn68-pesiitm3t1kmc7tlguz77j3w926k3590i963lbtx1s-qangb6vi5tfcejvffxgoq009nw8l77ptneb5i9xcsg.png"},{"@type":"BreadcrumbList","@id":"https:\/\/www.bioethanolshop.nl\/contact\/#breadcrumb","itemListElement":[{"@type":"ListItem","position":1,"name":"Home","item":"https:\/\/www.bioethanolshop.nl\/"},{"@type":"ListItem","position":2,"name":"Contact"}]},{"@type":"WebSite","@id":"https:\/\/www.bioethanolshop.nl\/en\/#website","url":"https:\/\/www.bioethanolshop.nl\/en\/","name":"Bioethanolshop.nl","description":"Der gr\u00f6\u00dfte in Bioethanol und beste Qualit\u00e4t Bioethanol!","potentialAction":[{"@type":"SearchAction","target":{"@type":"EntryPoint","urlTemplate":"https:\/\/www.bioethanolshop.nl\/en\/?s={search_term_string}"},"query-input":{"@type":"PropertyValueSpecification","valueRequired":true,"valueName":"search_term_string"}}],"inLanguage":"de"}]}},"_links":{"self":[{"href":"https:\/\/www.bioethanolshop.nl\/de\/wp-json\/wp\/v2\/pages\/93","targetHints":{"allow":["GET"]}}],"collection":[{"href":"https:\/\/www.bioethanolshop.nl\/de\/wp-json\/wp\/v2\/pages"}],"about":[{"href":"https:\/\/www.bioethanolshop.nl\/de\/wp-json\/wp\/v2\/types\/page"}],"author":[{"embeddable":true,"href":"https:\/\/www.bioethanolshop.nl\/de\/wp-json\/wp\/v2\/users\/1"}],"replies":[{"embeddable":true,"href":"https:\/\/www.bioethanolshop.nl\/de\/wp-json\/wp\/v2\/comments?post=93"}],"version-history":[{"count":3,"href":"https:\/\/www.bioethanolshop.nl\/de\/wp-json\/wp\/v2\/pages\/93\/revisions"}],"predecessor-version":[{"id":17680,"href":"https:\/\/www.bioethanolshop.nl\/de\/wp-json\/wp\/v2\/pages\/93\/revisions\/17680"}],"wp:attachment":[{"href":"https:\/\/www.bioethanolshop.nl\/de\/wp-json\/wp\/v2\/media?parent=93"}],"curies":[{"name":"wp","href":"https:\/\/api.w.org\/{rel}","templated":true}]}}