{"id":84,"date":"2021-02-09T12:04:07","date_gmt":"2021-02-09T12:04:07","guid":{"rendered":"https:\/\/www.bioethanolshop.nl\/?page_id=84"},"modified":"2023-08-09T11:35:22","modified_gmt":"2023-08-09T09:35:22","slug":"haftungsausschluss","status":"publish","type":"page","link":"https:\/\/www.bioethanolshop.nl\/de\/disclaimer\/","title":{"rendered":"Haftungsausschluss"},"content":{"rendered":"<div data-elementor-type=\"wp-page\" data-elementor-id=\"84\" class=\"elementor elementor-84\" data-elementor-post-type=\"page\">\n\t\t\t\t\t\t<section class=\"elementor-section elementor-top-section elementor-element elementor-element-64f55831 elementor-section-boxed elementor-section-height-default elementor-section-height-default wd-section-disabled\" data-id=\"64f55831\" data-element_type=\"section\" data-e-type=\"section\">\n\t\t\t\t\t\t<div class=\"elementor-container elementor-column-gap-default\">\n\t\t\t\t\t<div class=\"elementor-column elementor-col-100 elementor-top-column elementor-element elementor-element-35ae81ab\" data-id=\"35ae81ab\" data-element_type=\"column\" data-e-type=\"column\">\n\t\t\t<div class=\"elementor-widget-wrap elementor-element-populated\">\n\t\t\t\t\t\t<div class=\"elementor-element elementor-element-f67d3ae color-scheme-inherit text-left elementor-widget elementor-widget-text-editor\" data-id=\"f67d3ae\" data-element_type=\"widget\" data-e-type=\"widget\" data-widget_type=\"text-editor.default\">\n\t\t\t\t<div class=\"elementor-widget-container\">\n\t\t\t\t\t\t\t\t\t\n<p>KBH BV, die unter Bioethanolshop firmiert, widmet den Informationen auf ihren Websites gr\u00f6\u00dfte Aufmerksamkeit. Obwohl wir bei der Zusammenstellung der auf dieser Website bereitgestellten Informationen gr\u00f6\u00dftm\u00f6gliche Sorgfalt anwenden, k\u00f6nnen wir nicht garantieren, dass diese Informationen immer vollst\u00e4ndig, richtig oder vollst\u00e4ndig sind. Wir garantieren auch nicht, dass ihre Verwendung zu den richtigen Ergebnissen f\u00fchrt oder dass die Informationen f\u00fcr bestimmte Zwecke geeignet sind. KBH BV beh\u00e4lt sich alle Rechte in Bezug auf die auf dieser Website bereitgestellten Informationen vor. Eine anderweitige Ver\u00f6ffentlichung oder Verarbeitung dieser Informationen ist ohne vorherige Zustimmung von KBH BV nicht gestattet. Bitte richten Sie Ihre Anfragen an info@kbhonline.eu.<\/p>\n\n\n\n<p><strong>Keine Haftung<\/strong><\/p>\n\n\n\n<p>Wir k\u00f6nnen nicht garantieren, dass die Nutzung der Informationen auf dieser Website nicht die Rechte Dritter verletzt. KBH BV, ihre Gesellschafter und\/oder Mitarbeiter haften in keinem Fall f\u00fcr irgendwelche direkten oder indirekten Sch\u00e4den, die auf irgendeine Weise aus der Nutzung der (Informationen auf der) Website entstehen und\/oder sich daraus ergeben.<\/p>\n\n\n\n<p><strong>E-Mail<\/strong><\/p>\n\n\n\n<p>Sie k\u00f6nnen uns unter anderem per E-Mail erreichen. Die \u00dcbertragung von E-Mail-Nachrichten ist jedoch nie 100% sicher. Indem Sie uns vertrauliche und\/oder sensible Informationen unverschl\u00fcsselt per E-Mail zusenden, akzeptieren Sie das Risiko, dass diese Informationen Dritten bekannt werden k\u00f6nnen.<\/p>\n\n\n\n<p><strong>Hyperlinks<\/strong><\/p>\n\n\n\n<p>Eine Reihe von Hyperlinks auf dieser Website f\u00fchren zu Websites, die von Dritten unterhalten werden und auf die KBH BV keinen Einfluss hat. KBH BV gibt keine Garantie f\u00fcr die Richtigkeit oder Vollst\u00e4ndigkeit der Informationen auf diesen Websites. Das Vorhandensein von Hyperlinks zu Webseiten Dritter bedeutet nicht, dass wir deren Inhalte sponsern oder bef\u00fcrworten.<\/p>\n\n\n\n<p>\u00c4nderungen<\/p>\n\n\n\n<p>Wir k\u00f6nnen die Informationen auf dieser Website jederzeit \u00e4ndern. Wir sind jedoch nicht verpflichtet, die Informationen auf der Website auf dem neuesten Stand zu halten. Wenn Sie aufgrund der Informationen auf der Website Fragen haben, k\u00f6nnen Sie uns nat\u00fcrlich jederzeit kontaktieren.<\/p>\n\t\t\t\t\t\t\t\t<\/div>\n\t\t\t\t<\/div>\n\t\t\t\t\t<\/div>\n\t\t<\/div>\n\t\t\t\t\t<\/div>\n\t\t<\/section>\n\t\t\t\t<\/div>","protected":false},"excerpt":{"rendered":"<p>KBH BV, handelnd unter dem Namen Bioethanolshop, widmet den Informationen auf ihren Websites die gr\u00f6\u00dfte Aufmerksamkeit. Obwohl wir die gr\u00f6\u00dftm\u00f6gliche<\/p>","protected":false},"author":1,"featured_media":0,"parent":0,"menu_order":0,"comment_status":"closed","ping_status":"closed","template":"","meta":{"_acf_changed":false,"footnotes":""},"class_list":["post-84","page","type-page","status-publish","hentry"],"acf":[],"yoast_head":"<!-- This site is optimized with the Yoast SEO Premium plugin v27.5 (Yoast SEO v27.5) - https:\/\/yoast.com\/product\/yoast-seo-premium-wordpress\/ -->\n<title>Disclaimer | Bioethanolshop.nl<\/title>\n<meta name=\"robots\" content=\"index, follow, max-snippet:-1, max-image-preview:large, max-video-preview:-1\" \/>\n<link rel=\"canonical\" href=\"https:\/\/www.bioethanolshop.nl\/de\/haftungsausschluss\/\" \/>\n<meta property=\"og:locale\" content=\"de_DE\" \/>\n<meta property=\"og:type\" content=\"article\" \/>\n<meta property=\"og:title\" content=\"Disclaimer\" \/>\n<meta property=\"og:description\" content=\"KBH BV, handelend onder Bioethanolshop, besteedt de uiterste aandacht aan de informatie op haar websites. Hoewel wij de grootst mogelijke\" \/>\n<meta property=\"og:url\" content=\"https:\/\/www.bioethanolshop.nl\/de\/haftungsausschluss\/\" \/>\n<meta property=\"og:site_name\" content=\"Bioethanolshop.nl\" \/>\n<meta property=\"article:publisher\" content=\"https:\/\/www.facebook.com\/profile.php?id=100064154436458\" \/>\n<meta property=\"article:modified_time\" content=\"2023-08-09T09:35:22+00:00\" \/>\n<meta name=\"twitter:card\" content=\"summary_large_image\" \/>\n<meta name=\"twitter:label1\" content=\"Gesch\u00e4tzte Lesezeit\" \/>\n\t<meta name=\"twitter:data1\" content=\"2\u00a0Minuten\" \/>\n<!-- \/ Yoast SEO Premium plugin. -->","yoast_head_json":{"title":"Haftungsausschluss | Bioethanolshop.co.uk","robots":{"index":"index","follow":"follow","max-snippet":"max-snippet:-1","max-image-preview":"max-image-preview:large","max-video-preview":"max-video-preview:-1"},"canonical":"https:\/\/www.bioethanolshop.nl\/de\/haftungsausschluss\/","og_locale":"de_DE","og_type":"article","og_title":"Disclaimer","og_description":"KBH BV, handelend onder Bioethanolshop, besteedt de uiterste aandacht aan de informatie op haar websites. Hoewel wij de grootst mogelijke","og_url":"https:\/\/www.bioethanolshop.nl\/de\/haftungsausschluss\/","og_site_name":"Bioethanolshop.nl","article_publisher":"https:\/\/www.facebook.com\/profile.php?id=100064154436458","article_modified_time":"2023-08-09T09:35:22+00:00","twitter_card":"summary_large_image","twitter_misc":{"Gesch\u00e4tzte Lesezeit":"2\u00a0Minuten"},"schema":{"@context":"https:\/\/schema.org","@graph":[{"@type":"WebPage","@id":"https:\/\/www.bioethanolshop.nl\/disclaimer\/","url":"https:\/\/www.bioethanolshop.nl\/disclaimer\/","name":"Haftungsausschluss | Bioethanolshop.co.uk","isPartOf":{"@id":"https:\/\/www.bioethanolshop.nl\/en\/#website"},"datePublished":"2021-02-09T12:04:07+00:00","dateModified":"2023-08-09T09:35:22+00:00","breadcrumb":{"@id":"https:\/\/www.bioethanolshop.nl\/disclaimer\/#breadcrumb"},"inLanguage":"de","potentialAction":[{"@type":"ReadAction","target":["https:\/\/www.bioethanolshop.nl\/disclaimer\/"]}]},{"@type":"BreadcrumbList","@id":"https:\/\/www.bioethanolshop.nl\/disclaimer\/#breadcrumb","itemListElement":[{"@type":"ListItem","position":1,"name":"Home","item":"https:\/\/www.bioethanolshop.nl\/"},{"@type":"ListItem","position":2,"name":"Disclaimer"}]},{"@type":"WebSite","@id":"https:\/\/www.bioethanolshop.nl\/en\/#website","url":"https:\/\/www.bioethanolshop.nl\/en\/","name":"Bioethanolshop.nl","description":"Der gr\u00f6\u00dfte in Bioethanol und beste Qualit\u00e4t Bioethanol!","potentialAction":[{"@type":"SearchAction","target":{"@type":"EntryPoint","urlTemplate":"https:\/\/www.bioethanolshop.nl\/en\/?s={search_term_string}"},"query-input":{"@type":"PropertyValueSpecification","valueRequired":true,"valueName":"search_term_string"}}],"inLanguage":"de"}]}},"_links":{"self":[{"href":"https:\/\/www.bioethanolshop.nl\/de\/wp-json\/wp\/v2\/pages\/84","targetHints":{"allow":["GET"]}}],"collection":[{"href":"https:\/\/www.bioethanolshop.nl\/de\/wp-json\/wp\/v2\/pages"}],"about":[{"href":"https:\/\/www.bioethanolshop.nl\/de\/wp-json\/wp\/v2\/types\/page"}],"author":[{"embeddable":true,"href":"https:\/\/www.bioethanolshop.nl\/de\/wp-json\/wp\/v2\/users\/1"}],"replies":[{"embeddable":true,"href":"https:\/\/www.bioethanolshop.nl\/de\/wp-json\/wp\/v2\/comments?post=84"}],"version-history":[{"count":3,"href":"https:\/\/www.bioethanolshop.nl\/de\/wp-json\/wp\/v2\/pages\/84\/revisions"}],"predecessor-version":[{"id":8330,"href":"https:\/\/www.bioethanolshop.nl\/de\/wp-json\/wp\/v2\/pages\/84\/revisions\/8330"}],"wp:attachment":[{"href":"https:\/\/www.bioethanolshop.nl\/de\/wp-json\/wp\/v2\/media?parent=84"}],"curies":[{"name":"wp","href":"https:\/\/api.w.org\/{rel}","templated":true}]}}