{"id":252,"date":"2021-02-27T13:21:08","date_gmt":"2021-02-27T13:21:08","guid":{"rendered":"https:\/\/www.bioethanolshop.nl\/?page_id=252"},"modified":"2021-02-27T13:21:09","modified_gmt":"2021-02-27T13:21:09","slug":"versand-und-abholung-2","status":"publish","type":"page","link":"https:\/\/www.bioethanolshop.nl\/de\/verzendkosten-en-afhalen-2\/","title":{"rendered":"Versandkosten und Abholung"},"content":{"rendered":"<h3 class=\"wp-block-heading\" id=\"h-verwerkingskosten-bestelling\">Kosten der Auftragsabwicklung<\/h3>\n\n\n\n<p>Jeder Auftrag ist mit Bearbeitungskosten verbunden, wie z. B. Lagerung, Verpackungsmaterial usw. Bei Bestellungen unter 50,00 \u20ac inkl. MwSt. berechnen wir zus\u00e4tzlich zu den Versandkosten von 5,74 \u20ac exkl. MwSt.\/ 6,95 \u20ac inkl. MwSt. einen Beitrag zu den Bearbeitungskosten Ihrer Bestellung. Der Gesamtbeitrag zu diesen Bearbeitungs- und Versandkosten betr\u00e4gt \u20ac 9,00 exkl. MwSt. \/ \u20ac 10,89 inkl. MwSt. Diese Kosten sind an der Kasse unseres Webshops sichtbar.<\/p>\n\n\n\n<h3 class=\"wp-block-heading\" id=\"h-verzendwijze-pakketzending\">Versandart Paketsendung<\/h3>\n\n\n\n<p>Der Transport erfolgt durch einen seri\u00f6sen Spediteur oder Paketzusteller wie PostNL, DHL oder TransMission. Wenn wir es f\u00fcr notwendig erachten, k\u00f6nnen wir uns f\u00fcr einen anderen Transporter entscheiden. Ausgangspunkt ist immer eine optimale Verbindung zur schnellstm\u00f6glichen Lieferzeit bei angemessenen Kosten.<\/p>\n\n\n\n<h3 class=\"wp-block-heading\" id=\"h-verzendkosten-palletzending\">Versandkosten Palettenversand<\/h3>\n\n\n\n<p>Es kann vorkommen, dass ein Auftrag so gro\u00df oder schwer ist, dass er per Palettenversand geliefert werden muss. In diesem Fall wird es auf einer Pfandpalette geliefert. Ist der Empf\u00e4nger nicht in der Lage oder nicht bereit, dem Zusteller eine leere Palette zu \u00fcbergeben, m\u00fcssen wir daf\u00fcr 15,00 \u20ac berechnen. Die Pfandpalette kann vom Empf\u00e4nger bei einem \u00f6rtlichen Spediteur abgegeben werden. Die Pfandpreise k\u00f6nnen je nach Land\/Region unterschiedlich sein.<\/p>\n\n\n\n<p><strong>Die Versandkosten innerhalb der Niederlande und Belgiens sind ab einem Bestellwert von \u20ac 50,00 inkl. MwSt. KOSTENLOS (ausgenommen eine eventuelle Kaution f\u00fcr Versandmaterial)<\/strong><\/p>\n\n\n\n<h3 class=\"wp-block-heading\" id=\"h-verzendkosten-buiten-de-benelux\">Versandkosten au\u00dferhalb der Benelux-Staaten<\/h3>\n\n\n\n<p>Die Kosten f\u00fcr den Versand innerhalb Europas (au\u00dferhalb Benelux) sind auf Anfrage. Muss Ihnen eine Frachtsendung ein zweites oder weiteres Mal angeboten werden, stellen wir Ihnen die zus\u00e4tzlichen Kosten in Rechnung.<\/p>\n\n\n\n<h3 class=\"wp-block-heading\" id=\"h-afhalen\">Abholen<\/h3>\n\n\n\n<p>Teilweise ist es aufgrund von COVID-19 derzeit nicht m\u00f6glich, Ihre Bestellung abzuholen. Jede Bestellung wird durch den von uns ausgew\u00e4hlten Spediteur unter Ber\u00fccksichtigung der geltenden (Not-)Vorschriften an Ihre Adresse geliefert.<\/p>","protected":false},"excerpt":{"rendered":"<p>Kosten f\u00fcr die Auftragsabwicklung Bei jeder Bestellung fallen Kosten f\u00fcr die Auftragsabwicklung an, z. B. f\u00fcr Lagerung, Verpackungsmaterial usw. Bei Bestellungen unter \u20ac 50,00 einschlie\u00dflich<\/p>","protected":false},"author":3,"featured_media":0,"parent":0,"menu_order":0,"comment_status":"closed","ping_status":"closed","template":"","meta":{"_acf_changed":false,"footnotes":""},"class_list":["post-252","page","type-page","status-publish","hentry"],"acf":[],"yoast_head":"<!-- This site is optimized with the Yoast SEO Premium plugin v27.5 (Yoast SEO v27.5) - https:\/\/yoast.com\/product\/yoast-seo-premium-wordpress\/ -->\n<title>Verzendkosten en afhalen | Bioethanolshop.nl<\/title>\n<meta name=\"robots\" content=\"index, follow, max-snippet:-1, max-image-preview:large, max-video-preview:-1\" \/>\n<link rel=\"canonical\" href=\"https:\/\/www.bioethanolshop.nl\/de\/versand-und-abholung-2\/\" \/>\n<meta property=\"og:locale\" content=\"de_DE\" \/>\n<meta property=\"og:type\" content=\"article\" \/>\n<meta property=\"og:title\" content=\"Verzendkosten en afhalen\" \/>\n<meta property=\"og:description\" content=\"Verwerkingskosten bestelling Elke bestelling brengt verwerkingskosten met zich mee, zoals opslag, verpakkingsmateriaal, etcetera. Bij bestellingen onder de \u20ac 50,00 inclusief\" \/>\n<meta property=\"og:url\" content=\"https:\/\/www.bioethanolshop.nl\/de\/versand-und-abholung-2\/\" \/>\n<meta property=\"og:site_name\" content=\"Bioethanolshop.nl\" \/>\n<meta property=\"article:publisher\" content=\"https:\/\/www.facebook.com\/profile.php?id=100064154436458\" \/>\n<meta property=\"article:modified_time\" content=\"2021-02-27T13:21:09+00:00\" \/>\n<meta name=\"twitter:card\" content=\"summary_large_image\" \/>\n<meta name=\"twitter:label1\" content=\"Gesch\u00e4tzte Lesezeit\" \/>\n\t<meta name=\"twitter:data1\" content=\"1\u00a0Minute\" \/>\n<!-- \/ Yoast SEO Premium plugin. -->","yoast_head_json":{"title":"Versand und Abholung | Bioethanolshop.com","robots":{"index":"index","follow":"follow","max-snippet":"max-snippet:-1","max-image-preview":"max-image-preview:large","max-video-preview":"max-video-preview:-1"},"canonical":"https:\/\/www.bioethanolshop.nl\/de\/versand-und-abholung-2\/","og_locale":"de_DE","og_type":"article","og_title":"Verzendkosten en afhalen","og_description":"Verwerkingskosten bestelling Elke bestelling brengt verwerkingskosten met zich mee, zoals opslag, verpakkingsmateriaal, etcetera. Bij bestellingen onder de \u20ac 50,00 inclusief","og_url":"https:\/\/www.bioethanolshop.nl\/de\/versand-und-abholung-2\/","og_site_name":"Bioethanolshop.nl","article_publisher":"https:\/\/www.facebook.com\/profile.php?id=100064154436458","article_modified_time":"2021-02-27T13:21:09+00:00","twitter_card":"summary_large_image","twitter_misc":{"Gesch\u00e4tzte Lesezeit":"1\u00a0Minute"},"schema":{"@context":"https:\/\/schema.org","@graph":[{"@type":"WebPage","@id":"https:\/\/www.bioethanolshop.nl\/verzendkosten-en-afhalen-2\/","url":"https:\/\/www.bioethanolshop.nl\/verzendkosten-en-afhalen-2\/","name":"Versand und Abholung | Bioethanolshop.com","isPartOf":{"@id":"https:\/\/www.bioethanolshop.nl\/en\/#website"},"datePublished":"2021-02-27T13:21:08+00:00","dateModified":"2021-02-27T13:21:09+00:00","breadcrumb":{"@id":"https:\/\/www.bioethanolshop.nl\/verzendkosten-en-afhalen-2\/#breadcrumb"},"inLanguage":"de","potentialAction":[{"@type":"ReadAction","target":["https:\/\/www.bioethanolshop.nl\/verzendkosten-en-afhalen-2\/"]}]},{"@type":"BreadcrumbList","@id":"https:\/\/www.bioethanolshop.nl\/verzendkosten-en-afhalen-2\/#breadcrumb","itemListElement":[{"@type":"ListItem","position":1,"name":"Home","item":"https:\/\/www.bioethanolshop.nl\/"},{"@type":"ListItem","position":2,"name":"Verzendkosten en afhalen"}]},{"@type":"WebSite","@id":"https:\/\/www.bioethanolshop.nl\/en\/#website","url":"https:\/\/www.bioethanolshop.nl\/en\/","name":"Bioethanolshop.nl","description":"Der gr\u00f6\u00dfte in Bioethanol und beste Qualit\u00e4t Bioethanol!","potentialAction":[{"@type":"SearchAction","target":{"@type":"EntryPoint","urlTemplate":"https:\/\/www.bioethanolshop.nl\/en\/?s={search_term_string}"},"query-input":{"@type":"PropertyValueSpecification","valueRequired":true,"valueName":"search_term_string"}}],"inLanguage":"de"}]}},"_links":{"self":[{"href":"https:\/\/www.bioethanolshop.nl\/de\/wp-json\/wp\/v2\/pages\/252","targetHints":{"allow":["GET"]}}],"collection":[{"href":"https:\/\/www.bioethanolshop.nl\/de\/wp-json\/wp\/v2\/pages"}],"about":[{"href":"https:\/\/www.bioethanolshop.nl\/de\/wp-json\/wp\/v2\/types\/page"}],"author":[{"embeddable":true,"href":"https:\/\/www.bioethanolshop.nl\/de\/wp-json\/wp\/v2\/users\/3"}],"replies":[{"embeddable":true,"href":"https:\/\/www.bioethanolshop.nl\/de\/wp-json\/wp\/v2\/comments?post=252"}],"version-history":[{"count":1,"href":"https:\/\/www.bioethanolshop.nl\/de\/wp-json\/wp\/v2\/pages\/252\/revisions"}],"predecessor-version":[{"id":253,"href":"https:\/\/www.bioethanolshop.nl\/de\/wp-json\/wp\/v2\/pages\/252\/revisions\/253"}],"wp:attachment":[{"href":"https:\/\/www.bioethanolshop.nl\/de\/wp-json\/wp\/v2\/media?parent=252"}],"curies":[{"name":"wp","href":"https:\/\/api.w.org\/{rel}","templated":true}]}}