{"id":737,"date":"2021-06-27T11:57:35","date_gmt":"2021-06-27T09:57:35","guid":{"rendered":"https:\/\/www.bioethanolshop.nl\/?post_type=product&#038;p=737"},"modified":"2022-10-19T16:08:30","modified_gmt":"2022-10-19T14:08:30","slug":"kynast-solar-led-garden-table-lamp-warm-white-white-light-with-dimmer-14","status":"publish","type":"product","link":"https:\/\/www.bioethanolshop.nl\/cs\/product\/kynast-exklusiv-terrasheater-staand-3-standen-650-1350-2000-watt\/","title":{"rendered":"Terasov\u00e9 topen\u00ed Kynast Exklusiv Stoj\u00edc\u00ed 3 pozice 650 \/ 1350 \/ 2000 Watt"},"content":{"rendered":"<h2 class=\"puik-content-header__header puik-content-header__header--image\">Terrasheater\u00a0Kynast Exklusiv\u00a0Staand 3 standen 650 \/ 1350 \/ 2000 Watt<\/h2>\n<p>Deze terrasheater van Kynast Exklusiv is uitstekend voor elk moment van het jaar. Dit omdat de verwarmer uit 3 standen bestaat. Hierdoor kan er altijd een aangename temperatuur gecre\u00eberd worden in uw tuinhuis, serre of onder uw veranda.<\/p>\n<p>Ook is de terrasverwarmer makkelijk te verplaatsen omdat deze op een standaard staat. Hierdoor is deze eenvoudig op te pakken en op te bergen.<\/p>\n<h3><strong>Aansluiting<\/strong><\/h3>\n<p>De terrasverwarmer moet je in het stopcontact steken. \u00a0Ook is de warmtehoek eenvoudig te verstellen na aansluiting.<\/p>\n<p>Lees voor gebruik de handleiding.<\/p>\n<h3><strong>Specifikace<\/strong><\/h3>\n<ul>\n<li>Staande elektrische terrasverwarmer<\/li>\n<li>Uitermate geschikt voor terras, tuin, balkon, etc<\/li>\n<li>Met 3 warmte-instellingen (650W \/ 1350W \/ 2000W)<\/li>\n<li>3 <a href=\"https:\/\/nl.wikipedia.org\/wiki\/Infraroodpaneel\">Quartz<\/a> verwarmings-elementen voor snelle warmte-ontwikkeling<\/li>\n<li>Warmte bereik ca. 15m2<\/li>\n<li>Voor binnen en buiten (IPx4)<\/li>\n<li>De stand van het verwarmings-element is verstelbaar<\/li>\n<li>Hoogte is verstelbaar van: 120-210cm<\/li>\n<li>De terrasverwarmer schakelt automatisch uit als deze omvalt<\/li>\n<li>Stabiel onderstel<\/li>\n<li>Handleiding in het Duits en Engels, geen nederlandse handleiding<\/li>\n<\/ul>\n<p>Kynast staat voor kwaliteit, de <a href=\"https:\/\/www.bioethanolshop.nl\/cs\/kategorie-produktu\/solarni-zahradni-osvetleni\/\">heaters<\/a> van Kynast zijn van de hoogste kwaliteit en worden met zorg gefabriceerd en verpakt. Hierdoor bent u als klant altijd verzekerd van de beste terrasverwarmer.<\/p>","protected":false},"excerpt":{"rendered":"<p class=\"page-heading\" data-bltgi=\"k6AZw5ViqNJSzQipqzRF-g.2_7.8\">Kynast Exklusiv Terraceheater Standing 3 pozice 650 \/ 1350 \/ 2000 Watt<\/p>","protected":false},"featured_media":738,"comment_status":"closed","ping_status":"closed","template":"","meta":{"_acf_changed":false},"product_brand":[],"product_cat":[40,36],"product_tag":[53,54,52],"class_list":{"0":"post-737","1":"product","2":"type-product","3":"status-publish","4":"has-post-thumbnail","6":"product_cat-kynast-solar","7":"product_cat-solar-tuinverlichting","8":"product_tag-gasheater","9":"product_tag-patioheater","10":"product_tag-terrasheater","12":"first","13":"outofstock","14":"taxable","15":"shipping-taxable","16":"purchasable","17":"product-type-simple"},"bundled_by":[],"bundle_stock_status":"outofstock","bundle_stock_quantity":null,"bundle_virtual":false,"bundle_layout":"","bundle_add_to_cart_form_location":"","bundle_editable_in_cart":false,"bundle_sold_individually_context":"","bundle_item_grouping":"","bundle_min_size":"","bundle_max_size":"","bundle_price":[],"bundled_items":[],"bundle_sell_ids":[],"acf":[],"yoast_head":"<!-- This site is optimized with the Yoast SEO Premium plugin v27.2 (Yoast SEO v27.2) - https:\/\/yoast.com\/product\/yoast-seo-premium-wordpress\/ -->\n<title>Terrasheater Kynast Exklusiv Staand 3 standen 650 \/ 1350 \/ 2000 Watt<\/title>\n<meta name=\"description\" content=\"Terrasheater Kynast Exklusiv 13kW, 220cm &amp; compleet uitgevoerd met drukregelaar, anti-kantel schakelaar (Inc. beschermhoes)\" \/>\n<meta name=\"robots\" content=\"index, follow, max-snippet:-1, max-image-preview:large, max-video-preview:-1\" \/>\n<link rel=\"canonical\" href=\"https:\/\/www.bioethanolshop.nl\/cs\/produkt-2\/kynast-solar-led-garden-table-lamp-warm-white-white-light-with-dimmer-14\/\" \/>\n<meta property=\"og:locale\" content=\"cs_CZ\" \/>\n<meta property=\"og:type\" content=\"article\" \/>\n<meta property=\"og:title\" content=\"Terrasheater Kynast Exklusiv Staand 3 standen 650 \/ 1350 \/ 2000 Watt\" \/>\n<meta property=\"og:description\" content=\"Terrasheater Kynast Exklusiv 13kW, 220cm &amp; compleet uitgevoerd met drukregelaar, anti-kantel schakelaar (Inc. beschermhoes)\" \/>\n<meta property=\"og:url\" content=\"https:\/\/www.bioethanolshop.nl\/cs\/produkt-2\/kynast-solar-led-garden-table-lamp-warm-white-white-light-with-dimmer-14\/\" \/>\n<meta property=\"og:site_name\" content=\"Bioethanolshop.nl\" \/>\n<meta property=\"article:publisher\" content=\"https:\/\/www.facebook.com\/profile.php?id=100064154436458\" \/>\n<meta property=\"article:modified_time\" content=\"2022-10-19T14:08:30+00:00\" \/>\n<meta property=\"og:image\" content=\"https:\/\/www.bioethanolshop.nl\/wp-content\/uploads\/2021\/06\/4057984002373-staand.jpg\" \/>\n\t<meta property=\"og:image:width\" content=\"1200\" \/>\n\t<meta property=\"og:image:height\" content=\"1149\" \/>\n\t<meta property=\"og:image:type\" content=\"image\/jpeg\" \/>\n<meta name=\"twitter:card\" content=\"summary_large_image\" \/>\n<meta name=\"twitter:label1\" content=\"Odhadovan\u00e1 doba \u010dten\u00ed\" \/>\n\t<meta name=\"twitter:data1\" content=\"1 minuta\" \/>\n<!-- \/ Yoast SEO Premium plugin. -->","yoast_head_json":{"title":"Terasov\u00e9 topen\u00ed Kynast Exklusiv Stoj\u00edc\u00ed 3 pozice 650 \/ 1350 \/ 2000 Watt","description":"Terrasheater Kynast Exklusiv 13kW, 220cm & compleet uitgevoerd met drukregelaar, anti-kantel schakelaar (Inc. beschermhoes)","robots":{"index":"index","follow":"follow","max-snippet":"max-snippet:-1","max-image-preview":"max-image-preview:large","max-video-preview":"max-video-preview:-1"},"canonical":"https:\/\/www.bioethanolshop.nl\/cs\/produkt-2\/kynast-solar-led-garden-table-lamp-warm-white-white-light-with-dimmer-14\/","og_locale":"cs_CZ","og_type":"article","og_title":"Terrasheater Kynast Exklusiv Staand 3 standen 650 \/ 1350 \/ 2000 Watt","og_description":"Terrasheater Kynast Exklusiv 13kW, 220cm & compleet uitgevoerd met drukregelaar, anti-kantel schakelaar (Inc. beschermhoes)","og_url":"https:\/\/www.bioethanolshop.nl\/cs\/produkt-2\/kynast-solar-led-garden-table-lamp-warm-white-white-light-with-dimmer-14\/","og_site_name":"Bioethanolshop.nl","article_publisher":"https:\/\/www.facebook.com\/profile.php?id=100064154436458","article_modified_time":"2022-10-19T14:08:30+00:00","og_image":[{"width":1200,"height":1149,"url":"https:\/\/www.bioethanolshop.nl\/wp-content\/uploads\/2021\/06\/4057984002373-staand.jpg","type":"image\/jpeg"}],"twitter_card":"summary_large_image","twitter_misc":{"Odhadovan\u00e1 doba \u010dten\u00ed":"1 minuta"},"schema":{"@context":"https:\/\/schema.org","@graph":[{"@type":"WebPage","@id":"https:\/\/www.bioethanolshop.nl\/product\/kynast-exklusiv-terrasheater-staand-3-standen-650-1350-2000-watt\/","url":"https:\/\/www.bioethanolshop.nl\/product\/kynast-exklusiv-terrasheater-staand-3-standen-650-1350-2000-watt\/","name":"Terasov\u00e9 topen\u00ed Kynast Exklusiv Stoj\u00edc\u00ed 3 pozice 650 \/ 1350 \/ 2000 Watt","isPartOf":{"@id":"https:\/\/www.bioethanolshop.nl\/en\/#website"},"primaryImageOfPage":{"@id":"https:\/\/www.bioethanolshop.nl\/product\/kynast-exklusiv-terrasheater-staand-3-standen-650-1350-2000-watt\/#primaryimage"},"image":{"@id":"https:\/\/www.bioethanolshop.nl\/product\/kynast-exklusiv-terrasheater-staand-3-standen-650-1350-2000-watt\/#primaryimage"},"thumbnailUrl":"https:\/\/www.bioethanolshop.nl\/wp-content\/uploads\/2021\/06\/4057984002373-staand.jpg","datePublished":"2021-06-27T09:57:35+00:00","dateModified":"2022-10-19T14:08:30+00:00","description":"Terrasheater Kynast Exklusiv 13kW, 220cm & compleet uitgevoerd met drukregelaar, anti-kantel schakelaar (Inc. beschermhoes)","breadcrumb":{"@id":"https:\/\/www.bioethanolshop.nl\/product\/kynast-exklusiv-terrasheater-staand-3-standen-650-1350-2000-watt\/#breadcrumb"},"inLanguage":"cs","potentialAction":[{"@type":"ReadAction","target":["https:\/\/www.bioethanolshop.nl\/product\/kynast-exklusiv-terrasheater-staand-3-standen-650-1350-2000-watt\/"]}]},{"@type":"ImageObject","inLanguage":"cs","@id":"https:\/\/www.bioethanolshop.nl\/product\/kynast-exklusiv-terrasheater-staand-3-standen-650-1350-2000-watt\/#primaryimage","url":"https:\/\/www.bioethanolshop.nl\/wp-content\/uploads\/2021\/06\/4057984002373-staand.jpg","contentUrl":"https:\/\/www.bioethanolshop.nl\/wp-content\/uploads\/2021\/06\/4057984002373-staand.jpg","width":1200,"height":1149,"caption":"terrasheaters"},{"@type":"BreadcrumbList","@id":"https:\/\/www.bioethanolshop.nl\/product\/kynast-exklusiv-terrasheater-staand-3-standen-650-1350-2000-watt\/#breadcrumb","itemListElement":[{"@type":"ListItem","position":1,"name":"Home","item":"https:\/\/www.bioethanolshop.nl\/"},{"@type":"ListItem","position":2,"name":"Winkel","item":"https:\/\/www.bioethanolshop.nl\/en\/store\/"},{"@type":"ListItem","position":3,"name":"Terrasheater Kynast Exklusiv Staand 3 standen 650 \/ 1350 \/ 2000 Watt"}]},{"@type":"WebSite","@id":"https:\/\/www.bioethanolshop.nl\/en\/#website","url":"https:\/\/www.bioethanolshop.nl\/en\/","name":"Bioethanolshop.nl","description":"Nejv\u011bt\u0161\u00ed v oblasti bioetanolu a nejkvalitn\u011bj\u0161\u00ed bioetanol!","potentialAction":[{"@type":"SearchAction","target":{"@type":"EntryPoint","urlTemplate":"https:\/\/www.bioethanolshop.nl\/en\/?s={search_term_string}"},"query-input":{"@type":"PropertyValueSpecification","valueRequired":true,"valueName":"search_term_string"}}],"inLanguage":"cs"}]}},"_links":{"self":[{"href":"https:\/\/www.bioethanolshop.nl\/cs\/wp-json\/wp\/v2\/product\/737","targetHints":{"allow":["GET"]}}],"collection":[{"href":"https:\/\/www.bioethanolshop.nl\/cs\/wp-json\/wp\/v2\/product"}],"about":[{"href":"https:\/\/www.bioethanolshop.nl\/cs\/wp-json\/wp\/v2\/types\/product"}],"replies":[{"embeddable":true,"href":"https:\/\/www.bioethanolshop.nl\/cs\/wp-json\/wp\/v2\/comments?post=737"}],"version-history":[{"count":1,"href":"https:\/\/www.bioethanolshop.nl\/cs\/wp-json\/wp\/v2\/product\/737\/revisions"}],"predecessor-version":[{"id":785,"href":"https:\/\/www.bioethanolshop.nl\/cs\/wp-json\/wp\/v2\/product\/737\/revisions\/785"}],"wp:featuredmedia":[{"embeddable":true,"href":"https:\/\/www.bioethanolshop.nl\/cs\/wp-json\/wp\/v2\/media\/738"}],"wp:attachment":[{"href":"https:\/\/www.bioethanolshop.nl\/cs\/wp-json\/wp\/v2\/media?parent=737"}],"wp:term":[{"taxonomy":"product_brand","embeddable":true,"href":"https:\/\/www.bioethanolshop.nl\/cs\/wp-json\/wp\/v2\/product_brand?post=737"},{"taxonomy":"product_cat","embeddable":true,"href":"https:\/\/www.bioethanolshop.nl\/cs\/wp-json\/wp\/v2\/product_cat?post=737"},{"taxonomy":"product_tag","embeddable":true,"href":"https:\/\/www.bioethanolshop.nl\/cs\/wp-json\/wp\/v2\/product_tag?post=737"}],"curies":[{"name":"wp","href":"https:\/\/api.w.org\/{rel}","templated":true}]}}