{"id":247,"date":"2021-02-27T12:41:29","date_gmt":"2021-02-27T11:41:29","guid":{"rendered":"https:\/\/www.bioethanolshop.nl\/?post_type=product&#038;p=247"},"modified":"2023-06-20T14:30:02","modified_gmt":"2023-06-20T12:30:02","slug":"oranzovy-olej-1-litr-kanystr","status":"publish","type":"product","link":"https:\/\/www.bioethanolshop.nl\/cs\/product\/sinaasappel-olie-1-liter-blik-sinasappel-olie\/","title":{"rendered":"Pomeran\u010dov\u00fd olej 1 litrov\u00e1 plechovka \u010distic\u00edho prost\u0159edku s pomeran\u010dov\u00fdm olejem"},"content":{"rendered":"<div class=\"page-header-hgroup col-l-8 col-m-6\">\n<div class=\"page-title-wrapper complex\">\n<h2 class=\"page-title\">Pomeran\u010dov\u00fd olej 1 litrov\u00e1 plechovka<\/h2>\n<\/div>\n<\/div>\n<div class=\"page-header-actions col-l-4 col-m-6\">\n<div><strong>Siln\u00e1 \u010distic\u00ed s\u00edla a sv\u011b\u017e\u00ed v\u016fn\u011b pomeran\u010d\u016f pro celou dom\u00e1cnost.<\/strong><\/div>\n<div><\/div>\n<div>\u00dadaje:<br \/>\n* Koncentr\u00e1t pomeran\u010dov\u00e9 k\u016fry 80%;<br \/>\n* 250 ml koncentr\u00e1tu sta\u010d\u00ed na 1000 litr\u016f vody. Sta\u010d\u00ed tedy 2-3 kapky na 5 litr\u016f vody, co\u017e je velmi \u00fasporn\u00e9 pou\u017eit\u00ed;<br \/>\n* rozpou\u0161t\u00ed odoln\u00e9 skvrny, jako je olej, mastnota, prysky\u0159ice, \u017ev\u00fdka\u010dky, pro velmi odoln\u00e9 skvrny.<br \/>\nskvrny na m\u00edst\u011b Pou\u017eijte \u010dist\u00fd pomeran\u010dov\u00fd olej. Prvn\u00ed test na<br \/>\nna nen\u00e1padn\u00e9m m\u00edst\u011b;<br \/>\n* neutralizuje nep\u0159\u00edjemn\u00e9 pachy, nap\u0159\u00edklad pachy zp\u016fsoben\u00e9 nikotinem;<br \/>\n* \u010distic\u00ed prost\u0159edek je povrchov\u011b aktivn\u00ed, tj. d\u00edky sv\u00fdm vlastnostem \"prask\u00e1\".<br \/>\nexistuj\u00edc\u00ed \"povrchov\u00e9 nap\u011bt\u00ed\" a pronik\u00e1 hluboko do vrstvy ne\u010distot,<br \/>\nhluboko do p\u00f3r\u016f. B\u011b\u017en\u00e9 \u010distic\u00ed prost\u0159edky \u010dasto odstra\u0148uj\u00ed ne\u010distoty povrchov\u011b.<br \/>\ndistribuov\u00e1ny;<br \/>\n* Antimikrobi\u00e1ln\u00ed \u00fa\u010dinek s viditeln\u00fdm leskem;<br \/>\n* M\u00e1 vysok\u00fd koncentrovan\u00fd \u010distic\u00ed v\u00fdkon;<br \/>\n* pou\u017eit\u00ed na povrchy v dom\u011b, kolem auta, na zahrad\u011b, na terase, d\u0159ev\u011bn\u00fd n\u00e1bytek .....<\/div>\n<\/div>\n<p>&nbsp;<\/p>\n<p>V\u016fn\u011b slunce - osv\u011b\u017euj\u00edc\u00ed, tepl\u00e1, ovocn\u00e1 v\u016fn\u011b.<\/p>\n<p>Pomeran\u010dov\u00fd olej je esenci\u00e1ln\u00ed olej, kter\u00fd se z\u00edsk\u00e1v\u00e1 lisov\u00e1n\u00edm slupek ze zral\u00fdch pomeran\u010d\u016f za studena. D\u00edky sv\u00e9 v\u016fni a aromatu na jedn\u00e9 stran\u011b a vlastnostem rozpustn\u00fdm v tuc\u00edch na stran\u011b druh\u00e9 m\u00e1 velmi v\u0161estrann\u00e9 vyu\u017eit\u00ed.<\/p>\n<p>Upozorn\u011bn\u00ed: Stejn\u011b jako v\u0161echny esenci\u00e1ln\u00ed oleje je i olej z pomeran\u010dov\u00e9 k\u016fry vysoce \u00fa\u010dinn\u00fd, a to i v homeopatick\u00fdch d\u00e1vk\u00e1ch. Pou\u017e\u00edvejte podle pokyn\u016f nebo v mal\u00fdch d\u00e1vk\u00e1ch. Pro mnoho aplikac\u00ed sta\u010d\u00ed n\u011bkolik kapek. Esenci\u00e1ln\u00ed oleje by se nikdy nem\u011bly p\u00edt \u010dist\u00e9 nebo aplikovat na k\u016f\u017ei. Na druhou stranu jejich p\u0159id\u00e1v\u00e1n\u00ed po kapk\u00e1ch do potravin nebo kosmetiky je rafinovan\u00e9 a ne\u0161kodn\u00e9 zjemn\u011bn\u00ed za p\u0159edpokladu, \u017ee na pomeran\u010dov\u00e9 terpeny nen\u00ed alergie.<\/p>\n<p>Parf\u00e9mov\u00e1n\u00ed a aromatizace<\/p>\n<p>N\u00e1poje, sladkosti a dal\u0161\u00ed potraviny,<br \/>\nParf\u00e9movan\u00e9 oleje a vody, kosmetika (m\u00fddlo, koupelov\u00fd olej, kr\u00e9m),<br \/>\nlampov\u00fd olej,<br \/>\nv\u00fdrobky pro dom\u00e1cnost a jako<br \/>\nz\u00e1pach z m\u00edstnosti a pr\u00e1delny.<br \/>\nKrom\u011b slune\u010dn\u00e9 v\u016fn\u011b m\u00e1 esenci\u00e1ln\u00ed pomeran\u010dov\u00fd olej antiseptick\u00e9, adstringentn\u00ed, nervov\u00e9, vyrovn\u00e1vac\u00ed, tonizuj\u00edc\u00ed a povzbuzuj\u00edc\u00ed \u00fa\u010dinky. Proto je velmi obl\u00edbenou a \u010dasto pou\u017e\u00edvanou slo\u017ekou nejen v p\u0159\u00edrodn\u00ed kosmetice.<\/p>\n<p>\u010ci\u0161t\u011bn\u00ed a odma\u0161\u0165ov\u00e1n\u00ed pomoc\u00ed s\u00edly za\u0159\u00edzen\u00ed<\/p>\n<p>Univerz\u00e1ln\u00ed \u010distic\u00ed prost\u0159edek pro dom\u00e1cnost<br \/>\nOdstran\u011bn\u00ed dehtov\u00fdch, prysky\u0159i\u010dn\u00fdch a olejov\u00fdch skvrn<br \/>\n\u0158edidlo pro olejov\u00e9 barvy a laky<br \/>\nIde\u00e1ln\u00ed pro \u0159ed\u011bn\u00ed rostlinn\u00fdch prost\u0159edk\u016f na ochranu d\u0159eva a organick\u00fdch prost\u0159edk\u016f na ochranu d\u0159eva.<br \/>\nOdma\u0161\u0165ov\u00e1n\u00ed kovov\u00fdch d\u00edl\u016f (\u0159et\u011bzy j\u00edzdn\u00edch kol, p\u0159evody, kuli\u010dkov\u00e1 lo\u017eiska atd.)<br \/>\nzm\u011bk\u010den\u00ed jemn\u00fdch mechanick\u00fdch \u010d\u00e1st\u00ed (nap\u0159. star\u00fdch hodinov\u00fdch sou\u010d\u00e1stek)<br \/>\nV kombinaci s v\u010del\u00edm nebo karnaubsk\u00fdm voskem jako balz\u00e1m na o\u0161et\u0159en\u00ed a \u010di\u0161t\u011bn\u00ed d\u0159ev\u011bn\u00fdch povrch\u016f, staro\u017eitnost\u00ed nebo k\u016f\u017ee.<br \/>\n\u010cisti\u010d kart\u00e1\u010d\u016f<br \/>\nOdlakova\u010d na nehty<br \/>\nHlavn\u00ed slo\u017eka mnoha odstra\u0148ova\u010d\u016f \u0161t\u00edtk\u016f<br \/>\nVysok\u00fd obsah pomeran\u010dov\u00fdch terpen\u016f je p\u0159\u00ed\u010dinou obrovsk\u00e9 schopnosti oleje z pomeran\u010dov\u00e9 k\u016fry redukovat mastnotu. P\u0159i pou\u017eit\u00ed jako n\u00e1hrada terpent\u00fdnov\u00e9ho oleje - nap\u0159. p\u0159i malov\u00e1n\u00ed - m\u00e1 nejen p\u0159\u00edjemn\u011bj\u0161\u00ed v\u016fni. V porovn\u00e1n\u00ed s terpent\u00fdnem m\u00e1 pomeran\u010dov\u00fd olej tak\u00e9 mnohem ni\u017e\u0161\u00ed alergenn\u00ed potenci\u00e1l. P\u0159id\u00e1n\u00edm oleje z pomeran\u010dov\u00e9 k\u016fry 10-20% do ln\u011bn\u00e9ho nebo tungov\u00e9ho oleje se v\u00fdrazn\u011b zlep\u0161\u00ed pronik\u00e1n\u00ed do d\u0159eva a usnadn\u00ed se aplikace. Doba su\u0161en\u00ed se zkracuje. Dod\u00e1v\u00e1 tak\u00e9 vitalizuj\u00edc\u00ed v\u016fni p\u0159\u00edpravk\u016fm na ochranu d\u0159eva a o\u0161et\u0159uj\u00edc\u00edm p\u0159\u00edpravk\u016fm.<\/p>\n<p>Pomeran\u010dov\u00fd olej<br \/>\nPrac\u00ed prost\u0159edky pro dom\u00e1cnost<br \/>\nPlechovka o objemu 1 litr<br \/>\nOran\u017eov\u00fd prac\u00ed prost\u0159edek<\/p>","protected":false},"excerpt":{"rendered":"<p class=\"page-title\">Pomeran\u010dov\u00fd olej 1 litrov\u00e1 plechovka<\/p>\n<p>&nbsp;<\/p>","protected":false},"featured_media":248,"comment_status":"closed","ping_status":"closed","template":"","meta":{"_acf_changed":false},"product_brand":[],"product_cat":[30,20],"product_tag":[31,32],"class_list":{"0":"post-247","1":"product","2":"type-product","3":"status-publish","4":"has-post-thumbnail","6":"product_cat-biofair","7":"product_cat-overige-biologische-olieproducten","8":"product_tag-sinaasappel-olie","9":"product_tag-sinasappelolie","11":"first","12":"outofstock","13":"taxable","14":"shipping-taxable","15":"purchasable","16":"product-type-simple"},"bundled_by":[],"bundle_stock_status":"outofstock","bundle_stock_quantity":null,"bundle_virtual":false,"bundle_layout":"","bundle_add_to_cart_form_location":"","bundle_editable_in_cart":false,"bundle_sold_individually_context":"","bundle_item_grouping":"","bundle_min_size":"","bundle_max_size":"","bundle_price":[],"bundled_items":[],"bundle_sell_ids":[],"acf":[],"yoast_head":"<!-- This site is optimized with the Yoast SEO Premium plugin v27.2 (Yoast SEO v27.2) - https:\/\/yoast.com\/product\/yoast-seo-premium-wordpress\/ -->\n<title>Sinaasappel olie 1 liter blik sinasappel olie reinigingsmiddel | Bioethanolshop.nl<\/title>\n<meta name=\"description\" content=\"80% concentraat uit sinaasappelschil\u00a0lost hardnekkige vlekken op zoals olie, vet, hars, kauwgom, voor zeer hardnekkige vlekken\" \/>\n<meta name=\"robots\" content=\"index, follow, max-snippet:-1, max-image-preview:large, max-video-preview:-1\" \/>\n<link rel=\"canonical\" href=\"https:\/\/www.bioethanolshop.nl\/cs\/produkt-2\/oranzovy-olej-1-litr-kanystr\/\" \/>\n<meta property=\"og:locale\" content=\"cs_CZ\" \/>\n<meta property=\"og:type\" content=\"article\" \/>\n<meta property=\"og:title\" content=\"Sinaasappel olie 1 liter blik sinasappel olie reinigingsmiddel\" \/>\n<meta property=\"og:description\" content=\"80% concentraat uit sinaasappelschil\u00a0lost hardnekkige vlekken op zoals olie, vet, hars, kauwgom, voor zeer hardnekkige vlekken\" \/>\n<meta property=\"og:url\" content=\"https:\/\/www.bioethanolshop.nl\/cs\/produkt-2\/oranzovy-olej-1-litr-kanystr\/\" \/>\n<meta property=\"og:site_name\" content=\"Bioethanolshop.nl\" \/>\n<meta property=\"article:publisher\" content=\"https:\/\/www.facebook.com\/profile.php?id=100064154436458\" \/>\n<meta property=\"article:modified_time\" content=\"2023-06-20T12:30:02+00:00\" \/>\n<meta property=\"og:image\" content=\"https:\/\/www.bioethanolshop.nl\/wp-content\/uploads\/2021\/02\/sinaasappelolie.jpg\" \/>\n\t<meta property=\"og:image:width\" content=\"700\" \/>\n\t<meta property=\"og:image:height\" content=\"700\" \/>\n\t<meta property=\"og:image:type\" content=\"image\/jpeg\" \/>\n<meta name=\"twitter:card\" content=\"summary_large_image\" \/>\n<meta name=\"twitter:label1\" content=\"Odhadovan\u00e1 doba \u010dten\u00ed\" \/>\n\t<meta name=\"twitter:data1\" content=\"2 minuty\" \/>\n<!-- \/ Yoast SEO Premium plugin. -->","yoast_head_json":{"title":"Pomeran\u010dov\u00fd olej \u010cisti\u010d pomeran\u010dov\u00e9ho oleje v plechovce o objemu 1 litr | Bioethanolshop.co.uk","description":"80% koncentr\u00e1t z pomeran\u010dov\u00e9 k\u016fry rozpou\u0161t\u00ed odoln\u00e9 skvrny, jako je olej, mastnota, prysky\u0159ice, \u017ev\u00fdka\u010dky, pro velmi odoln\u00e9 skvrny.","robots":{"index":"index","follow":"follow","max-snippet":"max-snippet:-1","max-image-preview":"max-image-preview:large","max-video-preview":"max-video-preview:-1"},"canonical":"https:\/\/www.bioethanolshop.nl\/cs\/produkt-2\/oranzovy-olej-1-litr-kanystr\/","og_locale":"cs_CZ","og_type":"article","og_title":"Sinaasappel olie 1 liter blik sinasappel olie reinigingsmiddel","og_description":"80% concentraat uit sinaasappelschil\u00a0lost hardnekkige vlekken op zoals olie, vet, hars, kauwgom, voor zeer hardnekkige vlekken","og_url":"https:\/\/www.bioethanolshop.nl\/cs\/produkt-2\/oranzovy-olej-1-litr-kanystr\/","og_site_name":"Bioethanolshop.nl","article_publisher":"https:\/\/www.facebook.com\/profile.php?id=100064154436458","article_modified_time":"2023-06-20T12:30:02+00:00","og_image":[{"width":700,"height":700,"url":"https:\/\/www.bioethanolshop.nl\/wp-content\/uploads\/2021\/02\/sinaasappelolie.jpg","type":"image\/jpeg"}],"twitter_card":"summary_large_image","twitter_misc":{"Odhadovan\u00e1 doba \u010dten\u00ed":"2 minuty"},"schema":{"@context":"https:\/\/schema.org","@graph":[{"@type":"WebPage","@id":"https:\/\/www.bioethanolshop.nl\/bg\/%d0%bf%d1%80%d0%be%d0%b4%d1%83%d0%ba%d1%82-2\/%d0%bf%d0%be%d1%80%d1%82%d0%be%d0%ba%d0%b0%d0%bb%d0%be%d0%b2%d0%be-%d0%bc%d0%b0%d1%81%d0%bb%d0%be-1-%d0%bb%d0%b8%d1%82%d1%80%d0%be%d0%b2%d0%b0-%d0%ba%d1%83%d1%82%d0%b8%d1%8f\/","url":"https:\/\/www.bioethanolshop.nl\/bg\/%d0%bf%d1%80%d0%be%d0%b4%d1%83%d0%ba%d1%82-2\/%d0%bf%d0%be%d1%80%d1%82%d0%be%d0%ba%d0%b0%d0%bb%d0%be%d0%b2%d0%be-%d0%bc%d0%b0%d1%81%d0%bb%d0%be-1-%d0%bb%d0%b8%d1%82%d1%80%d0%be%d0%b2%d0%b0-%d0%ba%d1%83%d1%82%d0%b8%d1%8f\/","name":"Pomeran\u010dov\u00fd olej \u010cisti\u010d pomeran\u010dov\u00e9ho oleje v plechovce o objemu 1 litr | Bioethanolshop.co.uk","isPartOf":{"@id":"https:\/\/www.bioethanolshop.nl\/en\/#website"},"primaryImageOfPage":{"@id":"https:\/\/www.bioethanolshop.nl\/bg\/%d0%bf%d1%80%d0%be%d0%b4%d1%83%d0%ba%d1%82-2\/%d0%bf%d0%be%d1%80%d1%82%d0%be%d0%ba%d0%b0%d0%bb%d0%be%d0%b2%d0%be-%d0%bc%d0%b0%d1%81%d0%bb%d0%be-1-%d0%bb%d0%b8%d1%82%d1%80%d0%be%d0%b2%d0%b0-%d0%ba%d1%83%d1%82%d0%b8%d1%8f\/#primaryimage"},"image":{"@id":"https:\/\/www.bioethanolshop.nl\/bg\/%d0%bf%d1%80%d0%be%d0%b4%d1%83%d0%ba%d1%82-2\/%d0%bf%d0%be%d1%80%d1%82%d0%be%d0%ba%d0%b0%d0%bb%d0%be%d0%b2%d0%be-%d0%bc%d0%b0%d1%81%d0%bb%d0%be-1-%d0%bb%d0%b8%d1%82%d1%80%d0%be%d0%b2%d0%b0-%d0%ba%d1%83%d1%82%d0%b8%d1%8f\/#primaryimage"},"thumbnailUrl":"https:\/\/www.bioethanolshop.nl\/wp-content\/uploads\/2021\/02\/sinaasappelolie.jpg","datePublished":"2021-02-27T11:41:29+00:00","dateModified":"2023-06-20T12:30:02+00:00","description":"80% koncentr\u00e1t z pomeran\u010dov\u00e9 k\u016fry rozpou\u0161t\u00ed odoln\u00e9 skvrny, jako je olej, mastnota, prysky\u0159ice, \u017ev\u00fdka\u010dky, pro velmi odoln\u00e9 skvrny.","breadcrumb":{"@id":"https:\/\/www.bioethanolshop.nl\/bg\/%d0%bf%d1%80%d0%be%d0%b4%d1%83%d0%ba%d1%82-2\/%d0%bf%d0%be%d1%80%d1%82%d0%be%d0%ba%d0%b0%d0%bb%d0%be%d0%b2%d0%be-%d0%bc%d0%b0%d1%81%d0%bb%d0%be-1-%d0%bb%d0%b8%d1%82%d1%80%d0%be%d0%b2%d0%b0-%d0%ba%d1%83%d1%82%d0%b8%d1%8f\/#breadcrumb"},"inLanguage":"cs","potentialAction":[{"@type":"ReadAction","target":["https:\/\/www.bioethanolshop.nl\/bg\/%d0%bf%d1%80%d0%be%d0%b4%d1%83%d0%ba%d1%82-2\/%d0%bf%d0%be%d1%80%d1%82%d0%be%d0%ba%d0%b0%d0%bb%d0%be%d0%b2%d0%be-%d0%bc%d0%b0%d1%81%d0%bb%d0%be-1-%d0%bb%d0%b8%d1%82%d1%80%d0%be%d0%b2%d0%b0-%d0%ba%d1%83%d1%82%d0%b8%d1%8f\/"]}]},{"@type":"ImageObject","inLanguage":"cs","@id":"https:\/\/www.bioethanolshop.nl\/bg\/%d0%bf%d1%80%d0%be%d0%b4%d1%83%d0%ba%d1%82-2\/%d0%bf%d0%be%d1%80%d1%82%d0%be%d0%ba%d0%b0%d0%bb%d0%be%d0%b2%d0%be-%d0%bc%d0%b0%d1%81%d0%bb%d0%be-1-%d0%bb%d0%b8%d1%82%d1%80%d0%be%d0%b2%d0%b0-%d0%ba%d1%83%d1%82%d0%b8%d1%8f\/#primaryimage","url":"https:\/\/www.bioethanolshop.nl\/wp-content\/uploads\/2021\/02\/sinaasappelolie.jpg","contentUrl":"https:\/\/www.bioethanolshop.nl\/wp-content\/uploads\/2021\/02\/sinaasappelolie.jpg","width":700,"height":700,"caption":"Sinaasappel olie"},{"@type":"BreadcrumbList","@id":"https:\/\/www.bioethanolshop.nl\/bg\/%d0%bf%d1%80%d0%be%d0%b4%d1%83%d0%ba%d1%82-2\/%d0%bf%d0%be%d1%80%d1%82%d0%be%d0%ba%d0%b0%d0%bb%d0%be%d0%b2%d0%be-%d0%bc%d0%b0%d1%81%d0%bb%d0%be-1-%d0%bb%d0%b8%d1%82%d1%80%d0%be%d0%b2%d0%b0-%d0%ba%d1%83%d1%82%d0%b8%d1%8f\/#breadcrumb","itemListElement":[{"@type":"ListItem","position":1,"name":"Home","item":"https:\/\/www.bioethanolshop.nl\/"},{"@type":"ListItem","position":2,"name":"Winkel","item":"https:\/\/www.bioethanolshop.nl\/en\/store\/"},{"@type":"ListItem","position":3,"name":"Sinaasappel olie 1 liter blik sinasappel olie reinigingsmiddel"}]},{"@type":"WebSite","@id":"https:\/\/www.bioethanolshop.nl\/en\/#website","url":"https:\/\/www.bioethanolshop.nl\/en\/","name":"Bioethanolshop.nl","description":"Nejv\u011bt\u0161\u00ed v oblasti bioetanolu a nejkvalitn\u011bj\u0161\u00ed bioetanol!","potentialAction":[{"@type":"SearchAction","target":{"@type":"EntryPoint","urlTemplate":"https:\/\/www.bioethanolshop.nl\/en\/?s={search_term_string}"},"query-input":{"@type":"PropertyValueSpecification","valueRequired":true,"valueName":"search_term_string"}}],"inLanguage":"cs"}]}},"_links":{"self":[{"href":"https:\/\/www.bioethanolshop.nl\/cs\/wp-json\/wp\/v2\/product\/247","targetHints":{"allow":["GET"]}}],"collection":[{"href":"https:\/\/www.bioethanolshop.nl\/cs\/wp-json\/wp\/v2\/product"}],"about":[{"href":"https:\/\/www.bioethanolshop.nl\/cs\/wp-json\/wp\/v2\/types\/product"}],"replies":[{"embeddable":true,"href":"https:\/\/www.bioethanolshop.nl\/cs\/wp-json\/wp\/v2\/comments?post=247"}],"version-history":[{"count":1,"href":"https:\/\/www.bioethanolshop.nl\/cs\/wp-json\/wp\/v2\/product\/247\/revisions"}],"predecessor-version":[{"id":278,"href":"https:\/\/www.bioethanolshop.nl\/cs\/wp-json\/wp\/v2\/product\/247\/revisions\/278"}],"wp:featuredmedia":[{"embeddable":true,"href":"https:\/\/www.bioethanolshop.nl\/cs\/wp-json\/wp\/v2\/media\/248"}],"wp:attachment":[{"href":"https:\/\/www.bioethanolshop.nl\/cs\/wp-json\/wp\/v2\/media?parent=247"}],"wp:term":[{"taxonomy":"product_brand","embeddable":true,"href":"https:\/\/www.bioethanolshop.nl\/cs\/wp-json\/wp\/v2\/product_brand?post=247"},{"taxonomy":"product_cat","embeddable":true,"href":"https:\/\/www.bioethanolshop.nl\/cs\/wp-json\/wp\/v2\/product_cat?post=247"},{"taxonomy":"product_tag","embeddable":true,"href":"https:\/\/www.bioethanolshop.nl\/cs\/wp-json\/wp\/v2\/product_tag?post=247"}],"curies":[{"name":"wp","href":"https:\/\/api.w.org\/{rel}","templated":true}]}}