{"id":1006,"date":"2021-09-30T12:34:56","date_gmt":"2021-09-30T10:34:56","guid":{"rendered":"https:\/\/www.bioethanolshop.nl\/?post_type=product&#038;p=1006"},"modified":"2022-11-24T10:24:38","modified_gmt":"2022-11-24T09:24:38","slug":"kynast-solar-led-garden-table-lamp-warm-white-white-light-with-dimmer-23","status":"publish","type":"product","link":"https:\/\/www.bioethanolshop.nl\/cs\/product\/sfeerhaard-nest-bioethanol-tafelbrander-30cm-tafelhaard\/","title":{"rendered":"Stoln\u00ed krb na bioethanol NEST 30cm stoln\u00ed krb"},"content":{"rendered":"<h2>Stoln\u00ed krb na bioethanol NEST 30cm stoln\u00ed krb<\/h2>\n<p><strong>De stabiele constructie en de tweezijdige beglazing, evenals de interessante vorm van de bioethanol tafelbrander , maken dat NEST zich onderscheidt van de vrijstaande modellen. <\/strong><\/p>\n<p><strong>Technick\u00e9 \u00fadaje:<\/strong><br \/>\nMaten (LxBxH): 30x20x30cm<br \/>\nVuurlijn: 7cm<br \/>\nBioethanol capaciteit: 0.20 liter<br \/>\nMaat Bioethanolhouder: 6.2x9cm<\/p>\n<p>Voor de bioethanol tafelbrander bestaan geen beperkingen, dergelijke toestellen vereisen geen ingewikkelde installatie of aansluiting op de schoorsteen, ze zijn gemakkelijk te installeren en te gebruiken. Ze kunnen zowel in een ruim huis als in een kleinere flat worden geplaatst.<\/p>\n<p>Een bioethanol tafelbrander zijn ook een uitstekende oplossing voor de binnenhuisarchitectuur. Het ruime assortiment maakt het mogelijk ze te gebruiken in de meest originele idee\u00ebn.<\/p>\n<p>Ze worden gestookt met ecologische brandstof in de vorm van vloeistof, wat resulteert in echt vuur.<\/p>\n<p><strong>P\u0158IROZEN\u011a TEPL\u00c9<\/strong><\/p>\n<p>De bioethanol tafelbrander verhoogt de temperatuur tot meerdere graden Celsius, afhankelijk van de hoogte van de vlam en de grootte van het binnenwerk. De 100% opgewekte warmte wordt doorgegeven aan de kamer, waardoor de biofireplace een extra verwarmingsbron kan zijn.<\/p>\n<p><strong>POHODLN\u00c9 POU\u017d\u00cdV\u00c1N\u00cd<\/strong><\/p>\n<p>Giet de bioethanol gewoon bij tot het niveau dat in de container is aangegeven. Het is mogelijk om de vlam op elk moment te doven. Vergeet niet om de ruimte waar de biofireplace zich bevindt te ventileren.<\/p>\n<p>Standalone, behoeft geen montage, overal te plaatsen. Het is voldoende om de in de verpakking toegevoegde elementen te monteren volgens de gebruiksaanwijzing.<\/p>\n<p><strong>Z\u00c1RUKA KVALITY<\/strong><\/p>\n<p>Biofirehaarden zijn gemaakt van hoogwaardige materialen. Het productieproces wordt uitgevoerd volgens de wereldnormen, dat wordt bevestigd door verkregen ISO 9001:2015 certificering.<\/p>\n<p><strong>ZAM\u011a\u0158EN\u00cd NA BEZPE\u010cNOST<\/strong><\/p>\n<p>Het productieproces van de biofireplace wordt gecontroleerd door T\u00dcV &#8211; bioethanol tafelbrander heeft het Duitse T\u00dcV-veiligheidscertificaat.<\/p>\n<p>N\u00e1dr\u017e s certifik\u00e1tem T\u00dcV m\u00e1 nav\u00edc speci\u00e1ln\u00ed komoru, kter\u00e1 zabra\u0148uje \u00faniku paliva p\u0159i n\u00e1hodn\u00e9m p\u0159epln\u011bn\u00ed n\u00e1dr\u017ee. M\u00e1 tak\u00e9 ukazatel maxim\u00e1ln\u00ed hladiny paliva.<\/p>\n<p>Absorp\u010dn\u00ed vlo\u017eka uprost\u0159ed n\u00e1dr\u017ee sni\u017euje spot\u0159ebu paliva a chr\u00e1n\u00ed p\u0159ed rozlit\u00edm biopaliva p\u0159i naklon\u011bn\u00ed jednotky.<\/p>\n<p>Biokrb je nav\u00edc vybaven prosklen\u00edm, kter\u00e9 odd\u011bluje pec od m\u00edstnosti, co\u017e d\u00e1le zvy\u0161uje bezpe\u010dnost jeho pou\u017e\u00edv\u00e1n\u00ed.<\/p>","protected":false},"excerpt":{"rendered":"<div class=\"puik-content-header__header puik-content-header__header--image\">\n<div class=\"puik-content-header__header puik-content-header__header--image\">\n<div class=\"puik-content-header__header puik-content-header__header--image\">\n<div class=\"puik-content-header__header puik-content-header__header--image\">\n<div class=\"puik-content-header__header puik-content-header__header--image\">Stoln\u00ed krb na bioethanol NEST 30cm stoln\u00ed krb<\/div>\n<\/div>\n<\/div>\n<\/div>\n<\/div>","protected":false},"featured_media":1009,"comment_status":"closed","ping_status":"closed","template":"","meta":{"_acf_changed":false},"product_brand":[],"product_cat":[70,76,66],"product_tag":[74,73,75],"class_list":{"0":"post-1006","1":"product","2":"type-product","3":"status-publish","4":"has-post-thumbnail","6":"product_cat-bioethanol-tafelhaard","7":"product_cat-bioethanolshop-black-friday","8":"product_cat-kratki","9":"product_tag-bioethanol-haard","10":"product_tag-sfeerhaard","11":"product_tag-tafelhaard","13":"first","14":"instock","15":"taxable","16":"shipping-taxable","17":"purchasable","18":"product-type-simple"},"bundled_by":[],"bundle_stock_status":"instock","bundle_stock_quantity":null,"bundle_virtual":false,"bundle_layout":"","bundle_add_to_cart_form_location":"","bundle_editable_in_cart":false,"bundle_sold_individually_context":"","bundle_item_grouping":"","bundle_min_size":"","bundle_max_size":"","bundle_price":[],"bundled_items":[],"bundle_sell_ids":[],"acf":[],"yoast_head":"<!-- This site is optimized with the Yoast SEO Premium plugin v27.2 (Yoast SEO v27.2) - https:\/\/yoast.com\/product\/yoast-seo-premium-wordpress\/ -->\n<title>Sfeerhaard NEST bioethanol tafelbrander 30cm tafelhaard<\/title>\n<meta name=\"description\" content=\"ACTIEPRIJS: Sfeerhaard NEST bioethanol tafelbrander 30cm tafelhaard, uniek ontwerp, mooi in het zwart met glas\" \/>\n<meta name=\"robots\" content=\"index, follow, max-snippet:-1, max-image-preview:large, max-video-preview:-1\" \/>\n<link rel=\"canonical\" href=\"https:\/\/www.bioethanolshop.nl\/cs\/produkt-2\/kynast-solar-led-garden-table-lamp-warm-white-white-light-with-dimmer-23\/\" \/>\n<meta property=\"og:locale\" content=\"cs_CZ\" \/>\n<meta property=\"og:type\" content=\"article\" \/>\n<meta property=\"og:title\" content=\"Sfeerhaard NEST bioethanol tafelbrander 30cm tafelhaard\" \/>\n<meta property=\"og:description\" content=\"ACTIEPRIJS: Sfeerhaard NEST bioethanol tafelbrander 30cm tafelhaard, uniek ontwerp, mooi in het zwart met glas\" \/>\n<meta property=\"og:url\" content=\"https:\/\/www.bioethanolshop.nl\/cs\/produkt-2\/kynast-solar-led-garden-table-lamp-warm-white-white-light-with-dimmer-23\/\" \/>\n<meta property=\"og:site_name\" content=\"Bioethanolshop.nl\" \/>\n<meta property=\"article:publisher\" content=\"https:\/\/www.facebook.com\/profile.php?id=100064154436458\" \/>\n<meta property=\"article:modified_time\" content=\"2022-11-24T09:24:38+00:00\" \/>\n<meta property=\"og:image\" content=\"https:\/\/www.bioethanolshop.nl\/wp-content\/uploads\/2021\/09\/NEST-3.png\" \/>\n\t<meta property=\"og:image:width\" content=\"960\" \/>\n\t<meta property=\"og:image:height\" content=\"960\" \/>\n\t<meta property=\"og:image:type\" content=\"image\/png\" \/>\n<meta name=\"twitter:card\" content=\"summary_large_image\" \/>\n<meta name=\"twitter:label1\" content=\"Odhadovan\u00e1 doba \u010dten\u00ed\" \/>\n\t<meta name=\"twitter:data1\" content=\"2 minuty\" \/>\n<!-- \/ Yoast SEO Premium plugin. -->","yoast_head_json":{"title":"Stoln\u00ed krb na bioethanol NEST 30cm stoln\u00ed krb","description":"ACTIEPRIJS: Sfeerhaard NEST bioethanol tafelbrander 30cm tafelhaard, uniek ontwerp, mooi in het zwart met glas","robots":{"index":"index","follow":"follow","max-snippet":"max-snippet:-1","max-image-preview":"max-image-preview:large","max-video-preview":"max-video-preview:-1"},"canonical":"https:\/\/www.bioethanolshop.nl\/cs\/produkt-2\/kynast-solar-led-garden-table-lamp-warm-white-white-light-with-dimmer-23\/","og_locale":"cs_CZ","og_type":"article","og_title":"Sfeerhaard NEST bioethanol tafelbrander 30cm tafelhaard","og_description":"ACTIEPRIJS: Sfeerhaard NEST bioethanol tafelbrander 30cm tafelhaard, uniek ontwerp, mooi in het zwart met glas","og_url":"https:\/\/www.bioethanolshop.nl\/cs\/produkt-2\/kynast-solar-led-garden-table-lamp-warm-white-white-light-with-dimmer-23\/","og_site_name":"Bioethanolshop.nl","article_publisher":"https:\/\/www.facebook.com\/profile.php?id=100064154436458","article_modified_time":"2022-11-24T09:24:38+00:00","og_image":[{"width":960,"height":960,"url":"https:\/\/www.bioethanolshop.nl\/wp-content\/uploads\/2021\/09\/NEST-3.png","type":"image\/png"}],"twitter_card":"summary_large_image","twitter_misc":{"Odhadovan\u00e1 doba \u010dten\u00ed":"2 minuty"},"schema":{"@context":"https:\/\/schema.org","@graph":[{"@type":"WebPage","@id":"https:\/\/www.bioethanolshop.nl\/product\/sfeerhaard-nest-bioethanol-tafelbrander-30cm-tafelhaard\/","url":"https:\/\/www.bioethanolshop.nl\/product\/sfeerhaard-nest-bioethanol-tafelbrander-30cm-tafelhaard\/","name":"Stoln\u00ed krb na bioethanol NEST 30cm stoln\u00ed krb","isPartOf":{"@id":"https:\/\/www.bioethanolshop.nl\/en\/#website"},"primaryImageOfPage":{"@id":"https:\/\/www.bioethanolshop.nl\/product\/sfeerhaard-nest-bioethanol-tafelbrander-30cm-tafelhaard\/#primaryimage"},"image":{"@id":"https:\/\/www.bioethanolshop.nl\/product\/sfeerhaard-nest-bioethanol-tafelbrander-30cm-tafelhaard\/#primaryimage"},"thumbnailUrl":"https:\/\/www.bioethanolshop.nl\/wp-content\/uploads\/2021\/09\/NEST-3.png","datePublished":"2021-09-30T10:34:56+00:00","dateModified":"2022-11-24T09:24:38+00:00","description":"ACTIEPRIJS: Sfeerhaard NEST bioethanol tafelbrander 30cm tafelhaard, uniek ontwerp, mooi in het zwart met glas","breadcrumb":{"@id":"https:\/\/www.bioethanolshop.nl\/product\/sfeerhaard-nest-bioethanol-tafelbrander-30cm-tafelhaard\/#breadcrumb"},"inLanguage":"cs","potentialAction":[{"@type":"ReadAction","target":["https:\/\/www.bioethanolshop.nl\/product\/sfeerhaard-nest-bioethanol-tafelbrander-30cm-tafelhaard\/"]}]},{"@type":"ImageObject","inLanguage":"cs","@id":"https:\/\/www.bioethanolshop.nl\/product\/sfeerhaard-nest-bioethanol-tafelbrander-30cm-tafelhaard\/#primaryimage","url":"https:\/\/www.bioethanolshop.nl\/wp-content\/uploads\/2021\/09\/NEST-3.png","contentUrl":"https:\/\/www.bioethanolshop.nl\/wp-content\/uploads\/2021\/09\/NEST-3.png","width":960,"height":960,"caption":"Sfeerhaard NEST"},{"@type":"BreadcrumbList","@id":"https:\/\/www.bioethanolshop.nl\/product\/sfeerhaard-nest-bioethanol-tafelbrander-30cm-tafelhaard\/#breadcrumb","itemListElement":[{"@type":"ListItem","position":1,"name":"Home","item":"https:\/\/www.bioethanolshop.nl\/"},{"@type":"ListItem","position":2,"name":"Winkel","item":"https:\/\/www.bioethanolshop.nl\/en\/store\/"},{"@type":"ListItem","position":3,"name":"Sfeerhaard NEST bioethanol tafelbrander 30cm tafelhaard"}]},{"@type":"WebSite","@id":"https:\/\/www.bioethanolshop.nl\/en\/#website","url":"https:\/\/www.bioethanolshop.nl\/en\/","name":"Bioethanolshop.nl","description":"Nejv\u011bt\u0161\u00ed v oblasti bioetanolu a nejkvalitn\u011bj\u0161\u00ed bioetanol!","potentialAction":[{"@type":"SearchAction","target":{"@type":"EntryPoint","urlTemplate":"https:\/\/www.bioethanolshop.nl\/en\/?s={search_term_string}"},"query-input":{"@type":"PropertyValueSpecification","valueRequired":true,"valueName":"search_term_string"}}],"inLanguage":"cs"}]}},"_links":{"self":[{"href":"https:\/\/www.bioethanolshop.nl\/cs\/wp-json\/wp\/v2\/product\/1006","targetHints":{"allow":["GET"]}}],"collection":[{"href":"https:\/\/www.bioethanolshop.nl\/cs\/wp-json\/wp\/v2\/product"}],"about":[{"href":"https:\/\/www.bioethanolshop.nl\/cs\/wp-json\/wp\/v2\/types\/product"}],"replies":[{"embeddable":true,"href":"https:\/\/www.bioethanolshop.nl\/cs\/wp-json\/wp\/v2\/comments?post=1006"}],"version-history":[{"count":0,"href":"https:\/\/www.bioethanolshop.nl\/cs\/wp-json\/wp\/v2\/product\/1006\/revisions"}],"wp:featuredmedia":[{"embeddable":true,"href":"https:\/\/www.bioethanolshop.nl\/cs\/wp-json\/wp\/v2\/media\/1009"}],"wp:attachment":[{"href":"https:\/\/www.bioethanolshop.nl\/cs\/wp-json\/wp\/v2\/media?parent=1006"}],"wp:term":[{"taxonomy":"product_brand","embeddable":true,"href":"https:\/\/www.bioethanolshop.nl\/cs\/wp-json\/wp\/v2\/product_brand?post=1006"},{"taxonomy":"product_cat","embeddable":true,"href":"https:\/\/www.bioethanolshop.nl\/cs\/wp-json\/wp\/v2\/product_cat?post=1006"},{"taxonomy":"product_tag","embeddable":true,"href":"https:\/\/www.bioethanolshop.nl\/cs\/wp-json\/wp\/v2\/product_tag?post=1006"}],"curies":[{"name":"wp","href":"https:\/\/api.w.org\/{rel}","templated":true}]}}