{"id":97,"date":"2021-02-09T12:12:32","date_gmt":"2021-02-09T12:12:32","guid":{"rendered":"https:\/\/www.bioethanolshop.nl\/?page_id=97"},"modified":"2023-08-09T11:51:43","modified_gmt":"2023-08-09T09:51:43","slug":"dodaci-lhuta","status":"publish","type":"page","link":"https:\/\/www.bioethanolshop.nl\/cs\/levertijd\/","title":{"rendered":"Doba dod\u00e1n\u00ed"},"content":{"rendered":"<div data-elementor-type=\"wp-page\" data-elementor-id=\"97\" class=\"elementor elementor-97\" data-elementor-post-type=\"page\">\n\t\t\t\t\t\t<section class=\"elementor-section elementor-top-section elementor-element elementor-element-2969b6b4 elementor-section-boxed elementor-section-height-default elementor-section-height-default wd-section-disabled\" data-id=\"2969b6b4\" data-element_type=\"section\" data-e-type=\"section\">\n\t\t\t\t\t\t<div class=\"elementor-container elementor-column-gap-default\">\n\t\t\t\t\t<div class=\"elementor-column elementor-col-100 elementor-top-column elementor-element elementor-element-c6e5413\" data-id=\"c6e5413\" data-element_type=\"column\" data-e-type=\"column\">\n\t\t\t<div class=\"elementor-widget-wrap elementor-element-populated\">\n\t\t\t\t\t\t<div class=\"elementor-element elementor-element-5f4662a5 color-scheme-inherit text-left elementor-widget elementor-widget-text-editor\" data-id=\"5f4662a5\" data-element_type=\"widget\" data-e-type=\"widget\" data-widget_type=\"text-editor.default\">\n\t\t\t\t<div class=\"elementor-widget-container\">\n\t\t\t\t\t\t\t\t\t\n<p><strong>Doba dod\u00e1n\u00ed<\/strong><br>V\u011bt\u0161inu objedn\u00e1vek m\u016f\u017eeme odeslat je\u0161t\u011b t\u00fd\u017e den. Pokud jste objednali do 17.00 hodin, bude va\u0161e objedn\u00e1vka, pokud je skladem, doru\u010dena n\u00e1sleduj\u00edc\u00ed (pracovn\u00ed) den. U produkt\u016f, kter\u00e9 nejsou skladem, je dodac\u00ed lh\u016fta t\u00e9m\u011b\u0159 ve v\u0161ech p\u0159\u00edpadech 2-5 pracovn\u00edch dn\u016f. Po odesl\u00e1n\u00ed produktu od n\u00e1s v\u017edy obdr\u017e\u00edte potvrzuj\u00edc\u00ed zpr\u00e1vu s k\u00f3dem pro sledov\u00e1n\u00ed a dohled\u00e1n\u00ed. V\u017edy tak v\u00edte, kde se va\u0161e objedn\u00e1vka nach\u00e1z\u00ed a v kolik hodin ji na\u0161i doru\u010dovatel\u00e9 (p\u0159ibli\u017en\u011b) p\u0159ijedou doru\u010dit.<\/p>\n\n\n\n<p>P\u0159i objedn\u00e1v\u00e1n\u00ed cel\u00fdch palet nebo kontejner\u016f IBC je vhodn\u00e9 n\u00e1s kontaktovat p\u0159edem.<\/p>\n\t\t\t\t\t\t\t\t<\/div>\n\t\t\t\t<\/div>\n\t\t\t\t\t<\/div>\n\t\t<\/div>\n\t\t\t\t\t<\/div>\n\t\t<\/section>\n\t\t\t\t<\/div>","protected":false},"excerpt":{"rendered":"<p>Doba dod\u00e1n\u00edV\u011bt\u0161inu objedn\u00e1vek m\u016f\u017eeme odeslat je\u0161t\u011b t\u00fd\u017e den. Pokud jste si objednali do 17:00, va\u0161e objedn\u00e1vka, za p\u0159edpokladu.<\/p>","protected":false},"author":1,"featured_media":0,"parent":0,"menu_order":0,"comment_status":"closed","ping_status":"closed","template":"","meta":{"_acf_changed":false,"footnotes":""},"class_list":["post-97","page","type-page","status-publish","hentry"],"acf":[],"yoast_head":"<!-- This site is optimized with the Yoast SEO Premium plugin v27.2 (Yoast SEO v27.2) - https:\/\/yoast.com\/product\/yoast-seo-premium-wordpress\/ -->\n<title>Levertijd | Bioethanolshop.nl<\/title>\n<meta name=\"robots\" content=\"index, follow, max-snippet:-1, max-image-preview:large, max-video-preview:-1\" \/>\n<link rel=\"canonical\" href=\"https:\/\/www.bioethanolshop.nl\/cs\/dodaci-lhuta\/\" \/>\n<meta property=\"og:locale\" content=\"cs_CZ\" \/>\n<meta property=\"og:type\" content=\"article\" \/>\n<meta property=\"og:title\" content=\"Levertijd\" \/>\n<meta property=\"og:description\" content=\"LevertijdDe meeste bestellingen kunnen wij dezelfde dag nog versturen. Als je v\u00f3\u00f3r 17.00 uur hebt besteld, wordt je bestelling, mits\" \/>\n<meta property=\"og:url\" content=\"https:\/\/www.bioethanolshop.nl\/cs\/dodaci-lhuta\/\" \/>\n<meta property=\"og:site_name\" content=\"Bioethanolshop.nl\" \/>\n<meta property=\"article:publisher\" content=\"https:\/\/www.facebook.com\/profile.php?id=100064154436458\" \/>\n<meta property=\"article:modified_time\" content=\"2023-08-09T09:51:43+00:00\" \/>\n<meta name=\"twitter:card\" content=\"summary_large_image\" \/>\n<meta name=\"twitter:label1\" content=\"Odhadovan\u00e1 doba \u010dten\u00ed\" \/>\n\t<meta name=\"twitter:data1\" content=\"1 minuta\" \/>\n<!-- \/ Yoast SEO Premium plugin. -->","yoast_head_json":{"title":"Doba dod\u00e1n\u00ed | Bioethanolshop.co.uk","robots":{"index":"index","follow":"follow","max-snippet":"max-snippet:-1","max-image-preview":"max-image-preview:large","max-video-preview":"max-video-preview:-1"},"canonical":"https:\/\/www.bioethanolshop.nl\/cs\/dodaci-lhuta\/","og_locale":"cs_CZ","og_type":"article","og_title":"Levertijd","og_description":"LevertijdDe meeste bestellingen kunnen wij dezelfde dag nog versturen. Als je v\u00f3\u00f3r 17.00 uur hebt besteld, wordt je bestelling, mits","og_url":"https:\/\/www.bioethanolshop.nl\/cs\/dodaci-lhuta\/","og_site_name":"Bioethanolshop.nl","article_publisher":"https:\/\/www.facebook.com\/profile.php?id=100064154436458","article_modified_time":"2023-08-09T09:51:43+00:00","twitter_card":"summary_large_image","twitter_misc":{"Odhadovan\u00e1 doba \u010dten\u00ed":"1 minuta"},"schema":{"@context":"https:\/\/schema.org","@graph":[{"@type":"WebPage","@id":"https:\/\/www.bioethanolshop.nl\/levertijd\/","url":"https:\/\/www.bioethanolshop.nl\/levertijd\/","name":"Doba dod\u00e1n\u00ed | Bioethanolshop.co.uk","isPartOf":{"@id":"https:\/\/www.bioethanolshop.nl\/en\/#website"},"datePublished":"2021-02-09T12:12:32+00:00","dateModified":"2023-08-09T09:51:43+00:00","breadcrumb":{"@id":"https:\/\/www.bioethanolshop.nl\/levertijd\/#breadcrumb"},"inLanguage":"cs","potentialAction":[{"@type":"ReadAction","target":["https:\/\/www.bioethanolshop.nl\/levertijd\/"]}]},{"@type":"BreadcrumbList","@id":"https:\/\/www.bioethanolshop.nl\/levertijd\/#breadcrumb","itemListElement":[{"@type":"ListItem","position":1,"name":"Home","item":"https:\/\/www.bioethanolshop.nl\/"},{"@type":"ListItem","position":2,"name":"Levertijd"}]},{"@type":"WebSite","@id":"https:\/\/www.bioethanolshop.nl\/en\/#website","url":"https:\/\/www.bioethanolshop.nl\/en\/","name":"Bioethanolshop.nl","description":"Nejv\u011bt\u0161\u00ed v oblasti bioetanolu a nejkvalitn\u011bj\u0161\u00ed bioetanol!","potentialAction":[{"@type":"SearchAction","target":{"@type":"EntryPoint","urlTemplate":"https:\/\/www.bioethanolshop.nl\/en\/?s={search_term_string}"},"query-input":{"@type":"PropertyValueSpecification","valueRequired":true,"valueName":"search_term_string"}}],"inLanguage":"cs"}]}},"_links":{"self":[{"href":"https:\/\/www.bioethanolshop.nl\/cs\/wp-json\/wp\/v2\/pages\/97","targetHints":{"allow":["GET"]}}],"collection":[{"href":"https:\/\/www.bioethanolshop.nl\/cs\/wp-json\/wp\/v2\/pages"}],"about":[{"href":"https:\/\/www.bioethanolshop.nl\/cs\/wp-json\/wp\/v2\/types\/page"}],"author":[{"embeddable":true,"href":"https:\/\/www.bioethanolshop.nl\/cs\/wp-json\/wp\/v2\/users\/1"}],"replies":[{"embeddable":true,"href":"https:\/\/www.bioethanolshop.nl\/cs\/wp-json\/wp\/v2\/comments?post=97"}],"version-history":[{"count":3,"href":"https:\/\/www.bioethanolshop.nl\/cs\/wp-json\/wp\/v2\/pages\/97\/revisions"}],"predecessor-version":[{"id":8354,"href":"https:\/\/www.bioethanolshop.nl\/cs\/wp-json\/wp\/v2\/pages\/97\/revisions\/8354"}],"wp:attachment":[{"href":"https:\/\/www.bioethanolshop.nl\/cs\/wp-json\/wp\/v2\/media?parent=97"}],"curies":[{"name":"wp","href":"https:\/\/api.w.org\/{rel}","templated":true}]}}