{"id":91,"date":"2021-02-09T12:10:17","date_gmt":"2021-02-09T12:10:17","guid":{"rendered":"https:\/\/www.bioethanolshop.nl\/?page_id=91"},"modified":"2023-08-09T11:36:18","modified_gmt":"2023-08-09T09:36:18","slug":"cookies","status":"publish","type":"page","link":"https:\/\/www.bioethanolshop.nl\/cs\/cookies\/","title":{"rendered":"Soubory cookie"},"content":{"rendered":"<div data-elementor-type=\"wp-page\" data-elementor-id=\"91\" class=\"elementor elementor-91\" data-elementor-post-type=\"page\">\n\t\t\t\t\t\t<section class=\"elementor-section elementor-top-section elementor-element elementor-element-4270d6f1 elementor-section-boxed elementor-section-height-default elementor-section-height-default wd-section-disabled\" data-id=\"4270d6f1\" data-element_type=\"section\" data-e-type=\"section\">\n\t\t\t\t\t\t<div class=\"elementor-container elementor-column-gap-default\">\n\t\t\t\t\t<div class=\"elementor-column elementor-col-100 elementor-top-column elementor-element elementor-element-25898617\" data-id=\"25898617\" data-element_type=\"column\" data-e-type=\"column\">\n\t\t\t<div class=\"elementor-widget-wrap elementor-element-populated\">\n\t\t\t\t\t\t<div class=\"elementor-element elementor-element-569b774 color-scheme-inherit text-left elementor-widget elementor-widget-text-editor\" data-id=\"569b774\" data-element_type=\"widget\" data-e-type=\"widget\" data-widget_type=\"text-editor.default\">\n\t\t\t\t<div class=\"elementor-widget-container\">\n\t\t\t\t\t\t\t\t\t\n<p>Tyto webov\u00e9 str\u00e1nky vyu\u017e\u00edvaj\u00ed soubory cookie. Soubory cookie jsou jednoduch\u00e9 mal\u00e9 textov\u00e9 soubory, kter\u00e9 se ukl\u00e1daj\u00ed na pevn\u00fd disk nebo do pam\u011bti po\u010d\u00edta\u010de. Soubory cookie nemohou po\u0161kodit v\u00e1\u0161 po\u010d\u00edta\u010d ani soubory ve va\u0161em po\u010d\u00edta\u010di. Soubory cookie ukl\u00e1d\u00e1 do va\u0161eho po\u010d\u00edta\u010de internetov\u00fd prohl\u00ed\u017ee\u010d. Na t\u011bchto webov\u00fdch str\u00e1nk\u00e1ch mohou b\u00fdt um\u00edst\u011bny n\u00e1sleduj\u00edc\u00ed typy soubor\u016f cookie:<\/p>\n\n\n\n<p><strong>Funk\u010dn\u00ed soubory cookie<br><\/strong>Tyto soubory cookie slou\u017e\u00ed k tomu, aby byly webov\u00e9 str\u00e1nky u\u017eivatelsky p\u0159\u00edv\u011btiv\u011bj\u0161\u00ed, proto\u017ee ukl\u00e1daj\u00ed ur\u010dit\u00e9 u\u017eivatelsk\u00e9 preference. Nap\u0159\u00edklad k udr\u017eov\u00e1n\u00ed ur\u010dit\u00fdch p\u0159edvoleb zobrazen\u00ed.<\/p>\n\n\n\n<p><strong>Soubory cookie pro anal\u00fdzu webov\u00fdch str\u00e1nek<br><\/strong>Pou\u017e\u00edv\u00e1me slu\u017ebu Google Analytics, kterou poskytuje spole\u010dnost Google Inc. Slu\u017eba Google Analytics pou\u017e\u00edv\u00e1 soubory cookie, kter\u00e9 n\u00e1m pom\u00e1haj\u00ed analyzovat, jak u\u017eivatel\u00e9 str\u00e1nky pou\u017e\u00edvaj\u00ed. Informace vygenerovan\u00e9 souborem cookie o va\u0161em pou\u017e\u00edv\u00e1n\u00ed webov\u00fdch str\u00e1nek (v\u010detn\u011b va\u0161\u00ed IP adresy) budou p\u0159eneseny a ulo\u017eeny spole\u010dnost\u00ed Google na serverech ve Spojen\u00fdch st\u00e1tech. Spole\u010dnost Google bude tyto informace pou\u017e\u00edvat ke sledov\u00e1n\u00ed toho, jak jsou webov\u00e9 str\u00e1nky pou\u017e\u00edv\u00e1ny, k sestavov\u00e1n\u00ed zpr\u00e1v o aktivit\u011b na webov\u00fdch str\u00e1nk\u00e1ch a k poskytov\u00e1n\u00ed dal\u0161\u00edch slu\u017eeb souvisej\u00edc\u00edch s aktivitou na webov\u00fdch str\u00e1nk\u00e1ch a pou\u017e\u00edv\u00e1n\u00edm internetu. Spole\u010dnost Google m\u016f\u017ee tyto informace p\u0159edat t\u0159et\u00edm stran\u00e1m, pokud to vy\u017eaduje z\u00e1kon nebo pokud tyto t\u0159et\u00ed strany zpracov\u00e1vaj\u00ed informace jm\u00e9nem spole\u010dnosti Google. Spole\u010dnost Google nebude spojovat va\u0161i IP adresu s \u017e\u00e1dn\u00fdmi jin\u00fdmi \u00fadaji, kter\u00e9 m\u00e1 k dispozici.<\/p>\n\n\n\n<p><strong>Ostatn\u00ed soubory cookie<br><\/strong>Tyto webov\u00e9 str\u00e1nky mohou obsahovat medi\u00e1ln\u00ed soubory z webov\u00fdch str\u00e1nek t\u0159et\u00edch stran, jako je nap\u0159\u00edklad Youtube.com. P\u0159i p\u0159ehr\u00e1v\u00e1n\u00ed t\u011bchto medi\u00e1ln\u00edch soubor\u016f mohou tyto t\u0159et\u00ed strany ukl\u00e1dat soubory cookie. Tyto webov\u00e9 str\u00e1nky tak\u00e9 nab\u00edzej\u00ed mo\u017enost sd\u00edlen\u00ed ur\u010dit\u00fdch informac\u00ed prost\u0159ednictv\u00edm soci\u00e1ln\u00edch s\u00edt\u00ed, jako jsou Facebook.com, LinkedIn.com, Pinterest, Google+, Instagram, Delicious a Twitter.com. P\u0159i pou\u017e\u00edv\u00e1n\u00ed t\u00e9to funkce mohou tyto soci\u00e1ln\u00ed s\u00edt\u011b do va\u0161eho po\u010d\u00edta\u010de ukl\u00e1dat soubory cookie, aby sledovaly, kter\u00e9 informace jsou sd\u00edleny.<\/p>\n\n\n\n<p><strong>Blokov\u00e1n\u00ed soubor\u016f cookie prost\u0159ednictv\u00edm prohl\u00ed\u017ee\u010de<br><\/strong>M\u016f\u017eete se rozhodnout, zda chcete soubory cookie p\u0159ij\u00edmat nebo odm\u00edtat, p\u0159\u00edpadn\u011b zda chcete, aby v\u00e1s prohl\u00ed\u017ee\u010d na ulo\u017een\u00ed souboru cookie upozornil. K tomu je t\u0159eba upravit nastaven\u00ed prohl\u00ed\u017ee\u010de. Ka\u017ed\u00fd prohl\u00ed\u017ee\u010d se li\u0161\u00ed, proto se obra\u0165te na nab\u00eddku \"N\u00e1pov\u011bda\" sv\u00e9ho prohl\u00ed\u017ee\u010de, kde m\u016f\u017eete nastavit p\u0159edvolby soubor\u016f cookie.<\/p>\n\t\t\t\t\t\t\t\t<\/div>\n\t\t\t\t<\/div>\n\t\t\t\t\t<\/div>\n\t\t<\/div>\n\t\t\t\t\t<\/div>\n\t\t<\/section>\n\t\t\t\t<\/div>","protected":false},"excerpt":{"rendered":"<p>Tyto webov\u00e9 str\u00e1nky pou\u017e\u00edvaj\u00ed soubory cookie. Soubory cookie jsou jednoduch\u00e9 mal\u00e9 textov\u00e9 soubory, kter\u00e9 se ukl\u00e1daj\u00ed na pevn\u00fd disk nebo do pam\u011bti.<\/p>","protected":false},"author":1,"featured_media":0,"parent":0,"menu_order":900,"comment_status":"closed","ping_status":"closed","template":"","meta":{"_acf_changed":false,"footnotes":""},"class_list":["post-91","page","type-page","status-publish","hentry"],"acf":[],"yoast_head":"<!-- This site is optimized with the Yoast SEO Premium plugin v27.2 (Yoast SEO v27.2) - https:\/\/yoast.com\/product\/yoast-seo-premium-wordpress\/ -->\n<title>Cookies | Bioethanolshop.nl<\/title>\n<meta name=\"robots\" content=\"index, follow, max-snippet:-1, max-image-preview:large, max-video-preview:-1\" \/>\n<link rel=\"canonical\" href=\"https:\/\/www.bioethanolshop.nl\/cs\/cookies\/\" \/>\n<meta property=\"og:locale\" content=\"cs_CZ\" \/>\n<meta property=\"og:type\" content=\"article\" \/>\n<meta property=\"og:title\" content=\"Cookies\" \/>\n<meta property=\"og:description\" content=\"Deze website maakt gebruik van cookies. Cookies zijn eenvoudige kleine tekstbestanden die worden opgeslagen op de harde schijf of in\" \/>\n<meta property=\"og:url\" content=\"https:\/\/www.bioethanolshop.nl\/cs\/cookies\/\" \/>\n<meta property=\"og:site_name\" content=\"Bioethanolshop.nl\" \/>\n<meta property=\"article:publisher\" content=\"https:\/\/www.facebook.com\/profile.php?id=100064154436458\" \/>\n<meta property=\"article:modified_time\" content=\"2023-08-09T09:36:18+00:00\" \/>\n<meta name=\"twitter:card\" content=\"summary_large_image\" \/>\n<meta name=\"twitter:label1\" content=\"Odhadovan\u00e1 doba \u010dten\u00ed\" \/>\n\t<meta name=\"twitter:data1\" content=\"2 minuty\" \/>\n<!-- \/ Yoast SEO Premium plugin. -->","yoast_head_json":{"title":"Cookies | Bioethanolshop.com","robots":{"index":"index","follow":"follow","max-snippet":"max-snippet:-1","max-image-preview":"max-image-preview:large","max-video-preview":"max-video-preview:-1"},"canonical":"https:\/\/www.bioethanolshop.nl\/cs\/cookies\/","og_locale":"cs_CZ","og_type":"article","og_title":"Cookies","og_description":"Deze website maakt gebruik van cookies. Cookies zijn eenvoudige kleine tekstbestanden die worden opgeslagen op de harde schijf of in","og_url":"https:\/\/www.bioethanolshop.nl\/cs\/cookies\/","og_site_name":"Bioethanolshop.nl","article_publisher":"https:\/\/www.facebook.com\/profile.php?id=100064154436458","article_modified_time":"2023-08-09T09:36:18+00:00","twitter_card":"summary_large_image","twitter_misc":{"Odhadovan\u00e1 doba \u010dten\u00ed":"2 minuty"},"schema":{"@context":"https:\/\/schema.org","@graph":[{"@type":"WebPage","@id":"https:\/\/www.bioethanolshop.nl\/cookies\/","url":"https:\/\/www.bioethanolshop.nl\/cookies\/","name":"Cookies | Bioethanolshop.com","isPartOf":{"@id":"https:\/\/www.bioethanolshop.nl\/en\/#website"},"datePublished":"2021-02-09T12:10:17+00:00","dateModified":"2023-08-09T09:36:18+00:00","breadcrumb":{"@id":"https:\/\/www.bioethanolshop.nl\/cookies\/#breadcrumb"},"inLanguage":"cs","potentialAction":[{"@type":"ReadAction","target":["https:\/\/www.bioethanolshop.nl\/cookies\/"]}]},{"@type":"BreadcrumbList","@id":"https:\/\/www.bioethanolshop.nl\/cookies\/#breadcrumb","itemListElement":[{"@type":"ListItem","position":1,"name":"Home","item":"https:\/\/www.bioethanolshop.nl\/"},{"@type":"ListItem","position":2,"name":"Cookies"}]},{"@type":"WebSite","@id":"https:\/\/www.bioethanolshop.nl\/en\/#website","url":"https:\/\/www.bioethanolshop.nl\/en\/","name":"Bioethanolshop.nl","description":"Nejv\u011bt\u0161\u00ed v oblasti bioetanolu a nejkvalitn\u011bj\u0161\u00ed bioetanol!","potentialAction":[{"@type":"SearchAction","target":{"@type":"EntryPoint","urlTemplate":"https:\/\/www.bioethanolshop.nl\/en\/?s={search_term_string}"},"query-input":{"@type":"PropertyValueSpecification","valueRequired":true,"valueName":"search_term_string"}}],"inLanguage":"cs"}]}},"_links":{"self":[{"href":"https:\/\/www.bioethanolshop.nl\/cs\/wp-json\/wp\/v2\/pages\/91","targetHints":{"allow":["GET"]}}],"collection":[{"href":"https:\/\/www.bioethanolshop.nl\/cs\/wp-json\/wp\/v2\/pages"}],"about":[{"href":"https:\/\/www.bioethanolshop.nl\/cs\/wp-json\/wp\/v2\/types\/page"}],"author":[{"embeddable":true,"href":"https:\/\/www.bioethanolshop.nl\/cs\/wp-json\/wp\/v2\/users\/1"}],"replies":[{"embeddable":true,"href":"https:\/\/www.bioethanolshop.nl\/cs\/wp-json\/wp\/v2\/comments?post=91"}],"version-history":[{"count":3,"href":"https:\/\/www.bioethanolshop.nl\/cs\/wp-json\/wp\/v2\/pages\/91\/revisions"}],"predecessor-version":[{"id":8333,"href":"https:\/\/www.bioethanolshop.nl\/cs\/wp-json\/wp\/v2\/pages\/91\/revisions\/8333"}],"wp:attachment":[{"href":"https:\/\/www.bioethanolshop.nl\/cs\/wp-json\/wp\/v2\/media?parent=91"}],"curies":[{"name":"wp","href":"https:\/\/api.w.org\/{rel}","templated":true}]}}