{"id":89,"date":"2021-02-09T12:09:19","date_gmt":"2021-02-09T12:09:19","guid":{"rendered":"https:\/\/www.bioethanolshop.nl\/?page_id=89"},"modified":"2023-08-09T11:49:35","modified_gmt":"2023-08-09T09:49:35","slug":"podminky-pouzivani","status":"publish","type":"page","link":"https:\/\/www.bioethanolshop.nl\/cs\/gebruikersvoorwaarden\/","title":{"rendered":"Podm\u00ednky pou\u017eit\u00ed"},"content":{"rendered":"<div data-elementor-type=\"wp-page\" data-elementor-id=\"89\" class=\"elementor elementor-89\" data-elementor-post-type=\"page\">\n\t\t\t\t\t\t<section class=\"elementor-section elementor-top-section elementor-element elementor-element-21a62b1e elementor-section-boxed elementor-section-height-default elementor-section-height-default wd-section-disabled\" data-id=\"21a62b1e\" data-element_type=\"section\" data-e-type=\"section\">\n\t\t\t\t\t\t<div class=\"elementor-container elementor-column-gap-default\">\n\t\t\t\t\t<div class=\"elementor-column elementor-col-100 elementor-top-column elementor-element elementor-element-7da138d2\" data-id=\"7da138d2\" data-element_type=\"column\" data-e-type=\"column\">\n\t\t\t<div class=\"elementor-widget-wrap elementor-element-populated\">\n\t\t\t\t\t\t<div class=\"elementor-element elementor-element-6f324228 color-scheme-inherit text-left elementor-widget elementor-widget-text-editor\" data-id=\"6f324228\" data-element_type=\"widget\" data-e-type=\"widget\" data-widget_type=\"text-editor.default\">\n\t\t\t\t<div class=\"elementor-widget-container\">\n\t\t\t\t\t\t\t\t\t\n<ol class=\"wp-block-list\">\n<li><strong>Majetek<\/strong><\/li>\n<\/ol>\n\n\n\n<p>Tyto webov\u00e9 str\u00e1nky vlastn\u00ed spole\u010dnost KBH B.V. (KvK 66830257), kter\u00e1 obchoduje pod n\u00e1zvem Bioethanolshop. Pou\u017e\u00edv\u00e1n\u00edm t\u011bchto webov\u00fdch str\u00e1nek vyjad\u0159ujete sv\u016fj souhlas s platnost\u00ed t\u011bchto u\u017eivatelsk\u00fdch podm\u00ednek. Pokud si nep\u0159ejete souhlasit s t\u011bmito podm\u00ednkami pou\u017e\u00edv\u00e1n\u00ed (nebo jejich \u010d\u00e1st\u00ed) nebo neakceptujete platnost t\u011bchto podm\u00ednek jak\u00fdmkoli jin\u00fdm zp\u016fsobem, nen\u00ed dovoleno tyto webov\u00e9 str\u00e1nky pou\u017e\u00edvat.<\/p>\n\n\n\n<ol class=\"wp-block-list\" start=\"2\">\n<li><strong>Pou\u017eijte<br><\/strong>U\u017eivatel\u016fm nen\u00ed dovoleno pou\u017e\u00edvat webov\u00e9 str\u00e1nky nevhodn\u00fdm zp\u016fsobem. Bez p\u00edsemn\u00e9ho souhlasu nesm\u00ed b\u00fdt informace, \u00fadaje a materi\u00e1ly na t\u011bchto webov\u00fdch str\u00e1nk\u00e1ch pou\u017eity k poskytov\u00e1n\u00ed slu\u017eeb t\u0159et\u00edm stran\u00e1m nebo pro t\u0159et\u00ed strany a nesm\u00ed b\u00fdt sd\u00edleny s t\u0159et\u00edmi stranami nebo jim zp\u0159\u00edstupn\u011bny. To mimo jin\u00e9 znamen\u00e1, \u017ee u\u017eivatel nesm\u00ed pou\u017e\u00edvat \u017e\u00e1dn\u00e9 softwarov\u00e9 a\/nebo hardwarov\u00e9 n\u00e1stroje a\/nebo \u0159e\u0161en\u00ed nebo manu\u00e1ln\u00ed postupy podobn\u00e9 nebo podobn\u00e9 povahy, jejich\u017e c\u00edlem je p\u0159evz\u00edt jak\u00e9koli informace a data zp\u0159\u00edstupn\u011bn\u00e1 prost\u0159ednictv\u00edm webov\u00fdch str\u00e1nek (jako je \"screen scrapping\" a\/nebo pou\u017eit\u00ed robota, \"bota\", \"pavouka\", \"web crawler\" atd.). U\u017eivatel se d\u00e1le zdr\u017e\u00ed vytv\u00e1\u0159en\u00ed odkaz\u016f na webov\u00e9 str\u00e1nky nebo jejich zad\u00e1v\u00e1n\u00ed.<br><\/li>\n\n\n\n<li><strong>Du\u0161evn\u00ed vlastnictv\u00ed<br><\/strong>Informace, data a materi\u00e1ly na t\u011bchto webov\u00fdch str\u00e1nk\u00e1ch a jejich design, v\u010detn\u011b text\u016f, datov\u00fdch soubor\u016f, fotografi\u00ed, log a jin\u00e9ho (stacion\u00e1rn\u00edho a\/nebo pohybliv\u00e9ho) obrazov\u00e9ho a zvukov\u00e9ho materi\u00e1lu, jsou chr\u00e1n\u011bny autorsk\u00fdm pr\u00e1vem, ochrannou zn\u00e1mkou, pr\u00e1vem k datab\u00e1zi a\/nebo jin\u00fdmi pr\u00e1vy du\u0161evn\u00edho vlastnictv\u00ed. \u017d\u00e1dn\u00e9 ustanoven\u00ed t\u011bchto podm\u00ednek pou\u017e\u00edv\u00e1n\u00ed nem\u00e1 za c\u00edl p\u0159ev\u00e9st na u\u017eivatele jak\u00e1koli pr\u00e1va du\u0161evn\u00edho vlastnictv\u00ed. Jak\u00e9koli pou\u017eit\u00ed webov\u00fdch str\u00e1nek, kter\u00e9 nen\u00ed v\u00fdslovn\u011b povoleno t\u011bmito podm\u00ednkami, a\/nebo jak\u00e1koli reprodukce (v\u010detn\u011b \u00faprav) a\/nebo zve\u0159ejn\u011bn\u00ed obsahu a designu webov\u00fdch str\u00e1nek p\u0159edstavuje poru\u0161en\u00ed pr\u00e1v du\u0161evn\u00edho vlastnictv\u00ed spole\u010dnosti KBH BV a\/nebo strany, od kter\u00e9 byla z\u00edsk\u00e1na licence, a proto nen\u00ed bez p\u0159edchoz\u00edho p\u00edsemn\u00e9ho souhlasu povoleno.<br><\/li>\n\n\n\n<li><strong>Odpov\u011bdnost<\/strong><br>P\u0159esto\u017ee KBH BV neust\u00e1le usiluje o to, aby informace na webov\u00fdch str\u00e1nk\u00e1ch byly spolehliv\u00e9, \u00fapln\u00e9 a aktu\u00e1ln\u00ed, nem\u016f\u017ee zaru\u010dit jejich spr\u00e1vnost, \u00faplnost a aktu\u00e1lnost.<br>KBH BV nenese odpov\u011bdnost za jak\u00e9koli p\u0159\u00edm\u00e9 nebo nep\u0159\u00edm\u00e9 \u0161kody nebo ztr\u00e1ty, kter\u00e9 u\u017eivatel nebo t\u0159et\u00ed strana utrp\u00ed v d\u016fsledku pou\u017e\u00edv\u00e1n\u00ed (informac\u00ed a materi\u00e1l\u016f) na t\u011bchto webov\u00fdch str\u00e1nk\u00e1ch.<br><\/li>\n\n\n\n<li><strong>Dod\u00e1vky uvnit\u0159 Spole\u010denstv\u00ed bez DPH<br><\/strong>Pokud objedn\u00e1v\u00e1te v r\u00e1mci EU, ale mimo Nizozemsko, m\u016f\u017eete pou\u017e\u00edt platn\u00e9 DI\u010c (VAT-ID) pro zad\u00e1n\u00ed objedn\u00e1vky do n\u00e1kupn\u00edho ko\u0161\u00edku a zaplatit bez DPH. Pokud je va\u0161e DI\u010c potvrzeno, DPH se v ko\u0161\u00edku nezobraz\u00ed a \u010d\u00e1stka k \u00fahrad\u011b bude v pokladn\u011b, na potvrzen\u00ed objedn\u00e1vky a na p\u0159\u00edslu\u0161n\u00e9 faktu\u0159e uvedena bez DPH. Pokud v ko\u0161\u00edku NEN\u00cd potvrzeno va\u0161e DI\u010c, ale chcete n\u00e1sledn\u011b obdr\u017eet fakturu bez DPH, je to zpoplatn\u011bno. Tyto n\u00e1klady \u010din\u00ed 15,- \u20ac bez DPH za ka\u017edou fakturu nebo opravu, kterou je t\u0159eba prov\u00e9st.<br><\/li>\n\n\n\n<li><strong>Dal\u0161\u00ed<br><\/strong>Pou\u017e\u00edv\u00e1n\u00ed webov\u00fdch str\u00e1nek a t\u011bchto podm\u00ednek se \u0159\u00edd\u00ed nizozemsk\u00fdm pr\u00e1vem. Ve\u0161ker\u00e9 spory v souvislosti s t\u011bmito webov\u00fdmi str\u00e1nkami budou p\u0159edlo\u017eeny okresn\u00edmu soudu v Almelu v Nizozemsku.<\/li>\n<\/ol>\n\t\t\t\t\t\t\t\t<\/div>\n\t\t\t\t<\/div>\n\t\t\t\t\t<\/div>\n\t\t<\/div>\n\t\t\t\t\t<\/div>\n\t\t<\/section>\n\t\t\t\t<\/div>","protected":false},"excerpt":{"rendered":"<p>Tyto webov\u00e9 str\u00e1nky vlastn\u00ed spole\u010dnost KBH B.V. (KvK 66830257), kter\u00e1 obchoduje pod n\u00e1zvem Bioethanolshop. Pou\u017e\u00edv\u00e1n\u00edm t\u00e9to<\/p>","protected":false},"author":1,"featured_media":0,"parent":0,"menu_order":900,"comment_status":"closed","ping_status":"closed","template":"","meta":{"_acf_changed":false,"footnotes":""},"class_list":["post-89","page","type-page","status-publish","hentry"],"acf":[],"yoast_head":"<!-- This site is optimized with the Yoast SEO Premium plugin v27.2 (Yoast SEO v27.2) - https:\/\/yoast.com\/product\/yoast-seo-premium-wordpress\/ -->\n<title>Gebruikersvoorwaarden | Bioethanolshop.nl<\/title>\n<meta name=\"robots\" content=\"index, follow, max-snippet:-1, max-image-preview:large, max-video-preview:-1\" \/>\n<link rel=\"canonical\" href=\"https:\/\/www.bioethanolshop.nl\/cs\/podminky-pouzivani\/\" \/>\n<meta property=\"og:locale\" content=\"cs_CZ\" \/>\n<meta property=\"og:type\" content=\"article\" \/>\n<meta property=\"og:title\" content=\"Gebruikersvoorwaarden\" \/>\n<meta property=\"og:description\" content=\"Deze website is eigendom van KBH B.V. (KvK 66830257), ondermeer handelend onder de naam Bioethanolshop. Door het gebruik van deze\" \/>\n<meta property=\"og:url\" content=\"https:\/\/www.bioethanolshop.nl\/cs\/podminky-pouzivani\/\" \/>\n<meta property=\"og:site_name\" content=\"Bioethanolshop.nl\" \/>\n<meta property=\"article:publisher\" content=\"https:\/\/www.facebook.com\/profile.php?id=100064154436458\" \/>\n<meta property=\"article:modified_time\" content=\"2023-08-09T09:49:35+00:00\" \/>\n<meta name=\"twitter:card\" content=\"summary_large_image\" \/>\n<meta name=\"twitter:label1\" content=\"Odhadovan\u00e1 doba \u010dten\u00ed\" \/>\n\t<meta name=\"twitter:data1\" content=\"3 minuty\" \/>\n<!-- \/ Yoast SEO Premium plugin. -->","yoast_head_json":{"title":"Podm\u00ednky pou\u017eit\u00ed | Bioethanolshop.com","robots":{"index":"index","follow":"follow","max-snippet":"max-snippet:-1","max-image-preview":"max-image-preview:large","max-video-preview":"max-video-preview:-1"},"canonical":"https:\/\/www.bioethanolshop.nl\/cs\/podminky-pouzivani\/","og_locale":"cs_CZ","og_type":"article","og_title":"Gebruikersvoorwaarden","og_description":"Deze website is eigendom van KBH B.V. (KvK 66830257), ondermeer handelend onder de naam Bioethanolshop. Door het gebruik van deze","og_url":"https:\/\/www.bioethanolshop.nl\/cs\/podminky-pouzivani\/","og_site_name":"Bioethanolshop.nl","article_publisher":"https:\/\/www.facebook.com\/profile.php?id=100064154436458","article_modified_time":"2023-08-09T09:49:35+00:00","twitter_card":"summary_large_image","twitter_misc":{"Odhadovan\u00e1 doba \u010dten\u00ed":"3 minuty"},"schema":{"@context":"https:\/\/schema.org","@graph":[{"@type":"WebPage","@id":"https:\/\/www.bioethanolshop.nl\/gebruikersvoorwaarden\/","url":"https:\/\/www.bioethanolshop.nl\/gebruikersvoorwaarden\/","name":"Podm\u00ednky pou\u017eit\u00ed | Bioethanolshop.com","isPartOf":{"@id":"https:\/\/www.bioethanolshop.nl\/en\/#website"},"datePublished":"2021-02-09T12:09:19+00:00","dateModified":"2023-08-09T09:49:35+00:00","breadcrumb":{"@id":"https:\/\/www.bioethanolshop.nl\/gebruikersvoorwaarden\/#breadcrumb"},"inLanguage":"cs","potentialAction":[{"@type":"ReadAction","target":["https:\/\/www.bioethanolshop.nl\/gebruikersvoorwaarden\/"]}]},{"@type":"BreadcrumbList","@id":"https:\/\/www.bioethanolshop.nl\/gebruikersvoorwaarden\/#breadcrumb","itemListElement":[{"@type":"ListItem","position":1,"name":"Home","item":"https:\/\/www.bioethanolshop.nl\/"},{"@type":"ListItem","position":2,"name":"Gebruikersvoorwaarden"}]},{"@type":"WebSite","@id":"https:\/\/www.bioethanolshop.nl\/en\/#website","url":"https:\/\/www.bioethanolshop.nl\/en\/","name":"Bioethanolshop.nl","description":"Nejv\u011bt\u0161\u00ed v oblasti bioetanolu a nejkvalitn\u011bj\u0161\u00ed bioetanol!","potentialAction":[{"@type":"SearchAction","target":{"@type":"EntryPoint","urlTemplate":"https:\/\/www.bioethanolshop.nl\/en\/?s={search_term_string}"},"query-input":{"@type":"PropertyValueSpecification","valueRequired":true,"valueName":"search_term_string"}}],"inLanguage":"cs"}]}},"_links":{"self":[{"href":"https:\/\/www.bioethanolshop.nl\/cs\/wp-json\/wp\/v2\/pages\/89","targetHints":{"allow":["GET"]}}],"collection":[{"href":"https:\/\/www.bioethanolshop.nl\/cs\/wp-json\/wp\/v2\/pages"}],"about":[{"href":"https:\/\/www.bioethanolshop.nl\/cs\/wp-json\/wp\/v2\/types\/page"}],"author":[{"embeddable":true,"href":"https:\/\/www.bioethanolshop.nl\/cs\/wp-json\/wp\/v2\/users\/1"}],"replies":[{"embeddable":true,"href":"https:\/\/www.bioethanolshop.nl\/cs\/wp-json\/wp\/v2\/comments?post=89"}],"version-history":[{"count":3,"href":"https:\/\/www.bioethanolshop.nl\/cs\/wp-json\/wp\/v2\/pages\/89\/revisions"}],"predecessor-version":[{"id":8345,"href":"https:\/\/www.bioethanolshop.nl\/cs\/wp-json\/wp\/v2\/pages\/89\/revisions\/8345"}],"wp:attachment":[{"href":"https:\/\/www.bioethanolshop.nl\/cs\/wp-json\/wp\/v2\/media?parent=89"}],"curies":[{"name":"wp","href":"https:\/\/api.w.org\/{rel}","templated":true}]}}