{"id":252,"date":"2021-02-27T13:21:08","date_gmt":"2021-02-27T13:21:08","guid":{"rendered":"https:\/\/www.bioethanolshop.nl\/?page_id=252"},"modified":"2021-02-27T13:21:09","modified_gmt":"2021-02-27T13:21:09","slug":"shipping-and-collecting-2","status":"publish","type":"page","link":"https:\/\/www.bioethanolshop.nl\/cs\/verzendkosten-en-afhalen-2\/","title":{"rendered":"N\u00e1klady na dopravu a vyzvednut\u00ed"},"content":{"rendered":"<h3 class=\"wp-block-heading\" id=\"h-verwerkingskosten-bestelling\">N\u00e1klady na zpracov\u00e1n\u00ed objedn\u00e1vky<\/h3>\n\n\n\n<p>Ka\u017ed\u00e1 objedn\u00e1vka je spojena s n\u00e1klady na zpracov\u00e1n\u00ed, jako je skladov\u00e1n\u00ed, obalov\u00e9 materi\u00e1ly atd. U objedn\u00e1vek ni\u017e\u0161\u00edch ne\u017e 50,00 EUR v\u010detn\u011b DPH si krom\u011b n\u00e1klad\u016f na dopravu ve v\u00fd\u0161i 5,74 EUR bez DPH \/ 6,95 EUR s DPH \u00fa\u010dtujeme tak\u00e9 p\u0159\u00edsp\u011bvek na n\u00e1klady na zpracov\u00e1n\u00ed va\u0161\u00ed objedn\u00e1vky. Celkov\u00fd p\u0159\u00edsp\u011bvek na toto zpracov\u00e1n\u00ed a n\u00e1klady na dopravu \u010din\u00ed 9,00 \u20ac bez dan\u011b \/ 10,89 \u20ac s dan\u00ed. Tyto n\u00e1klady jsou viditeln\u00e9 v pokladn\u011b na\u0161ich internetov\u00fdch obchod\u016f.<\/p>\n\n\n\n<h3 class=\"wp-block-heading\" id=\"h-verzendwijze-pakketzending\">Zp\u016fsob p\u0159epravy z\u00e1silky<\/h3>\n\n\n\n<p>P\u0159epravu zaji\u0161\u0165uje renomovan\u00fd dopravce nebo z\u00e1silkov\u00e1 slu\u017eba, nap\u0159\u00edklad PostNL, DHL nebo TransMission. Pokud to budeme pova\u017eovat za nutn\u00e9, m\u016f\u017eeme se rozhodnout pou\u017e\u00edt jin\u00fd transport\u00e9r. V\u00fdchoz\u00edm bodem je v\u017edy optim\u00e1ln\u00ed spojen\u00ed s co nejrychlej\u0161\u00edm dod\u00e1n\u00edm za rozumn\u00e9 n\u00e1klady.<\/p>\n\n\n\n<h3 class=\"wp-block-heading\" id=\"h-verzendkosten-palletzending\">N\u00e1klady na p\u0159epravu paletov\u00e9 z\u00e1silky<\/h3>\n\n\n\n<p>M\u016f\u017ee se st\u00e1t, \u017ee objedn\u00e1vka je tak velk\u00e1 nebo t\u011b\u017ek\u00e1, \u017ee mus\u00ed b\u00fdt doru\u010dena paletovou z\u00e1silkou. V takov\u00e9m p\u0159\u00edpad\u011b se dod\u00e1v\u00e1 na z\u00e1lohov\u00e9 palet\u011b. Pokud p\u0159\u00edjemce nen\u00ed schopen nebo ochoten p\u0159edat doru\u010dovateli pr\u00e1zdnou paletu, budeme si za to muset \u00fa\u010dtovat 15,00 EUR. Paletu se z\u00e1lohou m\u016f\u017ee p\u0159\u00edjemce odevzdat m\u00edstn\u00edmu dopravci. Ceny z\u00e1loh se mohou v jednotliv\u00fdch zem\u00edch\/oblastech li\u0161it.<\/p>\n\n\n\n<p><strong>Dopravn\u00e9 v r\u00e1mci Nizozemska a Belgie je ZDARMA p\u0159i objedn\u00e1vce 50,00 \u20ac s DPH nebo vy\u0161\u0161\u00ed (krom\u011b z\u00e1lohy na p\u0159epravn\u00ed materi\u00e1l).<\/strong><\/p>\n\n\n\n<h3 class=\"wp-block-heading\" id=\"h-verzendkosten-buiten-de-benelux\">N\u00e1klady na dopravu mimo Benelux<\/h3>\n\n\n\n<p>N\u00e1klady na dopravu v r\u00e1mci Evropy (mimo Benelux) jsou na vy\u017e\u00e1d\u00e1n\u00ed. Pokud v\u00e1m bude muset b\u00fdt n\u00e1kladn\u00ed z\u00e1silka nab\u00eddnuta podruh\u00e9 nebo n\u00e1sledn\u011b, budeme v\u00e1m \u00fa\u010dtovat dodate\u010dn\u00e9 n\u00e1klady.<\/p>\n\n\n\n<h3 class=\"wp-block-heading\" id=\"h-afhalen\">Vyzvednut\u00ed<\/h3>\n\n\n\n<p>\u010c\u00e1ste\u010dn\u011b z d\u016fvodu COVID-19 nen\u00ed v sou\u010dasn\u00e9 dob\u011b mo\u017en\u00e9 vyzvednout objedn\u00e1vku. Ka\u017ed\u00e1 objedn\u00e1vka bude doru\u010dena na va\u0161i adresu n\u00e1mi zvolen\u00fdm dopravcem s ohledem na platn\u00e9 (nouzov\u00e9) p\u0159edpisy.<\/p>","protected":false},"excerpt":{"rendered":"<p>N\u00e1klady na zpracov\u00e1n\u00ed objedn\u00e1vky Ka\u017ed\u00e1 objedn\u00e1vka je spojena s n\u00e1klady na zpracov\u00e1n\u00ed, jako je skladov\u00e1n\u00ed, obalov\u00fd materi\u00e1l atd. U objedn\u00e1vek do 50,00 EUR v\u010detn\u011b<\/p>","protected":false},"author":3,"featured_media":0,"parent":0,"menu_order":0,"comment_status":"closed","ping_status":"closed","template":"","meta":{"_acf_changed":false,"footnotes":""},"class_list":["post-252","page","type-page","status-publish","hentry"],"acf":[],"yoast_head":"<!-- This site is optimized with the Yoast SEO Premium plugin v27.5 (Yoast SEO v27.5) - https:\/\/yoast.com\/product\/yoast-seo-premium-wordpress\/ -->\n<title>Verzendkosten en afhalen | Bioethanolshop.nl<\/title>\n<meta name=\"robots\" content=\"index, follow, max-snippet:-1, max-image-preview:large, max-video-preview:-1\" \/>\n<link rel=\"canonical\" href=\"https:\/\/www.bioethanolshop.nl\/cs\/shipping-and-collecting-2\/\" \/>\n<meta property=\"og:locale\" content=\"cs_CZ\" \/>\n<meta property=\"og:type\" content=\"article\" \/>\n<meta property=\"og:title\" content=\"Verzendkosten en afhalen\" \/>\n<meta property=\"og:description\" content=\"Verwerkingskosten bestelling Elke bestelling brengt verwerkingskosten met zich mee, zoals opslag, verpakkingsmateriaal, etcetera. Bij bestellingen onder de \u20ac 50,00 inclusief\" \/>\n<meta property=\"og:url\" content=\"https:\/\/www.bioethanolshop.nl\/cs\/shipping-and-collecting-2\/\" \/>\n<meta property=\"og:site_name\" content=\"Bioethanolshop.nl\" \/>\n<meta property=\"article:publisher\" content=\"https:\/\/www.facebook.com\/profile.php?id=100064154436458\" \/>\n<meta property=\"article:modified_time\" content=\"2021-02-27T13:21:09+00:00\" \/>\n<meta name=\"twitter:card\" content=\"summary_large_image\" \/>\n<meta name=\"twitter:label1\" content=\"Odhadovan\u00e1 doba \u010dten\u00ed\" \/>\n\t<meta name=\"twitter:data1\" content=\"1 minuta\" \/>\n<!-- \/ Yoast SEO Premium plugin. -->","yoast_head_json":{"title":"Doprava a vyzvednut\u00ed | Bioethanolshop.com","robots":{"index":"index","follow":"follow","max-snippet":"max-snippet:-1","max-image-preview":"max-image-preview:large","max-video-preview":"max-video-preview:-1"},"canonical":"https:\/\/www.bioethanolshop.nl\/cs\/shipping-and-collecting-2\/","og_locale":"cs_CZ","og_type":"article","og_title":"Verzendkosten en afhalen","og_description":"Verwerkingskosten bestelling Elke bestelling brengt verwerkingskosten met zich mee, zoals opslag, verpakkingsmateriaal, etcetera. Bij bestellingen onder de \u20ac 50,00 inclusief","og_url":"https:\/\/www.bioethanolshop.nl\/cs\/shipping-and-collecting-2\/","og_site_name":"Bioethanolshop.nl","article_publisher":"https:\/\/www.facebook.com\/profile.php?id=100064154436458","article_modified_time":"2021-02-27T13:21:09+00:00","twitter_card":"summary_large_image","twitter_misc":{"Odhadovan\u00e1 doba \u010dten\u00ed":"1 minuta"},"schema":{"@context":"https:\/\/schema.org","@graph":[{"@type":"WebPage","@id":"https:\/\/www.bioethanolshop.nl\/verzendkosten-en-afhalen-2\/","url":"https:\/\/www.bioethanolshop.nl\/verzendkosten-en-afhalen-2\/","name":"Doprava a vyzvednut\u00ed | Bioethanolshop.com","isPartOf":{"@id":"https:\/\/www.bioethanolshop.nl\/en\/#website"},"datePublished":"2021-02-27T13:21:08+00:00","dateModified":"2021-02-27T13:21:09+00:00","breadcrumb":{"@id":"https:\/\/www.bioethanolshop.nl\/verzendkosten-en-afhalen-2\/#breadcrumb"},"inLanguage":"cs","potentialAction":[{"@type":"ReadAction","target":["https:\/\/www.bioethanolshop.nl\/verzendkosten-en-afhalen-2\/"]}]},{"@type":"BreadcrumbList","@id":"https:\/\/www.bioethanolshop.nl\/verzendkosten-en-afhalen-2\/#breadcrumb","itemListElement":[{"@type":"ListItem","position":1,"name":"Home","item":"https:\/\/www.bioethanolshop.nl\/"},{"@type":"ListItem","position":2,"name":"Verzendkosten en afhalen"}]},{"@type":"WebSite","@id":"https:\/\/www.bioethanolshop.nl\/en\/#website","url":"https:\/\/www.bioethanolshop.nl\/en\/","name":"Bioethanolshop.nl","description":"Nejv\u011bt\u0161\u00ed v oblasti bioetanolu a nejkvalitn\u011bj\u0161\u00ed bioetanol!","potentialAction":[{"@type":"SearchAction","target":{"@type":"EntryPoint","urlTemplate":"https:\/\/www.bioethanolshop.nl\/en\/?s={search_term_string}"},"query-input":{"@type":"PropertyValueSpecification","valueRequired":true,"valueName":"search_term_string"}}],"inLanguage":"cs"}]}},"_links":{"self":[{"href":"https:\/\/www.bioethanolshop.nl\/cs\/wp-json\/wp\/v2\/pages\/252","targetHints":{"allow":["GET"]}}],"collection":[{"href":"https:\/\/www.bioethanolshop.nl\/cs\/wp-json\/wp\/v2\/pages"}],"about":[{"href":"https:\/\/www.bioethanolshop.nl\/cs\/wp-json\/wp\/v2\/types\/page"}],"author":[{"embeddable":true,"href":"https:\/\/www.bioethanolshop.nl\/cs\/wp-json\/wp\/v2\/users\/3"}],"replies":[{"embeddable":true,"href":"https:\/\/www.bioethanolshop.nl\/cs\/wp-json\/wp\/v2\/comments?post=252"}],"version-history":[{"count":1,"href":"https:\/\/www.bioethanolshop.nl\/cs\/wp-json\/wp\/v2\/pages\/252\/revisions"}],"predecessor-version":[{"id":253,"href":"https:\/\/www.bioethanolshop.nl\/cs\/wp-json\/wp\/v2\/pages\/252\/revisions\/253"}],"wp:attachment":[{"href":"https:\/\/www.bioethanolshop.nl\/cs\/wp-json\/wp\/v2\/media?parent=252"}],"curies":[{"name":"wp","href":"https:\/\/api.w.org\/{rel}","templated":true}]}}